{"id":50001,"date":"2025-05-27T15:13:18","date_gmt":"2025-05-27T15:13:18","guid":{"rendered":"https:\/\/freetourperu.com\/?post_type=product&#038;p=50001"},"modified":"2025-05-27T15:13:19","modified_gmt":"2025-05-27T15:13:19","slug":"sacred-valley-cusco-1-day","status":"publish","type":"product","link":"https:\/\/freetourperu.com\/fr\/produit\/sacred-valley-cusco-1-day\/","title":{"rendered":"Vall\u00e9e sacr\u00e9e-Cusco 1 jour"},"content":{"rendered":"<p>Jour 1 : Cusco - Chinchero - Moray - Maras - Ollantaytambo - Pisac - Cusco<\/p>\n<p>&nbsp;<\/p>\n<p>Prise en charge \u00e0 votre h\u00f4tel entre 6h30 et 7h00 et trajet en voiture vers le nord de Cusco. Notre premier arr\u00eat sera Chinchero, une ville pittoresque, o\u00f9 nous pourrons voir des terrasses agricoles, les vestiges de la ferme du royal Tupac Inca Yupanqui, le beau temple colonial construit sur les bases d'un b\u00e2timent inca. Nous observerons tout le processus de transformation de la laine en magnifiques textiles, de la tonte au lavage et au filage. Nous poursuivrons notre visite en arrivant \u00e0 Moray, o\u00f9 nous observerons plusieurs trous naturels dans le sol qui servaient de terrasses pour les exp\u00e9riences agricoles. Nous nous rendrons ensuite aux mines de sel de Maras. Nous y observerons le processus naturel d'extraction du sel, qui remonte \u00e0 l'\u00e9poque des Incas. Nous nous dirigerons ensuite vers la forteresse d'Ollantaytambo, construite pour garder l'entr\u00e9e de cette partie de la vall\u00e9e et la prot\u00e9ger d'\u00e9ventuelles invasions par les habitants de la jungle. Ensuite, nous prendrons un d\u00e9jeuner buffet \u00e0 Urubamba. Apr\u00e8s le d\u00e9jeuner, nous nous rendrons \u00e0 la ville de Pisac o\u00f9 nous visiterons le complexe arch\u00e9ologique de Pisac, construit \u00e0 l'\u00e9poque de l'Inca Pachacutec. Son emplacement est strat\u00e9gique. Au sommet d'une montagne, vous aurez une vue sur toute la vall\u00e9e. \u00c0 la fin de l'excursion, nous retournerons \u00e0 la ville de Cusco, o\u00f9 nous arriverons \u00e0 19 heures environ.<\/p>\n<h4><strong>\u2705 INCLUDE (pas de co\u00fbt suppl\u00e9mentaire)<\/strong><\/h4>\n<ol start=\"1\">\n<li>\n<p class=\"ds-markdown-paragraph\"><strong>\ud83c\udfe8 Prise en charge \u00e0 l'h\u00f4tel<\/strong><\/p>\n<ul>\n<li>\n<p class=\"ds-markdown-paragraph\"><em>Pourquoi est-ce important ?<\/em> Vous n'avez pas \u00e0 vous soucier du transport - nous venons vous chercher pour un d\u00e9part en toute tranquillit\u00e9 !<\/p>\n<\/li>\n<\/ul>\n<\/li>\n<li>\n<p class=\"ds-markdown-paragraph\"><strong>\ud83d\ude8d Transport touristique<\/strong><\/p>\n<ul>\n<li>\n<p class=\"ds-markdown-paragraph\"><em>Type de service ?<\/em> Confortable, s\u00fbr et exclusif pour les participants \u00e0 la visite.<\/p>\n<\/li>\n<\/ul>\n<\/li>\n<li>\n<p class=\"ds-markdown-paragraph\"><strong>\ud83d\udde3\ufe0f Guide touristique professionnel (anglais\/espagnol)<\/strong><\/p>\n<ul>\n<li>\n<p class=\"ds-markdown-paragraph\"><em>Que vont-ils faire ?<\/em> Fournir des informations historiques, r\u00e9pondre aux questions et veiller \u00e0 ce que l'exp\u00e9rience se d\u00e9roule sans heurts.<\/p>\n<\/li>\n<\/ul>\n<\/li>\n<li>\n<p class=\"ds-markdown-paragraph\"><strong>\ud83c\udf7d\ufe0f 1 D\u00e9jeuner buffet<\/strong><\/p>\n<ul>\n<li>\n<p class=\"ds-markdown-paragraph\"><em>\u00c0 quoi s'attendre ?<\/em> Un repas compos\u00e9 d'options locales et internationales (v\u00e9g\u00e9tarien possible)<\/p>\n<\/li>\n<\/ul>\n<\/li>\n<\/ol>\n<h4><strong>NON INCLUS (co\u00fbts suppl\u00e9mentaires \u00e0 prendre en compte)<\/strong><\/h4>\n<ol start=\"1\">\n<li>\n<p class=\"ds-markdown-paragraph\"><strong>\ud83c\udf9f\ufe0f Billet touristique pour Cusco (S\/ 130.00)<\/strong><\/p>\n<ul>\n<li>\n<p class=\"ds-markdown-paragraph\"><em>Que couvre-t-il ?<\/em> Acc\u00e8s \u00e0 de nombreux sites arch\u00e9ologiques \u00e0 Cusco et dans la Vall\u00e9e sacr\u00e9e (par exemple, Pisac, Ollantaytambo).<\/p>\n<\/li>\n<li>\n<p class=\"ds-markdown-paragraph\"><em>En ai-je besoin ?<\/em> <strong>Seulement si vous avez l'intention de visiter d'autres sites par la suite !<\/strong> Ce circuit ne l'exige pas, mais c'est un excellent investissement pour les s\u00e9jours prolong\u00e9s.<\/p>\n<\/li>\n<\/ul>\n<\/li>\n<li>\n<p class=\"ds-markdown-paragraph\"><strong>\u26f0\ufe0f Entr\u00e9e aux mines de sel (S\/ 10.00)<\/strong><\/p>\n<ul>\n<li>\n<p class=\"ds-markdown-paragraph\"><em>Pourquoi payer s\u00e9par\u00e9ment ?<\/em> Ces frais sont directement revers\u00e9s \u00e0 la communaut\u00e9 locale des Maras.<\/p>\n<\/li>\n<li>\n<p class=\"ds-markdown-paragraph\"><em>Mode de paiement ?<\/em> Encaissements <strong>Soles p\u00e9ruviens (PEN)<\/strong> est pr\u00e9f\u00e9rable.<\/p>\n<\/li>\n<\/ul>\n<\/li>\n<\/ol>","protected":false},"excerpt":{"rendered":"<p>Le circuit de la Vall\u00e9e sacr\u00e9e des Incas comprend la visite de cinq sites remarquables : Chinchero, Moray, les mines de sel de Maras, Ollantaytambo et Pisac. Vous pouvez explorer tous ces sites en une seule journ\u00e9e.<\/p>\n<p>Cet itin\u00e9raire vous permet de voir les sites les plus importants de la Vall\u00e9e sacr\u00e9e des Incas, en mettant en valeur l'incroyable travail de la pierre de la civilisation inca. Vous aurez \u00e9galement l'occasion d'interagir avec la population locale et d'admirer les magnifiques paysages montagneux, avec leurs glaciers, leurs rivi\u00e8res et les habitants accueillants de cette ancienne vall\u00e9e.<\/p>\n<p>Par exemple, vous vous arr\u00eaterez \u00e0 Chinchero pour explorer les ruines incas, un temple colonial et rendre visite \u00e0 une famille locale pour d\u00e9couvrir les textiles andins traditionnels. Ensuite, vous vous rendrez \u00e0 Moray pour voir les terrasses circulaires, puis vous visiterez les mines de sel de Maras. L'excursion se poursuit \u00e0 Ollantaytambo, le plus grand site arch\u00e9ologique de la Vall\u00e9e Sacr\u00e9e, et se termine par une visite \u00e0 Pisac avant le retour \u00e0 Cusco.<\/p>","protected":false},"featured_media":50064,"template":"","meta":{"inline_featured_image":false},"product_brand":[],"product_cat":[21],"product_tag":[26],"class_list":{"0":"post-50001","1":"product","2":"type-product","3":"status-publish","4":"has-post-thumbnail","6":"product_cat-cuzco","7":"product_tag-cusco","9":"first","10":"instock","11":"shipping-taxable","12":"purchasable","13":"product-type-appointment"},"exclude_global_add_ons":false,"addons":[{"name":"Nom et adresse de l'h\u00f4tel","type":"custom_textarea","position":0,"required":true,"title_format":"label","description_enable":false,"description":"","placeholder_enable":false,"placeholder":"","display":"select","restrictions_type":"any_text","adjust_price":false,"price":"","price_type":"flat_fee","restrictions":false,"min":0,"max":0,"options":[],"id":1748358297}],"_links":{"self":[{"href":"https:\/\/freetourperu.com\/fr\/wp-json\/wp\/v2\/product\/50001","targetHints":{"allow":["GET"]}}],"collection":[{"href":"https:\/\/freetourperu.com\/fr\/wp-json\/wp\/v2\/product"}],"about":[{"href":"https:\/\/freetourperu.com\/fr\/wp-json\/wp\/v2\/types\/product"}],"wp:featuredmedia":[{"embeddable":true,"href":"https:\/\/freetourperu.com\/fr\/wp-json\/wp\/v2\/media\/50064"}],"wp:attachment":[{"href":"https:\/\/freetourperu.com\/fr\/wp-json\/wp\/v2\/media?parent=50001"}],"wp:term":[{"taxonomy":"product_brand","embeddable":true,"href":"https:\/\/freetourperu.com\/fr\/wp-json\/wp\/v2\/product_brand?post=50001"},{"taxonomy":"product_cat","embeddable":true,"href":"https:\/\/freetourperu.com\/fr\/wp-json\/wp\/v2\/product_cat?post=50001"},{"taxonomy":"product_tag","embeddable":true,"href":"https:\/\/freetourperu.com\/fr\/wp-json\/wp\/v2\/product_tag?post=50001"}],"curies":[{"name":"wp","href":"https:\/\/api.w.org\/{rel}","templated":true}]}}