{"id":47549,"date":"2024-10-02T00:26:48","date_gmt":"2024-10-02T00:26:48","guid":{"rendered":"https:\/\/freetourperu.com\/?post_type=product&#038;p=47549"},"modified":"2025-09-11T13:35:24","modified_gmt":"2025-09-11T13:35:24","slug":"laguna-de-salinas-private-4x4","status":"publish","type":"product","link":"https:\/\/freetourperu.com\/fr\/produit\/laguna-de-salinas-private-4x4\/","title":{"rendered":"Lagune de Salinas - 4\u00d74 priv\u00e9s"},"content":{"rendered":"<p><strong>D\u00e9couvrez les merveilles de la r\u00e9serve nationale de Salinas - Un voyage \u00e0 travers le chef-d'\u0153uvre de la nature !<\/strong><\/p>\n<p>Embarquez pour une aventure inoubliable \u00e0 la d\u00e9couverte de l'\u00e9poustouflante <strong>R\u00e9serve nationale de Salinas<\/strong>Le parc national des Andes est un \u00e9cosyst\u00e8me mondialement reconnu qui regorge d'une faune et d'une flore incroyables. \u00c9merveillez-vous devant les oiseaux indig\u00e8nes et migrateurs, les gracieux cam\u00e9lid\u00e9s d'Am\u00e9rique du Sud et la flore des hautes Andes, le tout dans le d\u00e9cor \u00e9poustouflant de la cha\u00eene des montagnes de l'Himalaya, qui s'\u00e9tend jusqu'\u00e0 l'oc\u00e9an Indien. <strong>Lagune de Salinas<\/strong> et les sommets imposants de <strong>Volcan Ubinas<\/strong> et <strong>Pichupichu<\/strong>.<\/p>\n<p>Le pr\u00e9sent <strong>confortable, visite guid\u00e9e<\/strong> garantit une exp\u00e9rience sans faille, m\u00ealant des paysages \u00e9poustouflants \u00e0 des rencontres culturelles fascinantes.<\/p>\n<h3><strong>Points forts de l'itin\u00e9raire :<\/strong><\/h3>\n<p>\ud83c\udf05 <strong>06:00<\/strong> - H\u00f4tel pick-up \u00e0 Arequipa<br \/>\n\ud83c\udfe1 <strong>07:00<\/strong> - Arr\u00eat dans la charmante ville de <strong>Chiguata<\/strong><br \/>\n\u26f0 <strong>09:00<\/strong> - Ascension vers <strong>\"Cimbral<\/strong> pour une vue panoramique sur l'ancien crat\u00e8re de Pichupichu<br \/>\n\ud83e\udd85 <strong>10:00<\/strong> - Premier aper\u00e7u de <strong>Laguna de Salinas<\/strong> &amp; l'observation des oiseaux<br \/>\n\ud83d\udeb6 <strong>10:30<\/strong> - Promenade pittoresque jusqu'\u00e0 une colline voisine pour des vues incomparables<br \/>\n\u2668 <strong>11:00<\/strong> - Visiter un lieu apaisant <strong>source chaude <\/strong>(natation facultative)<br \/>\n\ud83c\udfd8 <strong>11:30<\/strong> - Explorer la vie locale dans un village andin traditionnel<br \/>\n\ud83c\udfd9 <strong>13:30<\/strong> - Retour \u00e0 Arequipa<\/p>\n<h3><strong>Ce qu'il faut apporter :<\/strong><\/h3>\n<p>\ud83e\udde5 V\u00eatements chauds<br \/>\n\ud83c\udf4f En-cas<br \/>\n\ud83d\udca7 Eau<br \/>\n\u2600 Cr\u00e8me solaire et lunettes de soleil<br \/>\n\ud83e\udde2 Chapeau<br \/>\n\ud83c\udf92 Petit sac \u00e0 dos<\/p>\n<p><strong>Non inclus<\/strong><\/p>\n<p>Droits d'entr\u00e9e<\/p>\n<p>Petit d\u00e9jeuner<\/p>\n<p>d\u00e9jeuner<\/p>\n<p><strong>R\u00e9server<\/strong> pour une \u00e9vasion extraordinaire dans la beaut\u00e9 intacte de la nature ! \ud83c\udf3f\u2728<\/p>\n<p><em>(Places limit\u00e9es - r\u00e9servez d\u00e8s aujourd'hui !)<\/em><\/p>","protected":false},"excerpt":{"rendered":"<p><strong>\ud83d\ude99 Aventure exclusive en 4\u00d74 au lac Salinas - Seulement $115 pour votre groupe !<\/strong><\/p>\n<p>D\u00e9couvrez la beaut\u00e9 sauvage de <strong>R\u00e9serve nationale de Salinas<\/strong> dans le style et le confort avec votre propre <strong>circuit priv\u00e9 en 4\u00d74<\/strong>-parfait pour jusqu'\u00e0 <strong>4 personnes<\/strong> \u00e0 juste <strong>$115 total<\/strong>!<\/p>\n<p>\ud83d\udd39 <strong>Personnalis\u00e9 et intime<\/strong> - Pas de bus bond\u00e9s, juste votre groupe et la route ouverte.<br \/>\n\ud83d\udd39 <strong>Pr\u00eat pour le tout-terrain<\/strong> - Traversez facilement des paysages accident\u00e9s \u00e0 bord d'un 4\u00d74 robuste.<br \/>\n\ud83d\udd39 <strong>Une valeur imbattable<\/strong> - Partagez les frais avec vos amis ou votre famille pour une journ\u00e9e abordable et inoubliable !<\/p>\n<p>\ud83c\udf04 <strong>D\u00e9couverte de lagunes \u00e9tonnantes, de pics volcaniques et de la faune andine.<\/strong>-Tout cela \u00e0 votre rythme.<\/p>","protected":false},"featured_media":47565,"template":"","meta":{"inline_featured_image":false},"product_brand":[],"product_cat":[17],"product_tag":[25],"class_list":{"0":"post-47549","1":"product","2":"type-product","3":"status-publish","4":"has-post-thumbnail","6":"product_cat-arequipa","7":"product_tag-arequipa","9":"first","10":"instock","11":"virtual","12":"purchasable","13":"product-type-appointment"},"exclude_global_add_ons":false,"addons":[{"name":"Nom et adresse de l'h\u00f4tel","type":"custom_text","position":0,"required":true,"title_format":"label","description_enable":true,"description":"","placeholder_enable":false,"placeholder":"","display":"select","restrictions_type":"any_text","adjust_price":false,"price":"","price_type":"flat_fee","restrictions":false,"min":0,"max":0,"options":[],"id":1743527152}],"_links":{"self":[{"href":"https:\/\/freetourperu.com\/fr\/wp-json\/wp\/v2\/product\/47549","targetHints":{"allow":["GET"]}}],"collection":[{"href":"https:\/\/freetourperu.com\/fr\/wp-json\/wp\/v2\/product"}],"about":[{"href":"https:\/\/freetourperu.com\/fr\/wp-json\/wp\/v2\/types\/product"}],"wp:featuredmedia":[{"embeddable":true,"href":"https:\/\/freetourperu.com\/fr\/wp-json\/wp\/v2\/media\/47565"}],"wp:attachment":[{"href":"https:\/\/freetourperu.com\/fr\/wp-json\/wp\/v2\/media?parent=47549"}],"wp:term":[{"taxonomy":"product_brand","embeddable":true,"href":"https:\/\/freetourperu.com\/fr\/wp-json\/wp\/v2\/product_brand?post=47549"},{"taxonomy":"product_cat","embeddable":true,"href":"https:\/\/freetourperu.com\/fr\/wp-json\/wp\/v2\/product_cat?post=47549"},{"taxonomy":"product_tag","embeddable":true,"href":"https:\/\/freetourperu.com\/fr\/wp-json\/wp\/v2\/product_tag?post=47549"}],"curies":[{"name":"wp","href":"https:\/\/api.w.org\/{rel}","templated":true}]}}