{"id":47404,"date":"2024-09-23T22:38:53","date_gmt":"2024-09-23T22:38:53","guid":{"rendered":"https:\/\/freetourperu.com\/?post_type=product&#038;p=47404"},"modified":"2025-06-06T03:59:20","modified_gmt":"2025-06-06T03:59:20","slug":"sillar-route-tour","status":"publish","type":"product","link":"https:\/\/freetourperu.com\/fr\/produit\/sillar-route-tour\/","title":{"rendered":"Tour de la Route de Sillar"},"content":{"rendered":"<p><strong>\ud83c\udf0b Premi\u00e8re \u00e9tape : Point de vue des volcans<\/strong><br \/>\nAdmirez le panorama \u00e9poustouflant de ces trois majestueux volcans.<strong>Misti, Chachani et Picchu Picchu<\/strong>qui montent la garde au-dessus d'Arequipa. N'oubliez pas votre appareil photo, c'est un moment id\u00e9al pour prendre des photos !<\/p>\n<p><strong>\u26cf\ufe0f Un pas dans le pass\u00e9 dans les carri\u00e8res<\/strong><br \/>\nEnsuite, nous visiterons l'impressionnant <strong>carri\u00e8res de sillar<\/strong>Vous y verrez des falaises abruptes sculpt\u00e9es par la main de l'homme au fil des si\u00e8cles. Sentez le poids de l'histoire en d\u00e9couvrant le travail harassant et l'art qui se cache derri\u00e8re ces sculptures de pierre monumentales.<\/p>\n<p><strong>\u2728 L'exp\u00e9rience pratique : Des techniques anciennes bien vivantes<\/strong><br \/>\nPr\u00e9parez-vous \u00e0 une rencontre unique et interactive ! Vous rencontrerez des artisans locaux qui pratiquent encore l'artisanat d'art. <strong>l'art ancestral de l'extraction de la pierre de taille<\/strong>Il s'agit d'une tradition ancestrale, transmise depuis l'\u00e9poque coloniale. Essayez cette tradition s\u00e9culaire et ramenez chez vous un morceau d'histoire vivante.<\/p>\n<p><strong>\ud83d\udc0d Myst\u00e8res de la carri\u00e8re de Culebrillas<\/strong><br \/>\nNotre voyage se poursuit vers l'\u00e9nigmatique <strong>Carri\u00e8re de Culebrillas<\/strong>o\u00f9 une courte promenade de 20 minutes vous m\u00e8nera dans un monde d'intrigues. Promenez-vous sur les parois roses des canyons, d\u00e9couvrez d'anciens sites arch\u00e9ologiques. <strong>p\u00e9troglyphes<\/strong>Le mus\u00e9e de la ville d'Arequipa est un lieu de rencontre et d'\u00e9change d'informations sur les croyances sacr\u00e9es des premiers habitants de la ville.<\/p>\n<p><strong>\ud83d\ude4f Apachetas : Une connexion spirituelle<\/strong><br \/>\nD\u00e9couvrez la signification de la <strong>apachetas<\/strong>-Les cairns de pierre sont des offrandes \u00e0 Pachamama (la Terre m\u00e8re). Vous aurez m\u00eame la possibilit\u00e9 de <strong>cr\u00e9ez votre propre apacheta<\/strong>L'objectif est de laisser une marque personnelle sur ce paysage sacr\u00e9.<\/p>\n<p><strong>Retour \u00e0 Arequipa<\/strong><br \/>\nApr\u00e8s une matin\u00e9e d'exploration inoubliable, nous retournerons au centre de la ville, en arrivant en <strong>13:00 HEURES<\/strong>-Juste \u00e0 temps pour le d\u00e9jeuner et d'autres aventures !<\/p>\n<p>NON INCLUDE<\/p>\n<p>Entr\u00e9e Tkt<\/p>","protected":false},"excerpt":{"rendered":"<p><strong>\ud83c\udf1f Discover the Magic of Arequipa\u2019s Sillar Route!<\/strong><\/p>\n<p>Your adventure begins with a convenient pick-up from your hotel, hostel, or Airbnb as we set off to explore the legendary <strong>Sillar Route<\/strong>\u2014home to the iconic white volcanic stone that shaped Arequipa\u2019s stunning colonial architecture. Along the way, your expert guide will share fascinating stories about this ancient building block and its role in the city\u2019s history.<\/p>","protected":false},"featured_media":47405,"template":"","meta":{"inline_featured_image":false},"product_brand":[],"product_cat":[17],"product_tag":[25],"class_list":{"0":"post-47404","1":"product","2":"type-product","3":"status-publish","4":"has-post-thumbnail","6":"product_cat-arequipa","7":"product_tag-arequipa","9":"first","10":"instock","11":"virtual","12":"purchasable","13":"product-type-appointment"},"exclude_global_add_ons":false,"addons":[{"name":"Nom et adresse de l'h\u00f4tel","type":"custom_text","position":0,"required":true,"title_format":"label","description_enable":false,"description":"","placeholder_enable":false,"placeholder":"","display":"images","restrictions_type":"any_text","adjust_price":false,"price":"","price_type":"flat_fee","restrictions":false,"min":0,"max":0,"options":[],"id":1743445379}],"_links":{"self":[{"href":"https:\/\/freetourperu.com\/fr\/wp-json\/wp\/v2\/product\/47404","targetHints":{"allow":["GET"]}}],"collection":[{"href":"https:\/\/freetourperu.com\/fr\/wp-json\/wp\/v2\/product"}],"about":[{"href":"https:\/\/freetourperu.com\/fr\/wp-json\/wp\/v2\/types\/product"}],"wp:featuredmedia":[{"embeddable":true,"href":"https:\/\/freetourperu.com\/fr\/wp-json\/wp\/v2\/media\/47405"}],"wp:attachment":[{"href":"https:\/\/freetourperu.com\/fr\/wp-json\/wp\/v2\/media?parent=47404"}],"wp:term":[{"taxonomy":"product_brand","embeddable":true,"href":"https:\/\/freetourperu.com\/fr\/wp-json\/wp\/v2\/product_brand?post=47404"},{"taxonomy":"product_cat","embeddable":true,"href":"https:\/\/freetourperu.com\/fr\/wp-json\/wp\/v2\/product_cat?post=47404"},{"taxonomy":"product_tag","embeddable":true,"href":"https:\/\/freetourperu.com\/fr\/wp-json\/wp\/v2\/product_tag?post=47404"}],"curies":[{"name":"wp","href":"https:\/\/api.w.org\/{rel}","templated":true}]}}