{"id":444,"date":"2019-12-20T00:47:10","date_gmt":"2019-12-20T00:47:10","guid":{"rendered":"http:\/\/freetourperu.com\/?post_type=product&#038;p=444"},"modified":"2024-11-06T13:50:22","modified_gmt":"2024-11-06T13:50:22","slug":"bus-puno-to-arequipa","status":"publish","type":"product","link":"https:\/\/freetourperu.com\/fr\/produit\/bus-puno-to-arequipa\/","title":{"rendered":"Bus de Puno \u00e0 Arequipa"},"content":{"rendered":"<p>(NOUS PRENONS LES PASSAGERS \u00c0 LEUR H\u00d4TEL \u00c0 PUNO (ENTRE 06:00 ET 06:15 HEURES), ET NOUS PARTONS \u00c0 ENVIRON 06:30 HEURES.<\/p>\n<p>&nbsp;<\/p>\n<p>Le premier arr\u00eat se fait \u00e0 \"Lagunillas\". Ce point de vue offre une vue panoramique sur les petits lacs qui semblent \u00eatre des miroirs refl\u00e9tant le ciel, c'est aussi l'habitat des flamants des Andes et d'autres oiseaux.<\/p>\n<p>En continuant notre tour, nous nous arr\u00eaterons \u00e0 \"Patawasi\" (pampa ca\u00f1ahuas), o\u00f9 nous offrons aux passagers une collation et le traditionnel th\u00e9 de coca, \u00e0 cet endroit ils peuvent \u00e9galement utiliser les toilettes, en plus d'avoir la possibilit\u00e9 d'acheter des objets artisanaux et des souvenirs.<\/p>\n<p>La prochaine \u00e9tape sera la \"pampa ca\u00f1ahuas\" pour observer les vigognes, les lamas et les alpagas. Avec un peu de chance, nous pourrons apercevoir au loin des renards, des guanacos ou m\u00eame des pumas.<\/p>\n<p>&nbsp;<\/p>\n<p>NOUS ARRIVERONS DANS LA VILLE D'AREQUIPA ENTRE 12:15 ET 12:45 ENVIRON (\u00c0 MIDI), LE TRANSFERT \u00c0 L'H\u00d4TEL EST INCLUS DANS NOTRE SERVICE.<\/p>\n<p>&nbsp;<\/p>\n<p>DES ARR\u00caTS TOUT AU LONG DE L'ITIN\u00c9RAIRE : (AUCUN PAIEMENT SUPPL\u00c9MENTAIRE N'EST N\u00c9CESSAIRE)<\/p>\n<p>&nbsp;<\/p>\n<p><b>- PAMPA CA\u00d1AHUAS :<\/b>\u00a0Situ\u00e9 dans la r\u00e9serve nationale d'Aguada Blanca, qui se trouve derri\u00e8re le volcan Chachani, on y trouve des vigognes, des lamas et des alpagas. Avec un peu de chance, on peut apercevoir au loin des renards, des guanacos ou m\u00eame des pumas.<\/p>\n<p>&nbsp;<\/p>\n<p><b>- LAGUNILLAS :<\/b>\u00a0Les petits lacs magnifiques sont devenus le lieu de r\u00e9sidence du c\u00e9l\u00e8bre flamant des Andes. Avec un peu de chance, nous pouvons observer les flamants se reposer dans leur habitat.<\/p>\n<p><span lang=\"ES-TRAD\">Trouver des options pour se d\u00e9placer en \" <\/span><span lang=\"ES-TRAD\"><a href=\"https:\/\/www.kayak.es\/cars\" target=\"_blank\" rel=\"noopener noreferrer\" data-saferedirecturl=\"https:\/\/www.google.com\/url?q=https:\/\/www.kayak.es\/cars&amp;source=gmail&amp;ust=1621005192282000&amp;usg=AFQjCNHXL8JYnBudiGzjHz81hGuaq1yjIg\">https:\/\/www.kayak.es\/cars<\/a><\/span><span lang=\"ES-TRAD\"> &#8220;<\/span><\/p>","protected":false},"excerpt":{"rendered":"<p><b>Heure et lieu de prise en charge :<\/b> \u00e0 votre h\u00f4tel \u00e0 Puno, de 05:45 \u00e0 06:00 heures. (Inclut les h\u00f4tels du centre ville et de la baie).<\/p>\n<p>&nbsp;<\/p>\n<p><b>Heure et lieu d'arriv\u00e9e :<\/b> nous arriverons dans la ville d'Arequipa entre 12:15 et 12:45 environ (\u00e0 midi). Le transfert \u00e0 l'h\u00f4tel est inclus dans notre service.<\/p>\n<p>&nbsp;<\/p>\n<p><i>Comprend les arr\u00eats, le guide \u00e0 bord ou la collation.<\/i><\/p>","protected":false},"featured_media":1330,"template":"","meta":{"inline_featured_image":false},"product_brand":[],"product_cat":[27],"product_tag":[28],"class_list":{"0":"post-444","1":"product","2":"type-product","3":"status-publish","4":"has-post-thumbnail","6":"product_cat-puno","7":"product_tag-puno","9":"first","10":"outofstock","11":"virtual","12":"purchasable","13":"product-type-appointment"},"exclude_global_add_ons":false,"addons":[{"name":"Choisir l'h\u00f4tel Pick up","type":"multiple_choice","position":0,"required":true,"title_format":"label","description_enable":false,"description":"","placeholder_enable":false,"placeholder":"","display":"select","restrictions_type":"any_text","adjust_price":false,"price":"","price_type":"flat_fee","restrictions":false,"min":0,"max":0,"options":[{"label":"APURIMAC HOSTAL, Jr. el puerto 531","price":"","price_type":"flat_fee","image":0},{"label":"ANDEAN SUNDOWNER, calle cajamarca 154","price":"","price_type":"flat_fee","image":0},{"label":"AQUA HOTEL, av. simon bolivar 1051","price":"","price_type":"flat_fee","image":0},{"label":"AYMA HOSTEL, Jr. lambayeque 140","price":"","price_type":"flat_fee","image":0},{"label":"AYMARAK HOSTEL, circunvalacion sur 135","price":"","price_type":"flat_fee","image":0},{"label":"BALCONES DEL TITICACA 2, Jr. progreso 134","price":"","price_type":"flat_fee","image":0},{"label":"BALSA INN, calle cajamarca 555","price":"","price_type":"flat_fee","image":0},{"label":"BONNY HOSTEL, Jr. moquegua 479","price":"","price_type":"flat_fee","image":0},{"label":"BOTHY HOSTEL, Jr. Iquitos 136","price":"","price_type":"flat_fee","image":0},{"label":"BRISAS HOSTEL PUNO, Interior 3 Jr. cajamarca 252","price":"","price_type":"flat_fee","image":0},{"label":"BUHO HOTEL, calle lambayeque 142","price":"","price_type":"flat_fee","image":0},{"label":"BUSINESS INN & MYSTIC SUITE HOSTEL, Jr. Fermin Arbulu 183","price":"","price_type":"flat_fee","image":0},{"label":"CAMINO REAL TURISTICO, Jr. deza 328","price":"","price_type":"flat_fee","image":0},{"label":"CANTUTA INN HOTEL, Jr. tacna 797","price":"","price_type":"flat_fee","image":0},{"label":"CASA ANDINA CLASSIC, Jr. independence 143","price":"","price_type":"flat_fee","image":0},{"label":"CASA DE MANUELITA INN, calle coronel barriga 466","price":"","price_type":"flat_fee","image":0},{"label":"CASA DON JOSE, calle velasco astete 132-134","price":"","price_type":"flat_fee","image":0},{"label":"CASA PANQARANI, calle arequipa 1086","price":"","price_type":"flat_fee","image":0},{"label":"CASA SAMAYWASY, Jr. cajamarca 901","price":"","price_type":"flat_fee","image":0},{"label":"CASONA COLON INN HOTEL, calle tacna 290","price":"","price_type":"flat_fee","image":0},{"label":"CASONA PLAZA CENTRO, Jr. lima 787","price":"","price_type":"flat_fee","image":0},{"label":"CIELO ANDINO, Jr. grau 118","price":"","price_type":"flat_fee","image":0},{"label":"CIELO PUNKU, Jr. huancane 644","price":"","price_type":"flat_fee","image":0},{"label":"CONDE DE LEMOS HOTEL, Jr. puno 681","price":"","price_type":"flat_fee","image":0},{"label":"CORDELIUS HOTEL, Jr. tacna 963","price":"","price_type":"flat_fee","image":0},{"label":"CORICHASKA HOSTAL, Av. la torre 137, interior 4","price":"","price_type":"flat_fee","image":0},{"label":"COZY HOSTEL PUNO, Av. titicaca 144-B","price":"","price_type":"flat_fee","image":0},{"label":"DUQUE INN, Jr.ayaviri 152","price":"","price_type":"flat_fee","image":0},{"label":"EL MANZANO, Av. el puerto 449","price":"","price_type":"flat_fee","image":0},{"label":"FRANCIS HOTEL PUNO, Jr. tacna 305","price":"","price_type":"flat_fee","image":0},{"label":"GRAN PUNO INN, Jr. arequipa 130","price":"","price_type":"flat_fee","image":0},{"label":"HACIENDA PLAZA DE ARMAS, Jr. puno 419","price":"","price_type":"flat_fee","image":0},{"label":"HACIENDA PUNO HOTEL, Jr. Deusta 297","price":"","price_type":"flat_fee","image":0},{"label":"HELENA INN, calle Ayacucho 609","price":"","price_type":"flat_fee","image":0},{"label":"HOMECENTER PUNO HOSTEL, Jr. Arequipa 522","price":"","price_type":"flat_fee","image":0},{"label":"HOTEL CANTUTA INN, Jr. Tacna 797","price":"","price_type":"flat_fee","image":0},{"label":"HOTEL CIUDAD DEL LAGO, Jr. Conde de Lemus 120","price":"","price_type":"flat_fee","image":0},{"label":"HOTEL EMBAJADOR, Jr. Los Incas 289","price":"","price_type":"flat_fee","image":0},{"label":"HUCHUY WASI HOSTEL, Jr. Iquitos 186","price":"","price_type":"flat_fee","image":0},{"label":"IGUANA HOSTEL, calle Santiago Giraldo 222","price":"","price_type":"flat_fee","image":0},{"label":"INKAS REST, pasaje San Carlos 158","price":"","price_type":"flat_fee","image":0},{"label":"INTI BACKPACKERS, Av. La Torre 137","price":"","price_type":"flat_fee","image":0},{"label":"INTIQA HOTEL, Jr. Tarapaca 272","price":"","price_type":"flat_fee","image":0},{"label":"INTIQOLLA HOSPEDAJE, Jr. Cajamarca 550","price":"","price_type":"flat_fee","image":0},{"label":"ITALIA HOTEL, Jr. Varcarcel 122","price":"","price_type":"flat_fee","image":0},{"label":"JOYA ANDINA PUNO, Av. Sol 823","price":"","price_type":"flat_fee","image":0},{"label":"KOLLAS INN HOSTEL, Jr. Arequipa 386","price":"","price_type":"flat_fee","image":0},{"label":"KUNTUR INN, Jr. Ayacucho 708","price":"","price_type":"flat_fee","image":0},{"label":"KUSILLOS POSADA, calle Federico Moore 162","price":"","price_type":"flat_fee","image":0},{"label":"LAGO PUNENO HOSTEL, calle Cajamarca 237","price":"","price_type":"flat_fee","image":0},{"label":"LOBO'S INN, Jr. la Libertad 451","price":"","price_type":"flat_fee","image":0},{"label":"LOS PINOS INN, calle Tarapaca 182","price":"","price_type":"flat_fee","image":0},{"label":"LUCKY YOUR HOUSE, Av. Titicaca 144","price":"","price_type":"flat_fee","image":0},{"label":"MANCO CAPAC INN, Av. Tacna 277","price":"","price_type":"flat_fee","image":0},{"label":"MARA HOSTEL, calle Cajamarca 206","price":"","price_type":"flat_fee","image":0},{"label":"MARIA REICHE HOTEL, pasaje Ramis 390","price":"","price_type":"flat_fee","image":0},{"label":"MARLONS HOUSE, Jr. Independencia 255","price":"","price_type":"flat_fee","image":0},{"label":"MONTERREY HOTEL, Jr. Lima 441","price":"","price_type":"flat_fee","image":0},{"label":"MOSOQ INN, Jr. Lima 441","price":"","price_type":"flat_fee","image":0},{"label":"MUNAY TAMBO, calle Lambayeque 127","price":"","price_type":"flat_fee","image":0},{"label":"NAK HOTELES, Jr. Velasco Astete 307","price":"","price_type":"flat_fee","image":0},{"label":"OLIMPO INN, Jr. Pedro Miguel Urbina 155","price":"","price_type":"flat_fee","image":0},{"label":"OLLANTA INN, Jr. Ilo E-1","price":"","price_type":"flat_fee","image":0},{"label":"PACHA HOSTEL, Jr. Lima 106","price":"","price_type":"flat_fee","image":0},{"label":"PACHA SUITES, Jr. Cajamarca 243","price":"","price_type":"flat_fee","image":0},{"label":"PAITITI, calle Huancane B-430","price":"","price_type":"flat_fee","image":0},{"label":"PLAZA MAYOR HOTEL, Jr. Deusta 342","price":"","price_type":"flat_fee","image":0},{"label":"POSADA DE LOS REYES, Jr. Tarapaca 335","price":"","price_type":"flat_fee","image":0},{"label":"POSADA DE PERCYBAL LAGO INN, Av. Centro 368","price":"","price_type":"flat_fee","image":0},{"label":"POSADA DEL GRINGO, Jr. Lambayeque 516","price":"","price_type":"flat_fee","image":0},{"label":"POSADA DEL QOLLA, Jr. Deusta 834","price":"","price_type":"flat_fee","image":0},{"label":"POSADA DON GIORGIO, Jr. Tarapaca 238","price":"","price_type":"flat_fee","image":0},{"label":"POSADA LUNA AZUL, calle Cajamarca 242","price":"","price_type":"flat_fee","image":0},{"label":"PREMIER PLAZA, calle Grau 144","price":"","price_type":"flat_fee","image":0},{"label":"PRESIDENTE INN, calle Tacna 248","price":"","price_type":"flat_fee","image":0},{"label":"PUKARA HOSTAL, Jr. Libertad 328","price":"","price_type":"flat_fee","image":0},{"label":"PUMA HOSTEL PUNO, calle Cajamarca 154","price":"","price_type":"flat_fee","image":0},{"label":"PUNO HOSTEL, Jr. Puno 124","price":"","price_type":"flat_fee","image":0},{"label":"PUNO TERRA HOTEL, Jr. Cajamarca 247","price":"","price_type":"flat_fee","image":0},{"label":"QALASAYA HOTEL, calle Grau 240","price":"","price_type":"flat_fee","image":0},{"label":"QELQATANI HOTEL, Jr. Tarapaca 355","price":"","price_type":"flat_fee","image":0},{"label":"QORIKANCHA INN HOTEL, calle Moquegua 479","price":"","price_type":"flat_fee","image":0},{"label":"QUECHUA INKAS PALACE, Jr. Independencia 301","price":"","price_type":"flat_fee","image":0},{"label":"ROMA INN HOSTAL, Jr. Libertad 115","price":"","price_type":"flat_fee","image":0},{"label":"ROYAL INN, calle Ayacucho 438","price":"","price_type":"flat_fee","image":0},{"label":"SAMARY INN, Jr. Ayacucho 616","price":"","price_type":"flat_fee","image":0},{"label":"SANTA MARIA INN, calle Alfonso Ugarte 199","price":"","price_type":"flat_fee","image":0},{"label":"SARIRI HOSTAL, calle Calvario 192","price":"","price_type":"flat_fee","image":0},{"label":"SILLUSTANI INN, calle Tarapaca 305","price":"","price_type":"flat_fee","image":0},{"label":"SOL ANDINA INN, calle Simon Bolivar 857","price":"","price_type":"flat_fee","image":0},{"label":"SOL PLAZA HOTEL, Jr. Puno 307","price":"","price_type":"flat_fee","image":0},{"label":"SUITE INDEPENDENCIA PUNO, Jr. Cajamarca 678","price":"","price_type":"flat_fee","image":0},{"label":"SUITES ANTONIO'S HOTEL, Jr. Arequipa 840","price":"","price_type":"flat_fee","image":0},{"label":"TIKA HOTEL, Jr. Santiago Giraldo 362","price":"","price_type":"flat_fee","image":0},{"label":"TAYKA HOSTEL, Jr. Ayacucho 515","price":"","price_type":"flat_fee","image":0},{"label":"THE REAL HOUSE, Av. la Torre 449","price":"","price_type":"flat_fee","image":0},{"label":"TIERRA VIVA PUNO, Jr. Grau 270","price":"","price_type":"flat_fee","image":0},{"label":"TOTORANI INN, Av. la Torre 463","price":"","price_type":"flat_fee","image":0},{"label":"LOS UROS HOSTEL, Jr. Teodoro Varcarcel 135","price":"","price_type":"flat_fee","image":0},{"label":"URURI STAY PUNO, Jr. Lima 325","price":"","price_type":"flat_fee","image":0},{"label":"UTASA INN, calle Deza 540","price":"","price_type":"flat_fee","image":0},{"label":"UYUNI INN HOSTEL, Jr. Cajamarca 237","price":"","price_type":"flat_fee","image":0},{"label":"VARGAS HOTEL, calle Oquendo 160","price":"","price_type":"flat_fee","image":0},{"label":"VINGEN DE LAS NIEVES HOSTAL I, Av. el Puerto 516","price":"","price_type":"flat_fee","image":0},{"label":"ZURIT HOTEL, Jr. F. Arbulu 191","price":"","price_type":"flat_fee","image":0}]}],"_links":{"self":[{"href":"https:\/\/freetourperu.com\/fr\/wp-json\/wp\/v2\/product\/444","targetHints":{"allow":["GET"]}}],"collection":[{"href":"https:\/\/freetourperu.com\/fr\/wp-json\/wp\/v2\/product"}],"about":[{"href":"https:\/\/freetourperu.com\/fr\/wp-json\/wp\/v2\/types\/product"}],"wp:featuredmedia":[{"embeddable":true,"href":"https:\/\/freetourperu.com\/fr\/wp-json\/wp\/v2\/media\/1330"}],"wp:attachment":[{"href":"https:\/\/freetourperu.com\/fr\/wp-json\/wp\/v2\/media?parent=444"}],"wp:term":[{"taxonomy":"product_brand","embeddable":true,"href":"https:\/\/freetourperu.com\/fr\/wp-json\/wp\/v2\/product_brand?post=444"},{"taxonomy":"product_cat","embeddable":true,"href":"https:\/\/freetourperu.com\/fr\/wp-json\/wp\/v2\/product_cat?post=444"},{"taxonomy":"product_tag","embeddable":true,"href":"https:\/\/freetourperu.com\/fr\/wp-json\/wp\/v2\/product_tag?post=444"}],"curies":[{"name":"wp","href":"https:\/\/api.w.org\/{rel}","templated":true}]}}