{"id":44,"date":"2019-07-04T22:23:47","date_gmt":"2019-07-04T22:23:47","guid":{"rendered":"http:\/\/freetourperu.com\/?post_type=product&#038;p=44"},"modified":"2024-01-18T02:25:52","modified_gmt":"2024-01-18T02:25:52","slug":"lima-tour","status":"publish","type":"product","link":"https:\/\/freetourperu.com\/fr\/produit\/lima-tour\/","title":{"rendered":"Free Tour Lima"},"content":{"rendered":"<div>\n<h5><strong>Disponibilit\u00e9 de Free Tour de Lima \u00e0 10 heures, 11 heures et 15 heures :<\/strong><\/h5>\n<p><span class=\"tadv-color\">R\u00e9servez votre tour gratuite d\u00e8s maintenant ! - nous organisons toutes les visites gratuites \u00e0 Lima en anglais et en espagnol <strong>du lundi au samedi<\/strong> (<strong>PAS de dimanche<\/strong>).<\/span><\/p>\n<p>En marchant avec nous, vous aurez la meilleure option pour profiter d'une<strong> visite libre du centre historique de Lima<\/strong>Lors de nos tours \u00e0 pied, vous verrez des attractions tr\u00e8s pertinentes telles que des \u00e9glises, des palais, des balcons, des rues coloniales et bien d'autres choses encore. Marcher avec nos guides locaux sera une exp\u00e9rience unique, ax\u00e9e sur l'histoire et la culture qui se cachent derri\u00e8re chaque site embl\u00e9matique.<\/p>\n<hr class=\"wp-block-separator\" \/>\n<h3>Itin\u00e9raire<\/h3>\n<p>L'itin\u00e9raire ci-dessous peut toujours \u00eatre modifi\u00e9 en raison de gr\u00e8ves, de probl\u00e8mes m\u00e9t\u00e9orologiques, de festivit\u00e9s, voire du choix du guide touristique.<\/p>\n<ul>\n<li><strong>Visite gratuite de Lima \u00e0 10 heures, d\u00e9part de Miraflores<\/strong>\n<ul>\n<li>Tout d'abord, nous ne faisons pas de visites guid\u00e9es \u00e0 Miraflores - nous ne prenons les touristes que dans ce quartier afin de les aider \u00e0 se rendre au centre historique de Lima.<\/li>\n<li>Pour participer \u00e0 ce programme, vous devez \u00eatre tr\u00e8s proche de\u00a0<a href=\"https:\/\/www.inkanmilkyway.com\/en\/blog\/kennedy-park-miraflores-and-central-park\/\">Parc Kennedy \u00e0 Miraflores<\/a><\/li>\n<li>Rejoignez-nous sur <strong>10 heures pr\u00e9cises \u00e0 <\/strong><a href=\"https:\/\/goo.gl\/maps\/6TqPhB695Pvq5sgB7\"><strong>Pasaje Porta 132<\/strong><\/a>A l'ext\u00e9rieur du centre commercial Oechsle, cherchez le logo de la Voie lact\u00e9e d'Inkan.<img loading=\"lazy\" decoding=\"async\" class=\"size-medium wp-image-15071 aligncenter\" src=\"http:\/\/freetourperu.com\/wp-content\/uploads\/2019\/07\/free-walkin-tour-lima-from-miraflores-meeting-point-300x253.jpg\" alt=\"\" width=\"300\" height=\"253\" srcset=\"https:\/\/freetourperu.com\/wp-content\/uploads\/2019\/07\/free-walkin-tour-lima-from-miraflores-meeting-point-300x253.jpg 300w, https:\/\/freetourperu.com\/wp-content\/uploads\/2019\/07\/free-walkin-tour-lima-from-miraflores-meeting-point.jpg 412w\" sizes=\"auto, (max-width: 300px) 100vw, 300px\" \/><\/li>\n<li>Ensuite, nous nous rendrons \u00e0 la <a href=\"https:\/\/goo.gl\/maps\/9CjDQ9mjcaz26WzHA\">Gare routi\u00e8re de Benavides (bus Metropolitano)<\/a> - il faut pr\u00e9voir 2,50 soles par personne ou 5 soles par couple pour le billet de bus<\/li>\n<li>Nous prendrons la ligne C, \u00e0 l'int\u00e9rieur de la station de bus Metropolitano, en direction du centre historique de Lima.<\/li>\n<li>Apr\u00e8s pr\u00e8s de 30 minutes de trajet en bus, nous descendons \u00e0 la gare routi\u00e8re de <a href=\"https:\/\/goo.gl\/maps\/yfLrBgCcWvJA6fDk6\" target=\"_blank\" rel=\"noopener noreferrer\">Jir\u00f3n de la Uni\u00f3n<\/a><\/li>\n<li>Ensuite, nous nous rendrons \u00e0 pied de la gare routi\u00e8re au point de d\u00e9part de la tour gratuite : <a href=\"https:\/\/goo.gl\/maps\/JTaXRKeW1YpKUbhk9\" target=\"_blank\" rel=\"noopener noreferrer\">\u00c9glise de La Merced<\/a> dans le centre historique de Lima<img loading=\"lazy\" decoding=\"async\" class=\"size-medium wp-image-15072 aligncenter\" src=\"http:\/\/freetourperu.com\/wp-content\/uploads\/2019\/07\/free-walkin-tour-lima-centre-meeting-point-300x253.jpg\" alt=\"\" width=\"300\" height=\"253\" srcset=\"https:\/\/freetourperu.com\/wp-content\/uploads\/2019\/07\/free-walkin-tour-lima-centre-meeting-point-300x253.jpg 300w, https:\/\/freetourperu.com\/wp-content\/uploads\/2019\/07\/free-walkin-tour-lima-centre-meeting-point.jpg 412w\" sizes=\"auto, (max-width: 300px) 100vw, 300px\" \/><\/li>\n<li>Nous s\u00e9parerons le groupe \u00e0 l'\u00e9glise de la Merced en fonction de la langue : anglais et espagnol, puis nous visiterons l'ensemble du centre historique.<\/li>\n<li>Pour voir l'itin\u00e9raire complet et d\u00e9taill\u00e9 des lieux que nous visiterons, consultez le Free Tour Lima at 11am ci-dessous (rappelez-vous que les lieux \u00e0 visiter sont les m\u00eames, ce qui diff\u00e8re c'est l'heure et le lieu de rencontre).<\/li>\n<\/ul>\n<\/li>\n<li><strong>Free Tour Lima \u00e0 11 heures au d\u00e9part du centre historique de Lima<\/strong>\n<ul>\n<li>Si vous ne souhaitez pas prendre un bus local ou si vous n'\u00eates pas \u00e0 proximit\u00e9 de <a href=\"https:\/\/www.inkanmilkyway.com\/en\/blog\/kennedy-park-miraflores-and-central-park\/\">Parc Kennedy<\/a> \u00e0 Miraflores, veuillez suivre les instructions ci-dessous :<\/li>\n<li>Rejoignez-nous sur <strong>11 heures pr\u00e9cises devant <\/strong><a href=\"https:\/\/goo.gl\/maps\/JTaXRKeW1YpKUbhk9\" target=\"_blank\" rel=\"noopener noreferrer\"><strong>\u00c9glise de La Merced<\/strong><\/a>\u00a0dans la rue Jir\u00f3n de la Union, dans le centre historique de Lima ; cherchez le logo InkanMilkyWay brod\u00e9 sur des gilets jaune vif. Ne vous laissez pas d\u00e9concerter - nous attendons jusqu'\u00e0 11 h 10 au plus tard. Prenez un taxi \u00e0 l'avance, ne sous-estimez pas le trafic automobile \u00e0 Lima.<\/li>\n<li><img loading=\"lazy\" decoding=\"async\" class=\"alignnone size-medium wp-image-15073\" src=\"http:\/\/freetourperu.com\/wp-content\/uploads\/2019\/07\/logo-lima-inkan-300x253.jpg\" alt=\"\" width=\"300\" height=\"253\" srcset=\"https:\/\/freetourperu.com\/wp-content\/uploads\/2019\/07\/logo-lima-inkan-300x253.jpg 300w, https:\/\/freetourperu.com\/wp-content\/uploads\/2019\/07\/logo-lima-inkan.jpg 370w\" sizes=\"auto, (max-width: 300px) 100vw, 300px\" \/><img loading=\"lazy\" decoding=\"async\" class=\"size-medium wp-image-15072 alignright\" src=\"http:\/\/freetourperu.com\/wp-content\/uploads\/2019\/07\/free-walkin-tour-lima-centre-meeting-point-300x253.jpg\" alt=\"\" width=\"300\" height=\"253\" srcset=\"https:\/\/freetourperu.com\/wp-content\/uploads\/2019\/07\/free-walkin-tour-lima-centre-meeting-point-300x253.jpg 300w, https:\/\/freetourperu.com\/wp-content\/uploads\/2019\/07\/free-walkin-tour-lima-centre-meeting-point.jpg 412w\" sizes=\"auto, (max-width: 300px) 100vw, 300px\" \/><\/li>\n<li>Nous s\u00e9parerons le groupe \u00e0 l'\u00e9glise de la Merced en fonction de la langue : anglais et espagnol, puis nous visiterons l'ensemble du centre historique.<\/li>\n<li>Nous explorerons <strong>le Rue Jiron de la Union<\/strong>La rue coloniale et r\u00e9publicaine la plus c\u00e9l\u00e8bre de Lima<\/li>\n<li><strong>Le studio photographique d'Eug\u00e8ne Courret<\/strong>Le premier studio photographique du P\u00e9rou - visite ext\u00e9rieure<\/li>\n<li>Nous verrons toutes les attractions de la <strong>Plaza de Armas<\/strong> de l'ext\u00e9rieur :\n<ul>\n<li>Le palais pr\u00e9sidentiel<\/li>\n<li>Cath\u00e9drale<\/li>\n<li>Palais de l'h\u00f4tel de ville<\/li>\n<li>La fontaine d'eau<\/li>\n<li>La rel\u00e8ve de la garde \u00e0 Lima - optionnel<\/li>\n<\/ul>\n<\/li>\n<li><strong>\u00c9glise Santo Domingo<\/strong> - visite \u00e0 l'int\u00e9rieur de la nef principale<\/li>\n<li><strong>Le district de Rimac et la plus petite \u00e9glise du monde<\/strong><\/li>\n<li>Au fleuve Rimac, votre guide vous pr\u00e9sentera une introduction socio-\u00e9conomique \u00e0 la ville actuelle de Lima.<\/li>\n<li>Ancienne gare ou le <strong>Maison de la litt\u00e9rature p\u00e9ruvienne<\/strong> - visite int\u00e9rieure<\/li>\n<li>Atrium de l'\u00e9glise de San Francisco<\/li>\n<li>A la fin de l'excursion, nous vous recommanderons un bon restaurant p\u00e9ruvien - nous aimons l'histoire.<\/li>\n<li>La visite se termine pr\u00e8s du\u00a0<a href=\"https:\/\/goo.gl\/maps\/7G4A73HkWdqQJ1FB6\">Place principale du centre de Lima<\/a>Cependant, toute personne essayant de retourner \u00e0 Miraflores ou \u00e0 Barranco sera aid\u00e9e par le guide touristique, vous avez notre parole.<\/li>\n<\/ul>\n<\/li>\n<li><strong>Free Tour Lima l'apr\u00e8s-midi \u00e0 15h - D\u00e9part du centre historique de Lima<\/strong>\n<ul>\n<li>Venez \u00e0 <a href=\"https:\/\/goo.gl\/maps\/JTaXRKeW1YpKUbhk9\" target=\"_blank\" rel=\"noopener noreferrer\">\u00c9glise de La Merced<\/a> o\u00f9 que vous soyez dans Lima, soyez l\u00e0 \u00e0 15h - nous attendons 15h10 au plus tard ; nous ne r\u00e9cup\u00e9rons personne \u00e0 Miraflores. Prenez un taxi \u00e0 l'avance, ne sous-estimez pas le trafic automobile \u00e0 Lima.<\/li>\n<li>Cherchez le logo InkanMilkyWay brod\u00e9 sur les gilets jaune vif, ne vous y trompez pas.<\/li>\n<li>Nous explorerons <strong>le Rue Jiron de la Union<\/strong><\/li>\n<li><strong>Le studio photographique d'Eug\u00e8ne Courret <\/strong>visite ext\u00e9rieure<\/li>\n<li>Nous verrons toutes les attractions de la <strong>Plaza de Armas<\/strong> de l'ext\u00e9rieur :\n<ul>\n<li>Le palais pr\u00e9sidentiel<\/li>\n<li>Cath\u00e9drale<\/li>\n<li>Palais de l'h\u00f4tel de ville<\/li>\n<li>La fontaine d'eau<\/li>\n<\/ul>\n<\/li>\n<li><strong>\u00c9glise Santo Domingo<\/strong> - visite \u00e0 l'int\u00e9rieur de la nef principale<\/li>\n<li><strong>Le district de Rimac et la plus petite \u00e9glise du monde<\/strong><\/li>\n<li>Au fleuve R\u00edmac, votre guide vous pr\u00e9sentera une introduction socio-\u00e9conomique \u00e0 l'actuelle ville de Lima.<\/li>\n<li>Ancienne gare ou le <strong>Maison de la litt\u00e9rature p\u00e9ruvienne<\/strong> - visite int\u00e9rieure<\/li>\n<li>Atrium de l'\u00e9glise de San Francisco<\/li>\n<li><strong>Le mur d'enceinte colonial de Lima<\/strong><\/li>\n<li>La visite se termine pr\u00e8s du\u00a0<a href=\"https:\/\/goo.gl\/maps\/7G4A73HkWdqQJ1FB6\">Place principale du centre de Lima<\/a>Cependant, toute personne essayant de retourner \u00e0 Miraflores ou \u00e0 Barranco sera aid\u00e9e par le guide touristique, vous avez notre parole.<\/li>\n<\/ul>\n<\/li>\n<\/ul>\n<h2><span class=\"tadv-color\"><strong>Informations utiles :<\/strong><\/span><\/h2>\n<p>Si vous s\u00e9journez dans <a href=\"https:\/\/www.inkanmilkyway.com\/en\/blog\/miraflores-things-to-do\/\" target=\"_blank\" rel=\"noreferrer noopener\">Miraflores<\/a>ne vous inqui\u00e9tez pas, nous avons un point de ramassage pour tous les clients s\u00e9journant \u00e0 Miraflores, il suffit de se pr\u00e9senter au <a href=\"https:\/\/goo.gl\/maps\/6TqPhB695Pvq5sgB7\" target=\"_blank\" rel=\"noreferrer noopener\">point de ramassage d\u00e9sign\u00e9<\/a>Nous prendrons les transports en commun en direction du centre historique de Lima,<strong> Vous \u00e9conomiserez ainsi pr\u00e8s de 50 Soles en frais de taxi.<\/strong> (pr\u00e8s de 20 USD). Cependant, si vous n'\u00eates pas \u00e0 proximit\u00e9 de notre point de rencontre \u00e0 Miraflores, venez directement devant <a href=\"https:\/\/goo.gl\/maps\/JTaXRKeW1YpKUbhk9\" target=\"_blank\" rel=\"noreferrer noopener\">\u00c9glise de La Merced<\/a> dans le centre historique de Lima (la visite \u00e0 pied commencera ici).<\/p>\n<h3>Point de rencontre<\/h3>\n<ul>\n<li style=\"list-style-type: none;\">\n<ul>\n<li><b>10 heures Lieu de rencontre <strong>-<\/strong> Prise en charge \u00e0 Miraflores :<\/b> Rencontrez-nous \u00e0\u00a0<a href=\"https:\/\/goo.gl\/maps\/6TqPhB695Pvq5sgB7\">Pasaje Porta 132<\/a> \u00e0 l'ext\u00e9rieur du centre commercial Oechsle, vous ne pouvez vous joindre \u00e0 nous que si vous \u00eates extr\u00eamement proche de Pasaje Porta 132 ou du parc Kennedy. Veuillez pr\u00e9voir 2,50 Soles pp pour un billet de bus local (nous prendrons le <em>M\u00e9tropolitain<\/em> syst\u00e8me de bus local vers le centre historique de Lima). Si vous n'\u00eates pas \u00e0 proximit\u00e9 de cet endroit ou si vous n'aimez pas utiliser le syst\u00e8me de bus local, veuillez vous rendre directement au lieu de rendez-vous de 11h ou de 15h.<\/li>\n<li><b>11h00 Lieu de rencontre dans le centre historique de Lima :<\/b> Rejoignez-nous sur\u00a0<a href=\"https:\/\/goo.gl\/maps\/JTaXRKeW1YpKUbhk9\" target=\"_blank\" rel=\"noopener noreferrer\">devant l'\u00e9glise La Merced, dans la rue Jir\u00f3n de La Union<\/a> - C'est ici que commence le Free Tour<\/li>\n<li><b>15h Lieu de rencontre dans le centre historique de Lima :<\/b> Pour notre visite \u00e0 pied gratuite de Lima dans l'apr\u00e8s-midi, vous devez \u00e9galement venir \u00e0 <a href=\"https:\/\/goo.gl\/maps\/JTaXRKeW1YpKUbhk9\" target=\"_blank\" rel=\"noopener noreferrer\">\u00c9glise de La Merced<\/a> de tout Lima (nous ne prenons personne \u00e0 Miraflores)<\/li>\n<\/ul>\n<\/li>\n<li>\n<hr \/>\n<ul>\n<li>Si vous s\u00e9journez \u00e0 Barranco, au port de Callao, \u00e0 l'a\u00e9roport de Lima ou si vous ne savez pas dans quel quartier vous vous trouvez, rendez-vous directement \u00e0 l'adresse suivante <a href=\"https:\/\/goo.gl\/maps\/JTaXRKeW1YpKUbhk9\" target=\"_blank\" rel=\"noopener noreferrer\">\u00c9glise de La Merced <\/a>\u00e0 11 h ou \u00e0 15 h<\/li>\n<\/ul>\n<\/li>\n<\/ul>\n<\/div>\n<div>\n<h3>Prix<\/h3>\n<ul>\n<li><strong><i class=\"fas fa-users\"><\/i> Tour de groupe:<\/strong>\n<ul>\n<li>Nous avons les meilleurs guides touristiques qui travaillent jour apr\u00e8s jour, qui cr\u00e9ent des tours amusantes et divertissantes pour que vous puissiez conna\u00eetre les aspects les plus importants d'une ville, ils connaissent bien la ville que vous visitez et ils vous aideront \u00e0 faire le voyage de votre vie.\n<p><strong>C'est pourquoi la plupart des marcheurs de FREE TOUR PERU donnent g\u00e9n\u00e9ralement entre 20 et 50 S\/. par personne, mais comme nous l'avons dit, vous pouvez choisir de donner plus ou moins en fonction de votre exp\u00e9rience.<\/strong><\/li>\n<\/ul>\n<\/li>\n<li><strong><i class=\"fas fa-user-clock\"><\/i> Tour priv\u00e9e :<\/strong>\n<ul>\n<li>Nous n'organisons pas de visites priv\u00e9es gratuites<\/li>\n<\/ul>\n<\/li>\n<\/ul>\n<\/div>","protected":false},"excerpt":{"rendered":"<ul>\n<li><strong><i class=\"far fa-clock\"><\/i> Free Tour Lima Schedules | mornings and afternoon <\/strong>\n<ul>\n<li>We Have 3 Departures from Monday thru Saturday, please read below:\n<ul>\n<li>Mon thru Sat at <strong>10am <\/strong>\u2013 pick-up in Miraflores<\/li>\n<li>Mon thru Sat at <strong>11am<\/strong> \u2013 starts in Lima center<\/li>\n<li>Mon thru Sat at <strong>3pm<\/strong> \u2013 starts in Lima center<\/li>\n<\/ul>\n<\/li>\n<li>We don\u2019t operate\u00a0 free tours of Lima on Sundays, the 28th of July, Christmas(25th December), and every 1st of January<\/li>\n<\/ul>\n<\/li>\n<li><strong><i class=\"far fa-comment\"><\/i> Langue <\/strong>\n<ul>\n<li>All free tours in Lima are in English and Spanish, in separate groups based on the language<\/li>\n<\/ul>\n<\/li>\n<li><strong><i class=\"far fa-hourglass\"><\/i> Dur\u00e9e de l'accord<\/strong>\n<ul>\n<li>If you start in Miraflores, it takes about 3.5 hours<\/li>\n<li>If you start your free tour in Lima historic center, it takes about 2.5 hours<\/li>\n<\/ul>\n<\/li>\n<li><strong><i class=\"far fa-eye\"><\/i> How to recognize our Official Tour Guides?<\/strong>\n<ul>\n<li>In Miraflores meeting point: Look for the InkanMilkyWay logo-sign<\/li>\n<li>In Lima historic center meeting point: Look for the InkanMilkyWay Logo embroidered on the bright yellow vests<\/li>\n<\/ul>\n<\/li>\n<li><strong><i class=\"fas fa-grip-horizontal\"><\/i> Type de voyage<\/strong>\n<ul>\n<li>This tour is a group tour, not a private one. It is focused on history and designed exclusively for adults<\/li>\n<\/ul>\n<\/li>\n<li><strong><i class=\"fas fa-bus-alt\"><\/i> Transport<\/strong>\n<ul>\n<li>On foot; however, if you start in Miraflores, we will take a local bus towards Lima historic centre ( about 30 minutes bus-ride) \u2014 the rest of the tour will be all on foot<\/li>\n<\/ul>\n<\/li>\n<li><strong><i class=\"fas fa-wheelchair\"><\/i> Accessibilit\u00e9<\/strong>\n<ul>\n<li>Cette visite est <em>pas<\/em> aux personnes \u00e0 mobilit\u00e9 r\u00e9duite<\/li>\n<\/ul>\n<\/li>\n<li><strong><i class=\"fas fa-map-pin\"><\/i> Lieu de fin de la visite<\/strong>\n<ul>\n<li>We finish this tour next to the Plaza de Armas of Lima<\/li>\n<\/ul>\n<\/li>\n<li><strong><i class=\"fas fa-hands\"><\/i> Veuillez apporter<\/strong>\n<ul>\n<li>If you join us at 10am in Miraflores, bring 2.50 soles pp or 5 soles per couple for the bus ticket<\/li>\n<li>Sweaters or jackets, caps or hats, sunglasses, and a bottle of water<\/li>\n<\/ul>\n<\/li>\n<li><strong><i class=\"fas fa-binoculars\"><\/i> Visite ext\u00e9rieure<\/strong>\n<ul>\n<li>In this walking tour, we will visit the main attractions from the exterior<\/li>\n<\/ul>\n<\/li>\n<li><strong><i class=\"far fa-check-square\"><\/i> Inclus<\/strong>\n<ul>\n<li>Licensed tour Guide with carnet<\/li>\n<li>An excellent narrative on the history<\/li>\n<\/ul>\n<\/li>\n<li><strong><i class=\"far fa-times-circle\"><\/i> Non inclus<\/strong>\n<ul>\n<li>Tips<\/li>\n<li>Tickets for the Metropolitano bus: 2.50 Soles per person<\/li>\n<li>Note: You won\u2019t need entrance tickets<\/li>\n<\/ul>\n<\/li>\n<li><strong><i class=\"fab fa-whatsapp\"><\/i> WhatsApp <\/strong>\n<ul>\n<li><a href=\"https:\/\/api.whatsapp.com\/send?phone=51958745640&amp;text=Hello,%20Can%20you%20help%20me%20pls?\">+51 958745640<\/a><\/li>\n<li><a href=\"https:\/\/api.whatsapp.com\/send?phone=51984479073&amp;text=Hello,%20Can%20you%20help%20me%20pls?\">+51 984479073<\/a><\/li>\n<\/ul>\n<\/li>\n<\/ul>\n<h3><\/h3>\n<h3><\/h3>","protected":false},"featured_media":15074,"template":"","meta":{"inline_featured_image":false},"product_brand":[],"product_cat":[23],"product_tag":[],"class_list":{"0":"post-44","1":"product","2":"type-product","3":"status-publish","4":"has-post-thumbnail","6":"product_cat-lima","8":"first","9":"instock","10":"virtual","11":"purchasable","12":"product-type-appointment"},"exclude_global_add_ons":false,"addons":[{"name":"Point de rencontre","type":"heading","position":0,"required":false,"title_format":"heading","description_enable":true,"description":"*10am Meeting Place \u2014 Pick-up in Miraflores: Meet us in Pasaje Porta 132 outside Oechsle mall.\r\n*11am Meeting Place in Lima historic center: Join us in front of La Merced Church on the Jir\u00f3n de La Union Street.\r\n*3pm Meeting Place in Lima historic center, Join us in front of La Merced Church on the Jir\u00f3n de La Union Street.","placeholder_enable":false,"placeholder":"","display":"select","restrictions_type":"only_letters_numbers","adjust_price":false,"price":"","price_type":"flat_fee","restrictions":false,"min":0,"max":0,"options":[]}],"_links":{"self":[{"href":"https:\/\/freetourperu.com\/fr\/wp-json\/wp\/v2\/product\/44","targetHints":{"allow":["GET"]}}],"collection":[{"href":"https:\/\/freetourperu.com\/fr\/wp-json\/wp\/v2\/product"}],"about":[{"href":"https:\/\/freetourperu.com\/fr\/wp-json\/wp\/v2\/types\/product"}],"wp:featuredmedia":[{"embeddable":true,"href":"https:\/\/freetourperu.com\/fr\/wp-json\/wp\/v2\/media\/15074"}],"wp:attachment":[{"href":"https:\/\/freetourperu.com\/fr\/wp-json\/wp\/v2\/media?parent=44"}],"wp:term":[{"taxonomy":"product_brand","embeddable":true,"href":"https:\/\/freetourperu.com\/fr\/wp-json\/wp\/v2\/product_brand?post=44"},{"taxonomy":"product_cat","embeddable":true,"href":"https:\/\/freetourperu.com\/fr\/wp-json\/wp\/v2\/product_cat?post=44"},{"taxonomy":"product_tag","embeddable":true,"href":"https:\/\/freetourperu.com\/fr\/wp-json\/wp\/v2\/product_tag?post=44"}],"curies":[{"name":"wp","href":"https:\/\/api.w.org\/{rel}","templated":true}]}}