{"id":382,"date":"2019-10-19T06:41:34","date_gmt":"2019-10-19T06:41:34","guid":{"rendered":"http:\/\/freetourperu.com\/?post_type=product&#038;p=382"},"modified":"2026-02-03T15:08:09","modified_gmt":"2026-02-03T15:08:09","slug":"rafting","status":"publish","type":"product","link":"https:\/\/freetourperu.com\/fr\/produit\/rafting\/","title":{"rendered":"Rafting Arequipa"},"content":{"rendered":"<h3><strong>\ud83d\udea3\u200d\u2642\ufe0f D\u00e9tails de la visite :<\/strong><\/h3>\n<p>\u23f3 <strong>Dur\u00e9e de l'enqu\u00eate :<\/strong> 3 heures de pur plaisir !<br \/>\n\ud83d\udcc5 <strong>Disponible :<\/strong> Du lundi au dimanche<br \/>\n\ud83d\udd5a <strong>D\u00e9part le matin :<\/strong> Prise en charge \u00e0 l'h\u00f4tel \u00e0 <strong>11:00 AM<\/strong><br \/>\n\ud83d\udd51 <strong>D\u00e9part l'apr\u00e8s-midi :<\/strong> Prise en charge \u00e0 l'h\u00f4tel \u00e0 <strong>2:00 PM<\/strong><\/p>\n<h3><strong>\ud83c\udf92 Ce qu'il faut apporter :<\/strong><\/h3>\n<ul>\n<li>Maillot de bain (\u00e0 porter sous les v\u00eatements !)<\/li>\n<li>S\u00e9curiser les sandales ou les chaussures d'eau<\/li>\n<li>Cr\u00e8me solaire, chapeau et lunettes de soleil<\/li>\n<li>Serviette et v\u00eatements de rechange<\/li>\n<li>De l'eau pour rester hydrat\u00e9<\/li>\n<\/ul>\n<h3><strong>\u2705 Inclus :<\/strong><\/h3>\n<p>Guides professionnels bilingues<br \/>\nMat\u00e9riel de s\u00e9curit\u00e9 de premi\u00e8re qualit\u00e9 (casque, gilet de sauvetage, pagaie)<br \/>\nTransport aller-retour depuis votre h\u00f4tel<br \/>\n\u2714 Des rapides de classe II-III qui font battre le c\u0153ur !<\/p>\n<h3><strong>\ud83d\udea8 Notes importantes :<\/strong><\/h3>\n<ul>\n<li>Aucune exp\u00e9rience pr\u00e9alable n'est n\u00e9cessaire - les d\u00e9butants sont les bienvenus !<\/li>\n<li>\u00c2ge minimum : <strong>12 ans<\/strong><\/li>\n<li>Aventure maximale : <strong>Des souvenirs inoubliables !<\/strong><\/li>\n<\/ul>\n<p><strong>\ud83d\udce2 Pr\u00eat pour les rapides ? R\u00e9servez votre place d\u00e8s maintenant !<\/strong><\/p>","protected":false},"excerpt":{"rendered":"<p><strong>\ud83c\udf0a Thrilling Whitewater Rafting in Arequipa \u2013 Just 20 Minutes from Downtown!<\/strong><\/p>\n<p><strong>\ud83d\udd25 The Ultimate Adventure Awaits on the Chili River!<\/strong><\/p>\n<p>Pr\u00e9parez-vous \u00e0 <strong>an adrenaline-packed rafting experience<\/strong> in the heart of Arequipa! Just a short 20-minute ride from the historic center, you\u2019ll conquer the <strong>rushing rapids of the Chili River<\/strong>\u2014perfect for beginners and thrill-seekers alike.<\/p>\n<h3><\/h3>","protected":false},"featured_media":52169,"template":"","meta":{"inline_featured_image":false},"product_brand":[],"product_cat":[17],"product_tag":[25],"class_list":{"0":"post-382","1":"product","2":"type-product","3":"status-publish","4":"has-post-thumbnail","6":"product_cat-arequipa","7":"product_tag-arequipa","9":"first","10":"instock","11":"virtual","12":"purchasable","13":"product-type-appointment"},"exclude_global_add_ons":false,"addons":[{"name":"Nom et adresse de l'h\u00f4tel","type":"custom_text","position":0,"required":true,"title_format":"label","description_enable":true,"description":"","placeholder_enable":false,"placeholder":"","display":"select","restrictions_type":"any_text","adjust_price":false,"price":"","price_type":"flat_fee","restrictions":false,"min":0,"max":0,"options":[],"id":1743446135}],"_links":{"self":[{"href":"https:\/\/freetourperu.com\/fr\/wp-json\/wp\/v2\/product\/382","targetHints":{"allow":["GET"]}}],"collection":[{"href":"https:\/\/freetourperu.com\/fr\/wp-json\/wp\/v2\/product"}],"about":[{"href":"https:\/\/freetourperu.com\/fr\/wp-json\/wp\/v2\/types\/product"}],"wp:featuredmedia":[{"embeddable":true,"href":"https:\/\/freetourperu.com\/fr\/wp-json\/wp\/v2\/media\/52169"}],"wp:attachment":[{"href":"https:\/\/freetourperu.com\/fr\/wp-json\/wp\/v2\/media?parent=382"}],"wp:term":[{"taxonomy":"product_brand","embeddable":true,"href":"https:\/\/freetourperu.com\/fr\/wp-json\/wp\/v2\/product_brand?post=382"},{"taxonomy":"product_cat","embeddable":true,"href":"https:\/\/freetourperu.com\/fr\/wp-json\/wp\/v2\/product_cat?post=382"},{"taxonomy":"product_tag","embeddable":true,"href":"https:\/\/freetourperu.com\/fr\/wp-json\/wp\/v2\/product_tag?post=382"}],"curies":[{"name":"wp","href":"https:\/\/api.w.org\/{rel}","templated":true}]}}