{"id":348,"date":"2019-10-14T03:51:03","date_gmt":"2019-10-14T03:51:03","guid":{"rendered":"http:\/\/freetourperu.com\/?post_type=product&#038;p=348"},"modified":"2022-09-05T19:45:48","modified_gmt":"2022-09-05T19:45:48","slug":"uros-and-taquile-island-1day","status":"publish","type":"product","link":"https:\/\/freetourperu.com\/fr\/produit\/uros-et-taquile-ile-1jour\/","title":{"rendered":"Uros et \u00eele de Taquile 1 jour"},"content":{"rendered":"<p>Apr\u00e8s le petit-d\u00e9jeuner \u00e0 l'h\u00f4tel, le tour commence par un transfert au port. Les bateaux partent entre 7h00 et 8h30 et nous emm\u00e8nent \u00e0 travers le plus haut lac navigable du monde pendant environ vingt-cinq minutes jusqu'\u00e0 ce que nous arrivions aux \u00eeles flottantes d'Uros. Elles ont \u00e9t\u00e9 construites par leurs anciens habitants \u00e0 l'aide du seul mat\u00e9riau abondant dans la r\u00e9gion, le roseau totora. Nous pouvons encore aujourd'hui appr\u00e9cier leurs coutumes. Apr\u00e8s vingt-cinq minutes de bateau suppl\u00e9mentaires, nous arriverons \u00e0 l'\u00eele de Taquile, situ\u00e9e au-del\u00e0 de la p\u00e9ninsule de Chuchito et de Capichica, \u00e0 35 kilom\u00e8tres du port du lac. Taquile est situ\u00e9e \u00e0 3'800 m et son point culminant est \u00e0 4'000 m. Elle a la forme d'un l\u00e9zard. Les habitants continuent \u00e0 porter leurs v\u00eatements traditionnels et sont r\u00e9put\u00e9s pour leur artisanat et leurs textiles. Le terrain de l'\u00eele est rocheux, ce qui signifie qu'au cours de l'histoire, les habitants de l'\u00eele ont construit des terrasses afin d'exploiter au mieux les terres cultivables. Il est toujours possible de passer une nuit sur l'\u00eele. De nombreux habitants louent des chambres aux \u00e9trangers. Sinon, nous prenons le bateau et retournons \u00e0 Puno puis \u00e0 l'h\u00f4tel.<\/p>","protected":false},"excerpt":{"rendered":"<ul>\n<li>\n<p class=\"flt-standard-black-p\">Op\u00e9rateur exp\u00e9riment\u00e9 et local<\/p>\n<\/li>\n<li>\n<p class=\"flt-standard-black-p\">Un tour du lac et des principales \u00eeles \u00e0 couper le souffle avec un guide indig\u00e8ne bilingue<\/p>\n<\/li>\n<li>\n<p class=\"flt-standard-black-p\">Profitez de vues imprenables \u00e0 bord de bateaux modernes, enti\u00e8rement \u00e9quip\u00e9s et dot\u00e9s d'un toit-terrasse.<\/p>\n<\/li>\n<\/ul>\n<p><strong>INCLUS :<\/strong><\/p>\n<ul>\n<li>Transferts : H\u00f4tel - Port - H\u00f4tel<\/li>\n<li>Transport de groupes en bateau<\/li>\n<li>Guide bilingue (anglais-espagnol)<\/li>\n<\/ul>\n<p><strong>\u00a0NON COMPRIS :<\/strong><\/p>\n<ul>\n<li>Boissons et en-cas suppl\u00e9mentaires<\/li>\n<li>1 d\u00e9jeuner dans l'\u00eele de Taquile<\/li>\n<li>Droits d'entr\u00e9e<\/li>\n<\/ul>","protected":false},"featured_media":3184,"template":"","meta":{"inline_featured_image":false},"product_brand":[],"product_cat":[27],"product_tag":[28],"class_list":{"0":"post-348","1":"product","2":"type-product","3":"status-publish","4":"has-post-thumbnail","6":"product_cat-puno","7":"product_tag-puno","9":"first","10":"instock","11":"virtual","12":"purchasable","13":"product-type-appointment"},"exclude_global_add_ons":false,"addons":[{"name":"Choisir l'h\u00f4tel Pick up","type":"multiple_choice","position":0,"required":false,"title_format":"label","description_enable":false,"description":"","placeholder_enable":false,"placeholder":"","display":"select","restrictions_type":"any_text","adjust_price":false,"price":"","price_type":"flat_fee","restrictions":false,"min":0,"max":0,"options":[{"label":"APURIMAC HOSTAL, Jr. el puerto 531","price":"","price_type":"flat_fee","image":0},{"label":"ANDEAN SUNDOWNER, calle cajamarca 154","price":"","price_type":"flat_fee","image":0},{"label":"AQUA HOTEL, av. simon bolivar 1051","price":"","price_type":"flat_fee","image":0},{"label":"AYMA HOSTEL, Jr. lambayeque 140","price":"","price_type":"flat_fee","image":0},{"label":"AYMARAK HOSTEL, circunvalacion sur 135","price":"","price_type":"flat_fee","image":0},{"label":"BALCONES DEL TITICACA 2, Jr. progreso 134","price":"","price_type":"flat_fee","image":0},{"label":"BALSA INN, calle cajamarca 555","price":"","price_type":"flat_fee","image":0},{"label":"BONNY HOSTEL, Jr. moquegua 479","price":"","price_type":"flat_fee","image":0},{"label":"BOTHY HOSTEL, Jr. Iquitos 136","price":"","price_type":"flat_fee","image":0},{"label":"BRISAS HOSTEL PUNO, Interior 3 Jr. cajamarca 252","price":"","price_type":"flat_fee","image":0},{"label":"BUHO HOTEL, calle lambayeque 142","price":"","price_type":"flat_fee","image":0},{"label":"BUSINESS INN & MYSTIC SUITE HOSTEL, Jr. Fermin Arbulu 183","price":"","price_type":"flat_fee","image":0},{"label":"CAMINO REAL TURISTICO, Jr. deza 328","price":"","price_type":"flat_fee","image":0},{"label":"CANTUTA INN HOTEL, Jr. tacna 797","price":"","price_type":"flat_fee","image":0},{"label":"CASA ANDINA CLASSIC, Jr. independence 143","price":"","price_type":"flat_fee","image":0},{"label":"CASA DE MANUELITA INN, calle coronel barriga 466","price":"","price_type":"flat_fee","image":0},{"label":"CASA DON JOSE, calle velasco astete 132-134","price":"","price_type":"flat_fee","image":0},{"label":"CASA PANQARANI, calle arequipa 1086","price":"","price_type":"flat_fee","image":0},{"label":"CASA SAMAYWASY, Jr. cajamarca 901","price":"","price_type":"flat_fee","image":0},{"label":"CASONA COLON INN HOTEL, calle tacna 290","price":"","price_type":"flat_fee","image":0},{"label":"CASONA PLAZA CENTRO, Jr. lima 787","price":"","price_type":"flat_fee","image":0},{"label":"CIELO ANDINO, Jr. grau 118","price":"","price_type":"flat_fee","image":0},{"label":"CIELO PUNKU, Jr. huancane 644","price":"","price_type":"flat_fee","image":0},{"label":"CONDE DE LEMOS HOTEL, Jr. puno 681","price":"","price_type":"flat_fee","image":0},{"label":"CORDELIUS HOTEL, Jr. tacna 963","price":"","price_type":"flat_fee","image":0},{"label":"CORICHASKA HOSTAL, Av. la torre 137, interior 4","price":"","price_type":"flat_fee","image":0},{"label":"COZY HOSTEL PUNO, Av. titicaca 144-B","price":"","price_type":"flat_fee","image":0},{"label":"DUQUE INN, Jr.ayaviri 152","price":"","price_type":"flat_fee","image":0},{"label":"EL MANZANO, Av. el puerto 449","price":"","price_type":"flat_fee","image":0},{"label":"FRANCIS HOTEL PUNO, Jr. tacna 305","price":"","price_type":"flat_fee","image":0},{"label":"GRAN PUNO INN, Jr. arequipa 130","price":"","price_type":"flat_fee","image":0},{"label":"HACIENDA PLAZA DE ARMAS, Jr. puno 419","price":"","price_type":"flat_fee","image":0},{"label":"HACIENDA PUNO HOTEL, Jr. Deusta 297","price":"","price_type":"flat_fee","image":0},{"label":"HELENA INN, calle Ayacucho 609","price":"","price_type":"flat_fee","image":0},{"label":"HOMECENTER PUNO HOSTEL, Jr. Arequipa 522","price":"","price_type":"flat_fee","image":0},{"label":"HOTEL CANTUTA INN, Jr. Tacna 797","price":"","price_type":"flat_fee","image":0},{"label":"HOTEL CIUDAD DEL LAGO, Jr. Conde de Lemus 120","price":"","price_type":"flat_fee","image":0},{"label":"HOTEL EMBAJADOR, Jr. Los Incas 289","price":"","price_type":"flat_fee","image":0},{"label":"HUCHUY WASI HOSTEL, Jr. Iquitos 186","price":"","price_type":"flat_fee","image":0},{"label":"IGUANA HOSTEL, calle Santiago Giraldo 222","price":"","price_type":"flat_fee","image":0},{"label":"INKAS REST, pasaje San Carlos 158","price":"","price_type":"flat_fee","image":0},{"label":"INTI BACKPACKERS, Av. La Torre 137","price":"","price_type":"flat_fee","image":0},{"label":"INTIQA HOTEL, Jr. Tarapaca 272","price":"","price_type":"flat_fee","image":0},{"label":"INTIQOLLA HOSPEDAJE, Jr. Cajamarca 550","price":"","price_type":"flat_fee","image":0},{"label":"ITALIA HOTEL, Jr. Varcarcel 122","price":"","price_type":"flat_fee","image":0},{"label":"JOYA ANDINA PUNO, Av. Sol 823","price":"","price_type":"flat_fee","image":0},{"label":"KOLLAS INN HOSTEL, Jr. Arequipa 386","price":"","price_type":"flat_fee","image":0},{"label":"KUNTUR INN, Jr. Ayacucho 708","price":"","price_type":"flat_fee","image":0},{"label":"KUSILLOS POSADA, calle Federico Moore 162","price":"","price_type":"flat_fee","image":0},{"label":"LAGO PUNENO HOSTEL, calle Cajamarca 237","price":"","price_type":"flat_fee","image":0},{"label":"LOBO'S INN, Jr. la Libertad 451","price":"","price_type":"flat_fee","image":0},{"label":"LOS PINOS INN, calle Tarapaca 182","price":"","price_type":"flat_fee","image":0},{"label":"LUCKY YOUR HOUSE, Av. Titicaca 144","price":"","price_type":"flat_fee","image":0},{"label":"MANCO CAPAC INN, Av. Tacna 277","price":"","price_type":"flat_fee","image":0},{"label":"MARA HOSTEL, calle Cajamarca 206","price":"","price_type":"flat_fee","image":0},{"label":"MARIA REICHE HOTEL, pasaje Ramis 390","price":"","price_type":"flat_fee","image":0},{"label":"MARLONS HOUSE, Jr. Independencia 255","price":"","price_type":"flat_fee","image":0},{"label":"MONTERREY HOTEL, Jr. Lima 441","price":"","price_type":"flat_fee","image":0},{"label":"MOSOQ INN, Jr. Lima 441","price":"","price_type":"flat_fee","image":0},{"label":"MUNAY TAMBO, calle Lambayeque 127","price":"","price_type":"flat_fee","image":0},{"label":"NAK HOTELES, Jr. Velasco Astete 307","price":"","price_type":"flat_fee","image":0},{"label":"OLIMPO INN, Jr. Pedro Miguel Urbina 155","price":"","price_type":"flat_fee","image":0},{"label":"OLLANTA INN, Jr. Ilo E-1","price":"","price_type":"flat_fee","image":0},{"label":"PACHA HOSTEL, Jr. Lima 106","price":"","price_type":"flat_fee","image":0},{"label":"PACHA SUITES, Jr. Cajamarca 243","price":"","price_type":"flat_fee","image":0},{"label":"PAITITI, calle Huancane B-430","price":"","price_type":"flat_fee","image":0},{"label":"PLAZA MAYOR HOTEL, Jr. Deusta 342","price":"","price_type":"flat_fee","image":0},{"label":"POSADA DE LOS REYES, Jr. Tarapaca 335","price":"","price_type":"flat_fee","image":0},{"label":"POSADA DE PERCYBAL LAGO INN, Av. Centro 368","price":"","price_type":"flat_fee","image":0},{"label":"POSADA DEL GRINGO, Jr. Lambayeque 516","price":"","price_type":"flat_fee","image":0},{"label":"POSADA DEL QOLLA, Jr. Deusta 834","price":"","price_type":"flat_fee","image":0},{"label":"POSADA DON GIORGIO, Jr. Tarapaca 238","price":"","price_type":"flat_fee","image":0},{"label":"POSADA LUNA AZUL, calle Cajamarca 242","price":"","price_type":"flat_fee","image":0},{"label":"PREMIER PLAZA, calle Grau 144","price":"","price_type":"flat_fee","image":0},{"label":"PRESIDENTE INN, calle Tacna 248","price":"","price_type":"flat_fee","image":0},{"label":"PUKARA HOSTAL, Jr. Libertad 328","price":"","price_type":"flat_fee","image":0},{"label":"PUMA HOSTEL PUNO, calle Cajamarca 154","price":"","price_type":"flat_fee","image":0},{"label":"PUNO HOSTEL, Jr. Puno 124","price":"","price_type":"flat_fee","image":0},{"label":"PUNO TERRA HOTEL, Jr. Cajamarca 247","price":"","price_type":"flat_fee","image":0},{"label":"QALASAYA HOTEL, calle Grau 240","price":"","price_type":"flat_fee","image":0},{"label":"QELQATANI HOTEL, Jr. Tarapaca 355","price":"","price_type":"flat_fee","image":0},{"label":"QORIKANCHA INN HOTEL, calle Moquegua 479","price":"","price_type":"flat_fee","image":0},{"label":"QUECHUA INKAS PALACE, Jr. Independencia 301","price":"","price_type":"flat_fee","image":0},{"label":"ROMA INN HOSTAL, Jr. Libertad 115","price":"","price_type":"flat_fee","image":0},{"label":"ROYAL INN, calle Ayacucho 438","price":"","price_type":"flat_fee","image":0},{"label":"SAMARY INN, Jr. Ayacucho 616","price":"","price_type":"flat_fee","image":0},{"label":"SANTA MARIA INN, calle Alfonso Ugarte 199","price":"","price_type":"flat_fee","image":0},{"label":"SARIRI HOSTAL, calle Calvario 192","price":"","price_type":"flat_fee","image":0},{"label":"SILLUSTANI INN, calle Tarapaca 305","price":"","price_type":"flat_fee","image":0},{"label":"SOL ANDINA INN, calle Simon Bolivar 857","price":"","price_type":"flat_fee","image":0},{"label":"SOL PLAZA HOTEL, Jr. Puno 307","price":"","price_type":"flat_fee","image":0},{"label":"SUITE INDEPENDENCIA PUNO, Jr. Cajamarca 678","price":"","price_type":"flat_fee","image":0},{"label":"SUITES ANTONIO'S HOTEL, Jr. Arequipa 840","price":"","price_type":"flat_fee","image":0},{"label":"TIKA HOTEL, Jr. Santiago Giraldo 362","price":"","price_type":"flat_fee","image":0},{"label":"TAYKA HOSTEL, Jr. Ayacucho 515","price":"","price_type":"flat_fee","image":0},{"label":"THE REAL HOUSE, Av. la Torre 449","price":"","price_type":"flat_fee","image":0},{"label":"TIERRA VIVA PUNO, Jr. Grau 270","price":"","price_type":"flat_fee","image":0},{"label":"TOTORANI INN, Av. la Torre 463","price":"","price_type":"flat_fee","image":0},{"label":"LOS UROS HOSTEL, Jr. Teodoro Varcarcel 135","price":"","price_type":"flat_fee","image":0},{"label":"URURI STAY PUNO, Jr. Lima 325","price":"","price_type":"flat_fee","image":0},{"label":"UTASA INN, calle Deza 540","price":"","price_type":"flat_fee","image":0},{"label":"UYUNI INN HOSTEL, Jr. Cajamarca 237","price":"","price_type":"flat_fee","image":0},{"label":"VARGAS HOTEL, calle Oquendo 160","price":"","price_type":"flat_fee","image":0},{"label":"VINGEN DE LAS NIEVES HOSTAL I, Av. el Puerto 516","price":"","price_type":"flat_fee","image":0},{"label":"ZURIT HOTEL, Jr. F. Arbulu 191","price":"","price_type":"flat_fee","image":0}]},{"name":"Nom et adresse de l'h\u00f4tel","type":"custom_text","position":1,"required":true,"title_format":"label","description_enable":false,"description":"","placeholder_enable":false,"placeholder":"","display":"select","restrictions_type":"any_text","adjust_price":false,"price":"","price_type":"flat_fee","restrictions":false,"min":0,"max":0,"options":[]}],"_links":{"self":[{"href":"https:\/\/freetourperu.com\/fr\/wp-json\/wp\/v2\/product\/348","targetHints":{"allow":["GET"]}}],"collection":[{"href":"https:\/\/freetourperu.com\/fr\/wp-json\/wp\/v2\/product"}],"about":[{"href":"https:\/\/freetourperu.com\/fr\/wp-json\/wp\/v2\/types\/product"}],"wp:featuredmedia":[{"embeddable":true,"href":"https:\/\/freetourperu.com\/fr\/wp-json\/wp\/v2\/media\/3184"}],"wp:attachment":[{"href":"https:\/\/freetourperu.com\/fr\/wp-json\/wp\/v2\/media?parent=348"}],"wp:term":[{"taxonomy":"product_brand","embeddable":true,"href":"https:\/\/freetourperu.com\/fr\/wp-json\/wp\/v2\/product_brand?post=348"},{"taxonomy":"product_cat","embeddable":true,"href":"https:\/\/freetourperu.com\/fr\/wp-json\/wp\/v2\/product_cat?post=348"},{"taxonomy":"product_tag","embeddable":true,"href":"https:\/\/freetourperu.com\/fr\/wp-json\/wp\/v2\/product_tag?post=348"}],"curies":[{"name":"wp","href":"https:\/\/api.w.org\/{rel}","templated":true}]}}