{"id":329,"date":"2019-10-14T02:28:28","date_gmt":"2019-10-14T02:28:28","guid":{"rendered":"http:\/\/freetourperu.com\/?post_type=product&#038;p=329"},"modified":"2025-02-03T02:04:41","modified_gmt":"2025-02-03T02:04:41","slug":"inka-jungle-3days","status":"publish","type":"product","link":"https:\/\/freetourperu.com\/fr\/produit\/inka-jungle-3days\/","title":{"rendered":"Jungle Inka 3 jours"},"content":{"rendered":"<p><b>JOUR 01 : CUSCO -ABRA MALAGA-SANTA MARIA -SANTA TERESA<\/b><\/p>\n<p>Prise en charge \u00e0 leurs h\u00f4tels ou auberges de jeunesse respectifs entre <b>6h30 et 7h00<\/b> pour rencontrer le guide. Nous quitterons ensuite la ville imp\u00e9riale de Cusco pour nous diriger vers la Vall\u00e9e sacr\u00e9e des Incas, ainsi que <b>Chincheros, Urubamba et Ollantaytambo<\/b> o\u00f9 nous ferons notre premier arr\u00eat pour profiter de nos derniers achats tout en prenant un petit d\u00e9jeuner aux frais de chaque passager. Nous poursuivrons notre voyage jusqu'au <b>Abra M\u00e1laga (4 350 m.a.s.l.)<\/b>. Apr\u00e8s ce point, nous descendrons 20 minutes de plus en voiture en fonction de l'apparition du guide en raison des brouillards et des pluies dans la r\u00e9gion. Apr\u00e8s l'expos\u00e9 informatif de notre guide, nous vous fournirons l'\u00e9quipement complet pour ce type d'activit\u00e9 : gilet de protection, casque int\u00e9gral, gants, genouill\u00e8res et gilet r\u00e9fl\u00e9chissant.<\/p>\n<p>Nous commencerons la descente \u00e0 v\u00e9lo pendant deux heures et demie (45 km) jusqu'\u00e0 ce que nous atteignions la ville de <b>Huamanmarca<\/b>. Pendant le voyage, nous d\u00e9couvrirons la beaut\u00e9 des sommets enneig\u00e9s et de la for\u00eat tropicale o\u00f9 commence notre Amazonie p\u00e9ruvienne, en traversant de petits ruisseaux, et nous appr\u00e9cierons le passage d'un temps froid \u00e0 un temps tropical.<\/p>\n<p>Pendant le trajet, il y aura plusieurs arr\u00eats pour v\u00e9rifier les v\u00e9los et l'\u00e9quipement de chacun. Une fois l'activit\u00e9 cycliste termin\u00e9e, nous nous rendrons au village de Santa Mar\u00eda (1 200 m), o\u00f9 nous d\u00e9jeunerons.<\/p>\n<p>Ensuite, nous continuerons notre voyage en transport local \u00e0 partir de <b>Santa Maria \u00e0 Santa Teresa<\/b> et arriver ainsi \u00e0 notre auberge dans la ville de Santa Teresa. Une fois install\u00e9s, vous pourrez visiter les thermes de Cocalmayo (en option). Pour cela, il faut prendre le transport de Santa Teresa \u00e0 Cocalmayo aller-retour. Apr\u00e8s un bain relaxant, nous retournerons \u00e0 notre auberge. <b>Nuit \u00e0 Santa Teresa<\/b> dans une auberge de jeunesse.<\/p>\n<p><b>Note 1 :<\/b> Dans l'apr\u00e8s-midi, nous avons la possibilit\u00e9 de faire du rafting sur la rivi\u00e8re Vilcanota (en option), qui pr\u00e9sente des rapides de cat\u00e9gorie II et III.<br \/>\nPour cette activit\u00e9, nous vous fournirons un casque, des coupe-vent et un gilet de sauvetage de cat\u00e9gorie V. Cette activit\u00e9 est disponible entre les mois d'avril et de d\u00e9cembre, et selon le gouvernement p\u00e9ruvien, il est obligatoire de savoir nager pour la pratiquer.<br \/>\nNuit \u00e0 Santa Maria dans une auberge de jeunesse.<\/p>\n<p><b>Note 2 :<\/b> Si vous faites du rafting, qui est une activit\u00e9 facultative (co\u00fbt suppl\u00e9mentaire), vous n'aurez pas la possibilit\u00e9 d'aller aux sources d'eau chaude de Cocalmayo.<\/p>\n<p><b>JOUR 2. SANTA TERESA - HYDRO\u00c9LECTRICIT\u00c9 -AGUAS CALIENTES (TYROLIENNE EN OPTION)<\/b><\/p>\n<p>Nous commencerons la journ\u00e9e en prenant notre petit-d\u00e9jeuner entre <b>7h00 et 7h30.<\/b>, ensuite, tout le monde aura la possibilit\u00e9 de faire de la tyrolienne avec l'un des op\u00e9rateurs les plus r\u00e9put\u00e9s de la r\u00e9gion pendant environ deux heures (cette activit\u00e9 est facultative et \u00e0 un co\u00fbt suppl\u00e9mentaire). Ensuite, nous nous rendrons \u00e0 la centrale hydro\u00e9lectrique, o\u00f9 se trouve le contr\u00f4le gouvernemental, pour entrer dans le parc national du Machu Picchu (Sanctuaire historique du Machu Picchu).<\/p>\n<p>Si vous ne faites pas la tyrolienne, notre itin\u00e9raire normal pr\u00e9voit une marche de Santa Teresa \u00e0 Hydroelectric pendant environ 3 heures. Dans les deux cas, nous rencontrons \u00e0 Hydroelectric les personnes qui font la tyrolienne et celles qui marchent. Nous commencerons alors notre randonn\u00e9e vers la ville d'Aguas Calientes, en passant par la zone appel\u00e9e Intihuatana, un petit site arch\u00e9ologique o\u00f9 le guide nous donnera des explications.<\/p>\n<p>Nous continuerons ensuite jusqu'\u00e0 San Miguel, o\u00f9 nous prendrons notre d\u00e9jeuner. Tout au long du voyage, nous aurons l'occasion de contempler les majestueuses montagnes du Machu Picchu et d'autres constructions au sommet de la montagne.<\/p>\n<p>Nous terminerons la promenade \u00e0 environ <b>16:00 heures<\/b> dans la ville de <b>Aguas Calientes<\/b> o\u00f9 nous passerons la troisi\u00e8me nuit dans une auberge de jeunesse.<\/p>\n<p><b>JOUR 3 : AGUAS CALIENTES-MACHU PICCHU- CUSCO<\/b><\/p>\n<p>Le jour le plus important de notre voyage est celui o\u00f9 nous d\u00e9couvrirons l'une des 7 merveilles du monde de Machupicchu, et nous avons deux moyens d'y acc\u00e9der :<br \/>\n<b>La premi\u00e8re consiste \u00e0 emprunter le Chemin de l'Inca<\/b>, cette promenade dure 1 heure et 30 minutes et est une ascension pure.<br \/>\n<b>Le second est en bus touristique<\/b>, ce court trajet dure 30 minutes.<br \/>\nLes personnes qui souhaitent marcher sur le Chemin de l'Inca devraient quitter l'auberge t\u00f4t, \u00e0 4h30, pour atteindre la citadelle inca de Machu Picchu tr\u00e8s t\u00f4t et appr\u00e9cier le lever du soleil.<br \/>\nLes personnes qui veulent monter dans le bus devront le prendre \u00e0 5h30 pour arriver t\u00f4t au Machu Picchu et pouvoir appr\u00e9cier le lever du soleil qui est un spectacle unique, puis nous pourrons visiter la citadelle inca du Machu Picchu pendant deux heures environ accompagn\u00e9s d'un guide sp\u00e9cialis\u00e9 qui nous expliquera l'h\u00e9ritage historique de la citadelle du Machu Picchu, et la description compl\u00e8te de cette grande et imposante attraction.<\/p>\n<p>Apr\u00e8s l'excursion et si vous avez le billet, vous pouvez monter \u00e0 la montagne de Huaynapicchu ou \u00e0 la montagne de Machupicchu. Au moment opportun, vous devez descendre de Machupicchu \u00e0 Aguas Calientes en bus ou \u00e0 pied pour pouvoir d\u00e9jeuner tranquillement et prendre le train de retour \u00e0 Ollantaytambo (2 heures de voyage en train) o\u00f9 notre transport nous attend avec pour destination la ville de Cusco (2 heures de voyage en voiture).<\/p>\n<p>INCLUDE<\/p>\n<p>- Transport touristique Cusco - Abra M\u00e1laga et accompagnement \u00e0 Santa Mar\u00eda.<br \/>\n- \u00c9quipement cycliste (gilet, casque int\u00e9gral, gants, genouill\u00e8res et gilet r\u00e9fl\u00e9chissant)<br \/>\n- Guide professionnel d'aventure et de culture<br \/>\n- Transport de Santa Maria -Santa Teresa<br \/>\n- 2 petits d\u00e9jeuners, 2 d\u00e9jeuners, 2 d\u00eeners (nourriture v\u00e9g\u00e9tarienne en option)<br \/>\n- 2 nuits dans une auberge de jeunesse<br \/>\n- Entr\u00e9e aux thermes de Cocalmayo (si pas de rafting)<br \/>\n- Entr\u00e9e du site arch\u00e9ologique de Machupicchu<br \/>\n- Trousse de premiers secours.<br \/>\n- Billets de train Aguas Calientes - Ollantaytambo (Exp\u00e9ditions)<br \/>\n- Transport de la gare d'Ollantaytambo \u00e0 Cusco (place San Francisco ou place Regocijo).<\/p>\n<p>NON INCLUDE<\/p>\n<p>- Petit d\u00e9jeuner le premier jour et d\u00e9jeuner le dernier jour<br \/>\n- Collations et plats suppl\u00e9mentaires.<br \/>\n- Billets de bus pour la mont\u00e9e et la descente d'Aguas Calientes - Machu Picchu<br \/>\n- Entr\u00e9e \u00e0 la montagne de Machupicchu (V\u00e9rifier la disponibilit\u00e9)<br \/>\n- Entr\u00e9e \u00e0 Huaynapicchu (V\u00e9rifier la disponibilit\u00e9)<br \/>\n- Entr\u00e9e aux sources thermales d'Aguas Calientes s \/ 20,00 soles<br \/>\n- Rafting \u00e0 Santa Maria<br \/>\n- Tyrolienne \u00e0 Santa Teresa<\/p>\n<p>Veuillez noter que ces prix peuvent varier si vous d\u00e9cidez de participer \u00e0 l'une de ces activit\u00e9s suppl\u00e9mentaires apr\u00e8s le d\u00e9but du circuit. Nous vous recommandons de r\u00e9server avant le d\u00e9part de votre excursion pour \u00e9viter de payer des prix plus \u00e9lev\u00e9s pour ces activit\u00e9s.<\/p>\n<p><b><br \/>\nNote 1 : Si les passagers ne visitent que le Machu Picchu, le tour guid\u00e9e dure deux heures, mais s'ils montent au mont Huayna Picchu ou au mont Machu Picchu, les passagers n'auront qu'une heure d'introduction au Machu Picchu.<\/b><\/p>\n<p><b>Note 2 : Vous devez nous envoyer par courriel une copie scann\u00e9e ou une photographie de votre passeport imm\u00e9diatement apr\u00e8s avoir r\u00e9serv\u00e9 votre tour. Ceci afin de permettre l'achat de votre billet d'entr\u00e9e au Machu Picchu. Il doit s'agir du passeport que vous utiliserez pour entrer au Machu Picchu. Il s'agit d'une condition pr\u00e9alable \u00e0 toute r\u00e9servation d'un tour au Machu Picchu aupr\u00e8s de n'importe quel op\u00e9rateur.<\/b><\/p>\n<p><b>Note 3 : Si vous s\u00e9journez dans un lieu diff\u00e9rent de celui que vous avez choisi comme lieu de prise en charge, il est explicitement de votre responsabilit\u00e9 d'\u00eatre \u00e0 l'entr\u00e9e principale de l'h\u00f4tel ou de l'auberge choisi comme lieu de prise en charge pendant toute la dur\u00e9e de la plage horaire de prise en charge \u00e0 la date de votre tour. Vous devez \u00eatre dans un endroit visible et facile \u00e0 voir pour l'op\u00e9rateur et \u00eatre attentif \u00e0 son v\u00e9hicule\/guide lorsqu'il viendra vous chercher pour le tour.<\/b><\/p>","protected":false},"excerpt":{"rendered":"<p>Il s'agit d'un itin\u00e9raire alternatif vers le Machu Picchu qui est sauvage dans la for\u00eat tropicale pendant 3 jours. L'excursion combine le voyage \u00e0 v\u00e9lo avec d'authentiques et anciennes routes incas qui ont \u00e9t\u00e9 d\u00e9couvertes r\u00e9cemment.<\/p>","protected":false},"featured_media":331,"template":"","meta":{"inline_featured_image":false},"product_brand":[],"product_cat":[21],"product_tag":[26],"class_list":{"0":"post-329","1":"product","2":"type-product","3":"status-publish","4":"has-post-thumbnail","6":"product_cat-cuzco","7":"product_tag-cusco","9":"first","10":"instock","11":"virtual","12":"purchasable","13":"product-type-appointment"},"exclude_global_add_ons":false,"addons":[{"name":"Choisir l'h\u00f4tel Pick up","type":"multiple_choice","position":0,"required":false,"title_format":"label","description_enable":false,"description":"","placeholder_enable":false,"placeholder":"","display":"select","restrictions_type":"any_text","adjust_price":false,"price":"","price_type":"flat_fee","restrictions":false,"min":0,"max":0,"options":[{"label":"ABITARE HOSTELS, Santo domingo 263, Cusco","price":"","price_type":"flat_fee","image":0},{"label":"AMARU INCA, Cuesta San Blas","price":"","price_type":"flat_fee","image":0},{"label":"AMERINKA BOUTIQUE HOSTEL, Calle Marquez 278","price":"","price_type":"flat_fee","image":0},{"label":"ANDEAN CONFORT INN, Avenida Tullumayo 267","price":"","price_type":"flat_fee","image":0},{"label":"ANDEAN SOUTH INN, Tandapata 635","price":"","price_type":"flat_fee","image":0},{"label":"ANDEAN WINGS BOUTIQUE, calle Siete cuartones 225","price":"","price_type":"flat_fee","image":0},{"label":"ANDENES AL CIELO HOTEL, calle Choquechaka 176","price":"","price_type":"flat_fee","image":0},{"label":"ANTARES MYSTIC HOTEL, calle Cascaparo 172","price":"","price_type":"flat_fee","image":0},{"label":"ANTAWASI HOTEL, calle Intikahuarina 621","price":"","price_type":"flat_fee","image":0},{"label":"ANTIGUA CASONA SAN BLAS, calle Carmen Bajo 243","price":"","price_type":"flat_fee","image":0},{"label":"APU HUASCARAN HOSTAL, calle Carmen Bajo 257","price":"","price_type":"flat_fee","image":0},{"label":"ARCOPATA GUEST HOUSE, calle Arcopata 397, interior 6","price":"","price_type":"flat_fee","image":0},{"label":"ARQUEOLOGO EXCLUSIVE SELECTION HOTEL, calle Pumacurco 408","price":"","price_type":"flat_fee","image":0},{"label":"ATAWKAMA HOSTEL, calle Fierro 534","price":"","price_type":"flat_fee","image":0},{"label":"ATOQ BOUTIQUE SAN BLAS, calle Tandapata esquina con atoqsaycuchi 278","price":"","price_type":"flat_fee","image":0},{"label":"AWKI'S DREAM HOTEL, calle Colla 310-312","price":"","price_type":"flat_fee","image":0},{"label":"BARRIO INKA GUEST HOUSE, avenida Alta 483","price":"","price_type":"flat_fee","image":0},{"label":"BLACK SHEEP HOSTEL, calle Tandapata 676","price":"","price_type":"flat_fee","image":0},{"label":"BLACKY HOSTEL, calle Tambo de Montero 140","price":"","price_type":"flat_fee","image":0},{"label":"CAJA MAGICA HOSTAL, calle Suytuqhatu 759, San Blas","price":"","price_type":"flat_fee","image":0},{"label":"CASA ANDINA PRIVATE COLLECTION, Plazoleta Limacpampa chico 473","price":"","price_type":"flat_fee","image":0},{"label":"CASA ARCOPUNKU HOME HOTELES, avenida Arcopunku 631","price":"","price_type":"flat_fee","image":0},{"label":"CASA DE INGRID, Urb. Lucrepata E-11","price":"","price_type":"flat_fee","image":0},{"label":"CASA DE MAYTE, calle recoleta Angosta 559","price":"","price_type":"flat_fee","image":0},{"label":"CASA ELENA, calle Choquechaka 162","price":"","price_type":"flat_fee","image":0},{"label":"CASA ESMERALDA, pasaje Esmeralda 160","price":"","price_type":"flat_fee","image":0},{"label":"CASA GRANDE COLONIAL PALACE, calle Santa Catalina Ancha 353","price":"","price_type":"flat_fee","image":0},{"label":"CASA MONTESINOS BOUTIQUE, calle Arequipa 159","price":"","price_type":"flat_fee","image":0},{"label":"CASA REAL HOTELES, avenida Garcilazo 218","price":"","price_type":"flat_fee","image":0},{"label":"CASA SAPHI BREAKFAST, calle Plateros 456","price":"","price_type":"flat_fee","image":0},{"label":"CASA TISOC, Plaza San Francisco 162","price":"","price_type":"flat_fee","image":0},{"label":"CASONA QUERA, calle Quera 251","price":"","price_type":"flat_fee","image":0},{"label":"CHAQUILLCHAKA HOSTAL, calle Belen 418","price":"","price_type":"flat_fee","image":0},{"label":"CHOLI WASI GUEST HOUSE, avenida Alta 556, interior 8","price":"","price_type":"flat_fee","image":0},{"label":"CHUSAY ROOFTOP HOMESTAY, calle Queshua 156","price":"","price_type":"flat_fee","image":0},{"label":"CITIES OF THE WORLD, calle Tandapata 298","price":"","price_type":"flat_fee","image":0},{"label":"CONQUISTA HOSTEL, calle Saphi 726 A","price":"","price_type":"flat_fee","image":0},{"label":"COOPER HOTEL BOUTIQUE, calle Santa Teresa 364","price":"","price_type":"flat_fee","image":0},{"label":"CORIHUASI HOTEL, calle Suecia 561","price":"","price_type":"flat_fee","image":0},{"label":"COSTA DEL SOL RAMADA CUSCO, calle Santa Teresa 344","price":"","price_type":"flat_fee","image":0},{"label":"CULTURAL GUEST HOUSE, avenida Pardo paseo de los heroes 845","price":"","price_type":"flat_fee","image":0},{"label":"CUSCO BED AND BREAKFAST, calle Union 140","price":"","price_type":"flat_fee","image":0},{"label":"CUSCO PARDO HOTEL, Regional 998","price":"","price_type":"flat_fee","image":0},{"label":"CUSCO VIEW POINT HOSTEL, calle Pasnapakana 133","price":"","price_type":"flat_fee","image":0},{"label":"CUSCO PACKERS, avenida Prolongacion Arcopata 129","price":"","price_type":"flat_fee","image":0},{"label":"DRAGONFLY HOSTELS CUSCO, calle Siete Cuartones 245","price":"","price_type":"flat_fee","image":0},{"label":"DREAMS HOUSE HOSTAL, calle San Jose 100","price":"","price_type":"flat_fee","image":0},{"label":"ECOPACKERS, Santa Teresa 375","price":"","price_type":"flat_fee","image":0},{"label":"EL ANDARIEGO HOSTAL, calle San Andres 270","price":"","price_type":"flat_fee","image":0},{"label":"EL LABRADOR HOSTAL, calle Cabracancha, pasaje pampa de la alianza 456","price":"","price_type":"flat_fee","image":0},{"label":"EL MARISCAL CUSCO, calle urb lucrepata f-6","price":"","price_type":"flat_fee","image":0},{"label":"EL MIRADOR DE SANTA ANA, calle de la raza 887","price":"","price_type":"flat_fee","image":0},{"label":"EL TRIUNFO HOSTAL, calle triunfo 379","price":"","price_type":"flat_fee","image":0},{"label":"EL TUCO, calle av grau 835","price":"","price_type":"flat_fee","image":0},{"label":"EL VIRREY BOUTIQUE, calle portal comercio 165 plaza de armas","price":"","price_type":"flat_fee","image":0},{"label":"ELMER HOTEL, calle chaparro 594","price":"","price_type":"flat_fee","image":0},{"label":"ESPLENDOR HOTEL, calle union 189","price":"","price_type":"flat_fee","image":0},{"label":"ESTANCIA SAN BLAS, calle siete angelitos 640","price":"","price_type":"flat_fee","image":0},{"label":"EUREKA SAN BLAS BOUTIQUE, calle chihuampata 591","price":"","price_type":"flat_fee","image":0},{"label":"FEEL AT HOME HOSTEL, av triunfo 374","price":"","price_type":"flat_fee","image":0},{"label":"FLORIDA DEL INCA HOTEL, calle in cipreses m-21","price":"","price_type":"flat_fee","image":0},{"label":"FLYING DOG CUSCO, calle choquechaca 469","price":"","price_type":"flat_fee","image":0},{"label":"GAIA HOUSE HOSTEL, calle nueva alta 424","price":"","price_type":"flat_fee","image":0},{"label":"GARDEN OF SAN BLAS, calle pasnapacana 130","price":"","price_type":"flat_fee","image":0},{"label":"GOLDEN INCA HOTEL, calle jon retiro 435","price":"","price_type":"flat_fee","image":0},{"label":"GRINGOS'S WASI, calle suytuccato 831","price":"","price_type":"flat_fee","image":0},{"label":"HAKU TRAVEL OFFICE, 194 calle meson de la estrella","price":"","price_type":"flat_fee","image":0},{"label":"HILTON GARDEN INN CUSCO, av abancay 207, santa ana","price":"","price_type":"flat_fee","image":0},{"label":"HITCHHIKERS CUSCO HOSTAL, calle saphi 440","price":"","price_type":"flat_fee","image":0},{"label":"HOSPEDAJE SAN CRISTOBAL, calle kiskapata 242","price":"","price_type":"flat_fee","image":0},{"label":"HOSPEDAJE TURISTICO RECOLETA, calle jr pumacahua 160","price":"","price_type":"flat_fee","image":0},{"label":"HOSTAL CUSI WASI, av arcopata 466a","price":"","price_type":"flat_fee","image":0},{"label":"HOSTAL AL GRIAL, calle carmen alto 112 san blas","price":"","price_type":"flat_fee","image":0},{"label":"HOSTERIA DE ANITA, calle alabado 525","price":"","price_type":"flat_fee","image":0},{"label":"HOTEL AMARU INCA, calle cuesta de san blas 541","price":"","price_type":"flat_fee","image":0},{"label":"HOTEL ARCANGEL, calle choquechaca 194","price":"","price_type":"flat_fee","image":0},{"label":"HOTEL CASA LIMACPAMPA, calle limacpampa grande 565","price":"","price_type":"flat_fee","image":0},{"label":"HOTEL CASONA LES PLEIADES, calle tandapata 116","price":"","price_type":"flat_fee","image":0},{"label":"HOTEL CUSCO JUNGLE, calle san pedro 128","price":"","price_type":"flat_fee","image":0},{"label":"HOTEL EL RETABLO, calle ese 343","price":"","price_type":"flat_fee","image":0},{"label":"HOTEL KOYLLUR, calle pumapaccha 243","price":"","price_type":"flat_fee","image":0},{"label":"HOTEL LOS ANDES DE AMERICA, calle garcilaso 150","price":"","price_type":"flat_fee","image":0},{"label":"HOTEL PLAZA DE ARMAS CUSCO, calle portal mantas 114","price":"","price_type":"flat_fee","image":0},{"label":"HOTEL XIMA CUSCO av el sol 1010","price":"","price_type":"flat_fee","image":0},{"label":"ILLA HOTEL, calle carmen alto 166","price":"","price_type":"flat_fee","image":0},{"label":"IMAGINE PLAZA CUSCO HOTEL, calle jr tupac yupanqui 391","price":"","price_type":"flat_fee","image":0},{"label":"IMPERIAL CUSCO HOTEL, calle centenario 741","price":"","price_type":"flat_fee","image":0},{"label":"INCA SIZA, calle suecia 300","price":"","price_type":"flat_fee","image":0},{"label":"INKA CLUB HOSTEL, calle siete cuartones 284 - interior 3","price":"","price_type":"flat_fee","image":0},{"label":"INKA WASI BOUTIQUE HOTEL, calle plaza del regocijo 261","price":"","price_type":"flat_fee","image":0},{"label":"INKA WILD HOSTEL, calle matara 261","price":"","price_type":"flat_fee","image":0},{"label":"INKAS GARDEN APARTMENT, calle fortunato l herrera #120, koripata, santiago","price":"","price_type":"flat_fee","image":0},{"label":"INKAS MACHUPICCHU INN, calle choquechaca 156","price":"","price_type":"flat_fee","image":0},{"label":"INTI GARDEN BOUTIQUE HOSTEL, calle cuesta santa ana 644","price":"","price_type":"flat_fee","image":0},{"label":"INTI WASI HOSTAL, calle del medio 134","price":"","price_type":"flat_fee","image":0},{"label":"INTIPACKERS CUSCO, calle siete angelitos 6758","price":"","price_type":"flat_fee","image":0},{"label":"INTRO HOSTELS, calle cuesta de santa ana 561","price":"","price_type":"flat_fee","image":0},{"label":"JW MARRIOTT EL CONVENTO CUSCO, esquina de la calle ruinas 432 y san agustin","price":"","price_type":"flat_fee","image":0},{"label":"JAMILA LODGE, calle pera 440","price":"","price_type":"flat_fee","image":0},{"label":"KENAMARI HOTEL, avenida pardo 769-8","price":"","price_type":"flat_fee","image":0},{"label":"KILLA Q'ENTE HOSTAL CUSCO, calle jr atahuallpa 454","price":"","price_type":"flat_fee","image":0},{"label":"KELLIPATA HOSPEDAJE, calle tambo de montero - pasaje killichapata 238","price":"","price_type":"flat_fee","image":0},{"label":"KILOMBO HOSTEL, calle nueva alta","price":"","price_type":"flat_fee","image":0},{"label":"KIMSA HOTEL, calle choquechaka 320","price":"","price_type":"flat_fee","image":0},{"label":"KOKOPELLI CUSCO, calle san andres 260","price":"","price_type":"flat_fee","image":0},{"label":"KURUMI HOSTEL, calle arco iris 488","price":"","price_type":"flat_fee","image":0},{"label":"KUSIPAQARI HOTEL, calle meson de la estrella 120","price":"","price_type":"flat_fee","image":0},{"label":"KUSKA HOSTAL, calle huaynapata 245","price":"","price_type":"flat_fee","image":0},{"label":"LA BO'M BACKPACKERS&CREPERIA, calle carmen alto 283","price":"","price_type":"flat_fee","image":0},{"label":"LA CASA DE DON IGNACIO, av pardo 954","price":"","price_type":"flat_fee","image":0},{"label":"LA CASONA DE LUISA, calle tordo 298","price":"","price_type":"flat_fee","image":0},{"label":"LA CASONA RIMACPAMPA, calle limacpampa chico 493","price":"","price_type":"flat_fee","image":0},{"label":"LA MORADA SUITES, calle kurkurpata 230","price":"","price_type":"flat_fee","image":0},{"label":"LA POSADA DEL VIAJERO HOSTAL, calle santa catalina ancha 366","price":"","price_type":"flat_fee","image":0},{"label":"LAS QUENAS, calle los angeles 1265","price":"","price_type":"flat_fee","image":0},{"label":"LLIPIMPAC GUESTHOUSE, calle zetas 400","price":"","price_type":"flat_fee","image":0},{"label":"LOKI HOSTEL, calle cuesta de santa ana 601","price":"","price_type":"flat_fee","image":0},{"label":"LORETO BOUTIQUE HOTEL, calle loreto 115","price":"","price_type":"flat_fee","image":0},{"label":"LOS ATICOS B&B, calle quera 253","price":"","price_type":"flat_fee","image":0},{"label":"MAGIC PACKERS HOSTEL, calle hospital 772","price":"","price_type":"flat_fee","image":0},{"label":"MALLQUI HOSTAL, calle nueva alta 444","price":"","price_type":"flat_fee","image":0},{"label":"MAMA SIMONA HOSTEL, calle ceniza 364 - barrio de san pedro","price":"","price_type":"flat_fee","image":0},{"label":"MARCO WASI SAN BLAS, calle tandapata 670","price":"","price_type":"flat_fee","image":0},{"label":"MARIO'S HOTEL, calle mateo pumacahua 524","price":"","price_type":"flat_fee","image":0},{"label":"MAYA'S HOUSE, calle pampa de la alianza 456","price":"","price_type":"flat_fee","image":0},{"label":"MILHOUSE HOSTEL, calle quera 270","price":"","price_type":"flat_fee","image":0},{"label":"MONASTERIO SAN PEDRO HOTEL, calle ccascaparo 116","price":"","price_type":"flat_fee","image":0},{"label":"MUNAYCHACASA, calle san agustin 287","price":"","price_type":"flat_fee","image":0},{"label":"MUYUCMARKA HOSPEDAJE FAMILIAR, calle haynapata 253","price":"","price_type":"flat_fee","image":0},{"label":"NAO VICTORIA HOSTEL, calle procuradores 357","price":"","price_type":"flat_fee","image":0},{"label":"NET HOUSE B&B, calle union 140, san pedro cusco","price":"","price_type":"flat_fee","image":0},{"label":"NI\u00d1OS HOTEL, calle melon 442","price":"","price_type":"flat_fee","image":0},{"label":"NOVOTEL CUSCO, calle san agustin 239","price":"","price_type":"flat_fee","image":0},{"label":"OBLITAS CASA HOTEL CUSCO, calle plateros 358","price":"","price_type":"flat_fee","image":0},{"label":"OKI DOKI CUSCO, calle nueva alta 644","price":"","price_type":"flat_fee","image":0},{"label":"PACHAMAMA HOSTEL, calle queshua 134","price":"","price_type":"flat_fee","image":0},{"label":"PALACIO DEL INKA-A-LUXURY COLLECTION HOTEL, calle santo domingo 259","price":"","price_type":"flat_fee","image":0},{"label":"PALACIO SAN BLAS HOSTEL, calle tandapata 300","price":"","price_type":"flat_fee","image":0},{"label":"PAMPAWASI HOSTEL, calle meloc 500","price":"","price_type":"flat_fee","image":0}],"id":1738257518},{"name":"Nom et adresse de l'h\u00f4tel","type":"custom_text","position":1,"required":true,"title_format":"label","description_enable":false,"description":"","placeholder_enable":false,"placeholder":"","display":"select","restrictions_type":"any_text","adjust_price":false,"price":"","price_type":"flat_fee","restrictions":false,"min":0,"max":0,"options":[],"id":1738257519}],"_links":{"self":[{"href":"https:\/\/freetourperu.com\/fr\/wp-json\/wp\/v2\/product\/329","targetHints":{"allow":["GET"]}}],"collection":[{"href":"https:\/\/freetourperu.com\/fr\/wp-json\/wp\/v2\/product"}],"about":[{"href":"https:\/\/freetourperu.com\/fr\/wp-json\/wp\/v2\/types\/product"}],"wp:featuredmedia":[{"embeddable":true,"href":"https:\/\/freetourperu.com\/fr\/wp-json\/wp\/v2\/media\/331"}],"wp:attachment":[{"href":"https:\/\/freetourperu.com\/fr\/wp-json\/wp\/v2\/media?parent=329"}],"wp:term":[{"taxonomy":"product_brand","embeddable":true,"href":"https:\/\/freetourperu.com\/fr\/wp-json\/wp\/v2\/product_brand?post=329"},{"taxonomy":"product_cat","embeddable":true,"href":"https:\/\/freetourperu.com\/fr\/wp-json\/wp\/v2\/product_cat?post=329"},{"taxonomy":"product_tag","embeddable":true,"href":"https:\/\/freetourperu.com\/fr\/wp-json\/wp\/v2\/product_tag?post=329"}],"curies":[{"name":"wp","href":"https:\/\/api.w.org\/{rel}","templated":true}]}}