{"id":312,"date":"2019-10-09T07:54:00","date_gmt":"2019-10-09T07:54:00","guid":{"rendered":"http:\/\/freetourperu.com\/?post_type=product&#038;p=312"},"modified":"2026-04-15T21:01:10","modified_gmt":"2026-04-15T21:01:10","slug":"inka-jungle-4days","status":"publish","type":"product","link":"https:\/\/freetourperu.com\/fr\/produit\/inka-jungle-4-jours\/","title":{"rendered":"Jungle Inka 4 jours"},"content":{"rendered":"<p><b>JOUR 01. CUSCO -ABRA MALAGA-SANTA MARIA (RAFTING EN OPTION)<\/b><\/p>\n<p>Prise en charge \u00e0 leurs h\u00f4tels ou auberges de jeunesse respectifs entre <b>6h30 et 7h00<\/b> pour rencontrer le guide. Nous quitterons ensuite la ville imp\u00e9riale de Cusco pour nous diriger vers la <b>Vall\u00e9e sacr\u00e9e des Incas<\/b>ainsi que <b>Chincheros, Urubamba, Ollantaytambo<\/b> o\u00f9 nous ferons notre premier arr\u00eat pour profiter de nos derniers achats tout en prenant un petit d\u00e9jeuner aux frais de chaque passager. Nous poursuivrons notre voyage jusqu'au <b>Abra M\u00e1laga (4 350 m.a.l.s.)<\/b>. Apr\u00e8s ce point, nous descendrons 20 minutes de plus en voiture en fonction de l'apparition du guide en raison des brouillards et des pluies dans la r\u00e9gion. Apr\u00e8s l'expos\u00e9 informatif de notre guide, nous vous fournirons l'\u00e9quipement complet pour ce type d'activit\u00e9 : gilet de protection, casque int\u00e9gral, gants, genouill\u00e8res et gilet r\u00e9fl\u00e9chissant.<\/p>\n<p>Nous commencerons la descente \u00e0 v\u00e9lo pendant deux heures et demie (45 km) jusqu'\u00e0 ce que nous atteignions la ville de <b>Huamanmarca<\/b>. Pendant le voyage, nous d\u00e9couvrirons la beaut\u00e9 des sommets enneig\u00e9s et de la for\u00eat tropicale o\u00f9 commence notre Amazonie p\u00e9ruvienne, en traversant de petits ruisseaux, et nous appr\u00e9cierons le passage d'un temps froid \u00e0 un temps tropical.<\/p>\n<p>Pendant le voyage, il y aura plusieurs arr\u00eats pour la r\u00e9vision des bicyclettes et de l'\u00e9quipement. Une fois l'activit\u00e9 v\u00e9lo termin\u00e9e, nous nous rendrons dans la ville de <b>Santa Mar\u00eda (1 200 m)<\/b>o\u00f9 nous prendrons notre d\u00e9jeuner.<\/p>\n<p><b>Remarque :<\/b> Dans l'apr\u00e8s-midi, nous avons la possibilit\u00e9 de faire du rafting sur la rivi\u00e8re Vilcanota. Cette rivi\u00e8re offre des rapides de cat\u00e9gorie II et III.<br \/>\nPour cette activit\u00e9, nous vous fournirons un casque, des coupe-vent et un gilet de sauvetage de cat\u00e9gorie V. Cette activit\u00e9 est disponible entre les mois d'avril et de d\u00e9cembre, et selon le gouvernement p\u00e9ruvien, il est obligatoire de savoir nager pour la pratiquer.<\/p>\n<p><b>JOUR 02. SANTA MARIA-BAINS THERMAUX -SANTA TERESA (TREKKING)<\/b><\/p>\n<p>Apr\u00e8s un d\u00e9licieux petit-d\u00e9jeuner, nous serons pr\u00eats pour le premier jour de trekking vers <b>Santa Teresa<\/b>.<\/p>\n<p>La premi\u00e8re demi-heure apr\u00e8s le petit-d\u00e9jeuner, nous prendrons notre transport local depuis Santa Maria jusqu'au d\u00e9but de notre sentier de randonn\u00e9e o\u00f9 nous commencerons notre trekking en profitant de toute la v\u00e9g\u00e9tation et en appr\u00e9ciant en m\u00eame temps la culture et la r\u00e9colte du caf\u00e9, de la coca et des fruits locaux. Ensuite, nous prendrons de l'altitude. En chemin, nous ferons plusieurs arr\u00eats pour en apprendre un peu plus sur la richesse de la flore et de la faune de la r\u00e9gion dans laquelle nous nous trouverons.<\/p>\n<p>Nous nous arr\u00eaterons \u00e9galement dans la maison d'une famille locale (la maison des singes), o\u00f9 nous en apprendrons un peu plus sur leurs coutumes et leurs traditions. Plus tard, nous traverserons une section du sentier inca qui reliait autrefois la ville sacr\u00e9e des Incas, Machu Picchu, au dernier refuge. <b>Inca Vilcabamba<\/b>De la m\u00eame mani\u00e8re, notre guide nous expliquera un peu plus l'histoire des Incas et le syst\u00e8me de communication qu'ils avaient \u00e0 l'\u00e9poque (la route des Incas).<\/p>\n<p>\u00c0 ce stade, nous aurons \u00e9galement l'une des vues les plus impressionnantes de l'\u00eele. <b>Canyon de Huancarccasa.<\/b><\/p>\n<p>Nous descendrons ensuite jusqu'au village de Quellomayo o\u00f9 nous d\u00e9gusterons un d\u00e9licieux d\u00e9jeuner et nous nous reposerons dans les hamacs de notre restaurant.<br \/>\nNous continuerons avec les deux derni\u00e8res heures de marche jusqu'aux thermes de Cocalmayo o\u00f9 nous aurons le temps de profiter de cet endroit tr\u00e8s sp\u00e9cial et agr\u00e9able.<\/p>\n<p>Enfin, nous continuerons \u00e0 marcher pendant 45 minutes jusqu'\u00e0 la ville de Santa Teresa. Il est \u00e9galement possible de prendre un transport par ses propres moyens, moyennant un co\u00fbt suppl\u00e9mentaire. <b>De Cocalmayo \u00e0 Santa Teresa<\/b> (coordination pr\u00e9alable avec le guide), o\u00f9 nous d\u00eenerons et passerons notre deuxi\u00e8me nuit dans une auberge de jeunesse basique.<\/p>\n<p><b>JOUR 3. SANTA TERESA - HYDRO\u00c9LECTRICIT\u00c9 -AGUAS CALIENTES (TYROLIENNE EN OPTION)<\/b><\/p>\n<p>Ce jour-l\u00e0, nous prendrons notre petit-d\u00e9jeuner entre <b>7 h 00 \u00e0 7 h 30<\/b> Nous commencerons la journ\u00e9e par l'option de faire de la tyrolienne avec l'un des op\u00e9rateurs les plus r\u00e9put\u00e9s de la r\u00e9gion pendant environ deux heures (cette activit\u00e9 est suppl\u00e9mentaire et facultative). Nous nous rendrons ensuite \u00e0 la centrale hydro\u00e9lectrique, o\u00f9 se trouve le contr\u00f4le gouvernemental, pour entrer dans le parc national du Machu Picchu (sanctuaire historique du Machu Picchu).<\/p>\n<p>Si vous ne faites pas la tyrolienne, notre itin\u00e9raire normal pr\u00e9voit une marche de Santa Teresa \u00e0 Hydroelectric pour une dur\u00e9e approximative de 3 heures. Dans les deux cas, nous avons rendez-vous \u00e0 Hydroelectric avec les personnes qui font la tyrolienne et avec les personnes qui marchent. Nous commencerons alors notre randonn\u00e9e vers la ville d'Aguas Calientes, en passant par la zone appel\u00e9e Intihuatana, un petit site arch\u00e9ologique o\u00f9 le guide nous donnera des explications.<\/p>\n<p>Nous continuerons ensuite jusqu'\u00e0 San Miguel, o\u00f9 nous prendrons notre d\u00e9jeuner. Tout au long du voyage, nous aurons l'occasion de contempler les majestueuses montagnes du Machu Picchu et d'autres constructions au sommet de la montagne.<\/p>\n<p>Nous terminerons la marche entre 16h00 dans la ville de <b>Aguas Calientes<\/b> o\u00f9 nous passerons la troisi\u00e8me nuit dans une auberge de jeunesse.<\/p>\n<p><b>JOUR 4. AGUAS CALIENTES-MACHUPICCHU- CUSCO<\/b><\/p>\n<p>Le jour le plus important de notre voyage est celui o\u00f9 nous d\u00e9couvrirons l'une des 7 merveilles du monde de Machupicchu, et nous avons deux moyens d'y acc\u00e9der :<br \/>\nLa premi\u00e8re se fait par le Chemin de l'Inca, cette marche dure 1 heure avec 30 minutes d'ascension pure.<\/p>\n<p>Le second est en bus touristique, ce court trajet dure 30 minutes.<br \/>\nLes personnes qui souhaitent marcher sur le Chemin de l'Inca devraient quitter l'auberge t\u00f4t, \u00e0 4h30, pour atteindre la citadelle inca de Machupicchu tr\u00e8s t\u00f4t et appr\u00e9cier le lever du soleil.<\/p>\n<p>Et les personnes qui veulent monter dans la voiture devront prendre la <b>premier bus \u00e0 5h30<\/b> pour arriver t\u00f4t \u00e0 Machupicchu et pouvoir appr\u00e9cier le lever du soleil qui est un spectacle unique, puis nous pouvons visiter la citadelle inca de Machupicchu pendant deux heures environ accompagn\u00e9s d'un guide sp\u00e9cialis\u00e9 qui nous expliquera l'h\u00e9ritage historique de la citadelle de Machu Picchu, et la description compl\u00e8te de cette grande et imposante attraction.<\/p>\n<p>Apr\u00e8s l'excursion et si vous avez le billet, vous pouvez monter \u00e0 la montagne de Huaynapicchu ou \u00e0 la montagne de Machupicchu. Au moment opportun, vous devez descendre de Machupicchu \u00e0 Aguas Calientes en bus ou \u00e0 pied pour pouvoir d\u00e9jeuner tranquillement et prendre le train de retour \u00e0 Ollantaytambo (2 heures de voyage en train) o\u00f9 notre transport nous attend avec pour destination la ville de Cusco (2 heures de voyage en voiture).<\/p>\n<p><b>Note 1 : Si les passagers ne visitent que le Machu Picchu, le tour guid\u00e9e dure deux heures, mais s'ils montent au mont Huayna Picchu ou au mont Machu Picchu, les passagers n'auront qu'une heure d'introduction au Machu Picchu.<\/b><\/p>\n<p><b>Note 2 : Vous devez nous envoyer par courriel une copie scann\u00e9e ou une photographie de votre passeport imm\u00e9diatement apr\u00e8s avoir r\u00e9serv\u00e9 votre tour. Ceci afin de permettre l'achat de votre billet d'entr\u00e9e au Machu Picchu. Il doit s'agir du passeport que vous utiliserez pour entrer au Machu Picchu. Il s'agit d'une condition pr\u00e9alable \u00e0 toute r\u00e9servation d'un tour au Machu Picchu aupr\u00e8s de n'importe quel op\u00e9rateur.<\/b><\/p>\n<p><b>Note 3 : Si vous s\u00e9journez dans un lieu diff\u00e9rent de celui que vous avez choisi comme lieu de prise en charge, il est explicitement de votre responsabilit\u00e9 d'\u00eatre \u00e0 l'entr\u00e9e principale de l'h\u00f4tel ou de l'auberge choisi comme lieu de prise en charge pendant toute la dur\u00e9e de la plage horaire de prise en charge \u00e0 la date de votre tour. Vous devez \u00eatre dans un endroit visible et facile \u00e0 voir pour l'op\u00e9rateur et \u00eatre attentif \u00e0 son v\u00e9hicule\/guide lorsqu'il viendra vous chercher pour le tour.<\/b><\/p>","protected":false},"excerpt":{"rendered":"<ul>\n<li>\n<p class=\"flt-standard-black-p\">V\u00e9lo, randonn\u00e9e, rafting et bien plus encore lors de ce trekking unique vers le Machu Picchu.<\/p>\n<\/li>\n<\/ul>\n<p class=\"flt-standard-black-p\">Il s'agit d'un nouvel itin\u00e9raire vers le Machu Picchu, sauvage dans la for\u00eat tropicale, qui dure 4 jours. L'excursion combine le voyage \u00e0 v\u00e9lo avec d'authentiques et anciennes routes incas qui ont \u00e9t\u00e9 d\u00e9couvertes r\u00e9cemment.<\/p>\n<p>INCLUDE<\/p>\n<ul>\n<li>Transport touristique Cusco - Abra M\u00e1laga et accompagnement \u00e0 Santa Mar\u00eda<\/li>\n<li>\u00c9quipement cycliste (gilet, casque int\u00e9gral, gants, genouill\u00e8res et gilet r\u00e9fl\u00e9chissant)<\/li>\n<li>Guide professionnel d'aventure et de culture<\/li>\n<li>Transport de Santa Maria \u00e0 Santa Rosa (30 min)<\/li>\n<li>3 petits d\u00e9jeuners, 3 d\u00e9jeuners, 3 d\u00eeners (nourriture v\u00e9g\u00e9tarienne en option)<\/li>\n<li>3 nuits dans une auberge de jeunesse<\/li>\n<li>Entr\u00e9e aux thermes de Cocalmayo<\/li>\n<li>Entr\u00e9e du site arch\u00e9ologique de Machupicchu<\/li>\n<li>Trousse de premiers secours<\/li>\n<li>Billets de train de Aguas Calientes - Ollantaytambo (Exp\u00e9ditions)<\/li>\n<li>Transport de la gare d'Ollantaytambo \u00e0 Cusco (place San Francisco ou place Regocijo)<\/li>\n<\/ul>\n<p>NON INCLUDE<\/p>\n<ul>\n<li>Petit d\u00e9jeuner le premier jour et d\u00e9jeuner le dernier jour<\/li>\n<li>Collations et plats suppl\u00e9mentaires.<\/li>\n<li>Billets d'autobus jusqu'\u00e0 Aguas Calientes et retour - Machu Picchu<\/li>\n<li>Entr\u00e9e \u00e0 la montagne de Machupicchu (V\u00e9rifier la disponibilit\u00e9)<\/li>\n<li>Entr\u00e9e \u00e0 la montagne de Huaynapicchu (V\u00e9rifier la disponibilit\u00e9)<\/li>\n<li>Assurance voyage.<\/li>\n<li>Oroya s \/ 5.00 semelles<\/li>\n<li>Entr\u00e9e aux sources thermales d'Aguas Calientes s \/ 20,00 soles<\/li>\n<li>Rafting \u00e0 Santa Maria<\/li>\n<li>Tyrolienne \u00e0 Santa Teresa<\/li>\n<\/ul>\n<p>Veuillez noter que ces prix peuvent varier si vous d\u00e9cidez de participer \u00e0 l'une de ces activit\u00e9s suppl\u00e9mentaires apr\u00e8s le d\u00e9but du circuit. Nous vous recommandons de r\u00e9server avant le d\u00e9part de votre excursion pour \u00e9viter de payer des prix plus \u00e9lev\u00e9s pour ces activit\u00e9s.<\/p>","protected":false},"featured_media":318,"template":"","meta":{"inline_featured_image":false},"product_brand":[],"product_cat":[21],"product_tag":[],"class_list":{"0":"post-312","1":"product","2":"type-product","3":"status-publish","4":"has-post-thumbnail","6":"product_cat-cuzco","8":"first","9":"instock","10":"virtual","11":"purchasable","12":"product-type-appointment"},"exclude_global_add_ons":false,"addons":[{"name":"Nom et adresse de l'h\u00f4tel","type":"custom_text","position":1,"required":true,"title_format":"label","description_enable":false,"description":"","placeholder_enable":false,"placeholder":"","display":"select","restrictions_type":"any_text","adjust_price":false,"price":"","price_type":"flat_fee","restrictions":false,"min":0,"max":0,"options":[],"id":1776286833}],"_links":{"self":[{"href":"https:\/\/freetourperu.com\/fr\/wp-json\/wp\/v2\/product\/312","targetHints":{"allow":["GET"]}}],"collection":[{"href":"https:\/\/freetourperu.com\/fr\/wp-json\/wp\/v2\/product"}],"about":[{"href":"https:\/\/freetourperu.com\/fr\/wp-json\/wp\/v2\/types\/product"}],"wp:featuredmedia":[{"embeddable":true,"href":"https:\/\/freetourperu.com\/fr\/wp-json\/wp\/v2\/media\/318"}],"wp:attachment":[{"href":"https:\/\/freetourperu.com\/fr\/wp-json\/wp\/v2\/media?parent=312"}],"wp:term":[{"taxonomy":"product_brand","embeddable":true,"href":"https:\/\/freetourperu.com\/fr\/wp-json\/wp\/v2\/product_brand?post=312"},{"taxonomy":"product_cat","embeddable":true,"href":"https:\/\/freetourperu.com\/fr\/wp-json\/wp\/v2\/product_cat?post=312"},{"taxonomy":"product_tag","embeddable":true,"href":"https:\/\/freetourperu.com\/fr\/wp-json\/wp\/v2\/product_tag?post=312"}],"curies":[{"name":"wp","href":"https:\/\/api.w.org\/{rel}","templated":true}]}}