{"id":301,"date":"2019-10-09T07:28:52","date_gmt":"2019-10-09T07:28:52","guid":{"rendered":"http:\/\/freetourperu.com\/?post_type=product&#038;p=301"},"modified":"2025-10-23T18:03:54","modified_gmt":"2025-10-23T18:03:54","slug":"rainbow-mountain","status":"publish","type":"product","link":"https:\/\/freetourperu.com\/fr\/produit\/rainbow-mountain\/","title":{"rendered":"Montagne arc-en-ciel"},"content":{"rendered":"<p>T\u00f4t, vers 04h15 - 04h40, nous viendrons vous chercher \u00e0 l'h\u00f4tel \u00e0 Cusco pour faire le voyage vers Qollasuyo, la partie sud de l'ancienne terre du peuple Quechua (Cusco). Cette r\u00e9gion a jou\u00e9 un r\u00f4le important dans l'histoire des Tawantinsuyo (anciens Incas). Le transport initial dure environ 1 heure et 30 minutes. Tout d'abord, nous traverserons le district de <b>CUSIPATA<\/b> o\u00f9 nous nous arr\u00eaterons 30 minutes pour prendre le petit-d\u00e9jeuner. Nous poursuivons ensuite notre voyage pendant une heure jusqu'\u00e0 FULAWASIPATA. Ici, nous nous arr\u00eaterons pour un bref briefing sur le d\u00e9roulement de notre voyage. Nous commencerons notre marche au pied de la cha\u00eene de montagnes Ausangate. Nous ferons ensuite une ascension d'environ 1 heure et 45 minutes jusqu'au point culminant de la montagne Arc-en-ciel. Au cours de ce voyage, nous aurons l'occasion d'observer les diff\u00e9rents types de cam\u00e9lid\u00e9s sud-am\u00e9ricains (un parent du chameau). En atteignant la colline rouge, nous aurons le temps de nous impr\u00e9gner et de prendre des photos du magnifique paysage.<\/p>\n<p>Enfin, nous poursuivrons notre voyage par une descente d'une heure dans un terrain plat jusqu'au point de d\u00e9part de la marche, FULAWASIPATA. Ici, le chauffeur nous attendra pour retourner dans le district de CUSIPATA o\u00f9 nous pourrons profiter d'une heure de d\u00e9jeuner. Apr\u00e8s le d\u00e9jeuner, nous retournerons \u00e0 Cusco, o\u00f9 nous arriverons vers 15 heures.<\/p>\n<p><b>NOTE 1 :<\/b> Si vous s\u00e9journez dans un lieu diff\u00e9rent de celui que vous avez choisi comme lieu de prise en charge, il vous incombe explicitement de vous trouver \u00e0 l'entr\u00e9e principale de l'h\u00f4tel ou de l'auberge choisi comme lieu de prise en charge pendant toute la dur\u00e9e de la plage horaire de prise en charge \u00e0 la date de votre circuit.<\/p>\n<p><b>NOTE 2 :<\/b> Apr\u00e8s Vinicunca, il est possible de faire une randonn\u00e9e suppl\u00e9mentaire facultative dans la vall\u00e9e rouge. La dur\u00e9e de la marche est d'environ 30 minutes, et vous devrez \u00e9galement payer un droit d'entr\u00e9e dans la r\u00e9gion de 20 soles ($6 environ).<\/p>\n<p><b>RECOMMANDATION :<\/b> Nous recommandons fortement de rester \u00e0 Cusco pendant 2 jours avant l'exp\u00e9dition afin de s'acclimater. N'oubliez pas que, bien que la marche dure environ 3 heures, si vous n'\u00eates pas bien acclimat\u00e9, vous risquez d'avoir des difficult\u00e9s pendant le voyage.<\/p>","protected":false},"excerpt":{"rendered":"<p>Departure from your hotel between 4:00 a.m. to 4:30 a.m.<\/p>\n<p>Temps de retour 16 heures<\/p>\n<p>INCLUDE<\/p>\n<ul>\n<li>Prise en charge depuis votre h\u00f4tel\/hostel dans le centre de Cusco.<\/li>\n<li>D\u00e9pose sur la place Regocijo (\u00e0 proximit\u00e9 de tous les h\u00f4tels et auberges et l\u00e0 o\u00f9 se trouve le centre d'accueil). <strong>TOUS<\/strong>\u00a0les op\u00e9rateurs d\u00e9posent leurs passagers)<\/li>\n<li>Transport en bus touristique pendant la visite.<\/li>\n<li>Professional bilingual guide (English &amp; Spanish)<\/li>\n<li>Entr\u00e9e du parc<\/li>\n<li>Trousse de premiers secours<\/li>\n<\/ul>\n<p>NON INCLUDE<\/p>\n<ul>\n<li>Assurance voyage<\/li>\n<li>Eaux min\u00e9rales<\/li>\n<li>Collation<\/li>\n<li>Cheval de selle (si n\u00e9cessaire)<\/li>\n<li>Poncho de pluie<\/li>\n<li>Vall\u00e9e rouge 20 soles ($6 environ) par personne (facultatif)<\/li>\n<li>B\u00e2ton de marche<\/li>\n<li>\u00a01 buffet lunch<\/li>\n<\/ul>","protected":false},"featured_media":302,"template":"","meta":{"inline_featured_image":false},"product_brand":[],"product_cat":[21],"product_tag":[26],"class_list":{"0":"post-301","1":"product","2":"type-product","3":"status-publish","4":"has-post-thumbnail","6":"product_cat-cuzco","7":"product_tag-cusco","9":"first","10":"instock","11":"virtual","12":"purchasable","13":"product-type-appointment"},"exclude_global_add_ons":false,"addons":[{"name":"Choisir l'h\u00f4tel Pick up","type":"multiple_choice","position":0,"required":false,"title_format":"label","description_enable":false,"description":"","placeholder_enable":false,"placeholder":"","display":"select","restrictions_type":"any_text","adjust_price":false,"price":"","price_type":"flat_fee","restrictions":false,"min":0,"max":0,"options":[{"label":"ABITARE HOSTELS, Santo domingo 263, Cusco","price":"","price_type":"flat_fee","image":0},{"label":"AMARU INCA, Cuesta San Blas","price":"","price_type":"flat_fee","image":0},{"label":"AMERINKA BOUTIQUE HOSTEL, Calle Marquez 278","price":"","price_type":"flat_fee","image":0},{"label":"ANDEAN CONFORT INN, Avenida Tullumayo 267","price":"","price_type":"flat_fee","image":0},{"label":"ANDEAN SOUTH INN, Tandapata 635","price":"","price_type":"flat_fee","image":0},{"label":"ANDEAN WINGS BOUTIQUE, calle Siete cuartones 225","price":"","price_type":"flat_fee","image":0},{"label":"ANDENES AL CIELO HOTEL, calle Choquechaka 176","price":"","price_type":"flat_fee","image":0},{"label":"ANTARES MYSTIC HOTEL, calle Cascaparo 172","price":"","price_type":"flat_fee","image":0},{"label":"ANTAWASI HOTEL, calle Intikahuarina 621","price":"","price_type":"flat_fee","image":0},{"label":"ANTIGUA CASONA SAN BLAS, calle Carmen Bajo 243","price":"","price_type":"flat_fee","image":0},{"label":"APU HUASCARAN HOSTAL, calle Carmen Bajo 257","price":"","price_type":"flat_fee","image":0},{"label":"ARCOPATA GUEST HOUSE, calle Arcopata 397, interior 6","price":"","price_type":"flat_fee","image":0},{"label":"ARQUEOLOGO EXCLUSIVE SELECTION HOTEL, calle Pumacurco 408","price":"","price_type":"flat_fee","image":0},{"label":"ATAWKAMA HOSTEL, calle Fierro 534","price":"","price_type":"flat_fee","image":0},{"label":"ATOQ BOUTIQUE SAN BLAS, calle Tandapata esquina con atoqsaycuchi 278","price":"","price_type":"flat_fee","image":0},{"label":"AWKI'S DREAM HOTEL, calle Colla 310-312","price":"","price_type":"flat_fee","image":0},{"label":"BARRIO INKA GUEST HOUSE, avenida Alta 483","price":"","price_type":"flat_fee","image":0},{"label":"BLACK SHEEP HOSTEL, calle Tandapata 676","price":"","price_type":"flat_fee","image":0},{"label":"BLACKY HOSTEL, calle Tambo de Montero 140","price":"","price_type":"flat_fee","image":0},{"label":"CAJA MAGICA HOSTAL, calle Suytuqhatu 759, San Blas","price":"","price_type":"flat_fee","image":0},{"label":"CASA ANDINA PRIVATE COLLECTION, Plazoleta Limacpampa chico 473","price":"","price_type":"flat_fee","image":0},{"label":"CASA ARCOPUNKU HOME HOTELES, avenida Arcopunku 631","price":"","price_type":"flat_fee","image":0},{"label":"CASA DE INGRID, Urb. Lucrepata E-11","price":"","price_type":"flat_fee","image":0},{"label":"CASA DE MAYTE, calle recoleta Angosta 559","price":"","price_type":"flat_fee","image":0},{"label":"CASA ELENA, calle Choquechaka 162","price":"","price_type":"flat_fee","image":0},{"label":"CASA ESMERALDA, pasaje Esmeralda 160","price":"","price_type":"flat_fee","image":0},{"label":"CASA GRANDE COLONIAL PALACE, calle Santa Catalina Ancha 353","price":"","price_type":"flat_fee","image":0},{"label":"CASA MONTESINOS BOUTIQUE, calle Arequipa 159","price":"","price_type":"flat_fee","image":0},{"label":"CASA REAL HOTELES, avenida Garcilazo 218","price":"","price_type":"flat_fee","image":0},{"label":"CASA SAPHI BREAKFAST, calle Plateros 456","price":"","price_type":"flat_fee","image":0},{"label":"CASA TISOC, Plaza San Francisco 162","price":"","price_type":"flat_fee","image":0},{"label":"CASONA QUERA, calle Quera 251","price":"","price_type":"flat_fee","image":0},{"label":"CHAQUILLCHAKA HOSTAL, calle Belen 418","price":"","price_type":"flat_fee","image":0},{"label":"CHOLI WASI GUEST HOUSE, avenida Alta 556, interior 8","price":"","price_type":"flat_fee","image":0},{"label":"CHUSAY ROOFTOP HOMESTAY, calle Queshua 156","price":"","price_type":"flat_fee","image":0},{"label":"CITIES OF THE WORLD, calle Tandapata 298","price":"","price_type":"flat_fee","image":0},{"label":"CONQUISTA HOSTEL, calle Saphi 726 A","price":"","price_type":"flat_fee","image":0},{"label":"COOPER HOTEL BOUTIQUE, calle Santa Teresa 364","price":"","price_type":"flat_fee","image":0},{"label":"CORIHUASI HOTEL, calle Suecia 561","price":"","price_type":"flat_fee","image":0},{"label":"COSTA DEL SOL RAMADA CUSCO, calle Santa Teresa 344","price":"","price_type":"flat_fee","image":0},{"label":"CULTURAL GUEST HOUSE, avenida Pardo paseo de los heroes 845","price":"","price_type":"flat_fee","image":0},{"label":"CUSCO BED AND BREAKFAST, calle Union 140","price":"","price_type":"flat_fee","image":0},{"label":"CUSCO PARDO HOTEL, Regional 998","price":"","price_type":"flat_fee","image":0},{"label":"CUSCO VIEW POINT HOSTEL, calle Pasnapakana 133","price":"","price_type":"flat_fee","image":0},{"label":"CUSCO PACKERS, avenida Prolongacion Arcopata 129","price":"","price_type":"flat_fee","image":0},{"label":"DRAGONFLY HOSTELS CUSCO, calle Siete Cuartones 245","price":"","price_type":"flat_fee","image":0},{"label":"DREAMS HOUSE HOSTAL, calle San Jose 100","price":"","price_type":"flat_fee","image":0},{"label":"ECOPACKERS, Santa Teresa 375","price":"","price_type":"flat_fee","image":0},{"label":"EL ANDARIEGO HOSTAL, calle San Andres 270","price":"","price_type":"flat_fee","image":0},{"label":"EL LABRADOR HOSTAL, calle Cabracancha, pasaje pampa de la alianza 456","price":"","price_type":"flat_fee","image":0},{"label":"EL MARISCAL CUSCO, calle urb lucrepata f-6","price":"","price_type":"flat_fee","image":0},{"label":"EL MIRADOR DE SANTA ANA, calle de la raza 887","price":"","price_type":"flat_fee","image":0},{"label":"EL TRIUNFO HOSTAL, calle triunfo 379","price":"","price_type":"flat_fee","image":0},{"label":"EL TUCO, calle av grau 835","price":"","price_type":"flat_fee","image":0},{"label":"EL VIRREY BOUTIQUE, calle portal comercio 165 plaza de armas","price":"","price_type":"flat_fee","image":0},{"label":"ELMER HOTEL, calle chaparro 594","price":"","price_type":"flat_fee","image":0},{"label":"ESPLENDOR HOTEL, calle union 189","price":"","price_type":"flat_fee","image":0},{"label":"ESTANCIA SAN BLAS, calle siete angelitos 640","price":"","price_type":"flat_fee","image":0},{"label":"EUREKA SAN BLAS BOUTIQUE, calle chihuampata 591","price":"","price_type":"flat_fee","image":0},{"label":"FEEL AT HOME HOSTEL, av triunfo 374","price":"","price_type":"flat_fee","image":0},{"label":"FLORIDA DEL INCA HOTEL, calle in cipreses m-21","price":"","price_type":"flat_fee","image":0},{"label":"FLYING DOG CUSCO, calle choquechaca 469","price":"","price_type":"flat_fee","image":0},{"label":"GAIA HOUSE HOSTEL, calle nueva alta 424","price":"","price_type":"flat_fee","image":0},{"label":"GARDEN OF SAN BLAS, calle pasnapacana 130","price":"","price_type":"flat_fee","image":0},{"label":"GOLDEN INCA HOTEL, calle jon retiro 435","price":"","price_type":"flat_fee","image":0},{"label":"GRINGOS'S WASI, calle suytuccato 831","price":"","price_type":"flat_fee","image":0},{"label":"HAKU TRAVEL OFFICE, 194 calle meson de la estrella","price":"","price_type":"flat_fee","image":0},{"label":"HILTON GARDEN INN CUSCO, av abancay 207, santa ana","price":"","price_type":"flat_fee","image":0},{"label":"HITCHHIKERS CUSCO HOSTAL, calle saphi 440","price":"","price_type":"flat_fee","image":0},{"label":"HOSPEDAJE SAN CRISTOBAL, calle kiskapata 242","price":"","price_type":"flat_fee","image":0},{"label":"HOSPEDAJE TURISTICO RECOLETA, calle jr pumacahua 160","price":"","price_type":"flat_fee","image":0},{"label":"HOSTAL CUSI WASI, av arcopata 466a","price":"","price_type":"flat_fee","image":0},{"label":"HOSTAL AL GRIAL, calle carmen alto 112 san blas","price":"","price_type":"flat_fee","image":0},{"label":"HOSTERIA DE ANITA, calle alabado 525","price":"","price_type":"flat_fee","image":0},{"label":"HOTEL AMARU INCA, calle cuesta de san blas 541","price":"","price_type":"flat_fee","image":0},{"label":"HOTEL ARCANGEL, calle choquechaca 194","price":"","price_type":"flat_fee","image":0},{"label":"HOTEL CASA LIMACPAMPA, calle limacpampa grande 565","price":"","price_type":"flat_fee","image":0},{"label":"HOTEL CASONA LES PLEIADES, calle tandapata 116","price":"","price_type":"flat_fee","image":0},{"label":"HOTEL CUSCO JUNGLE, calle san pedro 128","price":"","price_type":"flat_fee","image":0},{"label":"HOTEL EL RETABLO, calle ese 343","price":"","price_type":"flat_fee","image":0},{"label":"HOTEL KOYLLUR, calle pumapaccha 243","price":"","price_type":"flat_fee","image":0},{"label":"HOTEL LOS ANDES DE AMERICA, calle garcilaso 150","price":"","price_type":"flat_fee","image":0},{"label":"HOTEL PLAZA DE ARMAS CUSCO, calle portal mantas 114","price":"","price_type":"flat_fee","image":0},{"label":"HOTEL XIMA CUSCO av el sol 1010","price":"","price_type":"flat_fee","image":0},{"label":"ILLA HOTEL, calle carmen alto 166","price":"","price_type":"flat_fee","image":0},{"label":"IMAGINE PLAZA CUSCO HOTEL, calle jr tupac yupanqui 391","price":"","price_type":"flat_fee","image":0},{"label":"IMPERIAL CUSCO HOTEL, calle centenario 741","price":"","price_type":"flat_fee","image":0},{"label":"INCA SIZA, calle suecia 300","price":"","price_type":"flat_fee","image":0},{"label":"INKA CLUB HOSTEL, calle siete cuartones 284 - interior 3","price":"","price_type":"flat_fee","image":0},{"label":"INKA WASI BOUTIQUE HOTEL, calle plaza del regocijo 261","price":"","price_type":"flat_fee","image":0},{"label":"INKA WILD HOSTEL, calle matara 261","price":"","price_type":"flat_fee","image":0},{"label":"INKAS GARDEN APARTMENT, calle fortunato l herrera #120, koripata, santiago","price":"","price_type":"flat_fee","image":0},{"label":"INKAS MACHUPICCHU INN, calle choquechaca 156","price":"","price_type":"flat_fee","image":0},{"label":"INTI GARDEN BOUTIQUE HOSTEL, calle cuesta santa ana 644","price":"","price_type":"flat_fee","image":0},{"label":"INTI WASI HOSTAL, calle del medio 134","price":"","price_type":"flat_fee","image":0},{"label":"INTIPACKERS CUSCO, calle siete angelitos 6758","price":"","price_type":"flat_fee","image":0},{"label":"INTRO HOSTELS, calle cuesta de santa ana 561","price":"","price_type":"flat_fee","image":0},{"label":"JW MARRIOTT EL CONVENTO CUSCO, esquina de la calle ruinas 432 y san agustin","price":"","price_type":"flat_fee","image":0},{"label":"JAMILA LODGE, calle pera 440","price":"","price_type":"flat_fee","image":0},{"label":"KENAMARI HOTEL, avenida pardo 769-8","price":"","price_type":"flat_fee","image":0},{"label":"KILLA Q'ENTE HOSTAL CUSCO, calle jr atahuallpa 454","price":"","price_type":"flat_fee","image":0},{"label":"KELLIPATA HOSPEDAJE, calle tambo de montero - pasaje killichapata 238","price":"","price_type":"flat_fee","image":0},{"label":"KILOMBO HOSTEL, calle nueva alta","price":"","price_type":"flat_fee","image":0},{"label":"KIMSA HOTEL, calle choquechaka 320","price":"","price_type":"flat_fee","image":0},{"label":"KOKOPELLI CUSCO, calle san andres 260","price":"","price_type":"flat_fee","image":0},{"label":"KURUMI HOSTEL, calle arco iris 488","price":"","price_type":"flat_fee","image":0},{"label":"KUSIPAQARI HOTEL, calle meson de la estrella 120","price":"","price_type":"flat_fee","image":0},{"label":"KUSKA HOSTAL, calle huaynapata 245","price":"","price_type":"flat_fee","image":0},{"label":"LA BO'M BACKPACKERS&CREPERIA, calle carmen alto 283","price":"","price_type":"flat_fee","image":0},{"label":"LA CASA DE DON IGNACIO, av pardo 954","price":"","price_type":"flat_fee","image":0},{"label":"LA CASONA DE LUISA, calle tordo 298","price":"","price_type":"flat_fee","image":0},{"label":"LA CASONA RIMACPAMPA, calle limacpampa chico 493","price":"","price_type":"flat_fee","image":0},{"label":"LA MORADA SUITES, calle kurkurpata 230","price":"","price_type":"flat_fee","image":0},{"label":"LA POSADA DEL VIAJERO HOSTAL, calle santa catalina ancha 366","price":"","price_type":"flat_fee","image":0},{"label":"LAS QUENAS, calle los angeles 1265","price":"","price_type":"flat_fee","image":0},{"label":"LLIPIMPAC GUESTHOUSE, calle zetas 400","price":"","price_type":"flat_fee","image":0},{"label":"LOKI HOSTEL, calle cuesta de santa ana 601","price":"","price_type":"flat_fee","image":0},{"label":"LORETO BOUTIQUE HOTEL, calle loreto 115","price":"","price_type":"flat_fee","image":0},{"label":"LOS ATICOS B&B, calle quera 253","price":"","price_type":"flat_fee","image":0},{"label":"MAGIC PACKERS HOSTEL, calle hospital 772","price":"","price_type":"flat_fee","image":0},{"label":"MALLQUI HOSTAL, calle nueva alta 444","price":"","price_type":"flat_fee","image":0},{"label":"MAMA SIMONA HOSTEL, calle ceniza 364 - barrio de san pedro","price":"","price_type":"flat_fee","image":0},{"label":"MARCO WASI SAN BLAS, calle tandapata 670","price":"","price_type":"flat_fee","image":0},{"label":"MARIO'S HOTEL, calle mateo pumacahua 524","price":"","price_type":"flat_fee","image":0},{"label":"MAYA'S HOUSE, calle pampa de la alianza 456","price":"","price_type":"flat_fee","image":0},{"label":"MILHOUSE HOSTEL, calle quera 270","price":"","price_type":"flat_fee","image":0},{"label":"MONASTERIO SAN PEDRO HOTEL, calle ccascaparo 116","price":"","price_type":"flat_fee","image":0},{"label":"MUNAYCHACASA, calle san agustin 287","price":"","price_type":"flat_fee","image":0},{"label":"MUYUCMARKA HOSPEDAJE FAMILIAR, calle haynapata 253","price":"","price_type":"flat_fee","image":0},{"label":"NAO VICTORIA HOSTEL, calle procuradores 357","price":"","price_type":"flat_fee","image":0},{"label":"NET HOUSE B&B, calle union 140, san pedro cusco","price":"","price_type":"flat_fee","image":0},{"label":"NI\u00d1OS HOTEL, calle melon 442","price":"","price_type":"flat_fee","image":0},{"label":"NOVOTEL CUSCO, calle san agustin 239","price":"","price_type":"flat_fee","image":0},{"label":"OBLITAS CASA HOTEL CUSCO, calle plateros 358","price":"","price_type":"flat_fee","image":0},{"label":"OKI DOKI CUSCO, calle nueva alta 644","price":"","price_type":"flat_fee","image":0},{"label":"PACHAMAMA HOSTEL, calle queshua 134","price":"","price_type":"flat_fee","image":0},{"label":"PALACIO DEL INKA-A-LUXURY COLLECTION HOTEL, calle santo domingo 259","price":"","price_type":"flat_fee","image":0},{"label":"PALACIO SAN BLAS HOSTEL, calle tandapata 300","price":"","price_type":"flat_fee","image":0},{"label":"PAMPAWASI HOSTEL, calle meloc 500","price":"","price_type":"flat_fee","image":0}],"id":1761242569},{"name":"Nom et adresse de l'h\u00f4tel","type":"custom_text","position":1,"required":true,"title_format":"label","description_enable":false,"description":"","placeholder_enable":false,"placeholder":"","display":"select","restrictions_type":"any_text","adjust_price":false,"price":"","price_type":"flat_fee","restrictions":false,"min":0,"max":0,"options":[],"id":1761242570}],"_links":{"self":[{"href":"https:\/\/freetourperu.com\/fr\/wp-json\/wp\/v2\/product\/301","targetHints":{"allow":["GET"]}}],"collection":[{"href":"https:\/\/freetourperu.com\/fr\/wp-json\/wp\/v2\/product"}],"about":[{"href":"https:\/\/freetourperu.com\/fr\/wp-json\/wp\/v2\/types\/product"}],"wp:featuredmedia":[{"embeddable":true,"href":"https:\/\/freetourperu.com\/fr\/wp-json\/wp\/v2\/media\/302"}],"wp:attachment":[{"href":"https:\/\/freetourperu.com\/fr\/wp-json\/wp\/v2\/media?parent=301"}],"wp:term":[{"taxonomy":"product_brand","embeddable":true,"href":"https:\/\/freetourperu.com\/fr\/wp-json\/wp\/v2\/product_brand?post=301"},{"taxonomy":"product_cat","embeddable":true,"href":"https:\/\/freetourperu.com\/fr\/wp-json\/wp\/v2\/product_cat?post=301"},{"taxonomy":"product_tag","embeddable":true,"href":"https:\/\/freetourperu.com\/fr\/wp-json\/wp\/v2\/product_tag?post=301"}],"curies":[{"name":"wp","href":"https:\/\/api.w.org\/{rel}","templated":true}]}}