{"id":294,"date":"2019-10-09T06:46:39","date_gmt":"2019-10-09T06:46:39","guid":{"rendered":"http:\/\/freetourperu.com\/?post_type=product&#038;p=294"},"modified":"2026-03-18T22:40:07","modified_gmt":"2026-03-18T22:40:07","slug":"colca-canyon-trekking","status":"publish","type":"product","link":"https:\/\/freetourperu.com\/fr\/produit\/colca-canyon-trekking\/","title":{"rendered":"Trekking Colca Canyon 2 jours"},"content":{"rendered":"<p><strong>\ud83c\udf1f JOUR 1 : Dans les profondeurs du deuxi\u00e8me canyon le plus profond du monde<\/strong><\/p>\n<p><strong>\ud83c\udf05 D\u00e9part avant l'aube (3:00-3:30 AM)<\/strong><br \/>\nNous viendrons vous chercher \u00e0 votre h\u00f4tel et conduirons pendant 4 heures jusqu'\u00e0 Chivay, en nous arr\u00eatant \u00e0 <strong>Yanque pour le petit-d\u00e9jeuner (6h30)<\/strong> avec une vue imprenable sur la vall\u00e9e.<\/p>\n<p><strong>Spectacle du condor \u00e0 la Cruz del C\u00f3ndor (8h30)<\/strong><br \/>\nT\u00e9moin <strong>les majestueux condors des Andes<\/strong> en survolant les 1 200 m de profondeur du canyon - 40 minutes de photographie de la faune et de la flore sauvages, toutes plus impressionnantes les unes que les autres !<\/p>\n<p><strong>\ud83e\udd7e Descente \u00e9pique de 3 heures dans les canyons (9h30)<\/strong><br \/>\nDescente \u00e0 pied depuis <strong>3 300 m \u00e0 2 100 m<\/strong>La visite de villages traditionnels, la travers\u00e9e de ponts suspendus (<strong>San Juan de Chuccho, Malata, Cos\u00f1irhua<\/strong>).<\/p>\n<p><strong>\ud83c\udfdd\ufe0f Oasis Sangalle - Votre jungle paradisiaque (17h00)<\/strong><br \/>\nArriver \u00e0 un <strong>oasis bord\u00e9e de palmiers<\/strong> avec des piscines naturelles. D\u00e9tendez-vous dans de confortables bungalows en adobe et profitez d'un d\u00eener \u00e9toil\u00e9 sous les parois du canyon.<\/p>\n<hr \/>\n<p><strong>\ud83c\udf04 JOUR 2 : Randonn\u00e9e au lever du soleil et bonheur des sources d'eau chaude<\/strong><\/p>\n<p><strong>\u26f0\ufe0f Mont\u00e9e avant le lever du soleil (5h00)<\/strong><br \/>\nUn travail difficile mais gratifiant <strong>Randonn\u00e9e de 3 heures<\/strong> hors du canyon - regardez le lever du soleil peindre les falaises en or ! <em>(Apportez des collations et une lampe de poche).<\/em><\/p>\n<p><strong>Petit-d\u00e9jeuner \u00e0 Cabanaconde (8h30)<\/strong><br \/>\nRavitaillement dans ce charmant village avant de reprendre la route vers Chivay, en s'arr\u00eatant \u00e0.. :<br \/>\n\u2714 <strong>Point de vue sur les terrasses pr\u00e9-incas<\/strong><br \/>\n\u2714 <strong>Bains thermaux (38\u00b0C en option !)<\/strong><br \/>\n\u2714 <strong>Observation de vigognes sauvages<\/strong> dans la r\u00e9serve de Salinas y Aguada Blanca<\/p>\n<p><strong>\ud83d\ude8d Retour \u00e0 Arequipa (17h00-18h00)<\/strong><br \/>\nD\u00e9barquement pr\u00e8s du monast\u00e8re de Santa Catalina, qui regorge de souvenirs inoubliables !<\/p>\n<hr \/>\n<h3><strong>\u2705 INCLUDE<\/strong><\/h3>\n<p>\u2714 Prise en charge \u00e0 l'h\u00f4tel et transport<br \/>\nGuide bilingue<br \/>\n\u2714 1 nuit en <strong>bungalow exclusif Oasis<\/strong><br \/>\n\u2714 Repas : 2 petits d\u00e9jeuners, 1 d\u00e9jeuner, 1 d\u00eener<br \/>\n\u2714 Trousse de premiers secours<\/p>\n<h3><strong>NON COMPRIS<\/strong><\/h3>\n<p>\u2716 Frais d'entr\u00e9e au Canyon de Colca (<em>\u00c9trangers : 70 soles \/ Sud-Am\u00e9ricains : 40 soles \/ P\u00e9ruviens : 20 soles \/ Enfants : 5 soles<\/em>)<br \/>\n\u2716 Sources d'eau chaude de Chivay (15-20 soles)<br \/>\nD\u00e9jeuner final \u00e0 Chivay<\/p>\n<hr \/>\n<p><strong>\ud83d\udccc PRO TIPS :<\/strong><\/p>\n<ul>\n<li><strong>Saison des pluies ?<\/strong> Apportez un poncho (d\u00e9cembre-mars).<\/li>\n<li><strong>Finir \u00e0 Puno ?<\/strong> Faites-nous le savoir, nous adapterons votre itin\u00e9raire !<\/li>\n<\/ul>\n<p><strong>\ud83d\udd25 Pr\u00eat \u00e0 conqu\u00e9rir Colca ? R\u00e9servez d\u00e8s maintenant !<\/strong><\/p>\n<p><b>Remarque :<\/b><\/p>\n<p><b>- Apportez un petit sac \u00e0 dos, une serviette, un maillot de bain, de l'argent liquide, une lampe de poche et vos effets personnels.\u00a0<\/b><\/p>\n<p><b>- Pour ceux qui souhaitent terminer \u00e0 Puno : au retour \u00e0 Chivay \u00e0 13 heures, il ne restera que 15 minutes pour le d\u00e9jeuner avant le d\u00e9part pour Puno. L'heure d'arriv\u00e9e \u00e0 Puno est 19 heures, et le point de chute est la Plaza de Armas de Puno. <\/b>Don&#8217;t worry about your big suitcases! Your guide will store them securely for you until you finish hiking.<\/p>","protected":false},"excerpt":{"rendered":"<p><strong>\ud83c\udfd4\ufe0f 2-Day Colca Canyon Adventure: Condors, Oasis &amp; Hot Springs!<\/strong><\/p>\n<p>Trekking \u00e0 travers l'un des canyons les plus profonds du monde, le Canyon de Colca. Le trekking de 2 jours\/1 nuit est une randonn\u00e9e mod\u00e9r\u00e9e\/difficile. Le premier jour de marche dure environ 5 ou 6 heures (1 heure de mont\u00e9e, 1 heure de marche \u00e0 plat et 4 heures de descente). Le deuxi\u00e8me jour est d'environ 3 ou 4 heures de marche en mont\u00e9e.<\/p>","protected":false},"featured_media":295,"template":"","meta":{"inline_featured_image":false},"product_brand":[],"product_cat":[17],"product_tag":[],"class_list":{"0":"post-294","1":"product","2":"type-product","3":"status-publish","4":"has-post-thumbnail","6":"product_cat-arequipa","8":"first","9":"instock","10":"virtual","11":"purchasable","12":"product-type-appointment"},"exclude_global_add_ons":false,"addons":[{"name":"Nom et adresse de l'h\u00f4tel dans le centre d'Arequipa","type":"custom_text","position":0,"required":true,"title_format":"label","description_enable":false,"description":"","placeholder_enable":false,"placeholder":"","display":"select","restrictions_type":"any_text","adjust_price":false,"price":"","price_type":"flat_fee","restrictions":false,"min":0,"max":0,"options":[],"id":1737306592},{"name":"Liaison avec Puno","type":"input_multiplier","position":1,"required":false,"title_format":"label","description_enable":true,"description":"Transportation from chivay to Puno \r\n(Add number of passenger)","placeholder_enable":false,"placeholder":"","display":"select","restrictions_type":"any_text","adjust_price":true,"price":"35","price_type":"flat_fee","restrictions":false,"min":0,"max":0,"options":[],"id":1737306593}],"_links":{"self":[{"href":"https:\/\/freetourperu.com\/fr\/wp-json\/wp\/v2\/product\/294","targetHints":{"allow":["GET"]}}],"collection":[{"href":"https:\/\/freetourperu.com\/fr\/wp-json\/wp\/v2\/product"}],"about":[{"href":"https:\/\/freetourperu.com\/fr\/wp-json\/wp\/v2\/types\/product"}],"wp:featuredmedia":[{"embeddable":true,"href":"https:\/\/freetourperu.com\/fr\/wp-json\/wp\/v2\/media\/295"}],"wp:attachment":[{"href":"https:\/\/freetourperu.com\/fr\/wp-json\/wp\/v2\/media?parent=294"}],"wp:term":[{"taxonomy":"product_brand","embeddable":true,"href":"https:\/\/freetourperu.com\/fr\/wp-json\/wp\/v2\/product_brand?post=294"},{"taxonomy":"product_cat","embeddable":true,"href":"https:\/\/freetourperu.com\/fr\/wp-json\/wp\/v2\/product_cat?post=294"},{"taxonomy":"product_tag","embeddable":true,"href":"https:\/\/freetourperu.com\/fr\/wp-json\/wp\/v2\/product_tag?post=294"}],"curies":[{"name":"wp","href":"https:\/\/api.w.org\/{rel}","templated":true}]}}