{"id":291,"date":"2019-10-09T06:34:47","date_gmt":"2019-10-09T06:34:47","guid":{"rendered":"http:\/\/freetourperu.com\/?post_type=product&#038;p=291"},"modified":"2025-10-13T21:02:33","modified_gmt":"2025-10-13T21:02:33","slug":"colca-canyon-2-days","status":"publish","type":"product","link":"https:\/\/freetourperu.com\/fr\/produit\/colca-canyon-2-days\/","title":{"rendered":"Canyon de Colca 2 jours 1 nuit"},"content":{"rendered":"<p><strong>Jour 1 : De la ville d'Arequipa \u00e0 la vall\u00e9e du canyon de Colca<\/strong> Nous venons vous chercher \u00e0 votre auberge ou h\u00f4tel \u00e0 Arequipa entre 07h30 et 08h20, et partons en bus pour votre excursion vers la vall\u00e9e de Colca. Nous traverserons la Pampa Ca\u00f1ahuas dans la r\u00e9serve nationale d'Aguada Blanca, qui abrite des troupeaux de vigognes, de lamas et d'alpagas. Vous pourrez vous arr\u00eater pour prendre un selfie avec un alpaga ! Nous nous arr\u00eaterons \u00e9galement au Mirador de Los Andes, au crat\u00e8re de Chucura et au Mirador de Chivay pour prendre d'incroyables photos en route vers notre destination finale, Chivay.<\/p>\n<p>Nous arrivons \u00e0 Chivay vers 13h00, o\u00f9 nous d\u00e9jeunons et nous nous installons dans un h\u00f4tel de base pour la nuit. Vous aurez ensuite la possibilit\u00e9 de visiter les sources d'eau chaude locales si vous le souhaitez, ou simplement d'explorer la petite ville pittoresque de Chivay. Plus tard dans la soir\u00e9e, vous vous retrouverez pour d\u00eener avec votre guide et vous irez visiter un spectacle folklorique p\u00e9ruvien local, o\u00f9 vous serez encourag\u00e9s (et parfois forc\u00e9s) \u00e0 participer aux danses et aux chants locaux ! Il est recommand\u00e9 de se coucher t\u00f4t, en essayant d'\u00e9viter le bar irlandais local !<\/p>\n<p><strong>Jour 2 : Vall\u00e9e du Canyon de Colca \u00e0 la Croix du Condor \u00e0 Arequipa<\/strong> Apr\u00e8s un petit d\u00e9jeuner matinal (vers 06h00), nous partons pour la \"Croix du Condor\" d'o\u00f9 nous esp\u00e9rons voir les c\u00e9l\u00e8bres condors des Andes voler majestueusement au-dessus de nous lorsqu'ils s'\u00e9l\u00e8vent du Canyon. Nous vous emm\u00e8nerons \u00e0 diff\u00e9rents points de vue du Canyon pour vous permettre d'explorer et d'appr\u00e9cier la taille de cet incroyable canyon (le deuxi\u00e8me plus profond du monde !). Sur le chemin du retour \u00e0 Chivay, nous nous arr\u00eaterons \u00e0 la ville de Yanque, pour visiter sa belle \u00e9glise et ses rues en pierre caract\u00e9ristiques, entre autres attractions. Pour avoir des vues spectaculaires de la vall\u00e9e de Colca, nous nous rendrons aux points d'observation de Choquetico et Artahuilque o\u00f9 vous pourrez voir des tombes pr\u00e9-incas et des maquettes de terrasses, alors assurez-vous de garder beaucoup d'espace dans votre carte m\u00e9moire pour ces endroits \u00e9tonnants.<\/p>\n<p>Apr\u00e8s le d\u00e9jeuner dans un restaurant local, nous retournons \u00e0 la ville d'Arequipa, arrivant \u00e0 environ 17h30 o\u00f9 nous vous d\u00e9poserons \u00e0 votre h\u00f4tel ou auberge.<\/p>\n<p>INCLUDE<\/p>\n<ul>\n<li>Transport priv\u00e9 vers et depuis Arequipa<\/li>\n<li>Guide local parlant anglais<\/li>\n<li>1 nuit d'h\u00e9bergement \u00e0 Chivay \"La Estancia\" (auberge de jeunesse de base en chambre priv\u00e9e)<\/li>\n<li>Petit-d\u00e9jeuner \u00e0 Chivay<\/li>\n<\/ul>\n<p>NON INCLUDE<\/p>\n<ul>\n<li>Le gouvernement a impos\u00e9 une taxe d'entr\u00e9e pour les touristes dans la r\u00e9gion de Colca :<br \/>\n\u00c9trangers \u00e2g\u00e9s de 13 ans et plus : 70 soles (environ $25 USD)<br \/>\nAm\u00e9rique du Sud, \u00e0 partir de 13 ans : 40 soles (environ $15 USD)<br \/>\nNational 13 ans et plus : 20 soles (approx. USD $8)<br \/>\nEnfants (toutes nationalit\u00e9s) de moins de 13 ans : 5 soles (environ USD $2)<br \/>\nNote : Non inclus dans les circuits, car il est ill\u00e9gal de l'inclure.<\/li>\n<li>D\u00e9jeuner et d\u00eener (le spectacle culturel de chants et de danses fait partie du d\u00eener ; le co\u00fbt est d'environ 30 soles)<\/li>\n<li>Entr\u00e9e facultative aux sources d'eau chaude et aux thermes - 15 soles (environ $5 USD)<\/li>\n<\/ul>\n<p><b>Remarque : <\/b><\/p>\n<p><b>- La taxe officielle d'entr\u00e9e au Canyon de Colca de 70 soles n'est pas incluse dans le prix du billet. Elle doit \u00eatre pay\u00e9e sur place.<\/b><\/p>\n<p><b>- Pour ceux qui souhaitent terminer \u00e0 Puno : au retour \u00e0 Chivay \u00e0 13 heures, il ne restera que 15 minutes pour le d\u00e9jeuner avant le d\u00e9part pour Puno. L'heure d'arriv\u00e9e \u00e0 Puno est 19 heures, et le point de chute est la Plaza de Armas de Puno.<\/b><\/p>\n<p><b>- N'oubliez pas d'apporter des v\u00eatements pour la saison des pluies de mars et avril (ils peuvent \u00eatre lou\u00e9s ou achet\u00e9s \u00e0 Arequipa).<\/b><\/p>","protected":false},"excerpt":{"rendered":"<p class=\"flt-standard-black-p\">Ce circuit de 2 jours est parfait pour ceux qui souhaitent d\u00e9couvrir le plus possible le Canyon de Colca. Le canyon de Colca est le deuxi\u00e8me canyon le plus profond du monde et le meilleur endroit pour observer de pr\u00e8s le condor des Andes dans son habitat naturel. Au cours de cette excursion, vous pourrez profiter d'un d\u00eener traditionnel et d'un spectacle, et prendre des photos avec des alpagas et des lamas.<\/p>","protected":false},"featured_media":300,"template":"","meta":{"inline_featured_image":false},"product_brand":[],"product_cat":[17],"product_tag":[],"class_list":{"0":"post-291","1":"product","2":"type-product","3":"status-publish","4":"has-post-thumbnail","6":"product_cat-arequipa","8":"first","9":"instock","10":"virtual","11":"purchasable","12":"product-type-appointment"},"exclude_global_add_ons":true,"addons":[{"name":"Nom et adresse de l'h\u00f4tel dans le centre d'Arequipa","type":"custom_text","position":0,"required":true,"title_format":"label","description_enable":false,"description":"","placeholder_enable":false,"placeholder":"","display":"select","restrictions_type":"any_text","adjust_price":false,"price":"","price_type":"flat_fee","restrictions":false,"min":0,"max":0,"options":[],"id":1742311201},{"name":"Liaison avec Puno","type":"input_multiplier","position":1,"required":false,"title_format":"label","description_enable":true,"description":"Transportation from chivay to Puno\r\n(Add number of passenger)","placeholder_enable":false,"placeholder":"","display":"select","restrictions_type":"any_text","adjust_price":true,"price":"35","price_type":"flat_fee","restrictions":false,"min":0,"max":0,"options":[],"id":1742311202}],"_links":{"self":[{"href":"https:\/\/freetourperu.com\/fr\/wp-json\/wp\/v2\/product\/291","targetHints":{"allow":["GET"]}}],"collection":[{"href":"https:\/\/freetourperu.com\/fr\/wp-json\/wp\/v2\/product"}],"about":[{"href":"https:\/\/freetourperu.com\/fr\/wp-json\/wp\/v2\/types\/product"}],"wp:featuredmedia":[{"embeddable":true,"href":"https:\/\/freetourperu.com\/fr\/wp-json\/wp\/v2\/media\/300"}],"wp:attachment":[{"href":"https:\/\/freetourperu.com\/fr\/wp-json\/wp\/v2\/media?parent=291"}],"wp:term":[{"taxonomy":"product_brand","embeddable":true,"href":"https:\/\/freetourperu.com\/fr\/wp-json\/wp\/v2\/product_brand?post=291"},{"taxonomy":"product_cat","embeddable":true,"href":"https:\/\/freetourperu.com\/fr\/wp-json\/wp\/v2\/product_cat?post=291"},{"taxonomy":"product_tag","embeddable":true,"href":"https:\/\/freetourperu.com\/fr\/wp-json\/wp\/v2\/product_tag?post=291"}],"curies":[{"name":"wp","href":"https:\/\/api.w.org\/{rel}","templated":true}]}}