{"id":282,"date":"2019-10-09T06:00:07","date_gmt":"2019-10-09T06:00:07","guid":{"rendered":"http:\/\/freetourperu.com\/?post_type=product&#038;p=282"},"modified":"2026-03-10T15:37:32","modified_gmt":"2026-03-10T15:37:32","slug":"colca-canyon-full-day","status":"publish","type":"product","link":"https:\/\/freetourperu.com\/fr\/produit\/colca-canyon-full-day\/","title":{"rendered":"Journ\u00e9e enti\u00e8re au Canyon de Colca"},"content":{"rendered":"<p><strong>03:00 - 03:30am<\/strong> Nous viendrons vous chercher \u00e0 votre auberge et partirons en bus priv\u00e9 vers le Canyon de Colca. Apr\u00e8s 4 heures de trajet en bus, nous nous rendrons directement \u00e0 la Croix du Condor, en ne nous arr\u00eatant qu'\u00e0 Chivay pour le petit-d\u00e9jeuner.<\/p>\n<p><strong>08:30am<\/strong> Nous arriverons \u00e0 la Croix du Condor o\u00f9 nous appr\u00e9cierons les vues impressionnantes de l'un des canyons les plus profonds du monde et verrons le majestueux condor des Andes qui pourrait \u00eatre aper\u00e7u en train de voler juste au-dessus de votre t\u00eate (je croise les doigts !). Approchez-vous et prenez des photos \u00e9tonnantes de ces oiseaux dont la pr\u00e9sence cr\u00e9e une exp\u00e9rience vraiment unique au Canyon.<\/p>\n<p>On the way back to Chivay, we will stop in the villages of Maca and Yanque, all small local villages which have colonial churches, tombs and Pre-Inca terraces, and we will really get to see the impact of living in the second deepest Canyon in the world.<\/p>\n<p><strong>12:00 heures<\/strong> Nous arriverons \u00e0 Chivay pour visiter les sources d'eau chaude si vous le souhaitez, puis nous nous arr\u00eaterons pour d\u00e9jeuner dans un restaurant local.<\/p>\n<p>Sur le chemin du retour vers Arequipa, nous nous arr\u00eaterons \u00e0 Patapampa, un point de vue incroyable d'o\u00f9 l'on peut voir les volcans Ampato, Sabancaya et Hualca Hualca c\u00f4te \u00e0 c\u00f4te. C'est \u00e9galement le point le plus \u00e9lev\u00e9 que nous atteindrons \u00e0 4800 m\u00e8tres au-dessus du niveau de la mer dans la Pampa Ca\u00f1ahuas.<\/p>\n<p><strong>17:30<\/strong> Nous reviendrons \u00e0 Arequipa et vous d\u00e9poserons \u00e0 la porte de votre h\u00f4tel ou de votre auberge de jeunesse.<\/p>","protected":false},"excerpt":{"rendered":"<p><strong>Hotel\/Hostel Pick-up:<\/strong> Between 03:00 a.m. &amp; 03:30 a.m.<br \/>\n<strong>Return Time:<\/strong> 17:30 hours<\/p>\n<p>INCLUDE<\/p>\n<ul>\n<li>Private transport<\/li>\n<li>Petit d\u00e9jeuner<\/li>\n<li>Travel professional guide.<\/li>\n<li>Hotel\/hostel pick-up and drop-off<\/li>\n<\/ul>\n<p>NON INCLUDE<\/p>\n<ul>\n<li>Colca touristic ticket:<br \/>\nForeigners 70 soles<br \/>\nSouth American 40 soles<br \/>\nNationals 20 soles<\/li>\n<li>Entrance to the Thermal Baths (Chivay &#8211; 15 soles)<\/li>\n<li>Lunch (Chivay) or drinks<\/li>\n<\/ul>","protected":false},"featured_media":288,"template":"","meta":{"inline_featured_image":false},"product_brand":[],"product_cat":[17],"product_tag":[],"class_list":{"0":"post-282","1":"product","2":"type-product","3":"status-publish","4":"has-post-thumbnail","6":"product_cat-arequipa","8":"first","9":"instock","10":"virtual","11":"purchasable","12":"product-type-appointment"},"exclude_global_add_ons":false,"addons":[{"name":"Nom et adresse de l'h\u00f4tel dans le centre d'Arequipa","type":"custom_text","position":0,"required":true,"title_format":"label","description_enable":false,"description":"","placeholder_enable":false,"placeholder":"","display":"select","restrictions_type":"any_text","adjust_price":false,"price":"","price_type":"flat_fee","restrictions":false,"min":0,"max":0,"options":[],"id":1768921509},{"name":"Liaison avec Puno","type":"input_multiplier","position":1,"required":false,"title_format":"label","description_enable":true,"description":"Transportation from chivay to Puno\r\n(Add number of passenger)","placeholder_enable":false,"placeholder":"","display":"select","restrictions_type":"any_text","adjust_price":true,"price":"35","price_type":"flat_fee","restrictions":false,"min":0,"max":0,"options":[],"id":1768921510}],"_links":{"self":[{"href":"https:\/\/freetourperu.com\/fr\/wp-json\/wp\/v2\/product\/282","targetHints":{"allow":["GET"]}}],"collection":[{"href":"https:\/\/freetourperu.com\/fr\/wp-json\/wp\/v2\/product"}],"about":[{"href":"https:\/\/freetourperu.com\/fr\/wp-json\/wp\/v2\/types\/product"}],"wp:featuredmedia":[{"embeddable":true,"href":"https:\/\/freetourperu.com\/fr\/wp-json\/wp\/v2\/media\/288"}],"wp:attachment":[{"href":"https:\/\/freetourperu.com\/fr\/wp-json\/wp\/v2\/media?parent=282"}],"wp:term":[{"taxonomy":"product_brand","embeddable":true,"href":"https:\/\/freetourperu.com\/fr\/wp-json\/wp\/v2\/product_brand?post=282"},{"taxonomy":"product_cat","embeddable":true,"href":"https:\/\/freetourperu.com\/fr\/wp-json\/wp\/v2\/product_cat?post=282"},{"taxonomy":"product_tag","embeddable":true,"href":"https:\/\/freetourperu.com\/fr\/wp-json\/wp\/v2\/product_tag?post=282"}],"curies":[{"name":"wp","href":"https:\/\/api.w.org\/{rel}","templated":true}]}}