{"id":273,"date":"2019-10-09T01:48:53","date_gmt":"2019-10-09T01:48:53","guid":{"rendered":"http:\/\/freetourperu.com\/?post_type=product&#038;p=273"},"modified":"2025-11-13T21:18:18","modified_gmt":"2025-11-13T21:18:18","slug":"misti-volcano","status":"publish","type":"product","link":"https:\/\/freetourperu.com\/fr\/produit\/misti-volcano\/","title":{"rendered":"Volcan Misti 2 jours"},"content":{"rendered":"<p><strong>Aper\u00e7u de l'itin\u00e9raire :<\/strong><\/p>\n<p>Votre voyage commence par un d\u00e9part d'Arequipa \u00e0 <strong>8:30 AM<\/strong> dans un environnement <strong>V\u00e9hicule 4\u00d74<\/strong>et vous ram\u00e8ne au point de d\u00e9part \u00e0 <strong>3 500 m\u00e8tres<\/strong>. De l\u00e0, vous embarquerez pour une <strong>randonn\u00e9e pittoresque de 4 \u00e0 5 heures<\/strong> jusqu'au camp de base \u00e0 <strong>4 600 m\u00e8tres<\/strong>o\u00f9 vous passerez la nuit \u00e0 la belle \u00e9toile.<\/p>\n<p><strong>Journ\u00e9e du sommet - Une aube pas comme les autres :<\/strong><br \/>\nNous nous r\u00e9veillerons avant le lever du soleil pour un petit-d\u00e9jeuner \u00e9nergisant et commencerons le voyage. <strong>ascension difficile mais gratifiante \u00e0 3h00 du matin<\/strong>. Au fur et \u00e0 mesure de votre ascension, vous serez t\u00e9moin d'un spectacle \u00e0 couper le souffle. <strong>lever de soleil sur les pentes du volcan Misti<\/strong>-Une exp\u00e9rience que nos clients consid\u00e8rent r\u00e9guli\u00e8rement comme la plus importante de leur vie. <strong>point fort de l'exp\u00e9dition<\/strong>. Atteindre les <strong>sommet (5 825 m)<\/strong> apr\u00e8s <strong>5-6 heures<\/strong>Vous serez r\u00e9compens\u00e9 par <strong>des vues incomparables<\/strong> du crat\u00e8re volcanique, une croix de fer embl\u00e9matique, et l'impressionnante <strong>Cercle de feu<\/strong>-une cha\u00eene des volcans les plus l\u00e9gendaires du P\u00e9rou, dont <strong>Chachani, Ubinas, Sabancaya, Ampato (o\u00f9 se trouve la momie Juanita), Coropuna et Hualcahualca.<\/strong>.<\/p>\n<p><strong>Descente et retour palpitants :<\/strong><br \/>\nLa descente est une aventure en soi - glisser le long de l'eau. <strong>cendres volcaniques et dunes<\/strong> permet d'obtenir un <strong>rapide, amusant et sans effort<\/strong> voyage. En quelques <strong>1,5 heure<\/strong>vous atteindrez <strong>4 100 m\u00e8tres<\/strong>, o\u00f9 votre <strong>Un 4\u00d74 vous attend<\/strong> pour un retour confortable \u00e0 Arequipa par <strong>2:30 PM<\/strong>avec un d\u00e9p\u00f4t \u00e0 l'endroit de votre choix.<\/p>\n<p><strong>Inclusions :<\/strong><br \/>\n\u2714 <strong>Guide de montagne expert et bilingue<\/strong> (espagnol-anglais)<br \/>\n\u2714 <strong>Transport priv\u00e9 en 4\u00d74<\/strong><br \/>\n\u2714 <strong>Mat\u00e9riel d'escalade complet<\/strong> (sac de couchage, tente, matelas, crampons, piolet, corde...)<strong>si les conditions d'enneigement l'exigent<\/strong>)<br \/>\n\u2714 <strong>Des repas nourrissants<\/strong> (1 panier-repas, 1 d\u00eener chaud, 1 petit-d\u00e9jeuner chaud)<br \/>\n\u2714 <strong>Bouteille d'oxyg\u00e8ne d'urgence<\/strong> (disponible dans le 4\u00d74)<br \/>\n\u2714 <strong>Trousse de premiers secours<\/strong><br \/>\n\u2714 <strong>Installation du camp et personnel de soutien<\/strong><\/p>\n<p><strong>Non inclus :<\/strong><br \/>\n\u2716 <strong>4 litres d'eau<\/strong> (pour la cuisine et l'usage personnel)<br \/>\n\u2716 <strong>En-cas<\/strong><br \/>\n\u2716 <strong>B\u00e2tons de trekking<\/strong><br \/>\n\u2716 <strong>Chaussures de randonn\u00e9e<\/strong><\/p>\n<p><strong>Pourquoi choisir cette exp\u00e9dition ?<\/strong><br \/>\nC'est plus qu'une simple ascension, c'est une <strong>L'aventure d'une vie<\/strong> combinant <strong>d\u00e9fi physique, beaut\u00e9 naturelle et merveilles g\u00e9ologiques<\/strong>. Que vous soyez attir\u00e9 par la <strong>lever de soleil spectaculaire<\/strong>Les touristes peuvent aussi s'adonner \u00e0 l'escalade d'un volcan en activit\u00e9 ou assister \u00e0 l'ascension d'une statue de l'artiste. <strong>Le l\u00e9gendaire anneau de feu<\/strong>Misti vous offre une exp\u00e9rience que vous n'oublierez jamais.<\/p>\n<h3><strong>\ud83d\udcb0 TOUR OPTIONS<\/strong><\/h3>\n<ul>\n<li><strong>Grimpeur solitaire<\/strong>: $199<\/li>\n<li><strong>Ajouter un partenaire<\/strong>: +$65 (Partagez l'aventure !)<\/li>\n<\/ul>\n<p><strong>Pr\u00eat \u00e0 relever le d\u00e9fi ?<\/strong> R\u00e9servez d\u00e8s maintenant ou demandez nos groupes journaliers (WhatsApp) et pr\u00e9parez-vous \u00e0 vivre l'aventure de votre vie !<\/p>","protected":false},"excerpt":{"rendered":"<p><strong>\u00c0 la conqu\u00eate du majestueux volcan Misti - Une aventure inoubliable<\/strong><\/p>\n<p>Difficult\u00e9 : Facile<\/p>\n<p>Altitude en pieds : 19,101 ft (5825 m\u00e8tres)<\/p>\n<p>Nous quittons Arequipa \u00e0 8h30 en 4\u00d74 jusqu'au point de chute \u00e0 3'500 m. De l\u00e0, nous commen\u00e7ons la randonn\u00e9e jusqu'au camp de base \u00e0 4'600 m (5 heures environ).<\/p>","protected":false},"featured_media":169,"template":"","meta":{"inline_featured_image":false},"product_brand":[],"product_cat":[17],"product_tag":[25],"class_list":{"0":"post-273","1":"product","2":"type-product","3":"status-publish","4":"has-post-thumbnail","6":"product_cat-arequipa","7":"product_tag-arequipa","9":"first","10":"instock","11":"virtual","12":"purchasable","13":"product-type-appointment"},"exclude_global_add_ons":false,"addons":[{"name":"Ajouter un partenaire pour","type":"input_multiplier","position":0,"required":false,"title_format":"label","description_enable":false,"description":"","placeholder_enable":false,"placeholder":"","display":"select","restrictions_type":"any_text","adjust_price":true,"price":"65","price_type":"flat_fee","restrictions":false,"min":0,"max":0,"options":[],"id":1743636271},{"name":"Nom et adresse de l'h\u00f4tel","type":"custom_text","position":1,"required":true,"title_format":"label","description_enable":false,"description":"","placeholder_enable":false,"placeholder":"","display":"select","restrictions_type":"any_text","adjust_price":false,"price":"","price_type":"flat_fee","restrictions":false,"min":0,"max":0,"options":[],"id":1743636272}],"_links":{"self":[{"href":"https:\/\/freetourperu.com\/fr\/wp-json\/wp\/v2\/product\/273","targetHints":{"allow":["GET"]}}],"collection":[{"href":"https:\/\/freetourperu.com\/fr\/wp-json\/wp\/v2\/product"}],"about":[{"href":"https:\/\/freetourperu.com\/fr\/wp-json\/wp\/v2\/types\/product"}],"wp:featuredmedia":[{"embeddable":true,"href":"https:\/\/freetourperu.com\/fr\/wp-json\/wp\/v2\/media\/169"}],"wp:attachment":[{"href":"https:\/\/freetourperu.com\/fr\/wp-json\/wp\/v2\/media?parent=273"}],"wp:term":[{"taxonomy":"product_brand","embeddable":true,"href":"https:\/\/freetourperu.com\/fr\/wp-json\/wp\/v2\/product_brand?post=273"},{"taxonomy":"product_cat","embeddable":true,"href":"https:\/\/freetourperu.com\/fr\/wp-json\/wp\/v2\/product_cat?post=273"},{"taxonomy":"product_tag","embeddable":true,"href":"https:\/\/freetourperu.com\/fr\/wp-json\/wp\/v2\/product_tag?post=273"}],"curies":[{"name":"wp","href":"https:\/\/api.w.org\/{rel}","templated":true}]}}