{"id":25464,"date":"2023-01-05T17:30:07","date_gmt":"2023-01-05T17:30:07","guid":{"rendered":"http:\/\/freetourperu.com\/?post_type=product&#038;p=25464"},"modified":"2025-11-09T00:00:17","modified_gmt":"2025-11-09T00:00:17","slug":"chachani-volcano-1-day","status":"publish","type":"product","link":"https:\/\/freetourperu.com\/fr\/produit\/chachani-volcano-1-day\/","title":{"rendered":"Volcan Chachani 1 jour"},"content":{"rendered":"<p><strong>\ud83c\udfd4\ufe0f Conquer Chachani Volcano Summit - 6,075m Expedition !<\/strong><\/p>\n<p><strong>\ud83c\udf0b Ascension d'une journ\u00e9e du volcan iconique (\u00e9teint) d'Arequipa | D\u00e9part \u00e0 1 heure du matin<\/strong><\/p>\n<p><strong>\"Au sommet d'un g\u00e9ant recouvert de neige, vous pourrez contempler les Andes.<\/strong><\/p>\n<h3><strong>\ud83d\udd25 Pourquoi Chachani ?<\/strong><\/h3>\n<p>\u2714 <strong>Le sommet de 6 000 m le plus accessible d'Arequipa<\/strong> - Id\u00e9al pour les personnes qui font de l'escalade en haute altitude pour la premi\u00e8re fois<br \/>\n\u2714 <strong>Une vue imprenable sur les sommets<\/strong> - Voir Misti, Ubinas et l'altiplano andin<br \/>\n\u2714 <strong>Aventures dans la neige<\/strong> (saisonnier) - Utiliser des crampons et des piolets lorsque les conditions le permettent.<br \/>\n\u2714 <strong>Une ascension enti\u00e8rement soutenue<\/strong> - Guides experts et \u00e9quipement de s\u00e9curit\u00e9 inclus<\/p>\n<h3><strong>\u26d1\ufe0f Safety-First Expedition comprend :<\/strong><\/h3>\n<ul>\n<li><strong>\ud83e\uddd7\u2642\ufe0f Guide de montagne professionnel bilingue<\/strong> (espagnol\/anglais)<\/li>\n<li><strong>\ud83d\ude99 4\u00d74 transport<\/strong><\/li>\n<li><strong>\u2744\ufe0f Mat\u00e9riel d'escalade complet<\/strong> (crampons, piolet, cordes, etc.) <em>par temps de neige<\/em>)<\/li>\n<li><strong>\ud83c\udf72 Petit-d\u00e9jeuner chaud en montagne<\/strong> au camp de base (5 300 m)<\/li>\n<li><strong>\ud83d\udca8 Oxyg\u00e8ne d'urgence<\/strong> &amp; trousse de premiers secours<\/li>\n<\/ul>\n<h3><strong>\ud83d\udcc5 Chronologie de la journ\u00e9e du sommet :<\/strong><\/h3>\n<p><strong>1:00 AM<\/strong> - D\u00e9part d'Arequipa (2 300 m)<br \/>\n<strong>3:00 AM<\/strong> - D\u00e9but de la randonn\u00e9e au point de d\u00e9part du sentier de 5 000 m.<br \/>\n<strong>5:00 AM<\/strong> - Atteindre le camp de base (5 300 m) pour le th\u00e9 de coca et le petit d\u00e9jeuner.<br \/>\n<strong>7:00 AM<\/strong> - Derni\u00e8re pouss\u00e9e vers le sommet (6 075 m)<br \/>\n<strong>10:00 AM<\/strong> - <strong>SOMMET ATTEINT !<\/strong> (en fonction des conditions m\u00e9t\u00e9orologiques)<br \/>\n<strong>17:00 HEURES<\/strong> - Retour \u00e0 Arequipa<\/p>\n<h3><strong>\ud83c\udf92 Liste d'emballage (non inclus) :<\/strong><\/h3>\n<ul>\n<li><strong>4L d'eau min<\/strong><\/li>\n<li><strong>En-cas \u00e0 haute teneur \u00e9nerg\u00e9tique<\/strong> (noix, chocolat, barres \u00e9nerg\u00e9tiques)<\/li>\n<li><strong>Chaussures d'alpinisme<\/strong> (semelle rigide, soutien de la cheville)<\/li>\n<li><strong>Lampe frontale<\/strong> + piles suppl\u00e9mentaires<\/li>\n<li><strong>B\u00e2tons de trekking<\/strong> (fortement recommand\u00e9)<\/li>\n<li><strong>Sac \u00e0 dos 40L<\/strong> pour les couches et l'\u00e9quipement<\/li>\n<li>Couches chaudes<\/li>\n<\/ul>\n<h3><strong>\u26a0\ufe0f Notes importantes :<\/strong><\/h3>\n<ul>\n<li><strong>Avertissement d'altitude :<\/strong> Exigences <strong>2 \u00e0 3 jours d'acclimatation<\/strong> \u00e0 Arequipa d'abord<\/li>\n<li><strong>Conditions d'enneigement :<\/strong> Le sommet peut \u00eatre rocailleux (meilleure neige en d\u00e9cembre-mars).<\/li>\n<li><strong>Niveau d'aptitude physique :<\/strong> Un d\u00e9fi mais r\u00e9alisable pour les randonneurs actifs<\/li>\n<\/ul>\n<p><strong>\"Ce moment o\u00f9 vous atteignez le sommet et o\u00f9 vous voyez Misti vous sourire... \u00e7a n'a pas de prix !<\/strong> - Nouveau grimpeur<\/p>\n<p><strong>\ud83d\udcf2 R\u00e9servez votre ascension d\u00e8s aujourd'hui !<\/strong><br \/>\n<em>(D\u00e9parts quotidiens limit\u00e9s - les conditions d'enneigement varient)<\/em><\/p>\n<p>\ud83d\udc49 <strong>Parfait pour :<\/strong> Les amateurs d'aventure - Les alpinistes en herbe - Ceux qui veulent tester leurs limites !<\/p>\n<p><strong>\u2744\ufe0f Conseil local :<\/strong> Pour de meilleures conditions d'enneigement, grimpez entre juin et ao\u00fbt !<\/p>","protected":false},"excerpt":{"rendered":"<ul>\n<li><strong>Ajouter un partenaire<\/strong>: +$50 (Share the adventure!)<\/li>\n<\/ul>\n<p>Difficult\u00e9 : Moyenne<\/p>\n<p>Altitude en pieds : 19931.102 ft (6075 m.)<\/p>\n<p>A 55 km de la ville d'Arequipa (34, 1754 miles)<\/p>\n<p>Type de volcan : Volcan \u00e0 strates<\/p>","protected":false},"featured_media":343,"template":"","meta":{"inline_featured_image":false},"product_brand":[],"product_cat":[17],"product_tag":[],"class_list":{"0":"post-25464","1":"product","2":"type-product","3":"status-publish","4":"has-post-thumbnail","6":"product_cat-arequipa","8":"first","9":"instock","10":"virtual","11":"purchasable","12":"product-type-appointment"},"exclude_global_add_ons":false,"addons":[{"name":"Ajouter un partenaire","type":"input_multiplier","position":0,"required":false,"title_format":"label","description_enable":false,"description":"","placeholder_enable":false,"placeholder":"","display":"select","restrictions_type":"any_text","adjust_price":true,"price":"50","price_type":"flat_fee","restrictions":true,"min":1,"max":4,"options":[],"id":1743529490},{"name":"Nom et adresse de l'h\u00f4tel","type":"custom_text","position":1,"required":true,"title_format":"label","description_enable":false,"description":"","placeholder_enable":false,"placeholder":"","display":"select","restrictions_type":"only_letters_numbers","adjust_price":false,"price":"","price_type":"flat_fee","restrictions":false,"min":0,"max":0,"options":[],"id":1743529491}],"_links":{"self":[{"href":"https:\/\/freetourperu.com\/fr\/wp-json\/wp\/v2\/product\/25464","targetHints":{"allow":["GET"]}}],"collection":[{"href":"https:\/\/freetourperu.com\/fr\/wp-json\/wp\/v2\/product"}],"about":[{"href":"https:\/\/freetourperu.com\/fr\/wp-json\/wp\/v2\/types\/product"}],"wp:featuredmedia":[{"embeddable":true,"href":"https:\/\/freetourperu.com\/fr\/wp-json\/wp\/v2\/media\/343"}],"wp:attachment":[{"href":"https:\/\/freetourperu.com\/fr\/wp-json\/wp\/v2\/media?parent=25464"}],"wp:term":[{"taxonomy":"product_brand","embeddable":true,"href":"https:\/\/freetourperu.com\/fr\/wp-json\/wp\/v2\/product_brand?post=25464"},{"taxonomy":"product_cat","embeddable":true,"href":"https:\/\/freetourperu.com\/fr\/wp-json\/wp\/v2\/product_cat?post=25464"},{"taxonomy":"product_tag","embeddable":true,"href":"https:\/\/freetourperu.com\/fr\/wp-json\/wp\/v2\/product_tag?post=25464"}],"curies":[{"name":"wp","href":"https:\/\/api.w.org\/{rel}","templated":true}]}}