{"id":17,"date":"2019-06-27T18:03:57","date_gmt":"2019-06-27T18:03:57","guid":{"rendered":"http:\/\/freetourperu.com\/?post_type=product&#038;p=17"},"modified":"2026-02-04T09:11:31","modified_gmt":"2026-02-04T09:11:31","slug":"downtown-walking-city-tour-cusco","status":"publish","type":"product","link":"https:\/\/freetourperu.com\/fr\/produit\/downtown-walking-city-tour-cusco\/","title":{"rendered":"Free Tour Cusco"},"content":{"rendered":"<p style=\"text-align: center;\"><b>WHERE:<\/b> Point de rencontre <a href=\"https:\/\/www.google.com\/maps\/dir\/\/free+walking+tour+cusco+%7C+inka,+Catedral+Cusco+Free+walking+inka,+Cusco+08002,+Peru\/@47.063857,9.5074031,2555m\/data=!3m1!1e3!4m8!4m7!1m0!1m5!1m1!1s0x916dd742feb4f13b:0xcf0c0117d2a5c6e7!2m2!1d-71.9780266!2d-13.5167972?entry=ttu&amp;g_ep=EgoyMDI2MDIwMS4wIKXMDSoASAFQAw%3D%3D\">Corner of the Catedral Cusco Free walking inka, Cusco 08002, Peru\u00a0<\/a>Please use our <a href=\"https:\/\/www.google.com\/maps\/dir\/\/free+walking+tour+cusco+%7C+inka,+Catedral+Cusco+Free+walking+inka,+Cusco+08002,+Peru\/@47.063857,9.5074031,2555m\/data=!3m1!1e3!4m8!4m7!1m0!1m5!1m1!1s0x916dd742feb4f13b:0xcf0c0117d2a5c6e7!2m2!1d-71.9780266!2d-13.5167972?entry=ttu&amp;g_ep=EgoyMDI2MDIwMS4wIKXMDSoASAFQAw%3D%3D\"><b>Google map of Cusco City<\/b><\/a>\u00a0for directions to the tour starting point. Tour ends at the east side of the Cusco City<\/p>\n<p>Operated by Free walking Inka Cusco<\/p>\n<p style=\"text-align: center;\"><b>Comment reconna\u00eetre nos guides touristiques ?\u00a0<\/b>LOOK FOR THE CHERRY \u00a0T-SHIRT, do not get confused, only <a href=\"https:\/\/www.google.com\/maps\/dir\/free+walking+tour+cusco+%7C+inka,+Catedral+Cusco+Free+walking+inka,+Cusco+08002,+Peru\/free+walking+tour+cusco+%7C+inka,+Catedral+Cusco+Free+walking+inka,+Cusco+08002,+Peru\/@47.0638571,9.5074031,2555m\/data=!3m2!1e3!4b1!4m13!4m12!1m5!1m1!1s0x916dd742feb4f13b:0xcf0c0117d2a5c6e7!2m2!1d-71.9780266!2d-13.5167972!1m5!1m1!1s0x916dd742feb4f13b:0xcf0c0117d2a5c6e7!2m2!1d-71.9780266!2d-13.5167972?entry=ttu&amp;g_ep=EgoyMDI2MDIwMS4wIKXMDSoASAFQAw%3D%3D\">Free Walking Inka Cusco<\/a> logo.<\/p>\n<p><i>QUE NOUS VISITERONS AU COURS DEL TOUR :<\/i><\/p>\n<p>Briefing historique de la ville de Cusco<\/p>\n<ul>\n<li>Basilique cath\u00e9drale<\/li>\n<li>Temple of Triumph<\/li>\n<li>Plaza de Armas de Cusco (place des guerriers Inkas)<\/li>\n<li>Calle del sol<\/li>\n<li>Palais Tupac Yupanqui<\/li>\n<li>Cusicancha (comprendre la distribution urbaine dans les timbres Inka)<\/li>\n<li>Qoricancha (centre de spiritualit\u00e9 du monde andin)<\/li>\n<li>Rimac pampa. (relief de la patte du puma)<\/li>\n<li>Puma curcco. (la rue Inka la plus longue et la plus \u00e9tendue)<\/li>\n<li>La pierre \u00e0 12 angles<\/li>\n<li>Plaza Cusipata<\/li>\n<li>House of the Inka Garcilaso de la Vega<\/li>\n<li>Plaza San Francisco - jardin botanique de Cusco<\/li>\n<\/ul>\n<p style=\"text-align: center;\"><b>Langue :<\/b>\u00a0La visite se fait en anglais et en espagnol.<\/p>\n<p><b>Co\u00fbt<\/b>:<\/p>\n<p>Nous avons les meilleurs guides touristiques qui travaillent jour apr\u00e8s jour, qui cr\u00e9ent des tours amusantes et divertissantes pour que vous puissiez conna\u00eetre les aspects les plus importants d'une ville, ils connaissent bien la ville que vous visitez et ils vous aideront \u00e0 faire le voyage de votre vie.<\/p>\n<p><strong>C'est pourquoi la plupart des marcheurs de FREE TOUR PERU donnent g\u00e9n\u00e9ralement entre 20 et 50 S\/. par personne, mais comme nous l'avons dit, vous pouvez choisir de donner plus ou moins en fonction de votre exp\u00e9rience.<\/strong><\/p>","protected":false},"excerpt":{"rendered":"<p style=\"text-align: center;\"><strong>FROM MONDAY TO SATURDAY<\/strong><\/p>\n<p style=\"text-align: center;\">First Departure: \u00a0 10:45 a.m.<\/p>\n<p style=\"text-align: center;\">Second Departure:\u00a0 \u00a0 13:30 p.m.<\/p>\n<p style=\"text-align: center;\">Third Departure: 15:30 p.m.<\/p>\n<p style=\"text-align: center;\"><b>DUR\u00c9E :<\/b>\u00a0Approximately 2 hours and a half.<\/p>\n<p>&nbsp;<\/p>","protected":false},"featured_media":144,"template":"","meta":{"inline_featured_image":false},"product_brand":[],"product_cat":[21],"product_tag":[],"class_list":{"0":"post-17","1":"product","2":"type-product","3":"status-publish","4":"has-post-thumbnail","6":"product_cat-cuzco","8":"first","9":"instock","10":"virtual","11":"purchasable","12":"product-type-appointment"},"exclude_global_add_ons":[],"addons":[],"_links":{"self":[{"href":"https:\/\/freetourperu.com\/fr\/wp-json\/wp\/v2\/product\/17","targetHints":{"allow":["GET"]}}],"collection":[{"href":"https:\/\/freetourperu.com\/fr\/wp-json\/wp\/v2\/product"}],"about":[{"href":"https:\/\/freetourperu.com\/fr\/wp-json\/wp\/v2\/types\/product"}],"wp:featuredmedia":[{"embeddable":true,"href":"https:\/\/freetourperu.com\/fr\/wp-json\/wp\/v2\/media\/144"}],"wp:attachment":[{"href":"https:\/\/freetourperu.com\/fr\/wp-json\/wp\/v2\/media?parent=17"}],"wp:term":[{"taxonomy":"product_brand","embeddable":true,"href":"https:\/\/freetourperu.com\/fr\/wp-json\/wp\/v2\/product_brand?post=17"},{"taxonomy":"product_cat","embeddable":true,"href":"https:\/\/freetourperu.com\/fr\/wp-json\/wp\/v2\/product_cat?post=17"},{"taxonomy":"product_tag","embeddable":true,"href":"https:\/\/freetourperu.com\/fr\/wp-json\/wp\/v2\/product_tag?post=17"}],"curies":[{"name":"wp","href":"https:\/\/api.w.org\/{rel}","templated":true}]}}