{"id":16220,"date":"2022-06-07T21:06:46","date_gmt":"2022-06-07T21:06:46","guid":{"rendered":"http:\/\/freetourperu.com\/?post_type=product&#038;p=16220"},"modified":"2025-12-09T17:14:49","modified_gmt":"2025-12-09T17:14:49","slug":"dune-buggy-sandboarding","status":"publish","type":"product","link":"https:\/\/freetourperu.com\/fr\/produit\/dune-buggy-sandboarding\/","title":{"rendered":"Dune Buggy &#038; Sand-boarding"},"content":{"rendered":"<div class=\"activity-accordion-item__content activity-accordion-item__content--hidden\">\n<section class=\"activity-swap-columns\" data-v-1bcbc5ad=\"\">\n<div class=\"overlay\" data-v-1bcbc5ad=\"\">\n<div id=\"activity-experience\" class=\"activity-experience js-section-content\" data-v-72493dfc=\"\" data-v-1bcbc5ad=\"\">\n<section class=\"full-description activity-experience__item\" data-test-id=\"activity-full-description\" data-v-0ee513c0=\"\" data-v-72493dfc=\"\">\n<div class=\"activity-accordion-item\" data-v-0ee513c0=\"\">\n<div class=\"activity-accordion-item-header\">\n<div class=\"activity-accordion-item__content activity-accordion-item__content--hidden\">\n<section class=\"toggle-content\" data-v-772d15b6=\"\" data-v-0ee513c0=\"\">\n<div class=\"toggle-content__content toggle-content__content--expanded toggle-content__content--packable\" data-v-772d15b6=\"\">\n<div data-v-772d15b6=\"\" data-v-0ee513c0=\"\">\n<h3><strong>\ud83d\ude80 Faits marquants : Une aventure dans le d\u00e9sert pleine d'adr\u00e9naline !<\/strong><\/h3>\n<p>\u2714 <strong>Course sur les dunes dor\u00e9es<\/strong> dans un puissant <strong>Buggy 4\u00d74<\/strong>-comme des montagnes russes dans le d\u00e9sert !<br \/>\n\u2714 <strong>Descente de pentes abruptes en sandboard<\/strong>-Les d\u00e9butants et les professionnels s'en donneront \u00e0 c\u0153ur joie !<br \/>\n\u2714 <strong>Assister \u00e0 un coucher de soleil \u00e9poustouflant dans le d\u00e9sert<\/strong>-Parfait pour des photos \u00e9piques.<br \/>\n\u2714 <strong>Explorer Huacachina<\/strong>L'unique oasis du P\u00e9rou, de la mani\u00e8re la plus excitante qui soit !<\/p>\n<hr \/>\n<h3><strong>\ud83c\udf35 Full Description: Dune Buggy &amp; Sand-boarding\u00a0Adventure<\/strong><\/h3>\n<p>Pr\u00e9parez-vous \u00e0 <strong>l'ultime frisson du d\u00e9sert !<\/strong> Ce circuit plein d'\u00e9nergie vous emm\u00e8ne au c\u0153ur des sables dor\u00e9s de Huacachina, o\u00f9 l'aventure vous attend \u00e0 chaque tournant.<\/p>\n<p><strong>\ud83d\ude99 Dune Buggy Rush :<\/strong><br \/>\nAccrochez-vous bien tandis que votre chauffeur expert franchit \u00e0 toute allure d'immenses dunes, dont certaines sont aussi hautes que la mer. <strong>30 m\u00e8tres !<\/strong> Sentez l'adr\u00e9naline lorsque vous <strong>d\u00e9valer des pentes abruptes<\/strong> et prendre l'air sur les bosses. (Oui, c'est aussi amusant que \u00e7a en a l'air !)<\/p>\n<p><strong>\ud83c\udfc2 Le sandboarding comme un pro :<\/strong><br \/>\nVous n'avez jamais essay\u00e9 le sandboarding ? Pas de probl\u00e8me ! Votre guide vous enseignera les meilleures techniques pour <strong>glisser sur les dunes<\/strong> en toute s\u00e9curit\u00e9, que ce soit en position assise, couch\u00e9e ou (pour les plus courageux) debout !<\/p>\n<p><strong>\ud83c\udf05 Sunset Magic :<\/strong><br \/>\nApr\u00e8s l'excitation, d\u00e9tendez-vous et impr\u00e9gnez-vous de l'atmosph\u00e8re de la ville. <strong>l'un des plus grands spectacles de la nature<\/strong>-Le coucher de soleil sur le d\u00e9sert sans fin. Votre chauffeur vous conduira au <strong>les meilleurs endroits pour prendre des photos<\/strong> pour des souvenirs inoubliables.<\/p>\n<p><strong>Option priv\u00e9e ?<\/strong> Vous voulez un <strong>aventure personnalis\u00e9e ?<\/strong> Choisissez la visite priv\u00e9e pour personnaliser votre itin\u00e9raire, votre horaire et votre exp\u00e9rience ! (prix suppl\u00e9mentaire)<\/p>\n<hr \/>\n<h3><strong>\ud83d\udccc Infos pratiques<\/strong><\/h3>\n<p>\ud83d\udccd <strong>Point de rencontre<\/strong> <span class=\"activity-inclusions__test activity-inclusions__test--include\" data-v-0d17907c=\"\"><a href=\"https:\/\/www.google.com\/maps\/place\/Senoma+Hotel+-+Adults+Only\/@-14.0865774,-75.7643797,19.94z\/data=!4m9!3m8!1s0x9110e3c7401a95bd:0x17b7b1e03a44bc7d!5m2!4m1!1i2!8m2!3d-14.0866491!4d-75.7644078!16s%2Fg%2F11xdtdwmz1?entry=ttu&amp;g_ep=EgoyMDI1MDkyMi4wIKXMDSoASAFQAw%3D%3D\">SEMONA h\u00f4tel \u00e0 Huacachina\u00a0<\/a><\/span><br \/>\n\u2705 <strong>Comprend :<\/strong><\/p>\n<ul>\n<li>Buggy ride &amp; sand-boarding equipment<\/li>\n<li>Chauffeur\/guide expert<\/li>\n<\/ul>\n<p>\u274c <strong>Non inclus :<\/strong><\/p>\n<ul>\n<li>Alimentation et boissons<\/li>\n<li>Droits d'entr\u00e9e<\/li>\n<li>Assurance voyage<\/li>\n<\/ul>\n<p>\u26a0 <strong>Ne convient pas pour :<\/strong><\/p>\n<ul>\n<li>Enfants de moins de 9 ans<\/li>\n<li>Femmes enceintes<\/li>\n<li>Personnes souffrant de probl\u00e8mes de dos ou de mobilit\u00e9<\/li>\n<li>Utilisateurs de fauteuils roulants<\/li>\n<\/ul>\n<p>\ud83d\udeab <strong>A noter :<\/strong> Les grands sacs\/bagages ne sont pas autoris\u00e9s.<\/p>\n<hr \/>\n<h3><strong>\ud83d\udd25 Pr\u00eat pour le voyage de votre vie ? R\u00e9servez d\u00e8s maintenant !<\/strong><\/h3>\n<\/div>\n<div data-v-772d15b6=\"\" data-v-0ee513c0=\"\">\n<div class=\"activity-accordion-item__content activity-accordion-item__content--hidden\">\n<section class=\"activity-inclusions\" data-test-id=\"activity-inclusions\" data-v-0d17907c=\"\" data-v-473d7442=\"\">\n<ul class=\"activity-inclusions-inclusion\" data-v-0d17907c=\"\">\n<li class=\"activity-inclusions__item activity-inclusions__item--inclusion\" data-v-0d17907c=\"\"><span class=\"activity-inclusions__test activity-inclusions__test--include\" data-v-0d17907c=\"\">Point de rencontre <a href=\"https:\/\/www.google.com\/maps\/place\/Senoma+Hotel+-+Adults+Only\/@-14.0865774,-75.7643797,19.94z\/data=!4m9!3m8!1s0x9110e3c7401a95bd:0x17b7b1e03a44bc7d!5m2!4m1!1i2!8m2!3d-14.0866491!4d-75.7644078!16s%2Fg%2F11xdtdwmz1?entry=ttu&amp;g_ep=EgoyMDI1MDkyMi4wIKXMDSoASAFQAw%3D%3D\">SEMONA h\u00f4tel \u00e0 Huacachina\u00a0<\/a><\/span><\/li>\n<\/ul>\n<section id=\"preparation-info\" class=\"preparation-info js-section-content\" data-v-5ea1526e=\"\" data-v-1bcbc5ad=\"\">\n<section id=\"section--important-information\" class=\"activity-important-information preparation-info__item preparation-info__important-information\" data-test-id=\"activity-important-information\" data-v-45a03bbc=\"\" data-v-5ea1526e=\"\">\n<div class=\"activity-accordion-item\" data-v-45a03bbc=\"\">\n<div class=\"activity-accordion-item-header\">\n<div class=\"activity-accordion-item__content activity-accordion-item__content--hidden\">\n<div class=\"activity-important-information__content\" data-v-45a03bbc=\"\">\n<section class=\"toggle-content\" data-v-772d15b6=\"\" data-v-45a03bbc=\"\">\n<div class=\"toggle-content__content toggle-content__content--packable\" data-v-772d15b6=\"\">\n<section class=\"toggle-content\" data-v-772d15b6=\"\" data-v-45a03bbc=\"\">\n<div class=\"toggle-content__content\" data-v-772d15b6=\"\"><\/div>\n<\/section>\n<\/div>\n<\/section>\n<\/div>\n<\/div>\n<\/div>\n<\/div>\n<\/section>\n<\/section>\n<\/section>\n<\/div>\n<\/div>\n<\/div>\n<\/section>\n<\/div>\n<\/div>\n<\/div>\n<\/section>\n<\/div>\n<\/div>\n<\/section>\n<\/div>","protected":false},"excerpt":{"rendered":"<div data-v-6a808e32=\"\">\n<p><strong>Horaires :\u00a0<\/strong>Du lundi au dimanche<\/p>\n<p><strong>Point de rencontre : <\/strong>Semona Hotel in Huacachina (oasis) <a href=\"https:\/\/maps.app.goo.gl\/7mA6Rc6k2umcpYu67\">av. Angela Perotti Huacachina 11000 P\u00e9rou.<\/a><\/p>\n<ul>\n<li><strong><i class=\"fas fa-hands\"><\/i> Veuillez apporter<\/strong>\n<div class=\"overlay\" data-v-1bcbc5ad=\"\">\n<div id=\"activity-experience\" class=\"activity-experience js-section-content\" data-v-72493dfc=\"\" data-v-1bcbc5ad=\"\">\n<section id=\"not-suitable-for\" class=\"activity-experience__item\" data-v-7d1b4c3a=\"\" data-v-72493dfc=\"\">\n<div class=\"activity-accordion-item\" data-v-7d1b4c3a=\"\">\n<div class=\"activity-accordion-item__content activity-accordion-item__content--hidden\"><\/div>\n<\/div>\n<\/section>\n<\/div>\n<\/div>\n<section id=\"preparation-info\" class=\"preparation-info js-section-content\" data-v-5ea1526e=\"\" data-v-1bcbc5ad=\"\">\n<section id=\"section--important-information\" class=\"activity-important-information preparation-info__item preparation-info__important-information\" data-test-id=\"activity-important-information\" data-v-45a03bbc=\"\" data-v-5ea1526e=\"\">\n<div class=\"activity-accordion-item\" data-v-45a03bbc=\"\">\n<div class=\"activity-accordion-item-header\">\n<div class=\"activity-accordion-item__content activity-accordion-item__content--hidden\">\n<div class=\"activity-important-information__content\" data-v-45a03bbc=\"\">\n<section class=\"toggle-content\" data-v-772d15b6=\"\" data-v-45a03bbc=\"\">\n<div class=\"toggle-content__content toggle-content__content--packable\" data-v-772d15b6=\"\">\n<ul class=\"activity-important-information__list to-bring\" data-v-772d15b6=\"\" data-v-45a03bbc=\"\">\n<li class=\"activity-important-information__item\" data-v-772d15b6=\"\" data-v-45a03bbc=\"\">Chaussures confortables<\/li>\n<li class=\"activity-important-information__item\" data-v-772d15b6=\"\" data-v-45a03bbc=\"\">Coupe-vent<\/li>\n<li class=\"activity-important-information__item\" data-v-772d15b6=\"\" data-v-45a03bbc=\"\">Lunettes de soleil<\/li>\n<li class=\"activity-important-information__item\" data-v-772d15b6=\"\" data-v-45a03bbc=\"\">Chapeau de soleil<\/li>\n<\/ul>\n<\/div>\n<\/section>\n<\/div>\n<\/div>\n<\/div>\n<\/div>\n<\/section>\n<\/section>\n<\/li>\n<\/ul>\n<\/div>\n<div data-v-6a808e32=\"\"><\/div>\n<div data-v-6a808e32=\"\"><\/div>\n<div data-v-6a808e32=\"\"><\/div>","protected":false},"featured_media":16219,"template":"","meta":{"inline_featured_image":false},"product_brand":[],"product_cat":[15],"product_tag":[],"class_list":{"0":"post-16220","1":"product","2":"type-product","3":"status-publish","4":"has-post-thumbnail","6":"product_cat-ica","8":"first","9":"instock","10":"virtual","11":"purchasable","12":"product-type-appointment"},"exclude_global_add_ons":false,"addons":[{"name":"Meeting Point: Semona Hotel Huacachina (av. Angela Perotti, Huacachina 11000)","type":"heading","position":0,"required":true,"title_format":"label","description_enable":false,"description":"","placeholder_enable":false,"placeholder":"","display":"select","restrictions_type":"any_text","adjust_price":false,"price":"","price_type":"flat_fee","restrictions":false,"min":0,"max":0,"options":[],"id":1743445855}],"_links":{"self":[{"href":"https:\/\/freetourperu.com\/fr\/wp-json\/wp\/v2\/product\/16220","targetHints":{"allow":["GET"]}}],"collection":[{"href":"https:\/\/freetourperu.com\/fr\/wp-json\/wp\/v2\/product"}],"about":[{"href":"https:\/\/freetourperu.com\/fr\/wp-json\/wp\/v2\/types\/product"}],"wp:featuredmedia":[{"embeddable":true,"href":"https:\/\/freetourperu.com\/fr\/wp-json\/wp\/v2\/media\/16219"}],"wp:attachment":[{"href":"https:\/\/freetourperu.com\/fr\/wp-json\/wp\/v2\/media?parent=16220"}],"wp:term":[{"taxonomy":"product_brand","embeddable":true,"href":"https:\/\/freetourperu.com\/fr\/wp-json\/wp\/v2\/product_brand?post=16220"},{"taxonomy":"product_cat","embeddable":true,"href":"https:\/\/freetourperu.com\/fr\/wp-json\/wp\/v2\/product_cat?post=16220"},{"taxonomy":"product_tag","embeddable":true,"href":"https:\/\/freetourperu.com\/fr\/wp-json\/wp\/v2\/product_tag?post=16220"}],"curies":[{"name":"wp","href":"https:\/\/api.w.org\/{rel}","templated":true}]}}