{"id":15360,"date":"2022-06-07T19:59:41","date_gmt":"2022-06-07T19:59:41","guid":{"rendered":"http:\/\/freetourperu.com\/?post_type=product&#038;p=15360"},"modified":"2022-06-07T21:19:57","modified_gmt":"2022-06-07T21:19:57","slug":"private-walking-tour-of-cusco","status":"publish","type":"product","link":"https:\/\/freetourperu.com\/fr\/produit\/visite-privee-a-pied-de-cusco\/","title":{"rendered":"Tour priv\u00e9e de Cusco \u00e0 pied"},"content":{"rendered":"<h3>Itin\u00e9raire<\/h3>\n<p>L'itin\u00e9raire ci-dessous est susceptible d'\u00eatre modifi\u00e9 en raison de gr\u00e8ves, de probl\u00e8mes m\u00e9t\u00e9orologiques et de festivit\u00e9s.<\/p>\n<ol>\n<li>Prise en charge \u00e0 l'h\u00f4tel - le cas \u00e9ch\u00e9ant ou sur demande<\/li>\n<li>Nous allons explorer les <strong>Plazoleta Regocijo<\/strong> et le <strong>H\u00f4tel de ville - <\/strong>visite ext\u00e9rieure<\/li>\n<li>Ensuite, nous allons appuyer sur la touche <strong>San Francisco Plaza<\/strong> et le<strong> Arche de Sainte-Claire<\/strong><\/li>\n<li>Nous nous plongerons dans le march\u00e9 le plus traditionnel de Cusco, connu sous le nom de <strong>Mercado San Pedro - <\/strong>visite int\u00e9rieure<\/li>\n<li>Les <a href=\"https:\/\/www.inkanmilkyway.com\/en\/blog\/plaza-de-armas-cusco-main-square\/\"><strong>Plaza de Armas<\/strong><\/a> fait partie de cette tourn\u00e9e o\u00f9 nous parlerons de la <strong>Origines de l'empire inca <\/strong>et le <strong>Cath\u00e9drale<\/strong> <strong>- <\/strong>visite int\u00e9rieure<\/li>\n<li>Nous nous arr\u00eaterons au <strong>Rue du soleil - <\/strong>Inti K'ijllu en langue quechua<\/li>\n<li>Les <strong>Pierre \u00e0 douze faces<\/strong> et le\u00a0<strong>Palais de l'Inca Roq'a<\/strong> sont inclus dans cette visite<\/li>\n<li>Nous allons nous arr\u00eater au <strong>Palais de Pachaquteq - <\/strong>int\u00e9rieur - visite du lundi au vendredi le matin<\/li>\n<li>Enfin, nous terminerons ce circuit par la visite de la <strong>Temple de Qoricancha - <\/strong>visite int\u00e9rieure<\/li>\n<li>Nous terminons cette visite n'importe o\u00f9 dans le centre historique, comme la Plaza de Armas, ou nous vous raccompagnons \u00e0 votre h\u00f4tel, \u00e0 condition qu'il soit situ\u00e9 dans le centre de la ville.<\/li>\n<\/ol>\n<p><strong>Remarque :<\/strong> Lors de cette visite priv\u00e9e, nous visiterons les attractions mentionn\u00e9es \u00e0 l'ext\u00e9rieur, \u00e0 l'exception de certaines d'entre elles ; toutefois, vous pouvez nous contacter et nous ferons de notre mieux. <strong>de modifier l'itin\u00e9raire\u00a0<\/strong>en fonction de vos pr\u00e9f\u00e9rences.<\/p>","protected":false},"excerpt":{"rendered":"<p>&nbsp;<\/p>\n<ul>\n<li><strong><i class=\"far fa-clock\"><\/i> Horaires<\/strong>\n<ul>\n<li>Everyday on request, we recommend 10am or 3pm starting time<\/li>\n<li>Nous ne fonctionnons pas le 1er janvier<\/li>\n<\/ul>\n<\/li>\n<li><strong><i class=\"far fa-comment\"><\/i> Langue <\/strong>\n<ul>\n<li>Only one language (Spanish, English), you choose the language, if you prefer another language, let us know your preference!<\/li>\n<\/ul>\n<\/li>\n<li><strong><i class=\"far fa-hourglass\"><\/i> Dur\u00e9e de l'accord<\/strong>\n<ul>\n<li>Environ 3 heures<\/li>\n<\/ul>\n<\/li>\n<li><strong><i class=\"fas fa-grip-horizontal\"><\/i> Type de voyage<\/strong>\n<ul>\n<li>100% Private tour, the tour is focused on history, designed exclusively for adults<\/li>\n<li>If you have kids, no worries, since this tour is operated privately, we believe they may still like this tour<\/li>\n<\/ul>\n<\/li>\n<li><strong><i class=\"fas fa-bus-alt\"><\/i> Transport<\/strong>\n<ul>\n<li>\u00c0 pied<\/li>\n<\/ul>\n<\/li>\n<li><strong><i class=\"fas fa-wheelchair\"><\/i> Accessibilit\u00e9<\/strong>\n<ul>\n<li>Cette visite est <em>pas<\/em> aux personnes \u00e0 mobilit\u00e9 r\u00e9duite<\/li>\n<\/ul>\n<\/li>\n<li><strong><i class=\"fas fa-map-pin\"><\/i> Lieu de fin de la visite<\/strong>\n<ul>\n<li>We can finish anywhere in the historical center such as the Plaza de Armas or we can walk you back to your hotel as long as it is located in the city center<\/li>\n<\/ul>\n<\/li>\n<li><strong><i class=\"fas fa-hands\"><\/i> Veuillez apporter<\/strong>\n<ul>\n<li>Sweaters or jackets, non-slip walking shoes, raincoats, caps or hats, sunglasses, and water<\/li>\n<\/ul>\n<\/li>\n<li><strong><i class=\"far fa-check-square\"><\/i> Inclus<\/strong>\n<ul>\n<li>The Tour Guide will pick you up from your hotel, Airbnb, or anywhere in Cusco city center<\/li>\n<li>100% authorized exclusive guide and an excellent narrative of history<\/li>\n<\/ul>\n<\/li>\n<li><strong><i class=\"far fa-times-circle\"><\/i> Non inclus <\/strong>\n<ul>\n<li>Conseils (facultatifs)<\/li>\n<li>25 Soles per person for the Cathedral<\/li>\n<li>15 Soles per person for the temple of Qoricancha<\/li>\n<\/ul>\n<\/li>\n<\/ul>\n<p>&nbsp;<\/p>","protected":false},"featured_media":16203,"template":"","meta":{"inline_featured_image":false},"product_brand":[],"product_cat":[21],"product_tag":[],"class_list":{"0":"post-15360","1":"product","2":"type-product","3":"status-publish","4":"has-post-thumbnail","6":"product_cat-cuzco","8":"first","9":"instock","10":"virtual","11":"purchasable","12":"product-type-appointment"},"exclude_global_add_ons":false,"addons":[{"name":"Nom et adresse de l'h\u00f4tel","type":"custom_text","position":0,"required":false,"title_format":"heading","description_enable":true,"description":"","placeholder_enable":false,"placeholder":"","display":"select","restrictions_type":"any_text","adjust_price":false,"price":"","price_type":"flat_fee","restrictions":false,"min":3,"max":0,"options":[]},{"name":"Ajouter d'autres partenaires pour","type":"input_multiplier","position":1,"required":false,"title_format":"label","description_enable":false,"description":"","placeholder_enable":false,"placeholder":"","display":"select","restrictions_type":"any_text","adjust_price":true,"price":"15","price_type":"flat_fee","restrictions":false,"min":0,"max":0,"options":[]}],"_links":{"self":[{"href":"https:\/\/freetourperu.com\/fr\/wp-json\/wp\/v2\/product\/15360","targetHints":{"allow":["GET"]}}],"collection":[{"href":"https:\/\/freetourperu.com\/fr\/wp-json\/wp\/v2\/product"}],"about":[{"href":"https:\/\/freetourperu.com\/fr\/wp-json\/wp\/v2\/types\/product"}],"wp:featuredmedia":[{"embeddable":true,"href":"https:\/\/freetourperu.com\/fr\/wp-json\/wp\/v2\/media\/16203"}],"wp:attachment":[{"href":"https:\/\/freetourperu.com\/fr\/wp-json\/wp\/v2\/media?parent=15360"}],"wp:term":[{"taxonomy":"product_brand","embeddable":true,"href":"https:\/\/freetourperu.com\/fr\/wp-json\/wp\/v2\/product_brand?post=15360"},{"taxonomy":"product_cat","embeddable":true,"href":"https:\/\/freetourperu.com\/fr\/wp-json\/wp\/v2\/product_cat?post=15360"},{"taxonomy":"product_tag","embeddable":true,"href":"https:\/\/freetourperu.com\/fr\/wp-json\/wp\/v2\/product_tag?post=15360"}],"curies":[{"name":"wp","href":"https:\/\/api.w.org\/{rel}","templated":true}]}}