{"id":14744,"date":"2022-05-10T21:46:05","date_gmt":"2022-05-10T21:46:05","guid":{"rendered":"http:\/\/freetourperu.com\/?post_type=product&#038;p=14744"},"modified":"2025-10-29T00:46:55","modified_gmt":"2025-10-29T00:46:55","slug":"tour-of-maras-salt-mines-moray-inca-ruins","status":"publish","type":"product","link":"https:\/\/freetourperu.com\/fr\/produit\/tour-of-maras-salt-mines-moray-inca-ruins\/","title":{"rendered":"Tour des mines de sel de Maras et des Ruines Incas de Moray"},"content":{"rendered":"<p>Notre\u00a0<strong>Tour Maras - Moray<\/strong>\u00a0est facilement l'une des visites les plus populaires pour les visiteurs de Cusco qui aiment l'arch\u00e9ologie, la nature et la vie locale. En seulement 6 heures, nos guides experts vous emm\u00e8neront \u00e0 Maras et Moray : Deux attractions en une seule visite, sachant que les ruines incas de Chinchero ne seront visit\u00e9es que si vous r\u00e9servez un tour priv\u00e9e.<\/p>\n<p><strong>Moray<\/strong> est un ensemble de <strong>plates-formes semi-circulaires<\/strong> qui repr\u00e9sentent diff\u00e9rents niveaux \u00e9cologiques, ce qui signifie diff\u00e9rentes temp\u00e9ratures ; c'est la raison pour laquelle nous sommes arriv\u00e9s \u00e0 la conclusion que Moray \u00e9tait un laboratoire agricole pour l'adaptation de diff\u00e9rentes cultures telles que les pommes de terre, le ma\u00efs, <em>quinoa<\/em>, <em>oca<\/em>, etc.<\/p>\n<p>Pr\u00e8s de Moray, il y a une zone naturelle d'extraction de sel connue sous le nom de <strong><em>Salines de Maras<\/em><\/strong> Il s'est form\u00e9 il y a des millions d'ann\u00e9es et a fait partie du r\u00e9gime alimentaire local pendant des milliers d'ann\u00e9es. Aujourd'hui encore, ce type de sel est utilis\u00e9 pour la consommation locale et r\u00e9gionale ; au cours de cette excursion d'une demi-journ\u00e9e, nous visiterons \u00e9galement cette attraction naturelle.<\/p>\n<ul>\n<li><strong><i class=\"fas fa-wheelchair\"><\/i> Accessibilit\u00e9<\/strong>\n<ul>\n<li>Cette visite est <em>pas<\/em> aux personnes \u00e0 mobilit\u00e9 r\u00e9duite<\/li>\n<\/ul>\n<\/li>\n<li><strong><i class=\"far fa-calendar-alt\"><\/i> Comment faire des r\u00e9servations ?<\/strong>\n<ul>\n<li>Veuillez nous contacter via cette page. Nous vous ferons un devis, et une fois que nous serons d'accord, vous recevrez une offre personnalis\u00e9e avec le prix.<\/li>\n<\/ul>\n<\/li>\n<li><strong><i class=\"fas fa-hands\"><\/i> Veuillez apporter<\/strong>\n<ul>\n<li>Pr\u00e9voyez toujours un sweat \u00e0 capuche ou une veste, des chaussures de marche antid\u00e9rapantes, un imperm\u00e9able, un chapeau, des lunettes de soleil, de l'eau, de la monnaie locale pour les billets d'entr\u00e9e (Tourist Ticket) et des en-cas. Le d\u00e9jeuner n'est pas inclus. L'excursion se termine vers 14 heures dans la ville de Cusco.<\/li>\n<\/ul>\n<\/li>\n<li><strong><i class=\"far fa-check-square\"><\/i> Inclus<\/strong>\n<ul>\n<li>Tour de groupe:\n<ul>\n<li>Prise en charge en bus depuis votre h\u00f4tel si vous restez dans le centre historique<\/li>\n<li>Des guides 100% autoris\u00e9s et un excellent r\u00e9cit de l'histoire<\/li>\n<li>Bus touristique climatis\u00e9<\/li>\n<\/ul>\n<\/li>\n<li>Tour priv\u00e9e :\n<ul>\n<li>Prise en charge par le bus et le guide depuis votre h\u00f4tel, Airbnb ou n'importe o\u00f9 dans la ville de Cusco et nous couvrons \u00e9galement toutes les inclusions mentionn\u00e9es dans le circuit de groupe.<\/li>\n<\/ul>\n<\/li>\n<\/ul>\n<\/li>\n<li><strong><i class=\"far fa-times-circle\"><\/i>Non inclus<br \/>\n<\/strong><\/p>\n<ul>\n<li>Cette excursion ne comprend pas\u00a0<strong>Billet touristique de Cusco<\/strong>que vous devez payer en esp\u00e8ces - monnaie locale - sur les sites arch\u00e9ologiques. Il existe deux types de billets diff\u00e9rents, en fonction du nombre de monuments que vous souhaitez visiter :\n<ul>\n<li>Billet complet : 130 Soles par personne <strong>- <\/strong>environ 38 USD<\/li>\n<li>Billet complet : 130 Soles par personne <strong>-<\/strong> environ 21 USD<\/li>\n<\/ul>\n<\/li>\n<li>Vous aurez besoin d'un billet suppl\u00e9mentaire pour Maras Salineras - mines de sel. Le co\u00fbt est de 10 Soles, achetez-le \u00e0 l'attraction en esp\u00e8ces le jour m\u00eame de votre visite, ils n'acceptent que la monnaie locale en paiement.<\/li>\n<li>Repas<\/li>\n<li>Conseils (facultatif)<\/li>\n<li>* Les enfants et les mineurs peuvent b\u00e9n\u00e9ficier de r\u00e9ductions sur les droits d'entr\u00e9e.<\/li>\n<li>* Le billet touristique ou Boleto Tur\u00edstico vous permettra d'acc\u00e9der aux Ruines Incas, vous pouvez acheter le billet le m\u00eame jour que votre visite | Si vous avez des enfants de plus de 10 ans, ils devront payer le billet, veuillez en savoir plus \u00e0 <a href=\"https:\/\/www.inkanmilkyway.com\/en\/blog\/tourist-ticket-cusco-peru\/\">Qu'est-ce que le billet touristique de Cusco ?<\/a>?<\/li>\n<li>* Apportez de la monnaie locale pour le billet d'entr\u00e9e<\/li>\n<\/ul>\n<\/li>\n<li>\n<h3>Prix<\/h3>\n<ul>\n<li><strong><i class=\"fas fa-users\"><\/i> Tour de groupe:<\/strong>\n<ul>\n<li>30 USD par personne<\/li>\n<\/ul>\n<\/li>\n<li><strong><i class=\"fas fa-user-clock\"><\/i> Tour priv\u00e9e :<\/strong>\n<ul>\n<li>90 USD par personne sur la base de 2 personnes<\/li>\n<li>80 USD par personne sur la base de 3 personnes<\/li>\n<li>70 USD par personne sur la base de 4 personnes<\/li>\n<li>60 USD par personne sur la base de 5 personnes<\/li>\n<\/ul>\n<\/li>\n<\/ul>\n<p>Important pour les enfants :<\/p>\n<ul>\n<li style=\"list-style-type: none;\">\n<ul>\n<li>Les enfants de moins de 4 ans participent gratuitement \u00e0 la visite.<\/li>\n<li>Si vous avez des enfants \u00e2g\u00e9s de 5 \u00e0 10 ans, ils doivent payer le prix de l'excursion pour s'assurer qu'ils ont une place dans le bus.<\/li>\n<li>Nous proposons diff\u00e9rents tarifs pour les enfants \u00e2g\u00e9s de 5 \u00e0 10 ans.<\/li>\n<li>Les enfants de plus de 11 ans et les adolescents paient le tarif normal.<\/li>\n<li>Ne confondez pas le prix du circuit et le prix des billets d'entr\u00e9e aux attractions ; dans ce circuit, nous n'incluons pas le prix des billets d'entr\u00e9e aux attractions.<\/li>\n<\/ul>\n<\/li>\n<\/ul>\n<h3>Point de rencontre<\/h3>\n<ul>\n<li style=\"list-style-type: none;\">\n<ul>\n<li>Tour de groupe : Nous incluons le ramassage en bus depuis votre h\u00f4tel (uniquement si votre h\u00f4tel est situ\u00e9 dans le centre historique) ; sinon, venez \u00e0 l'h\u00f4tel. <a href=\"https:\/\/goo.gl\/maps\/Kez3kZrbN4NiB1Nk9\" target=\"_blank\" rel=\"noopener noreferrer\">Place Rejocijo<\/a>Faites-nous part de votre pr\u00e9f\u00e9rence par e-mail<\/li>\n<li>Tour priv\u00e9e : Nous incluons la prise en charge par un bus et un guide depuis votre h\u00f4tel, Airbnb ou n'importe quel endroit dans la ville de Cusco.<\/li>\n<\/ul>\n<\/li>\n<\/ul>\n<\/li>\n<li>\n<h3>Itin\u00e9raire<\/h3>\n<p>L'itin\u00e9raire ci-dessous peut \u00eatre modifi\u00e9 en fonction des gr\u00e8ves, des festivit\u00e9s et des conditions m\u00e9t\u00e9orologiques.<\/p>\n<ol>\n<li><strong>Tour de groupe : Maras et Moray, excursion d'une demi-journ\u00e9e | max. 19 personnes<\/strong>\n<ul>\n<li>Prise en charge \u00e0 l'h\u00f4tel \u00e0 <strong>8 heures <\/strong>- si applicable<\/li>\n<li>Nous ne visiterons pas les ruines incas de Chincheros<\/li>\n<li>Nous allons frapper <strong>Moray<\/strong> Ruines incas<\/li>\n<li>Nous explorerons <strong>Maras <\/strong>mines de sel<\/li>\n<li>Nous terminons cette visite \u00e0 c\u00f4t\u00e9 de la Plaza de Armas, \u00e0 environ <strong>14 heures<\/strong><\/li>\n<\/ul>\n<\/li>\n<li><strong>Tour priv\u00e9e : Maras, Moray et Chinchero | 100% tour priv\u00e9<\/strong>\n<ul>\n<li>Prise en charge \u00e0 votre h\u00f4tel \u00e0 l'heure demand\u00e9e, nous recommandons <strong>8 heures<\/strong><\/li>\n<li>Nous allons explorer les <strong>Ruines incas de Chinchero<\/strong><\/li>\n<li>Le prochain arr\u00eat est le <strong>March\u00e9 autochtone de Chinchero<\/strong> - facultatif, nous ne visitons ce march\u00e9 artisanal que sur demande<\/li>\n<li>Nous allons frapper <strong>Moray <\/strong>Ruines incas<\/li>\n<li>Enfin, nous allons visiter le site <strong>Maras <\/strong>mines de sel<\/li>\n<li>Nous terminons cette visite n'importe o\u00f9 dans le centre historique, comme la Plaza de Armas, ou nous vous d\u00e9posons \u00e0 votre h\u00f4tel ou Airbnb.<\/li>\n<\/ul>\n<\/li>\n<\/ol>\n<\/li>\n<\/ul>\n<p>&nbsp;<\/p>\n<p>&nbsp;<\/p>","protected":false},"excerpt":{"rendered":"<p>&nbsp;<\/p>\n<ul>\n<li><strong><i class=\"far fa-clock\"><\/i> Horaires<\/strong>\n<ul>\n<li>Group Tour: Every day at 8 am<\/li>\n<li>Private Tour: Every day on Request, we recommend 8am starting time<\/li>\n<li>Nous ne fonctionnons pas le 1er janvier<\/li>\n<\/ul>\n<\/li>\n<li><strong><i class=\"far fa-comment\"><\/i> Langue <\/strong>\n<ul>\n<li>Group Tour: Bilingual (Spanish &amp; English)<\/li>\n<li>Private Tour: Only one language (Spanish, English), you choose the language, if you prefer another language, let us know your preference!<\/li>\n<\/ul>\n<\/li>\n<li><strong><i class=\"far fa-hourglass\"><\/i> Dur\u00e9e de l'accord<\/strong>\n<ul>\n<li>About 6 hours<\/li>\n<\/ul>\n<\/li>\n<li><strong><i class=\"fas fa-grip-horizontal\"><\/i> Type de voyage<\/strong>\n<ul>\n<li>Group tour or 100% Private tour, you choose your cup of tea, the tour is focused on history, designed exclusively for adults<\/li>\n<li>If you have kids, we recommend you to reserve a private tour<\/li>\n<\/ul>\n<\/li>\n<li><strong><i class=\"fas fa-bus-alt\"><\/i> Transport<\/strong>\n<ul>\n<li>By bus<\/li>\n<\/ul>\n<\/li>\n<li><strong><i class=\"fas fa-map-pin\"><\/i> Lieu de fin de la visite<\/strong>\n<ul>\n<li>Group Tour: Next to the\u00a0 Plaza de Armas<\/li>\n<li>Private Tour: We can finish anywhere in the historic center like the Plaza de Armas or drop you off at your hotel or Airbnb<\/li>\n<\/ul>\n<\/li>\n<\/ul>","protected":false},"featured_media":14747,"template":"","meta":{"inline_featured_image":false},"product_brand":[],"product_cat":[21],"product_tag":[],"class_list":{"0":"post-14744","1":"product","2":"type-product","3":"status-publish","4":"has-post-thumbnail","6":"product_cat-cuzco","8":"first","9":"instock","10":"virtual","11":"purchasable","12":"product-type-appointment"},"exclude_global_add_ons":false,"addons":[{"name":"Nom et adresse de l'h\u00f4tel","type":"custom_text","position":0,"required":false,"title_format":"label","description_enable":false,"description":"","placeholder_enable":false,"placeholder":"","display":"select","restrictions_type":"any_text","adjust_price":false,"price":"","price_type":"flat_fee","restrictions":false,"min":0,"max":0,"options":[],"id":1761698816}],"_links":{"self":[{"href":"https:\/\/freetourperu.com\/fr\/wp-json\/wp\/v2\/product\/14744","targetHints":{"allow":["GET"]}}],"collection":[{"href":"https:\/\/freetourperu.com\/fr\/wp-json\/wp\/v2\/product"}],"about":[{"href":"https:\/\/freetourperu.com\/fr\/wp-json\/wp\/v2\/types\/product"}],"wp:featuredmedia":[{"embeddable":true,"href":"https:\/\/freetourperu.com\/fr\/wp-json\/wp\/v2\/media\/14747"}],"wp:attachment":[{"href":"https:\/\/freetourperu.com\/fr\/wp-json\/wp\/v2\/media?parent=14744"}],"wp:term":[{"taxonomy":"product_brand","embeddable":true,"href":"https:\/\/freetourperu.com\/fr\/wp-json\/wp\/v2\/product_brand?post=14744"},{"taxonomy":"product_cat","embeddable":true,"href":"https:\/\/freetourperu.com\/fr\/wp-json\/wp\/v2\/product_cat?post=14744"},{"taxonomy":"product_tag","embeddable":true,"href":"https:\/\/freetourperu.com\/fr\/wp-json\/wp\/v2\/product_tag?post=14744"}],"curies":[{"name":"wp","href":"https:\/\/api.w.org\/{rel}","templated":true}]}}