{"id":14494,"date":"2022-04-30T17:36:46","date_gmt":"2022-04-30T17:36:46","guid":{"rendered":"http:\/\/freetourperu.com\/?post_type=product&#038;p=14494"},"modified":"2025-10-11T22:51:20","modified_gmt":"2025-10-11T22:51:20","slug":"private-walking-tour-of-arequipa","status":"publish","type":"product","link":"https:\/\/freetourperu.com\/fr\/produit\/private-walking-tour-of-arequipa\/","title":{"rendered":"Tour priv\u00e9e d'Arequipa \u00e0 pied"},"content":{"rendered":"<p>Profitez des meilleures promenades personnalis\u00e9es \u00e0 Arequipa en choisissant nos\u00a0<strong>visite priv\u00e9e \u00e0 Arequipa<\/strong>. Si vous aimez les promenades gratuites avec de grands groupes, mais que vous pensez que l'excursion serait meilleure si elle \u00e9tait priv\u00e9e, alors cette visite est parfaite pour vous.<\/p>\n<p>\u00c9chappez \u00e0 la foule et prenez un\u00a0<strong>look personnalis\u00e9<\/strong>\u00a0de ce qu'est Arequipa. Vous pouvez vous promener avec un expert et\u00a0<strong>Guide touristique 100% priv\u00e9<\/strong>\u00a0avec un permis de conduire, d\u00e9couvrir l'ensemble des\u00a0<strong>centre historique<\/strong>et la riche histoire qui se cache derri\u00e8re chacun d'entre eux\u00a0<strong>monument embl\u00e9matique<\/strong>.<\/p>\n<p>Si vous aimez la marche et que vous avez toujours voulu visiter Arequipa et d\u00e9couvrir ses c\u00e9l\u00e8bres sites historiques, choisissez notre\u00a0<strong>tours personnalis\u00e9es \u00e0 pied<\/strong>.<\/p>","protected":false},"excerpt":{"rendered":"<ul>\n<li><strong><i class=\"far fa-clock\"><\/i> Horaires<\/strong>\n<ul>\n<li>Tous les jours sur demande. Nous recommandons de commencer \u00e0 10 heures ou \u00e0 15 heures.<\/li>\n<li>Nous ne fonctionnons pas le 1er janvier<\/li>\n<\/ul>\n<\/li>\n<li><strong><i class=\"far fa-comment\"><\/i> Langue <\/strong>\n<ul>\n<li>Une seule langue (espagnol, anglais), \u00e0 vous de choisir. Si vous pr\u00e9f\u00e9rez une autre langue, faites-le nous savoir !<\/li>\n<\/ul>\n<\/li>\n<li><strong><i class=\"far fa-hourglass\"><\/i> Dur\u00e9e de l'accord<\/strong>\n<ul>\n<li>Environ 3 heures<\/li>\n<\/ul>\n<\/li>\n<li><strong><i class=\"fas fa-grip-horizontal\"><\/i> Type de voyage<\/strong>\n<ul>\n<li>100% Visite priv\u00e9e, la visite est ax\u00e9e sur l'histoire et con\u00e7ue exclusivement pour les adultes.<\/li>\n<li>Si vous avez des enfants, ne vous inqui\u00e9tez pas, puisque cette visite est g\u00e9r\u00e9e par un organisme priv\u00e9, nous pensons qu'ils l'aimeront quand m\u00eame.<\/li>\n<\/ul>\n<\/li>\n<li><strong><i class=\"fas fa-bus-alt\"><\/i> Transport<\/strong>\n<ul>\n<li>\u00c0 pied<\/li>\n<\/ul>\n<\/li>\n<li><strong><i class=\"fas fa-wheelchair\"><\/i> Accessibilit\u00e9<\/strong>\n<ul>\n<li>Cette visite est <em>pas<\/em> aux personnes \u00e0 mobilit\u00e9 r\u00e9duite<\/li>\n<\/ul>\n<\/li>\n<li><strong><i class=\"fas fa-map-pin\"><\/i> Lieu de fin de la visite<\/strong>\n<ul>\n<li>Nous pouvons terminer n'importe o\u00f9 dans le centre historique, comme la Plaza de Armas, ou vous raccompagner \u00e0 votre h\u00f4tel, \u00e0 condition qu'il soit situ\u00e9 dans le centre de la ville.<\/li>\n<\/ul>\n<\/li>\n<li><strong><i class=\"far fa-calendar-alt\"><\/i> Comment faire des r\u00e9servations ?<\/strong>\n<ul>\n<li>Veuillez nous contacter via cette page freetourperu@gmail.com , nous vous ferons un devis, une fois que nous serons parvenus \u00e0 un accord, nous vous enverrons une offre personnalis\u00e9e avec le prix \u00e0 payer.<\/li>\n<\/ul>\n<\/li>\n<li><strong><i class=\"fas fa-hands\"><\/i> Veuillez apporter<\/strong>\n<ul>\n<li>Pulls ou vestes, chaussures de marche antid\u00e9rapantes, veste de pluie de janvier \u00e0 mars, casquettes ou chapeaux, lunettes de soleil et eau.<\/li>\n<\/ul>\n<\/li>\n<li><strong><i class=\"fas fa-binoculars\"><\/i> Visite ext\u00e9rieure<\/strong>\n<ul>\n<li>Dans cette visite priv\u00e9e d'Arequipa, nous n'incluons que la visite ext\u00e9rieure des attractions.<\/li>\n<\/ul>\n<\/li>\n<li><strong><i class=\"far fa-check-square\"><\/i> Inclus<\/strong>\n<ul>\n<li>Prise en charge par un guide depuis votre h\u00f4tel, Airbnb ou n'importe o\u00f9 dans le centre ville d'Arequipa - nous ne prenons en charge votre h\u00f4tel que sur demande.<\/li>\n<li>100% guide exclusif autoris\u00e9 et illustration d\u00e9cente sur l'histoire<\/li>\n<\/ul>\n<\/li>\n<li><strong><i class=\"far fa-times-circle\"><\/i> Non inclus<\/strong>\n<ul>\n<li>Transport de voitures<\/li>\n<li>Conseils (facultatifs)<\/li>\n<li>* Vous n'aurez pas besoin de billet d'entr\u00e9e<\/li>\n<\/ul>\n<\/li>\n<\/ul>","protected":false},"featured_media":14495,"template":"","meta":{"inline_featured_image":false},"product_brand":[],"product_cat":[17],"product_tag":[25],"class_list":{"0":"post-14494","1":"product","2":"type-product","3":"status-publish","4":"has-post-thumbnail","6":"product_cat-arequipa","7":"product_tag-arequipa","9":"first","10":"instock","11":"virtual","12":"purchasable","13":"product-type-appointment"},"exclude_global_add_ons":false,"addons":[{"name":"Nom et adresse de l'h\u00f4tel dans le centre-ville d'Arequipa :","type":"custom_text","position":0,"required":true,"title_format":"label","description_enable":false,"description":"","placeholder_enable":false,"placeholder":"","display":"select","restrictions_type":"any_text","adjust_price":false,"price":"","price_type":"flat_fee","restrictions":false,"min":0,"max":0,"options":[],"id":1760222707}],"_links":{"self":[{"href":"https:\/\/freetourperu.com\/fr\/wp-json\/wp\/v2\/product\/14494","targetHints":{"allow":["GET"]}}],"collection":[{"href":"https:\/\/freetourperu.com\/fr\/wp-json\/wp\/v2\/product"}],"about":[{"href":"https:\/\/freetourperu.com\/fr\/wp-json\/wp\/v2\/types\/product"}],"wp:featuredmedia":[{"embeddable":true,"href":"https:\/\/freetourperu.com\/fr\/wp-json\/wp\/v2\/media\/14495"}],"wp:attachment":[{"href":"https:\/\/freetourperu.com\/fr\/wp-json\/wp\/v2\/media?parent=14494"}],"wp:term":[{"taxonomy":"product_brand","embeddable":true,"href":"https:\/\/freetourperu.com\/fr\/wp-json\/wp\/v2\/product_brand?post=14494"},{"taxonomy":"product_cat","embeddable":true,"href":"https:\/\/freetourperu.com\/fr\/wp-json\/wp\/v2\/product_cat?post=14494"},{"taxonomy":"product_tag","embeddable":true,"href":"https:\/\/freetourperu.com\/fr\/wp-json\/wp\/v2\/product_tag?post=14494"}],"curies":[{"name":"wp","href":"https:\/\/api.w.org\/{rel}","templated":true}]}}