{"id":13,"date":"2019-06-27T02:11:12","date_gmt":"2019-06-27T02:11:12","guid":{"rendered":"http:\/\/freetourperu.com\/?post_type=product&#038;p=13"},"modified":"2026-04-09T22:46:38","modified_gmt":"2026-04-09T22:46:38","slug":"free-tour-arequipa","status":"publish","type":"product","link":"https:\/\/freetourperu.com\/fr\/produit\/free-tour-arequipa\/","title":{"rendered":"Visite libre d'Arequipa"},"content":{"rendered":"<p>Nous vous montrerons les points forts d'Arequipa gr\u00e2ce \u00e0 notre style unique combinant histoire et divertissement. Pour les groupes de plus de 5 personnes, nous vous recommandons vivement de prendre un tour \u00e0 pied priv\u00e9e (<a href=\"https:\/\/freetourperu.com\/fr\/produit\/private-walking-tour-of-arequipa\/\">cliquez ici<\/a>)<\/p>\n<p style=\"text-align: center;\"><b>PROMENADES QUOTIDIENNES<\/b><b>:<\/b><\/p>\n<p style=\"text-align: center;\">Premier d\u00e9part :   10h00<\/p>\n<p style=\"text-align: center;\">Deuxi\u00e8me d\u00e9part :    12h30<\/p>\n<p style=\"text-align: center;\">Troisi\u00e8me d\u00e9part :  15 h 00<\/p>\n<p style=\"text-align: center;\"><b>DUR\u00c9E :\u00a0<\/b>2Hrs &amp; 30 min. Approx.<\/p>\n<p style=\"text-align: center;\"><b>\u00a0POINT DE RENCONTRE :<\/b>\u00a0\u00a0<a href=\"https:\/\/www.google.ca\/maps\/place\/Santa+Catalina+204,+Arequipa,+Per%C3%BA\/@-16.3967192,-71.5388673,17z\/data=!3m1!4b1!4m5!3m4!1s0x91424a509d0b97ef:0x22ca8832103d4fd6!8m2!3d-16.3967192!4d-71.5366786?hl=es&amp;authuser=0\">Rue Santa Catalina 204<\/a>.\u00a0<b>(cherchez le parapluie jaune)<\/b><\/p>\n<p><b>LIEU DE VISITE<\/b><b>:\u00a0<\/b>diff\u00e9rents endroits en fonction de la m\u00e9t\u00e9o et du guide.<\/p>\n<ul>\n<li>Place principale<\/li>\n<li>L'\u00e9glise de Compa\u00f1ia<\/li>\n<li>Le clo\u00eetre de Compa\u00f1ia<\/li>\n<li>Maisons coloniales<\/li>\n<li>Quartier solaire EL<\/li>\n<li>Quartier de San Lazaro<\/li>\n<li>Zoo d'alpagas<\/li>\n<li>La premi\u00e8re prison<\/li>\n<li>Le premier h\u00f4tel<\/li>\n<li>Parc de l'Amour<\/li>\n<li>Le matin, le quartier de Yanahuara est facultatif.<\/li>\n<\/ul>\n<p style=\"text-align: center;\"><b>LANGUE :<\/b>\u00a0le tour est en anglais et en espagnol<\/p>\n<p style=\"text-align: center;\"><b>CETTE TOUR EST GRATUITE ET C'EST VOUS QUI D\u00c9CIDEZ DE CE QUE VOUS VOULEZ FAIRE. NOUS TRAVAILLONS SUR LA BASE DE POURBOIRES UNIQUEMENT. CELA SIGNIFIE QUE NOS B\u00c9N\u00c9VOLES VOUS DONNENT TOUJOURS LE MEILLEUR D'EUX-M\u00caMES<\/b><\/p>\n<p>Nous avons les meilleurs guides touristiques qui travaillent jour apr\u00e8s jour, qui cr\u00e9ent des tours amusantes et divertissantes pour que vous puissiez conna\u00eetre les aspects les plus importants d'une ville, ils connaissent bien la ville que vous visitez et ils vous aideront \u00e0 faire le voyage de votre vie.<\/p>\n<p><strong>C'est pourquoi la plupart des marcheurs de FREE TOUR PERU donnent g\u00e9n\u00e9ralement entre 20 et 50 S\/. par personne, mais comme nous l'avons dit, vous pouvez choisir de donner plus ou moins en fonction de votre exp\u00e9rience.<\/strong><\/p>","protected":false},"excerpt":{"rendered":"<p>Ces promenades offrent aux visiteurs une excellente occasion de conna\u00eetre les traditions, les l\u00e9gendes, l'art, la musique, les mus\u00e9es gratuits et les meilleurs endroits pour boire et danser \u00e0 Arequipa (hier et aujourd'hui).<\/p>\n<p>&nbsp;<\/p>","protected":false},"featured_media":142,"template":"","meta":{"inline_featured_image":false},"product_brand":[],"product_cat":[17],"product_tag":[25],"class_list":{"0":"post-13","1":"product","2":"type-product","3":"status-publish","4":"has-post-thumbnail","6":"product_cat-arequipa","7":"product_tag-arequipa","9":"first","10":"instock","11":"virtual","12":"purchasable","13":"product-type-appointment"},"exclude_global_add_ons":false,"addons":[{"name":"Point de rencontre : Santa Catalina 204, Arequipa","type":"heading","position":0,"required":false,"title_format":"label","description_enable":false,"description":"","placeholder_enable":false,"placeholder":"","display":"select","restrictions_type":"any_text","adjust_price":false,"price":"","price_type":"flat_fee","restrictions":false,"min":0,"max":0,"options":[],"id":1734659778}],"_links":{"self":[{"href":"https:\/\/freetourperu.com\/fr\/wp-json\/wp\/v2\/product\/13","targetHints":{"allow":["GET"]}}],"collection":[{"href":"https:\/\/freetourperu.com\/fr\/wp-json\/wp\/v2\/product"}],"about":[{"href":"https:\/\/freetourperu.com\/fr\/wp-json\/wp\/v2\/types\/product"}],"wp:featuredmedia":[{"embeddable":true,"href":"https:\/\/freetourperu.com\/fr\/wp-json\/wp\/v2\/media\/142"}],"wp:attachment":[{"href":"https:\/\/freetourperu.com\/fr\/wp-json\/wp\/v2\/media?parent=13"}],"wp:term":[{"taxonomy":"product_brand","embeddable":true,"href":"https:\/\/freetourperu.com\/fr\/wp-json\/wp\/v2\/product_brand?post=13"},{"taxonomy":"product_cat","embeddable":true,"href":"https:\/\/freetourperu.com\/fr\/wp-json\/wp\/v2\/product_cat?post=13"},{"taxonomy":"product_tag","embeddable":true,"href":"https:\/\/freetourperu.com\/fr\/wp-json\/wp\/v2\/product_tag?post=13"}],"curies":[{"name":"wp","href":"https:\/\/api.w.org\/{rel}","templated":true}]}}