{"id":3,"date":"2019-06-17T20:48:46","date_gmt":"2019-06-17T20:48:46","guid":{"rendered":"http:\/?page_id=3"},"modified":"2021-05-13T17:25:59","modified_gmt":"2021-05-13T17:25:59","slug":"privacy-policy","status":"publish","type":"page","link":"https:\/\/freetourperu.com\/fr\/privacy-policy\/","title":{"rendered":"R\u00e9servation de visites gratuites"},"content":{"rendered":"<p><\/p>\n\n\n\n<p>La plateforme Freetourperu.com facilite la r\u00e9servation de \"circuits gratuits\" par des prestataires de circuits gratuits, ce qui vous permet de payer ce que vous estimez valoir l'exp\u00e9rience du circuit directement au prestataire de circuits \u00e0 la fin de l'exp\u00e9rience, en personne, le jour du circuit tel qu'il a \u00e9t\u00e9 r\u00e9serv\u00e9. Vous n'\u00eates pas tenu de payer un montant quelconque au moment de la r\u00e9servation par l'interm\u00e9diaire de la plateforme et il n'y a pas de frais de r\u00e9servation ou de charges appliqu\u00e9s.<\/p>\n\n\n\n<p>Freetourperu.com reste responsable de tous les montants des transactions effectu\u00e9es sur notre site, y compris la facilitation des r\u00e9trocessions et des remboursements de ces montants si n\u00e9cessaire. Nous ne sommes pas responsables des autres montants pay\u00e9s et trait\u00e9s en dehors de notre site en relation avec le service de voyage r\u00e9serv\u00e9, y compris, mais sans s'y limiter, les paiements que vous effectuez directement \u00e0 l'organisateur du voyage ou tous les co\u00fbts encourus pendant le service pour les suppl\u00e9ments, les taxes locales ou d'autres achats.<\/p>\n\n\n\n<p>Une \"r\u00e9servation confirm\u00e9e\" enregistre votre demande de participation au voyage aupr\u00e8s de l'organisateur. L'organisateur du voyage se r\u00e9serve le droit de refuser votre r\u00e9servation ou de vous refuser le service en cas de surr\u00e9servation ou si la capacit\u00e9 du voyage est d\u00e9j\u00e0 atteinte \u00e0 votre arriv\u00e9e au voyage.<\/p>\n\n\n\n<p>Lorsque cela est possible, vous pouvez choisir d'effectuer une r\u00e9servation \"confirm\u00e9e et garantie\" qui n\u00e9cessite une v\u00e9rification de la carte de cr\u00e9dit. Vous avez ainsi la garantie d'avoir une place, r\u00e9serv\u00e9e sp\u00e9cialement pour vous par l'organisateur du voyage, sur le voyage et d'\u00eatre prot\u00e9g\u00e9 en cas de surr\u00e9servation ou si la capacit\u00e9 maximale du voyage est atteinte. Les r\u00e9servations confirm\u00e9es et garanties vous donnent \u00e9galement le droit d'\u00e9valuer et de commenter le voyage sur la plateforme, \u00e0 l'issue de celui-ci. Si le prestataire a une politique d'annulation et de non-pr\u00e9sentation, votre carte peut \u00eatre d\u00e9bit\u00e9e au nom du prestataire si vous n'arrivez pas sans avoir annul\u00e9 votre r\u00e9servation ou si vous avez annul\u00e9 trop tard, conform\u00e9ment \u00e0 la politique d'annulation d\u00e9clar\u00e9e. Cette politique d'annulation est clairement d\u00e9finie sur le profil de l'organisateur de voyages concern\u00e9. Si aucune politique d'annulation n'est mentionn\u00e9e, aucune politique d'annulation ou de non-pr\u00e9sentation n'est applicable \u00e0 votre r\u00e9servation \"confirm\u00e9e et garantie\".<\/p>\n\n\n\n<p>Certains organisateurs de circuits gratuits n'acceptent que les r\u00e9servations accompagn\u00e9es d'une carte de cr\u00e9dit en cours de validit\u00e9. En effet, ils appliquent une politique d'annulation et de non-pr\u00e9sentation en vertu de laquelle votre carte peut \u00eatre d\u00e9bit\u00e9e au nom du voyagiste si vous ne vous pr\u00e9sentez pas sans avoir annul\u00e9 votre r\u00e9servation ou si vous l'avez annul\u00e9e trop tard, conform\u00e9ment \u00e0 leur politique d'annulation d\u00e9clar\u00e9e. Cette politique d'annulation est clairement d\u00e9finie sur le profil de l'organisateur de voyages concern\u00e9.<\/p>\n\n\n\n<p>Lors d'une \"r\u00e9servation confirm\u00e9e et garantie\" ou d'une r\u00e9servation aupr\u00e8s d'un prestataire qui n'accepte que les r\u00e9servations v\u00e9rifi\u00e9es par carte, les d\u00e9tails de la carte ne peuvent \u00eatre soumis qu'avec un consentement clair et r\u00e9alisable indiquant que vous comprenez que votre carte peut \u00eatre d\u00e9bit\u00e9e des frais indiqu\u00e9s (jusqu'\u00e0 2 USD par personne) si vous n'arrivez pas sans avoir annul\u00e9 votre r\u00e9servation \u00e0 temps, conform\u00e9ment aux politiques \u00e9nonc\u00e9es au cours du processus de r\u00e9servation. Dans ce cas, vous serez toujours pr\u00e9venu avant que les frais ne soient pr\u00e9lev\u00e9s.<\/p>\n\n\n\n<p>Les donn\u00e9es relatives aux cartes de cr\u00e9dit\/d\u00e9bit sont saisies sur une page s\u00e9curis\u00e9e et transf\u00e9r\u00e9es \u00e0 l'aide de la technologie SSL.<\/p>\n\n\n\n<p>Vous recevrez une confirmation de r\u00e9servation par courriel peu de temps apr\u00e8s avoir termin\u00e9 la proc\u00e9dure de r\u00e9servation.<\/p>\n\n\n\n<h2 class=\"wp-block-heading\"><strong>R\u00e9servation de visites guid\u00e9es payantes<\/strong><\/h2>\n\n\n\n<p>La plateforme Freetourperu.com facilite \u00e9galement la r\u00e9servation de services de \"tours payants\" propos\u00e9s par des organisateurs de voyages.<\/p>\n\n\n\n<p>Ces r\u00e9servations requi\u00e8rent le paiement d'un montant au moment de la r\u00e9servation. Ce montant est appel\u00e9 \"frais de service\" et est d\u00e9duit du prix total du voyage, comme indiqu\u00e9.<\/p>\n\n\n\n<p>Vous pouvez \u00e9galement opter pour une option de r\u00e9servation flexible, lorsqu'elle est disponible au moment de la r\u00e9servation, qui, moyennant des frais suppl\u00e9mentaires, vous permettra de transf\u00e9rer vos frais de service vers une autre r\u00e9servation flexible effectu\u00e9e sur la plateforme, ou de vous les faire rembourser dans les 6 mois suivant la date d'annulation. Les frais suppl\u00e9mentaires de r\u00e9servation flexible ne sont pas remboursables.<\/p>\n\n\n\n<p>La r\u00e9servation flexible, si elle est s\u00e9lectionn\u00e9e, permet le transfert ou le remboursement des frais de service conform\u00e9ment \u00e0 la politique d'annulation de l'organisateur du voyage r\u00e9serv\u00e9. Les frais de service sur les r\u00e9servations, m\u00eame les r\u00e9servations flexibles, annul\u00e9es par vous apr\u00e8s l'expiration du d\u00e9lai d'annulation ne sont ni remboursables ni transf\u00e9rables.<\/p>\n\n\n\n<p>Les frais de service sont toujours remboursables dans le cas o\u00f9 l'organisateur du voyage ne fournit pas le service tel que r\u00e9serv\u00e9. Vous pouvez demander le remboursement des frais de service par courrier \u00e9lectronique (freetourperu@gmail.com) ou via le lien figurant dans l'e-mail de confirmation de votre r\u00e9servation.<\/p>\n\n\n\n<p>Vous \u00eates tenu de payer le solde \u00e0 l'organisateur du voyage (la valeur restante de votre r\u00e9servation apr\u00e8s les frais de service) \u00e0 l'arriv\u00e9e au voyage.<\/p>\n\n\n\n<p>Seules les annulations effectu\u00e9es au moins 2 jours avant le d\u00e9part, via le lien d'annulation figurant dans l'e-mail de confirmation de la r\u00e9servation, seront consid\u00e9r\u00e9es comme valables.<\/p>\n\n\n\n<p>Les frais de service pay\u00e9s lors de la r\u00e9servation doivent \u00eatre r\u00e9gl\u00e9s \u00e0 l'aide d'une carte de cr\u00e9dit ou de d\u00e9bit valide.<\/p>\n\n\n\n<p>Vous confirmez que toutes les informations que vous avez soumises \u00e0 Freetourperu.com, y compris les d\u00e9tails de votre carte de cr\u00e9dit \/ carte de d\u00e9bit, sont compl\u00e8tes et exactes et que vous avez re\u00e7u les permissions et autorisations n\u00e9cessaires pour utiliser ladite carte.<\/p>\n\n\n\n<p>Vous recevrez une confirmation de r\u00e9servation par courrier \u00e9lectronique peu de temps apr\u00e8s avoir termin\u00e9 la proc\u00e9dure de r\u00e9servation (<strong>V\u00e9rifiez votre bo\u00eete \u00e0 spam<\/strong> ), \u00e0 condition que toutes les informations fournies soient correctes et que la carte de cr\u00e9dit\/d\u00e9bit utilis\u00e9e pour effectuer la transaction soit suffisamment approvisionn\u00e9e.<\/p>\n\n\n\n<h2 class=\"wp-block-heading\">Conditions g\u00e9n\u00e9rales de r\u00e9servation<\/h2>\n\n\n\n<p>En effectuant une r\u00e9servation, vous acceptez les politiques des voyagistes, y compris toutes les politiques de non-pr\u00e9sentation et d'annulation pertinentes, telles qu'elles sont affich\u00e9es ou d\u00e9finies dans leur profil. En cons\u00e9quence, dans le cas o\u00f9 vous ne respectez pas ces politiques, y compris si vous n'arrivez pas \u00e0 l'heure convenue ou si vous n'annulez pas votre r\u00e9servation dans les d\u00e9lais pr\u00e9vus par le tour op\u00e9rateur, vous autorisez Freetourperu.com \u00e0 d\u00e9biter votre carte de cr\u00e9dit \/ d\u00e9bit et \u00e0 retenir au nom du tour op\u00e9rateur un montant ne d\u00e9passant pas le solde d\u00fb pour le service tel que r\u00e9serv\u00e9 apr\u00e8s les frais de service pay\u00e9s au moment de la r\u00e9servation. Freetourperu.com peut vous informer de la charge dans un tel cas, par courtoisie.<\/p>\n\n\n\n<p>En effectuant une r\u00e9servation, vous permettez \u00e0 FREETOURPERU.com d'initier un paiement, ou une s\u00e9rie de paiements, en votre nom en relation avec les produits achet\u00e9s qui peuvent n\u00e9cessiter des paiements r\u00e9currents, en fonction des politiques connexes choisies au moment de la r\u00e9servation. Le paiement peut \u00eatre effectu\u00e9 en temps r\u00e9el ou ult\u00e9rieurement en tant que paiement hors session. Vous autorisez FREETOURPERU.com \u00e0 utiliser les d\u00e9tails de votre carte enregistr\u00e9e \u00e0 ces fins et pour les r\u00e9servations futures que vous pourriez faire sur la plateforme, pour un processus de r\u00e9servation plus simple.<\/p>\n\n\n\n<p>Les d\u00e9tails de la carte de cr\u00e9dit ou de d\u00e9bit sont saisis sur une page s\u00e9curis\u00e9e et transf\u00e9r\u00e9s \u00e0 l'aide de la technologie SSL. Le paiement est trait\u00e9 par un portail de paiement s\u00e9curis\u00e9 et r\u00e9put\u00e9.<\/p>\n\n\n\n<p>Il est de votre responsabilit\u00e9 d'informer directement l'organisateur du voyage pour apporter des modifications \u00e0 votre r\u00e9servation ou pour l'informer de toute exigence particuli\u00e8re ou de tout \u00e9quipement dont vous ou un membre de votre groupe pourrait avoir besoin.<\/p>\n\n\n\n<p>La liste des prestataires de services touristiques sur les sites web de Freetourperu.com ne doit pas \u00eatre consid\u00e9r\u00e9e comme une recommandation sp\u00e9cifique de Freetourperu.com ou comme une garantie que le prestataire de services touristiques conviendra \u00e0 l'objectif de l'utilisateur ou qu'il sera d'une qualit\u00e9 particuli\u00e8re.<\/p>\n\n\n\n<p>Freetourperu.com peut vous offrir la possibilit\u00e9 d'\u00e9valuer l'organisateur du voyage apr\u00e8s le service en fonction de votre exp\u00e9rience et de votre opinion. Le classement et la notation attribu\u00e9s aux produits touristiques sur nos sites sont influenc\u00e9s par ce retour d'information et votre \u00e9valuation peut \u00eatre visible sur notre (nos) site(s).<\/p>","protected":false},"excerpt":{"rendered":"<p>The Freetourperu.com platform facilitates the booking of \u2018free tours\u2019 by free tour providers, whereby you are free to pay what you feel the tour experience was worth directly to the tour provider at the end of the tour experience, in person, on the day of the tour as booked. You are not required to pay [&hellip;]<\/p>","protected":false},"author":1,"featured_media":0,"parent":0,"menu_order":0,"comment_status":"closed","ping_status":"open","template":"","meta":{"inline_featured_image":false,"footnotes":""},"class_list":["post-3","page","type-page","status-publish","hentry"],"_links":{"self":[{"href":"https:\/\/freetourperu.com\/fr\/wp-json\/wp\/v2\/pages\/3","targetHints":{"allow":["GET"]}}],"collection":[{"href":"https:\/\/freetourperu.com\/fr\/wp-json\/wp\/v2\/pages"}],"about":[{"href":"https:\/\/freetourperu.com\/fr\/wp-json\/wp\/v2\/types\/page"}],"author":[{"embeddable":true,"href":"https:\/\/freetourperu.com\/fr\/wp-json\/wp\/v2\/users\/1"}],"replies":[{"embeddable":true,"href":"https:\/\/freetourperu.com\/fr\/wp-json\/wp\/v2\/comments?post=3"}],"version-history":[{"count":1,"href":"https:\/\/freetourperu.com\/fr\/wp-json\/wp\/v2\/pages\/3\/revisions"}],"predecessor-version":[{"id":3879,"href":"https:\/\/freetourperu.com\/fr\/wp-json\/wp\/v2\/pages\/3\/revisions\/3879"}],"wp:attachment":[{"href":"https:\/\/freetourperu.com\/fr\/wp-json\/wp\/v2\/media?parent=3"}],"curies":[{"name":"wp","href":"https:\/\/api.w.org\/{rel}","templated":true}]}}