{"id":2,"date":"2019-06-17T20:48:46","date_gmt":"2019-06-17T20:48:46","guid":{"rendered":"http:\/?page_id=2"},"modified":"2026-04-15T20:30:24","modified_gmt":"2026-04-15T20:30:24","slug":"faqs","status":"publish","type":"page","link":"https:\/\/freetourperu.com\/fr\/faqs\/","title":{"rendered":"FAQ"},"content":{"rendered":"<div class=\"wp-block-columns is-layout-flex wp-container-core-columns-is-layout-28f84493 wp-block-columns-is-layout-flex\">\n<div class=\"wp-block-column is-layout-flow wp-block-column-is-layout-flow\" style=\"flex-basis:80%\">\n<p><strong>Je ne trouve pas mon logement dans la liste des lieux de prise en charge de l'op\u00e9rateur lorsque j'effectue ma r\u00e9servation. Que dois-je s\u00e9lectionner ?<\/strong><\/p>\n\n\n\n<p>Cet op\u00e9rateur propose uniquement des prises en charge \u00e0 partir des h\u00f4tels et des auberges de jeunesse r\u00e9pertori\u00e9s, ce qui couvre plus de 80% des fournisseurs d'h\u00e9bergement de la r\u00e9gion. Les op\u00e9rateurs ne proposent pas de prise en charge ou de d\u00e9pose dans les r\u00e9sidences priv\u00e9es, Airbnb, gares routi\u00e8res, etc. Choisissez une alternative \u00e0 proximit\u00e9 et soyez pr\u00eat pour la prise en charge \u00e0 l'heure indiqu\u00e9e sur votre confirmation de r\u00e9servation.<\/p>\n\n\n\n<p><strong>Aurai-je des probl\u00e8mes de mal d'altitude au P\u00e9rou ?<\/strong><\/p>\n\n\n\n<p>Le mal d'altitude peut prendre de nombreux voyageurs au d\u00e9pourvu. Tout le monde ne tombe pas malade en altitude, et il est difficile de pr\u00e9dire qui risque d'en \u00eatre gravement affect\u00e9. Pour la plupart des gens, il s'agit simplement d'un mal de t\u00eate et d'une sensation de vertige qui s'att\u00e9nuent en peu de temps, 1 \u00e0 2 jours pour la plupart des gens. Si vous voulez limiter vos risques de tomber malade, il y a plusieurs choses que vous pouvez faire. Tout d'abord, ne vous envolez pas directement en haute altitude - proc\u00e9dez lentement, en laissant \u00e0 votre corps le temps de s'acclimater au fur et \u00e0 mesure de l'ascension. Cependant, pour beaucoup, ce n'est pas possible, il est donc important de boire beaucoup d'eau et de ralentir ! Cela peut para\u00eetre simple, mais ces deux choses sont tr\u00e8s importantes. Votre corps lutte parce que vous n'avez pas assez d'oxyg\u00e8ne, c'est pourquoi il est pr\u00e9f\u00e9rable d'\u00e9viter toute activit\u00e9 intense. M\u00e2chez des feuilles de coca - les populations indig\u00e8nes d'Am\u00e9rique du Sud m\u00e2chent de la coca depuis des si\u00e8cles, en raison de sa capacit\u00e9 \u00e0 soulager les sympt\u00f4mes l\u00e9gers du mal des montagnes. Les feuilles de coca peuvent \u00eatre achet\u00e9es dans n'importe quel supermarch\u00e9, voire dans des boutiques de souvenirs ou des \u00e9choppes de rue. Prenez des pilules contre le mal de l'altitude (Soroche) : elles sont en vente libre dans tout le P\u00e9rou et la Bolivie et ne co\u00fbtent que quelques dollars. Si vous prenez l'avion directement \u00e0 plus de 2500 m\u00e8tres d'altitude sans passer de temps \u00e0 une altitude interm\u00e9diaire et que vous craignez de tomber malade, vous pouvez demander \u00e0 votre m\u00e9decin de vous prescrire \u00e0 l'avance des m\u00e9dicaments plus sp\u00e9cifiques et plus puissants contre le mal de l'altitude. Dans les rares cas o\u00f9 vos sympt\u00f4mes sont plus graves que des maux de t\u00eate et de l\u00e9gers vertiges, vous devez redescendre en altitude et demander une assistance m\u00e9dicale.<\/p>\n\n\n\n<p><strong>Pourquoi r\u00e9server avec Free Tour Peru ?<\/strong>  <\/p>\n\n\n\n<p>Outre notre garantie de prix bas, nous vous assurons 100% que votre r\u00e9servation est faite. Nous fournissons une confirmation instantan\u00e9e par e-mail et nous disposons en direct des places et des disponibilit\u00e9s pour chaque tour. Si vous avez des questions, vous \u00eates entre les mains de notre \u00e9quipe de 20 experts locaux sur place, qui parlent parfaitement l'espagnol et l'anglais. Nous garantissons des r\u00e9ponses rapides \u00e0 toutes les questions. Les tour-op\u00e9rateurs sont des experts dans l'organisation de leurs tours. Nous sommes des experts dans la r\u00e9servation, l'organisation et l'assistance \u00e0 vos projets de tours.<\/p>\n\n\n\n<p><strong>Comment puis-je contacter le service des r\u00e9servations ?<\/strong><\/p>\n\n\n\n<p>For any kind of information, do not hesitate to write to us, you should go to freetourperu@gmail.com, ask about your plan trip and we will be very happy to help you. Have fun!<\/p>\n<\/div>\n\n\n\n<div class=\"wp-block-column is-layout-flow wp-block-column-is-layout-flow\" style=\"flex-basis:20%\"><\/div>\n<\/div>","protected":false},"excerpt":{"rendered":"<p>Je ne trouve pas mon logement dans la liste des lieux de prise en charge de l'op\u00e9rateur lorsque j'effectue ma r\u00e9servation. Que dois-je choisir ? Cet op\u00e9rateur propose uniquement des prises en charge \u00e0 partir des h\u00f4tels et des auberges de jeunesse r\u00e9pertori\u00e9s, ce qui couvre plus de 80% des fournisseurs d'h\u00e9bergement de la r\u00e9gion. Les op\u00e9rateurs ne proposent pas de prise en charge ou de d\u00e9pose dans les r\u00e9sidences priv\u00e9es, Airbnb, [...]<\/p>","protected":false},"author":1,"featured_media":0,"parent":0,"menu_order":0,"comment_status":"closed","ping_status":"open","template":"","meta":{"inline_featured_image":false,"footnotes":""},"class_list":["post-2","page","type-page","status-publish","hentry"],"_links":{"self":[{"href":"https:\/\/freetourperu.com\/fr\/wp-json\/wp\/v2\/pages\/2","targetHints":{"allow":["GET"]}}],"collection":[{"href":"https:\/\/freetourperu.com\/fr\/wp-json\/wp\/v2\/pages"}],"about":[{"href":"https:\/\/freetourperu.com\/fr\/wp-json\/wp\/v2\/types\/page"}],"author":[{"embeddable":true,"href":"https:\/\/freetourperu.com\/fr\/wp-json\/wp\/v2\/users\/1"}],"replies":[{"embeddable":true,"href":"https:\/\/freetourperu.com\/fr\/wp-json\/wp\/v2\/comments?post=2"}],"version-history":[{"count":8,"href":"https:\/\/freetourperu.com\/fr\/wp-json\/wp\/v2\/pages\/2\/revisions"}],"predecessor-version":[{"id":52692,"href":"https:\/\/freetourperu.com\/fr\/wp-json\/wp\/v2\/pages\/2\/revisions\/52692"}],"wp:attachment":[{"href":"https:\/\/freetourperu.com\/fr\/wp-json\/wp\/v2\/media?parent=2"}],"curies":[{"name":"wp","href":"https:\/\/api.w.org\/{rel}","templated":true}]}}