{"id":50001,"date":"2025-05-27T15:13:18","date_gmt":"2025-05-27T15:13:18","guid":{"rendered":"https:\/\/freetourperu.com\/?post_type=product&#038;p=50001"},"modified":"2025-05-27T15:13:19","modified_gmt":"2025-05-27T15:13:19","slug":"sacred-valley-cusco-1-day","status":"publish","type":"product","link":"https:\/\/freetourperu.com\/es\/product\/sacred-valley-cusco-1-day\/","title":{"rendered":"Valle Sagrado-Cusco 1 d\u00eda"},"content":{"rendered":"<p>D\u00eda 1: Cusco - Chinchero - Moray - Maras - Ollantaytambo - Pisac - Cusco<\/p>\n<p>&nbsp;<\/p>\n<p>Recojo de su hotel entre las 6:30 y 7:00 a.m. y viaje en auto hacia el norte de Cusco. Nuestra primera parada ser\u00e1 Chinchero, un pintoresco pueblo, donde podremos ver terrazas agr\u00edcolas, los restos de la granja del Inca Tupac real Yupanqui, el hermoso templo colonial construido sobre las bases de un edificio Inca. Observaremos todo el proceso de transformaci\u00f3n de la lana en hermosos textiles, desde la esquila hasta el lavado y el hilado. Continuando con nuestro recorrido, llegaremos a Moray, donde observaremos varios hoyos naturales en el terreno que funcionaron como terrazas para la experimentaci\u00f3n agr\u00edcola. A continuaci\u00f3n, continuaremos hacia las Salinas de Maras. Aqu\u00ed, observaremos el proceso natural de extracci\u00f3n de sal que se remonta a la \u00e9poca de los Incas. Luego, nos dirigiremos hacia la Fortaleza de Ollantaytambo que fue construida para vigilar la entrada a esta parte del valle y protegerla de posibles invasiones de los habitantes de la selva. Despu\u00e9s de eso, tendremos un almuerzo buffet en Urubamba. Despu\u00e9s del almuerzo, nos dirigiremos al pueblo de Pisac donde visitaremos el Complejo Arqueol\u00f3gico de Pisac, construido en el periodo del Inca Pachacutec. Su ubicaci\u00f3n es estrat\u00e9gica. En la cima de una monta\u00f1a, para tener una vista sobre todo el valle. Al final del tour, retornaremos a la Ciudad del Cusco, llegando a Cusco a las 7:00 p.m. aproximadamente.<\/p>\n<h4><strong>\u2705 INCLUIDO (sin coste adicional)<\/strong><\/h4>\n<ol start=\"1\">\n<li>\n<p class=\"ds-markdown-paragraph\"><strong>\ud83c\udfe8 Recogida en su hotel<\/strong><\/p>\n<ul>\n<li>\n<p class=\"ds-markdown-paragraph\"><em>\u00bfPor qu\u00e9 es importante?<\/em> No se preocupe por el transporte: le recogeremos para que empiece sin problemas.<\/p>\n<\/li>\n<\/ul>\n<\/li>\n<li>\n<p class=\"ds-markdown-paragraph\"><strong>\ud83d\ude8d Transporte tur\u00edstico<\/strong><\/p>\n<ul>\n<li>\n<p class=\"ds-markdown-paragraph\"><em>\u00bfTipo de servicio?<\/em> C\u00f3modo, seguro y exclusivo para los participantes en el viaje.<\/p>\n<\/li>\n<\/ul>\n<\/li>\n<li>\n<p class=\"ds-markdown-paragraph\"><strong>\ud83d\udde3\ufe0f Gu\u00eda tur\u00edstico profesional (ingl\u00e9s\/espa\u00f1ol)<\/strong><\/p>\n<ul>\n<li>\n<p class=\"ds-markdown-paragraph\"><em>\u00bfQu\u00e9 van a hacer?<\/em> Proporcione informaci\u00f3n hist\u00f3rica, responda a preguntas y garantice una experiencia fluida.<\/p>\n<\/li>\n<\/ul>\n<\/li>\n<li>\n<p class=\"ds-markdown-paragraph\"><strong>\ud83c\udf7d\ufe0f 1 Almuerzo buffet<\/strong><\/p>\n<ul>\n<li>\n<p class=\"ds-markdown-paragraph\"><em>\u00bfQu\u00e9 esperar?<\/em> Una comida con opciones locales e internacionales (vegetariana disponible)<\/p>\n<\/li>\n<\/ul>\n<\/li>\n<\/ol>\n<h4><strong>\u274c NO INCLUIDO (Costes adicionales a tener en cuenta)<\/strong><\/h4>\n<ol start=\"1\">\n<li>\n<p class=\"ds-markdown-paragraph\"><strong>\ud83c\udf9f\ufe0f Boleto Tur\u00edstico Cusco (S\/ 130.00)<\/strong><\/p>\n<ul>\n<li>\n<p class=\"ds-markdown-paragraph\"><em>\u00bfQu\u00e9 cubre?<\/em> Acceso a m\u00faltiples sitios arqueol\u00f3gicos en Cusco y el Valle Sagrado (por ejemplo, Pisac, Ollantaytambo).<\/p>\n<\/li>\n<li>\n<p class=\"ds-markdown-paragraph\"><em>\u00bfLo necesito?<\/em> <strong>S\u00f3lo si piensa visitar otros sitios m\u00e1s tarde.<\/strong> Este viaje no lo requiere, pero es una gran inversi\u00f3n para estancias prolongadas.<\/p>\n<\/li>\n<\/ul>\n<\/li>\n<li>\n<p class=\"ds-markdown-paragraph\"><strong>\u26f0\ufe0f Entrada a las Minas de Sal (S\/ 10.00)<\/strong><\/p>\n<ul>\n<li>\n<p class=\"ds-markdown-paragraph\"><em>\u00bfPor qu\u00e9 pagar por separado?<\/em> Esta cuota se destina directamente a la comunidad local de Maras.<\/p>\n<\/li>\n<li>\n<p class=\"ds-markdown-paragraph\"><em>\u00bfForma de pago?<\/em> Ingresos <strong>Soles peruanos (PEN)<\/strong> es preferible.<\/p>\n<\/li>\n<\/ul>\n<\/li>\n<\/ol>","protected":false},"excerpt":{"rendered":"<p>El Tour del Valle Sagrado de los Incas incluye visitas a cinco lugares notables: Chinchero, Moray, Minas de Sal de Maras, Ollantaytambo y Pisac. Puedes explorar todos estos lugares en un solo d\u00eda.<\/p>\n<p>Este itinerario le permite ver los hitos m\u00e1s importantes del Valle Sagrado de los Incas, mostrando el incre\u00edble trabajo en piedra de la civilizaci\u00f3n Inca. Tambi\u00e9n tendr\u00e1 la oportunidad de interactuar con los lugare\u00f1os y disfrutar de los impresionantes paisajes monta\u00f1osos, con glaciares, r\u00edos y los acogedores habitantes de este antiguo valle.<\/p>\n<p>Por ejemplo, se detendr\u00e1 en Chinchero para explorar las ruinas incas, un templo colonial y visitar a una familia local para conocer los tejidos andinos tradicionales. A continuaci\u00f3n, se dirigir\u00e1 a Moray para ver las terrazas circulares, seguidas de una visita a las minas de sal de Maras. El recorrido contin\u00faa hacia Ollantaytambo, el mayor yacimiento arqueol\u00f3gico del Valle Sagrado, y concluye con una visita a Pisac antes de regresar a Cuzco.<\/p>","protected":false},"featured_media":50064,"template":"","meta":{"inline_featured_image":false},"product_brand":[],"product_cat":[21],"product_tag":[26],"class_list":{"0":"post-50001","1":"product","2":"type-product","3":"status-publish","4":"has-post-thumbnail","6":"product_cat-cuzco","7":"product_tag-cusco","9":"first","10":"instock","11":"shipping-taxable","12":"purchasable","13":"product-type-appointment"},"exclude_global_add_ons":false,"addons":[{"name":"Nombre y direcci\u00f3n del hotel","type":"custom_textarea","position":0,"required":true,"title_format":"label","description_enable":false,"description":"","placeholder_enable":false,"placeholder":"","display":"select","restrictions_type":"any_text","adjust_price":false,"price":"","price_type":"flat_fee","restrictions":false,"min":0,"max":0,"options":[],"id":1748358297}],"_links":{"self":[{"href":"https:\/\/freetourperu.com\/es\/wp-json\/wp\/v2\/product\/50001","targetHints":{"allow":["GET"]}}],"collection":[{"href":"https:\/\/freetourperu.com\/es\/wp-json\/wp\/v2\/product"}],"about":[{"href":"https:\/\/freetourperu.com\/es\/wp-json\/wp\/v2\/types\/product"}],"wp:featuredmedia":[{"embeddable":true,"href":"https:\/\/freetourperu.com\/es\/wp-json\/wp\/v2\/media\/50064"}],"wp:attachment":[{"href":"https:\/\/freetourperu.com\/es\/wp-json\/wp\/v2\/media?parent=50001"}],"wp:term":[{"taxonomy":"product_brand","embeddable":true,"href":"https:\/\/freetourperu.com\/es\/wp-json\/wp\/v2\/product_brand?post=50001"},{"taxonomy":"product_cat","embeddable":true,"href":"https:\/\/freetourperu.com\/es\/wp-json\/wp\/v2\/product_cat?post=50001"},{"taxonomy":"product_tag","embeddable":true,"href":"https:\/\/freetourperu.com\/es\/wp-json\/wp\/v2\/product_tag?post=50001"}],"curies":[{"name":"wp","href":"https:\/\/api.w.org\/{rel}","templated":true}]}}