{"id":47549,"date":"2024-10-02T00:26:48","date_gmt":"2024-10-02T00:26:48","guid":{"rendered":"https:\/\/freetourperu.com\/?post_type=product&#038;p=47549"},"modified":"2025-09-11T13:35:24","modified_gmt":"2025-09-11T13:35:24","slug":"laguna-de-salinas-private-4x4","status":"publish","type":"product","link":"https:\/\/freetourperu.com\/es\/product\/laguna-de-salinas-privado-4x4\/","title":{"rendered":"Laguna de Salinas- 4\u00d74 privado"},"content":{"rendered":"<p><strong>Descubra las maravillas de la Reserva Nacional de Salinas - \u00a1Un viaje a trav\u00e9s de la obra maestra de la naturaleza!<\/strong><\/p>\n<p>Emb\u00e1rquese en una aventura inolvidable por el impresionante <strong>Reserva Nacional de Salinas<\/strong>Un ecosistema reconocido mundialmente y repleto de una incre\u00edble vida salvaje. Marav\u00edllese con las aves nativas y migratorias, los gr\u00e1ciles cam\u00e9lidos sudamericanos y la vibrante flora altoandina. <strong>Laguna de Salinas<\/strong> y los imponentes picos de <strong>Volc\u00e1n Ubinas<\/strong> y <strong>Pichupichu<\/strong>.<\/p>\n<p>Este <strong>c\u00f3modo, visita guiada<\/strong> garantiza una experiencia sin fisuras, combinando paisajes sobrecogedores con fascinantes encuentros culturales.<\/p>\n<h3><strong>Itinerario destacado:<\/strong><\/h3>\n<p>\ud83c\udf05 <strong>06:00<\/strong> - Recogida en hotel en Arequipa<br \/>\n\ud83c\udfe1 <strong>07:00<\/strong> - Det\u00e9ngase en la encantadora ciudad de <strong>Chiguata<\/strong><br \/>\n\u26f0 <strong>09:00<\/strong> - Ascender a <strong>\"Cimbral\"<\/strong> para disfrutar de vistas panor\u00e1micas del antiguo cr\u00e1ter de Pichupichu<br \/>\n\ud83e\udd85 <strong>10:00<\/strong> - Primer vistazo a <strong>Laguna de Salinas<\/strong> y observaci\u00f3n de aves<br \/>\n\ud83d\udeb6 <strong>10:30<\/strong> - Paseo panor\u00e1mico a una colina cercana para disfrutar de unas vistas incomparables<br \/>\n\u2668 <strong>11:00<\/strong> - Visita a un relajante <strong>aguas termales <\/strong>(nataci\u00f3n opcional)<br \/>\n\ud83c\udfd8 <strong>11:30<\/strong> - Explore la vida local en un pueblo andino tradicional<br \/>\n\ud83c\udfd9 <strong>13:30<\/strong> - Volver a Arequipa<\/p>\n<h3><strong>Qu\u00e9 llevar:<\/strong><\/h3>\n<p>\ud83e\udde5 Ropa de abrigo<br \/>\n\ud83c\udf4f Aperitivos<br \/>\n\ud83d\udca7 Agua<br \/>\n\u2600 Protecci\u00f3n solar y gafas de sol<br \/>\nSombrero \ud83e\udde2<br \/>\n\ud83c\udf92 Mochila peque\u00f1a<\/p>\n<p><strong>No incluido<\/strong><\/p>\n<p>Entrada<\/p>\n<p>Desayuno<\/p>\n<p>almuerzo<\/p>\n<p><strong>Reserve ahora<\/strong> \u00a1para una extraordinaria escapada a la belleza intacta de la naturaleza! \ud83c\udf3f\u2728<\/p>\n<p><em>(Plazas limitadas, \u00a1reserve la suya hoy mismo!)<\/em><\/p>","protected":false},"excerpt":{"rendered":"<p><strong>\ud83d\ude99 Exclusive 4\u00d74 Adventure to Salinas Lake \u2013 Only $115 for Your Group!<\/strong><\/p>\n<p>Experience the wild beauty of <strong>Reserva Nacional de Salinas<\/strong> in style and comfort with your own <strong>private 4\u00d74 tour<\/strong>\u2014perfect for up to <strong>4 people<\/strong> at just <strong>$115 total<\/strong>!<\/p>\n<p>\ud83d\udd39 <strong>Personalized &amp; intimate<\/strong> \u2013 No crowded buses, just your group and the open road.<br \/>\n\ud83d\udd39 <strong>Off-road ready<\/strong> \u2013 Traverse rugged landscapes with ease in a sturdy 4\u00d74.<br \/>\n\ud83d\udd39 <strong>Unbeatable value<\/strong> \u2013 Split the cost with friends or family for an affordable, unforgettable day!<\/p>\n<p>\ud83c\udf04 <strong>Explore stunning lagoons, volcanic peaks, and Andean wildlife<\/strong>\u2014all at your own pace.<\/p>","protected":false},"featured_media":47565,"template":"","meta":{"inline_featured_image":false},"product_brand":[],"product_cat":[17],"product_tag":[25],"class_list":{"0":"post-47549","1":"product","2":"type-product","3":"status-publish","4":"has-post-thumbnail","6":"product_cat-arequipa","7":"product_tag-arequipa","9":"first","10":"instock","11":"virtual","12":"purchasable","13":"product-type-appointment"},"exclude_global_add_ons":false,"addons":[{"name":"Nombre y direcci\u00f3n del hotel","type":"custom_text","position":0,"required":true,"title_format":"label","description_enable":true,"description":"","placeholder_enable":false,"placeholder":"","display":"select","restrictions_type":"any_text","adjust_price":false,"price":"","price_type":"flat_fee","restrictions":false,"min":0,"max":0,"options":[],"id":1743527152}],"_links":{"self":[{"href":"https:\/\/freetourperu.com\/es\/wp-json\/wp\/v2\/product\/47549","targetHints":{"allow":["GET"]}}],"collection":[{"href":"https:\/\/freetourperu.com\/es\/wp-json\/wp\/v2\/product"}],"about":[{"href":"https:\/\/freetourperu.com\/es\/wp-json\/wp\/v2\/types\/product"}],"wp:featuredmedia":[{"embeddable":true,"href":"https:\/\/freetourperu.com\/es\/wp-json\/wp\/v2\/media\/47565"}],"wp:attachment":[{"href":"https:\/\/freetourperu.com\/es\/wp-json\/wp\/v2\/media?parent=47549"}],"wp:term":[{"taxonomy":"product_brand","embeddable":true,"href":"https:\/\/freetourperu.com\/es\/wp-json\/wp\/v2\/product_brand?post=47549"},{"taxonomy":"product_cat","embeddable":true,"href":"https:\/\/freetourperu.com\/es\/wp-json\/wp\/v2\/product_cat?post=47549"},{"taxonomy":"product_tag","embeddable":true,"href":"https:\/\/freetourperu.com\/es\/wp-json\/wp\/v2\/product_tag?post=47549"}],"curies":[{"name":"wp","href":"https:\/\/api.w.org\/{rel}","templated":true}]}}