{"id":47404,"date":"2024-09-23T22:38:53","date_gmt":"2024-09-23T22:38:53","guid":{"rendered":"https:\/\/freetourperu.com\/?post_type=product&#038;p=47404"},"modified":"2025-06-06T03:59:20","modified_gmt":"2025-06-06T03:59:20","slug":"sillar-route-tour","status":"publish","type":"product","link":"https:\/\/freetourperu.com\/es\/product\/sillar-route-tour\/","title":{"rendered":"Tour Ruta del Sillar"},"content":{"rendered":"<p><strong>\ud83c\udf0b Primera parada: Mirador de los Volcanes<\/strong><br \/>\nMarav\u00edllese con el impresionante panorama de los tres majestuosos volcanes...<strong>Misti, Chachani y Picchu Picchu<\/strong>-que vigilan Arequipa. No olvides tu c\u00e1mara: \u00a1es un momento perfecto para tomar fotos!<\/p>\n<p><strong>\u26cf\ufe0f Un paso al pasado en las canteras<\/strong><br \/>\nA continuaci\u00f3n, visitaremos el impresionante <strong>canteras de sillar<\/strong>donde podr\u00e1 contemplar los escarpados acantilados esculpidos por la mano del hombre durante siglos. Sienta el peso de la historia mientras aprende sobre el agotador trabajo y el arte que hay detr\u00e1s de estas monumentales esculturas de piedra.<\/p>\n<p><strong>\u2728 Experiencia pr\u00e1ctica: T\u00e9cnicas ancestrales vivas hoy<\/strong><br \/>\nPrep\u00e1rese para un encuentro \u00fanico e interactivo. Conocer\u00e1 a artesanos locales que a\u00fan practican la <strong>arte ancestral de extracci\u00f3n de sillares<\/strong>transmitida desde la \u00e9poca colonial. Pruebe esta antigua tradici\u00f3n y ll\u00e9vese a casa un trozo de historia viva.<\/p>\n<p><strong>\ud83d\udc0d Misterios de la Cantera de Culebrillas<\/strong><br \/>\nNuestro viaje contin\u00faa hacia la enigm\u00e1tica <strong>Cantera de Culebrillas<\/strong>donde un corto paseo de 20 minutos le llevar\u00e1 a un mundo de intriga. Pasee por las paredes rosadas de los ca\u00f1ones, descubra antiguas <strong>petroglifos<\/strong>y ad\u00e9ntrese en las creencias sagradas de los primeros habitantes de Arequipa.<\/p>\n<p><strong>\ud83d\ude4f Apachetas: Una conexi\u00f3n espiritual<\/strong><br \/>\nDescubra el significado de la <strong>apachetas<\/strong>-cairns de piedra construidos como ofrendas a la Pachamama (Madre Tierra). Incluso tendr\u00e1 la oportunidad de <strong>crea tu propia apacheta<\/strong>dejando una huella personal en este paisaje sagrado.<\/p>\n<p><strong>\ud83d\ude8c Volver a Arequipa<\/strong><br \/>\nTras una inolvidable ma\u00f1ana de exploraci\u00f3n, regresaremos al centro de la ciudad, llegando por <strong>13:00 H<\/strong>-\u00a1Justo a tiempo para comer y vivir m\u00e1s aventuras!<\/p>\n<p>NO INCLUIDO<\/p>\n<p>Entrada Tkt<\/p>","protected":false},"excerpt":{"rendered":"<p><strong>\ud83c\udf1f \u00a1Descubre la magia de la Ruta del Sillar de Arequipa!<\/strong><\/p>\n<p>Su aventura comienza con una c\u00f3moda recogida en su hotel, hostal o Airbnb mientras partimos a explorar la legendaria <strong>Ruta del Sillar<\/strong>-hogar de la ic\u00f3nica piedra volc\u00e1nica blanca que dio forma a la impresionante arquitectura colonial de Arequipa. En el camino, su gu\u00eda experto compartir\u00e1 historias fascinantes sobre este antiguo bloque de construcci\u00f3n y su papel en la historia de la ciudad.<\/p>","protected":false},"featured_media":47405,"template":"","meta":{"inline_featured_image":false},"product_brand":[],"product_cat":[17],"product_tag":[25],"class_list":{"0":"post-47404","1":"product","2":"type-product","3":"status-publish","4":"has-post-thumbnail","6":"product_cat-arequipa","7":"product_tag-arequipa","9":"first","10":"instock","11":"virtual","12":"purchasable","13":"product-type-appointment"},"exclude_global_add_ons":false,"addons":[{"name":"Nombre y direcci\u00f3n del hotel","type":"custom_text","position":0,"required":true,"title_format":"label","description_enable":false,"description":"","placeholder_enable":false,"placeholder":"","display":"images","restrictions_type":"any_text","adjust_price":false,"price":"","price_type":"flat_fee","restrictions":false,"min":0,"max":0,"options":[],"id":1743445379}],"_links":{"self":[{"href":"https:\/\/freetourperu.com\/es\/wp-json\/wp\/v2\/product\/47404","targetHints":{"allow":["GET"]}}],"collection":[{"href":"https:\/\/freetourperu.com\/es\/wp-json\/wp\/v2\/product"}],"about":[{"href":"https:\/\/freetourperu.com\/es\/wp-json\/wp\/v2\/types\/product"}],"wp:featuredmedia":[{"embeddable":true,"href":"https:\/\/freetourperu.com\/es\/wp-json\/wp\/v2\/media\/47405"}],"wp:attachment":[{"href":"https:\/\/freetourperu.com\/es\/wp-json\/wp\/v2\/media?parent=47404"}],"wp:term":[{"taxonomy":"product_brand","embeddable":true,"href":"https:\/\/freetourperu.com\/es\/wp-json\/wp\/v2\/product_brand?post=47404"},{"taxonomy":"product_cat","embeddable":true,"href":"https:\/\/freetourperu.com\/es\/wp-json\/wp\/v2\/product_cat?post=47404"},{"taxonomy":"product_tag","embeddable":true,"href":"https:\/\/freetourperu.com\/es\/wp-json\/wp\/v2\/product_tag?post=47404"}],"curies":[{"name":"wp","href":"https:\/\/api.w.org\/{rel}","templated":true}]}}