{"id":444,"date":"2019-12-20T00:47:10","date_gmt":"2019-12-20T00:47:10","guid":{"rendered":"http:\/\/freetourperu.com\/?post_type=product&#038;p=444"},"modified":"2024-11-06T13:50:22","modified_gmt":"2024-11-06T13:50:22","slug":"bus-puno-to-arequipa","status":"publish","type":"product","link":"https:\/\/freetourperu.com\/es\/product\/autobus-puno-a-arequipa\/","title":{"rendered":"Bus de Puno a Arequipa"},"content":{"rendered":"<p>(RECOGEMOS A LOS PASAJEROS DE SUS HOTELES EN PUNO (ENTRE 06:00 - 06:15 HORAS), SALIENDO APROXIMADAMENTE A LAS 06:30 AM.<\/p>\n<p>&nbsp;<\/p>\n<p>La primera parada se realiza en \"Lagunillas\" en este mirador se tiene una vista panor\u00e1mica de las peque\u00f1as lagunas que parecen espejos reflejando el cielo, es tambi\u00e9n el h\u00e1bitat de los flamencos andinos y otras aves.<\/p>\n<p>Continuando nuestro tour, nos detendremos en \"Patawasi\" (pampa ca\u00f1ahuas), donde ofreceremos a los pasajeros un refrigerio y el tradicional mate de coca, en este punto tambi\u00e9n podr\u00e1n hacer uso del servicio higi\u00e9nico, adem\u00e1s de poder comprar artesan\u00edas y souvenirs.<\/p>\n<p>La siguiente parada ser\u00e1 en \"pampa ca\u00f1ahuas\" para observar las vicu\u00f1as, llamas y alpacas, con suerte en la distancia podremos ver zorros, guanacos o incluso pumas.<\/p>\n<p>&nbsp;<\/p>\n<p>LLEGAREMOS A LA CIUDAD DE AREQUIPA ENTRE LAS 12:15 - 12:45 APROXIMADAMENTE (AL MEDIO DIA), EL TRASLADO AL HOTEL ESTA INCLUIDO EN NUESTRO SERVICIO.<\/p>\n<p>&nbsp;<\/p>\n<p>PARADAS A LO LARGO DE LA RUTA: (NO ES NECESARIO NING\u00daN PAGO ADICIONAL)<\/p>\n<p>&nbsp;<\/p>\n<p><b>- PAMPA CA\u00d1AHUAS:<\/b>\u00a0Ubicado en la reserva nacional Aguada Blanca, que se encuentra detr\u00e1s del volc\u00e1n Chachani, encontraremos vicu\u00f1as, llamas y alpacas, con suerte a lo lejos podremos ver zorros, guanacos o incluso pumas.<\/p>\n<p>&nbsp;<\/p>\n<p><b>- LAGUNILLAS:<\/b>\u00a0Las peque\u00f1as y hermosas lagunas se han convertido en el hogar del conocido flamenco andino, con un poco de suerte podremos observar a los flamencos descansando en su h\u00e1bitat.<\/p>\n<p><span lang=\"ES-TRAD\">Encuentre opciones para desplazarse en \" <\/span><span lang=\"ES-TRAD\"><a href=\"https:\/\/www.kayak.es\/cars\" target=\"_blank\" rel=\"noopener noreferrer\" data-saferedirecturl=\"https:\/\/www.google.com\/url?q=https:\/\/www.kayak.es\/cars&amp;source=gmail&amp;ust=1621005192282000&amp;usg=AFQjCNHXL8JYnBudiGzjHz81hGuaq1yjIg\">https:\/\/www.kayak.es\/cars<\/a><\/span><span lang=\"ES-TRAD\"> &#8220;<\/span><\/p>","protected":false},"excerpt":{"rendered":"<p><b>Hora y lugar de recogida:<\/b> en su hotel en Puno, de 05:45 a 06:00 horas. (Incluye hoteles en el centro de la ciudad y en la bah\u00eda).<\/p>\n<p>&nbsp;<\/p>\n<p><b>Hora y lugar de llegada:<\/b> llegaremos a la ciudad de Arequipa entre las 12:15 y 12:45 aproximadamente (al medio d\u00eda). El traslado al hotel est\u00e1 incluido en nuestro servicio.<\/p>\n<p>&nbsp;<\/p>\n<p><i>Incluye paradas, gu\u00eda a bordo o tentempi\u00e9.<\/i><\/p>","protected":false},"featured_media":1330,"template":"","meta":{"inline_featured_image":false},"product_brand":[],"product_cat":[27],"product_tag":[28],"class_list":{"0":"post-444","1":"product","2":"type-product","3":"status-publish","4":"has-post-thumbnail","6":"product_cat-puno","7":"product_tag-puno","9":"first","10":"outofstock","11":"virtual","12":"purchasable","13":"product-type-appointment"},"exclude_global_add_ons":false,"addons":[{"name":"Elija Hotel Recogida","type":"multiple_choice","position":0,"required":true,"title_format":"label","description_enable":false,"description":"","placeholder_enable":false,"placeholder":"","display":"select","restrictions_type":"any_text","adjust_price":false,"price":"","price_type":"flat_fee","restrictions":false,"min":0,"max":0,"options":[{"label":"APURIMAC HOSTAL, Jr. el puerto 531","price":"","price_type":"flat_fee","image":0},{"label":"ANDEAN SUNDOWNER, calle cajamarca 154","price":"","price_type":"flat_fee","image":0},{"label":"AQUA HOTEL, av. simon bolivar 1051","price":"","price_type":"flat_fee","image":0},{"label":"AYMA HOSTEL, Jr. lambayeque 140","price":"","price_type":"flat_fee","image":0},{"label":"AYMARAK HOSTEL, circunvalacion sur 135","price":"","price_type":"flat_fee","image":0},{"label":"BALCONES DEL TITICACA 2, Jr. progreso 134","price":"","price_type":"flat_fee","image":0},{"label":"BALSA INN, calle cajamarca 555","price":"","price_type":"flat_fee","image":0},{"label":"BONNY HOSTEL, Jr. moquegua 479","price":"","price_type":"flat_fee","image":0},{"label":"BOTHY HOSTEL, Jr. Iquitos 136","price":"","price_type":"flat_fee","image":0},{"label":"BRISAS HOSTEL PUNO, Interior 3 Jr. cajamarca 252","price":"","price_type":"flat_fee","image":0},{"label":"BUHO HOTEL, calle lambayeque 142","price":"","price_type":"flat_fee","image":0},{"label":"BUSINESS INN & MYSTIC SUITE HOSTEL, Jr. Fermin Arbulu 183","price":"","price_type":"flat_fee","image":0},{"label":"CAMINO REAL TURISTICO, Jr. deza 328","price":"","price_type":"flat_fee","image":0},{"label":"CANTUTA INN HOTEL, Jr. tacna 797","price":"","price_type":"flat_fee","image":0},{"label":"CASA ANDINA CLASSIC, Jr. independence 143","price":"","price_type":"flat_fee","image":0},{"label":"CASA DE MANUELITA INN, calle coronel barriga 466","price":"","price_type":"flat_fee","image":0},{"label":"CASA DON JOSE, calle velasco astete 132-134","price":"","price_type":"flat_fee","image":0},{"label":"CASA PANQARANI, calle arequipa 1086","price":"","price_type":"flat_fee","image":0},{"label":"CASA SAMAYWASY, Jr. cajamarca 901","price":"","price_type":"flat_fee","image":0},{"label":"CASONA COLON INN HOTEL, calle tacna 290","price":"","price_type":"flat_fee","image":0},{"label":"CASONA PLAZA CENTRO, Jr. lima 787","price":"","price_type":"flat_fee","image":0},{"label":"CIELO ANDINO, Jr. grau 118","price":"","price_type":"flat_fee","image":0},{"label":"CIELO PUNKU, Jr. huancane 644","price":"","price_type":"flat_fee","image":0},{"label":"CONDE DE LEMOS HOTEL, Jr. puno 681","price":"","price_type":"flat_fee","image":0},{"label":"CORDELIUS HOTEL, Jr. tacna 963","price":"","price_type":"flat_fee","image":0},{"label":"CORICHASKA HOSTAL, Av. la torre 137, interior 4","price":"","price_type":"flat_fee","image":0},{"label":"COZY HOSTEL PUNO, Av. titicaca 144-B","price":"","price_type":"flat_fee","image":0},{"label":"DUQUE INN, Jr.ayaviri 152","price":"","price_type":"flat_fee","image":0},{"label":"EL MANZANO, Av. el puerto 449","price":"","price_type":"flat_fee","image":0},{"label":"FRANCIS HOTEL PUNO, Jr. tacna 305","price":"","price_type":"flat_fee","image":0},{"label":"GRAN PUNO INN, Jr. arequipa 130","price":"","price_type":"flat_fee","image":0},{"label":"HACIENDA PLAZA DE ARMAS, Jr. puno 419","price":"","price_type":"flat_fee","image":0},{"label":"HACIENDA PUNO HOTEL, Jr. Deusta 297","price":"","price_type":"flat_fee","image":0},{"label":"HELENA INN, calle Ayacucho 609","price":"","price_type":"flat_fee","image":0},{"label":"HOMECENTER PUNO HOSTEL, Jr. Arequipa 522","price":"","price_type":"flat_fee","image":0},{"label":"HOTEL CANTUTA INN, Jr. Tacna 797","price":"","price_type":"flat_fee","image":0},{"label":"HOTEL CIUDAD DEL LAGO, Jr. Conde de Lemus 120","price":"","price_type":"flat_fee","image":0},{"label":"HOTEL EMBAJADOR, Jr. Los Incas 289","price":"","price_type":"flat_fee","image":0},{"label":"HUCHUY WASI HOSTEL, Jr. Iquitos 186","price":"","price_type":"flat_fee","image":0},{"label":"IGUANA HOSTEL, calle Santiago Giraldo 222","price":"","price_type":"flat_fee","image":0},{"label":"INKAS REST, pasaje San Carlos 158","price":"","price_type":"flat_fee","image":0},{"label":"INTI BACKPACKERS, Av. La Torre 137","price":"","price_type":"flat_fee","image":0},{"label":"INTIQA HOTEL, Jr. Tarapaca 272","price":"","price_type":"flat_fee","image":0},{"label":"INTIQOLLA HOSPEDAJE, Jr. Cajamarca 550","price":"","price_type":"flat_fee","image":0},{"label":"ITALIA HOTEL, Jr. Varcarcel 122","price":"","price_type":"flat_fee","image":0},{"label":"JOYA ANDINA PUNO, Av. Sol 823","price":"","price_type":"flat_fee","image":0},{"label":"KOLLAS INN HOSTEL, Jr. Arequipa 386","price":"","price_type":"flat_fee","image":0},{"label":"KUNTUR INN, Jr. Ayacucho 708","price":"","price_type":"flat_fee","image":0},{"label":"KUSILLOS POSADA, calle Federico Moore 162","price":"","price_type":"flat_fee","image":0},{"label":"LAGO PUNENO HOSTEL, calle Cajamarca 237","price":"","price_type":"flat_fee","image":0},{"label":"LOBO'S INN, Jr. la Libertad 451","price":"","price_type":"flat_fee","image":0},{"label":"LOS PINOS INN, calle Tarapaca 182","price":"","price_type":"flat_fee","image":0},{"label":"LUCKY YOUR HOUSE, Av. Titicaca 144","price":"","price_type":"flat_fee","image":0},{"label":"MANCO CAPAC INN, Av. Tacna 277","price":"","price_type":"flat_fee","image":0},{"label":"MARA HOSTEL, calle Cajamarca 206","price":"","price_type":"flat_fee","image":0},{"label":"MARIA REICHE HOTEL, pasaje Ramis 390","price":"","price_type":"flat_fee","image":0},{"label":"MARLONS HOUSE, Jr. Independencia 255","price":"","price_type":"flat_fee","image":0},{"label":"MONTERREY HOTEL, Jr. Lima 441","price":"","price_type":"flat_fee","image":0},{"label":"MOSOQ INN, Jr. Lima 441","price":"","price_type":"flat_fee","image":0},{"label":"MUNAY TAMBO, calle Lambayeque 127","price":"","price_type":"flat_fee","image":0},{"label":"NAK HOTELES, Jr. Velasco Astete 307","price":"","price_type":"flat_fee","image":0},{"label":"OLIMPO INN, Jr. Pedro Miguel Urbina 155","price":"","price_type":"flat_fee","image":0},{"label":"OLLANTA INN, Jr. Ilo E-1","price":"","price_type":"flat_fee","image":0},{"label":"PACHA HOSTEL, Jr. Lima 106","price":"","price_type":"flat_fee","image":0},{"label":"PACHA SUITES, Jr. Cajamarca 243","price":"","price_type":"flat_fee","image":0},{"label":"PAITITI, calle Huancane B-430","price":"","price_type":"flat_fee","image":0},{"label":"PLAZA MAYOR HOTEL, Jr. Deusta 342","price":"","price_type":"flat_fee","image":0},{"label":"POSADA DE LOS REYES, Jr. Tarapaca 335","price":"","price_type":"flat_fee","image":0},{"label":"POSADA DE PERCYBAL LAGO INN, Av. Centro 368","price":"","price_type":"flat_fee","image":0},{"label":"POSADA DEL GRINGO, Jr. Lambayeque 516","price":"","price_type":"flat_fee","image":0},{"label":"POSADA DEL QOLLA, Jr. Deusta 834","price":"","price_type":"flat_fee","image":0},{"label":"POSADA DON GIORGIO, Jr. Tarapaca 238","price":"","price_type":"flat_fee","image":0},{"label":"POSADA LUNA AZUL, calle Cajamarca 242","price":"","price_type":"flat_fee","image":0},{"label":"PREMIER PLAZA, calle Grau 144","price":"","price_type":"flat_fee","image":0},{"label":"PRESIDENTE INN, calle Tacna 248","price":"","price_type":"flat_fee","image":0},{"label":"PUKARA HOSTAL, Jr. Libertad 328","price":"","price_type":"flat_fee","image":0},{"label":"PUMA HOSTEL PUNO, calle Cajamarca 154","price":"","price_type":"flat_fee","image":0},{"label":"PUNO HOSTEL, Jr. Puno 124","price":"","price_type":"flat_fee","image":0},{"label":"PUNO TERRA HOTEL, Jr. Cajamarca 247","price":"","price_type":"flat_fee","image":0},{"label":"QALASAYA HOTEL, calle Grau 240","price":"","price_type":"flat_fee","image":0},{"label":"QELQATANI HOTEL, Jr. Tarapaca 355","price":"","price_type":"flat_fee","image":0},{"label":"QORIKANCHA INN HOTEL, calle Moquegua 479","price":"","price_type":"flat_fee","image":0},{"label":"QUECHUA INKAS PALACE, Jr. Independencia 301","price":"","price_type":"flat_fee","image":0},{"label":"ROMA INN HOSTAL, Jr. Libertad 115","price":"","price_type":"flat_fee","image":0},{"label":"ROYAL INN, calle Ayacucho 438","price":"","price_type":"flat_fee","image":0},{"label":"SAMARY INN, Jr. Ayacucho 616","price":"","price_type":"flat_fee","image":0},{"label":"SANTA MARIA INN, calle Alfonso Ugarte 199","price":"","price_type":"flat_fee","image":0},{"label":"SARIRI HOSTAL, calle Calvario 192","price":"","price_type":"flat_fee","image":0},{"label":"SILLUSTANI INN, calle Tarapaca 305","price":"","price_type":"flat_fee","image":0},{"label":"SOL ANDINA INN, calle Simon Bolivar 857","price":"","price_type":"flat_fee","image":0},{"label":"SOL PLAZA HOTEL, Jr. Puno 307","price":"","price_type":"flat_fee","image":0},{"label":"SUITE INDEPENDENCIA PUNO, Jr. Cajamarca 678","price":"","price_type":"flat_fee","image":0},{"label":"SUITES ANTONIO'S HOTEL, Jr. Arequipa 840","price":"","price_type":"flat_fee","image":0},{"label":"TIKA HOTEL, Jr. Santiago Giraldo 362","price":"","price_type":"flat_fee","image":0},{"label":"TAYKA HOSTEL, Jr. Ayacucho 515","price":"","price_type":"flat_fee","image":0},{"label":"THE REAL HOUSE, Av. la Torre 449","price":"","price_type":"flat_fee","image":0},{"label":"TIERRA VIVA PUNO, Jr. Grau 270","price":"","price_type":"flat_fee","image":0},{"label":"TOTORANI INN, Av. la Torre 463","price":"","price_type":"flat_fee","image":0},{"label":"LOS UROS HOSTEL, Jr. Teodoro Varcarcel 135","price":"","price_type":"flat_fee","image":0},{"label":"URURI STAY PUNO, Jr. Lima 325","price":"","price_type":"flat_fee","image":0},{"label":"UTASA INN, calle Deza 540","price":"","price_type":"flat_fee","image":0},{"label":"UYUNI INN HOSTEL, Jr. Cajamarca 237","price":"","price_type":"flat_fee","image":0},{"label":"VARGAS HOTEL, calle Oquendo 160","price":"","price_type":"flat_fee","image":0},{"label":"VINGEN DE LAS NIEVES HOSTAL I, Av. el Puerto 516","price":"","price_type":"flat_fee","image":0},{"label":"ZURIT HOTEL, Jr. F. Arbulu 191","price":"","price_type":"flat_fee","image":0}]}],"_links":{"self":[{"href":"https:\/\/freetourperu.com\/es\/wp-json\/wp\/v2\/product\/444","targetHints":{"allow":["GET"]}}],"collection":[{"href":"https:\/\/freetourperu.com\/es\/wp-json\/wp\/v2\/product"}],"about":[{"href":"https:\/\/freetourperu.com\/es\/wp-json\/wp\/v2\/types\/product"}],"wp:featuredmedia":[{"embeddable":true,"href":"https:\/\/freetourperu.com\/es\/wp-json\/wp\/v2\/media\/1330"}],"wp:attachment":[{"href":"https:\/\/freetourperu.com\/es\/wp-json\/wp\/v2\/media?parent=444"}],"wp:term":[{"taxonomy":"product_brand","embeddable":true,"href":"https:\/\/freetourperu.com\/es\/wp-json\/wp\/v2\/product_brand?post=444"},{"taxonomy":"product_cat","embeddable":true,"href":"https:\/\/freetourperu.com\/es\/wp-json\/wp\/v2\/product_cat?post=444"},{"taxonomy":"product_tag","embeddable":true,"href":"https:\/\/freetourperu.com\/es\/wp-json\/wp\/v2\/product_tag?post=444"}],"curies":[{"name":"wp","href":"https:\/\/api.w.org\/{rel}","templated":true}]}}