{"id":44,"date":"2019-07-04T22:23:47","date_gmt":"2019-07-04T22:23:47","guid":{"rendered":"http:\/\/freetourperu.com\/?post_type=product&#038;p=44"},"modified":"2024-01-18T02:25:52","modified_gmt":"2024-01-18T02:25:52","slug":"lima-tour","status":"publish","type":"product","link":"https:\/\/freetourperu.com\/es\/product\/lima-tour\/","title":{"rendered":"Free Tour Lima"},"content":{"rendered":"<div>\n<h5><strong>Disponibilidad de 10am &amp; 11am &amp; 3pm Lima free tour:<\/strong><\/h5>\n<p><span class=\"tadv-color\">\u00a1Haga su reserva de tour gratuito ahora! - estamos operando todos los tours gratis en Lima en Ingl\u00e9s y Espa\u00f1ol <strong>de lunes a s\u00e1bado<\/strong> (<strong>NO Domingos<\/strong>).<\/span><\/p>\n<p>Paseando con nosotros, tendr\u00e1 la mejor opci\u00f3n para disfrutar de un<strong> tour gratuito por el centro hist\u00f3rico de Lima<\/strong>, durante nuestros tours a pie, ver\u00e1 atracciones tur\u00edsticas muy relevantes como iglesias, palacios, balcones, calles coloniales y mucho m\u00e1s. Caminar con nuestros gu\u00edas locales ser\u00e1 una experiencia \u00fanica, centrada en la historia y la cultura detr\u00e1s de cada sitio ic\u00f3nico.<\/p>\n<hr class=\"wp-block-separator\" \/>\n<h3>Itinerario<\/h3>\n<p>El itinerario que figura a continuaci\u00f3n siempre puede cambiar a causa de huelgas, problemas meteorol\u00f3gicos, festividades e incluso por decisi\u00f3n del gu\u00eda tur\u00edstico.<\/p>\n<ul>\n<li><strong>Free Tour Lima a las 10am con salida desde Miraflores<\/strong>\n<ul>\n<li>En primer lugar, no hacemos tours en Miraflores - s\u00f3lo recogemos a los turistas en este distrito para ayudarles a llegar al centro hist\u00f3rico de Lima.<\/li>\n<li>Para participar en este programa, debe estar muy cerca de\u00a0<a href=\"https:\/\/www.inkanmilkyway.com\/en\/blog\/kennedy-park-miraflores-and-central-park\/\">Parque Kennedy en Miraflores<\/a><\/li>\n<li>Rejoignez-nous sur <strong>A las 10.00 horas en punto en <\/strong><a href=\"https:\/\/goo.gl\/maps\/6TqPhB695Pvq5sgB7\"><strong>Pasaje Porta 132<\/strong><\/a>Fuera del centro comercial Oechsle, busque el logotipo de la V\u00eda L\u00e1ctea de Inkan.<img loading=\"lazy\" decoding=\"async\" class=\"size-medium wp-image-15071 aligncenter\" src=\"http:\/\/freetourperu.com\/wp-content\/uploads\/2019\/07\/free-walkin-tour-lima-from-miraflores-meeting-point-300x253.jpg\" alt=\"\" width=\"300\" height=\"253\" srcset=\"https:\/\/freetourperu.com\/wp-content\/uploads\/2019\/07\/free-walkin-tour-lima-from-miraflores-meeting-point-300x253.jpg 300w, https:\/\/freetourperu.com\/wp-content\/uploads\/2019\/07\/free-walkin-tour-lima-from-miraflores-meeting-point.jpg 412w\" sizes=\"auto, (max-width: 300px) 100vw, 300px\" \/><\/li>\n<li>A continuaci\u00f3n, nos dirigiremos al <a href=\"https:\/\/goo.gl\/maps\/9CjDQ9mjcaz26WzHA\">Estaci\u00f3n de autobuses de Benavides (Metropolitano bus)<\/a> - debe llevar 2.50 soles pp o 5 soles por pareja para el billete de autobus<\/li>\n<li>Tomaremos la L\u00ednea C, dentro de la estaci\u00f3n de autobuses Metropolitano, en direcci\u00f3n norte hacia el centro hist\u00f3rico de Lima<\/li>\n<li>Despu\u00e9s de casi 30 minutos de viaje en autob\u00fas, nos bajaremos en la estaci\u00f3n de autobuses de <a href=\"https:\/\/goo.gl\/maps\/yfLrBgCcWvJA6fDk6\" target=\"_blank\" rel=\"noopener noreferrer\">Jir\u00f3n de la Uni\u00f3n<\/a><\/li>\n<li>A continuaci\u00f3n, caminaremos desde la estaci\u00f3n de autobuses hasta el punto de partida de nuestro tour gratuito: <a href=\"https:\/\/goo.gl\/maps\/JTaXRKeW1YpKUbhk9\" target=\"_blank\" rel=\"noopener noreferrer\">Iglesia de la Merced<\/a> en el centro hist\u00f3rico de Lima<img loading=\"lazy\" decoding=\"async\" class=\"size-medium wp-image-15072 aligncenter\" src=\"http:\/\/freetourperu.com\/wp-content\/uploads\/2019\/07\/free-walkin-tour-lima-centre-meeting-point-300x253.jpg\" alt=\"\" width=\"300\" height=\"253\" srcset=\"https:\/\/freetourperu.com\/wp-content\/uploads\/2019\/07\/free-walkin-tour-lima-centre-meeting-point-300x253.jpg 300w, https:\/\/freetourperu.com\/wp-content\/uploads\/2019\/07\/free-walkin-tour-lima-centre-meeting-point.jpg 412w\" sizes=\"auto, (max-width: 300px) 100vw, 300px\" \/><\/li>\n<li>Dividiremos el grupo en la iglesia de la Merced seg\u00fan el idioma: ingl\u00e9s y espa\u00f1ol, y despu\u00e9s visitaremos todo el centro hist\u00f3rico<\/li>\n<li>Para ver todo el itinerario detallado de los lugares que visitaremos, revisa el Tour Gratis Lima a las 11am a continuaci\u00f3n (recuerda que los lugares a visitar son los mismos, lo que es diferente es la hora y el lugar de encuentro)<\/li>\n<\/ul>\n<\/li>\n<li><strong>Free Tour Lima a las 11am comenzando en el centro hist\u00f3rico de Lima<\/strong>\n<ul>\n<li>Si no quiere coger un autob\u00fas local o no est\u00e1 cerca de <a href=\"https:\/\/www.inkanmilkyway.com\/en\/blog\/kennedy-park-miraflores-and-central-park\/\">Parque Kennedy<\/a> en Miraflores, siga las instrucciones que figuran a continuaci\u00f3n:<\/li>\n<li>Rejoignez-nous sur <strong>A las 11.00 horas en punto frente a <\/strong><a href=\"https:\/\/goo.gl\/maps\/JTaXRKeW1YpKUbhk9\" target=\"_blank\" rel=\"noopener noreferrer\"><strong>Iglesia de la Merced<\/strong><\/a>\u00a0en la calle Jir\u00f3n de la Uni\u00f3n en el centro hist\u00f3rico de Lima; Busque el Logo InkanMilkyWay bordado en chalecos amarillos brillantes. No te confundas - esperamos hasta las 11:10am a m\u00e1s tardar. Tome un taxi de antemano, no subestime el tr\u00e1fico de coches en Lima<\/li>\n<li><img loading=\"lazy\" decoding=\"async\" class=\"alignnone size-medium wp-image-15073\" src=\"http:\/\/freetourperu.com\/wp-content\/uploads\/2019\/07\/logo-lima-inkan-300x253.jpg\" alt=\"\" width=\"300\" height=\"253\" srcset=\"https:\/\/freetourperu.com\/wp-content\/uploads\/2019\/07\/logo-lima-inkan-300x253.jpg 300w, https:\/\/freetourperu.com\/wp-content\/uploads\/2019\/07\/logo-lima-inkan.jpg 370w\" sizes=\"auto, (max-width: 300px) 100vw, 300px\" \/><img loading=\"lazy\" decoding=\"async\" class=\"size-medium wp-image-15072 alignright\" src=\"http:\/\/freetourperu.com\/wp-content\/uploads\/2019\/07\/free-walkin-tour-lima-centre-meeting-point-300x253.jpg\" alt=\"\" width=\"300\" height=\"253\" srcset=\"https:\/\/freetourperu.com\/wp-content\/uploads\/2019\/07\/free-walkin-tour-lima-centre-meeting-point-300x253.jpg 300w, https:\/\/freetourperu.com\/wp-content\/uploads\/2019\/07\/free-walkin-tour-lima-centre-meeting-point.jpg 412w\" sizes=\"auto, (max-width: 300px) 100vw, 300px\" \/><\/li>\n<li>Dividiremos el grupo en la iglesia de la Merced seg\u00fan el idioma: ingl\u00e9s y espa\u00f1ol, y despu\u00e9s visitaremos todo el centro hist\u00f3rico<\/li>\n<li>Exploraremos <strong>el Jir\u00f3n de la Uni\u00f3n<\/strong>la calle colonial y republicana m\u00e1s famosa de Lima<\/li>\n<li><strong>Estudio fotogr\u00e1fico de Eugene Courret<\/strong>: el primer estudio fotogr\u00e1fico de Per\u00fa - visita exterior<\/li>\n<li>Veremos todas las atracciones de la <strong>Plaza de Armas<\/strong> desde el exterior:\n<ul>\n<li>El Palacio Presidencial<\/li>\n<li>Catedral<\/li>\n<li>Palacio de la Municipalidad<\/li>\n<li>La fuente de agua<\/li>\n<li>Cambio de guardia en Lima - opcional<\/li>\n<\/ul>\n<\/li>\n<li><strong>Iglesia de Santo Domingo<\/strong> - visita al interior de la nave principal<\/li>\n<li><strong>El barrio de Rimac y la Iglesia m\u00e1s peque\u00f1a del mundo<\/strong><\/li>\n<li>En el r\u00edo R\u00edmac, su gu\u00eda le dar\u00e1 una introducci\u00f3n socio-econ\u00f3mica de la actual ciudad de Lima<\/li>\n<li>Antigua estaci\u00f3n de tren o el <strong>Casa de la Literatura Peruana<\/strong> - visita interior<\/li>\n<li>Atrio de la Iglesia de San Francisco<\/li>\n<li>En el lugar de finalizaci\u00f3n del tour, le recomendaremos un buen restaurante peruano - nos encanta la historia<\/li>\n<li>El tour termina cerca del\u00a0<a href=\"https:\/\/goo.gl\/maps\/7G4A73HkWdqQJ1FB6\">Plaza de Armas del centro de Lima<\/a>Sin embargo, cualquier persona que intente volver a Miraflores o Barranco ser\u00e1 ayudada por el gu\u00eda tur\u00edstico, tiene nuestra palabra.<\/li>\n<\/ul>\n<\/li>\n<li><strong>Tour Gratis Lima en la Tarde a las 3pm - Empezando en el centro hist\u00f3rico de Lima<\/strong>\n<ul>\n<li>Ven a <a href=\"https:\/\/goo.gl\/maps\/JTaXRKeW1YpKUbhk9\" target=\"_blank\" rel=\"noopener noreferrer\">Iglesia de la Merced<\/a> desde cualquier punto de Lima en el que se encuentre, est\u00e9 all\u00ed a las 3 pm - esperamos hasta las 3:10 pm a m\u00e1s tardar; no recogemos ni recogemos a nadie en Miraflores. Tome un taxi de antemano, no subestime el tr\u00e1fico de autos en Lima.<\/li>\n<li>Busca el logotipo de InkanMilkyWay bordado en los chalecos amarillos, no te confundas.<\/li>\n<li>Exploraremos <strong>el Jir\u00f3n de la Uni\u00f3n<\/strong><\/li>\n<li><strong>Estudio fotogr\u00e1fico de Eugene Courret <\/strong>visita exterior<\/li>\n<li>Veremos todas las atracciones de la <strong>Plaza de Armas<\/strong> desde el exterior:\n<ul>\n<li>El Palacio Presidencial<\/li>\n<li>Catedral<\/li>\n<li>Palacio de la Municipalidad<\/li>\n<li>La fuente de agua<\/li>\n<\/ul>\n<\/li>\n<li><strong>Iglesia de Santo Domingo<\/strong> - visita al interior de la nave principal<\/li>\n<li><strong>El barrio de Rimac y la Iglesia m\u00e1s peque\u00f1a del mundo<\/strong><\/li>\n<li>En el r\u00edo R\u00edmac, su gu\u00eda le dar\u00e1 una introducci\u00f3n socio-econ\u00f3mica de la actual ciudad de Lima<\/li>\n<li>Antigua estaci\u00f3n de tren o el <strong>Casa de la Literatura Peruana<\/strong> - visita interior<\/li>\n<li>Atrio de la Iglesia de San Francisco<\/li>\n<li><strong>La muralla colonial de Lima<\/strong><\/li>\n<li>El tour termina cerca del\u00a0<a href=\"https:\/\/goo.gl\/maps\/7G4A73HkWdqQJ1FB6\">Plaza de Armas del centro de Lima<\/a>Sin embargo, cualquier persona que intente volver a Miraflores o Barranco ser\u00e1 ayudada por el gu\u00eda tur\u00edstico, tiene nuestra palabra.<\/li>\n<\/ul>\n<\/li>\n<\/ul>\n<h2><span class=\"tadv-color\"><strong>Informaci\u00f3n \u00fatil:<\/strong><\/span><\/h2>\n<p>Si se aloja en <a href=\"https:\/\/www.inkanmilkyway.com\/en\/blog\/miraflores-things-to-do\/\" target=\"_blank\" rel=\"noreferrer noopener\">Miraflores<\/a>no se preocupe, tenemos un punto de recogida para todos los clientes alojados en Miraflores, s\u00f3lo tiene que venir al <a href=\"https:\/\/goo.gl\/maps\/6TqPhB695Pvq5sgB7\" target=\"_blank\" rel=\"noreferrer noopener\">punto de recogida designado<\/a>Tomaremos el transporte p\u00fablico hacia el centro hist\u00f3rico de Lima,<strong> as\u00ed ahorrar\u00e1 casi 50 Soles en taxi<\/strong> (casi 20 USD). Sin embargo, si no est\u00e1s cerca de nuestro punto de encuentro en Miraflores, ven directamente delante de <a href=\"https:\/\/goo.gl\/maps\/JTaXRKeW1YpKUbhk9\" target=\"_blank\" rel=\"noreferrer noopener\">Iglesia de la Merced<\/a> en el centro hist\u00f3rico de Lima (el recorrido a pie comenzar\u00e1 aqu\u00ed).<\/p>\n<h3>Punto de encuentro<\/h3>\n<ul>\n<li style=\"list-style-type: none;\">\n<ul>\n<li><b>10.00 h Lugar de reuni\u00f3n <strong>-<\/strong> Recogida en Miraflores:<\/b> Encu\u00e9ntranos en\u00a0<a href=\"https:\/\/goo.gl\/maps\/6TqPhB695Pvq5sgB7\">Pasaje Porta 132<\/a> fuera del centro comercial Oechsle, solo puedes unirte a nosotros aqui, si estas extremadamente cerca del Pasaje Porta 132 o del parque Kennedy. Por favor traiga 2.50 Soles pp para un boleto de bus local (tomaremos el <em>Metropolitano<\/em> sistema de autobuses locales hacia el centro hist\u00f3rico de Lima). Si usted no est\u00e1 cerca de este lugar o no le gusta usar el sistema de autobuses locales, por favor llegue directamente al lugar de encuentro a las 11am o 3pm.<\/li>\n<li><b>11am Lugar de encuentro en el centro hist\u00f3rico de Lima:<\/b> \u00danete a nosotros\u00a0<a href=\"https:\/\/goo.gl\/maps\/JTaXRKeW1YpKUbhk9\" target=\"_blank\" rel=\"noopener noreferrer\">frente a la iglesia de la Merced, en la calle Jir\u00f3n de La Uni\u00f3n<\/a> - este es el lugar donde comienza el Free Tour<\/li>\n<li><b>3pm Lugar de encuentro en el centro hist\u00f3rico de Lima:<\/b> Para nuestro recorrido a pie gratuito por Lima por la tarde, tambi\u00e9n debe venir a <a href=\"https:\/\/goo.gl\/maps\/JTaXRKeW1YpKUbhk9\" target=\"_blank\" rel=\"noopener noreferrer\">Iglesia de la Merced<\/a> de todo Lima (no recogemos a nadie de Miraflores)<\/li>\n<\/ul>\n<\/li>\n<li>\n<hr \/>\n<ul>\n<li>Si te hospedas en Barranco, el puerto del Callao, el Aeropuerto de Lima o no sabes en qu\u00e9 distrito te encuentras; entonces ven directamente a <a href=\"https:\/\/goo.gl\/maps\/JTaXRKeW1YpKUbhk9\" target=\"_blank\" rel=\"noopener noreferrer\">Iglesia de la Merced <\/a>a las 11 h o a las 15 h<\/li>\n<\/ul>\n<\/li>\n<\/ul>\n<\/div>\n<div>\n<h3>Precio<\/h3>\n<ul>\n<li><strong><i class=\"fas fa-users\"><\/i> Tour en grupo:<\/strong>\n<ul>\n<li>Contamos con los mejores gu\u00edas tur\u00edsticos que est\u00e1n en ello d\u00eda tras d\u00eda, que crean recorridos divertidos y entretenidos para que conozcas los aspectos m\u00e1s importantes de una ciudad, saben mucho de la ciudad que visitas y te ayudar\u00e1n a tener el viaje de tu vida.\n<p><strong>Es por eso que la mayor\u00eda de los caminantes en FREE TOUR PERU generalmente dan entre S\/.20 a S\/.50  por persona, pero como dijimos, puedes elegir dar m\u00e1s o menos dependiendo de tu experiencia.<\/strong><\/li>\n<\/ul>\n<\/li>\n<li><strong><i class=\"fas fa-user-clock\"><\/i> Tour privado:<\/strong>\n<ul>\n<li>No organizamos visitas privadas gratuitas<\/li>\n<\/ul>\n<\/li>\n<\/ul>\n<\/div>","protected":false},"excerpt":{"rendered":"<ul>\n<li><strong><i class=\"far fa-clock\"><\/i> Free Tour Lima Horarios | ma\u00f1anas y tardes <\/strong>\n<ul>\n<li>Tenemos 3 salidas de lunes a s\u00e1bado, por favor lea a continuaci\u00f3n:\n<ul>\n<li>De lunes a s\u00e1bado en <strong>10 de la ma\u00f1ana <\/strong>- recogida en Miraflores<\/li>\n<li>De lunes a s\u00e1bado en <strong>11.00 horas<\/strong> - comienza en el centro de Lima<\/li>\n<li>De lunes a s\u00e1bado en <strong>15h00<\/strong> - comienza en el centro de Lima<\/li>\n<\/ul>\n<\/li>\n<li>No operamos tours gratuitos de Lima los domingos, el 28 de julio, Navidad (25 de diciembre), y cada 1 de enero.<\/li>\n<\/ul>\n<\/li>\n<li><strong><i class=\"far fa-comment\"><\/i> Idioma <\/strong>\n<ul>\n<li>Todas las visitas gratuitas de Lima se realizan en ingl\u00e9s y espa\u00f1ol, en grupos separados seg\u00fan el idioma.<\/li>\n<\/ul>\n<\/li>\n<li><strong><i class=\"far fa-hourglass\"><\/i> Duraci\u00f3n<\/strong>\n<ul>\n<li>Si empiezas en Miraflores, tardar\u00e1s unas 3,5 horas.<\/li>\n<li>Si empiezas tu free tour en el centro hist\u00f3rico de Lima, tardar\u00e1s unas 2,5 horas<\/li>\n<\/ul>\n<\/li>\n<li><strong><i class=\"far fa-eye\"><\/i> \u00bfC\u00f3mo reconocer a nuestros Gu\u00edas Oficiales?<\/strong>\n<ul>\n<li>En el punto de encuentro de Miraflores: Busque el logo-se\u00f1al de InkanMilkyWay<\/li>\n<li>En el centro hist\u00f3rico de Lima punto de encuentro: Busque el logotipo de InkanMilkyWay bordado en los chalecos de color amarillo brillante.<\/li>\n<\/ul>\n<\/li>\n<li><strong><i class=\"fas fa-grip-horizontal\"><\/i> Tipo de viaje<\/strong>\n<ul>\n<li>Esta excursi\u00f3n es para grupos, no privada. Est\u00e1 centrado en la historia y dise\u00f1ado exclusivamente para adultos<\/li>\n<\/ul>\n<\/li>\n<li><strong><i class=\"fas fa-bus-alt\"><\/i> Transporte<\/strong>\n<ul>\n<li>A pie; sin embargo, si usted comienza en Miraflores, tomaremos un autob\u00fas local hacia el centro hist\u00f3rico de Lima (alrededor de 30 minutos en autob\u00fas) - el resto del recorrido ser\u00e1 todo a pie.<\/li>\n<\/ul>\n<\/li>\n<li><strong><i class=\"fas fa-wheelchair\"><\/i> Accesibilidad<\/strong>\n<ul>\n<li>Este recorrido es <em>no<\/em> adecuado para personas con movilidad reducida<\/li>\n<\/ul>\n<\/li>\n<li><strong><i class=\"fas fa-map-pin\"><\/i> Lugar de finalizaci\u00f3n de la visita<\/strong>\n<ul>\n<li>Terminamos este recorrido junto a la Plaza de Armas de Lima<\/li>\n<\/ul>\n<\/li>\n<li><strong><i class=\"fas fa-hands\"><\/i> Por favor, traiga<\/strong>\n<ul>\n<li>Si te unes a nosotros a las 10am en Miraflores, trae 2.50 soles pp o 5 soles por pareja para el boleto de bus.<\/li>\n<li>Su\u00e9teres o chaquetas, gorras o sombreros, gafas de sol y una botella de agua.<\/li>\n<\/ul>\n<\/li>\n<li><strong><i class=\"fas fa-binoculars\"><\/i> Visita exterior<\/strong>\n<ul>\n<li>En este recorrido a pie, visitaremos los principales atractivos del exterior<\/li>\n<\/ul>\n<\/li>\n<li><strong><i class=\"far fa-check-square\"><\/i> Incluye<\/strong>\n<ul>\n<li>Gu\u00eda autorizado con carnet<\/li>\n<li>Un excelente relato sobre la historia<\/li>\n<\/ul>\n<\/li>\n<li><strong><i class=\"far fa-times-circle\"><\/i> No incluido<\/strong>\n<ul>\n<li>Consejos<\/li>\n<li>Billetes para el autob\u00fas Metropolitano: 2,50 Soles por persona<\/li>\n<li>Nota: No necesitar\u00e1 entradas<\/li>\n<\/ul>\n<\/li>\n<li><strong><i class=\"fab fa-whatsapp\"><\/i> WhatsApp <\/strong>\n<ul>\n<li><a href=\"https:\/\/api.whatsapp.com\/send?phone=51958745640&amp;text=Hello,%20Can%20you%20help%20me%20pls?\">+51 958745640<\/a><\/li>\n<li><a href=\"https:\/\/api.whatsapp.com\/send?phone=51984479073&amp;text=Hello,%20Can%20you%20help%20me%20pls?\">+51 984479073<\/a><\/li>\n<\/ul>\n<\/li>\n<\/ul>\n<h3><\/h3>\n<h3><\/h3>","protected":false},"featured_media":15074,"template":"","meta":{"inline_featured_image":false},"product_brand":[],"product_cat":[23],"product_tag":[],"class_list":{"0":"post-44","1":"product","2":"type-product","3":"status-publish","4":"has-post-thumbnail","6":"product_cat-lima","8":"first","9":"instock","10":"virtual","11":"purchasable","12":"product-type-appointment"},"exclude_global_add_ons":false,"addons":[{"name":"Punto de encuentro","type":"heading","position":0,"required":false,"title_format":"heading","description_enable":true,"description":"*10am Meeting Place \u2014 Pick-up in Miraflores: Meet us in Pasaje Porta 132 outside Oechsle mall.\r\n*11am Meeting Place in Lima historic center: Join us in front of La Merced Church on the Jir\u00f3n de La Union Street.\r\n*3pm Meeting Place in Lima historic center, Join us in front of La Merced Church on the Jir\u00f3n de La Union Street.","placeholder_enable":false,"placeholder":"","display":"select","restrictions_type":"only_letters_numbers","adjust_price":false,"price":"","price_type":"flat_fee","restrictions":false,"min":0,"max":0,"options":[]}],"_links":{"self":[{"href":"https:\/\/freetourperu.com\/es\/wp-json\/wp\/v2\/product\/44","targetHints":{"allow":["GET"]}}],"collection":[{"href":"https:\/\/freetourperu.com\/es\/wp-json\/wp\/v2\/product"}],"about":[{"href":"https:\/\/freetourperu.com\/es\/wp-json\/wp\/v2\/types\/product"}],"wp:featuredmedia":[{"embeddable":true,"href":"https:\/\/freetourperu.com\/es\/wp-json\/wp\/v2\/media\/15074"}],"wp:attachment":[{"href":"https:\/\/freetourperu.com\/es\/wp-json\/wp\/v2\/media?parent=44"}],"wp:term":[{"taxonomy":"product_brand","embeddable":true,"href":"https:\/\/freetourperu.com\/es\/wp-json\/wp\/v2\/product_brand?post=44"},{"taxonomy":"product_cat","embeddable":true,"href":"https:\/\/freetourperu.com\/es\/wp-json\/wp\/v2\/product_cat?post=44"},{"taxonomy":"product_tag","embeddable":true,"href":"https:\/\/freetourperu.com\/es\/wp-json\/wp\/v2\/product_tag?post=44"}],"curies":[{"name":"wp","href":"https:\/\/api.w.org\/{rel}","templated":true}]}}