{"id":382,"date":"2019-10-19T06:41:34","date_gmt":"2019-10-19T06:41:34","guid":{"rendered":"http:\/\/freetourperu.com\/?post_type=product&#038;p=382"},"modified":"2026-02-03T15:08:09","modified_gmt":"2026-02-03T15:08:09","slug":"rafting","status":"publish","type":"product","link":"https:\/\/freetourperu.com\/es\/product\/rafting\/","title":{"rendered":"Rafting Arequipa"},"content":{"rendered":"<h3><strong>\ud83d\udea3\u200d\u2642\ufe0f Detalles de la visita:<\/strong><\/h3>\n<p>\u23f3 <strong>Duraci\u00f3n:<\/strong> \u00a13 horas de pura emoci\u00f3n!<br \/>\n\ud83d\udcc5 <strong>Disponible:<\/strong> De lunes a domingo<br \/>\n\ud83d\udd5a <strong>Salida por la ma\u00f1ana:<\/strong> Recogida en el hotel <strong>11 DE LA MA\u00d1ANA<\/strong><br \/>\n\ud83d\udd51 <strong>Salida por la tarde:<\/strong> Recogida en el hotel <strong>14:00 H<\/strong><\/p>\n<h3><strong>\ud83c\udf92 Qu\u00e9 llevar:<\/strong><\/h3>\n<ul>\n<li>Ba\u00f1ador (\u00a1ll\u00e9valo debajo de la ropa!)<\/li>\n<li>Asegurar sandalias o zapatos de agua<\/li>\n<li>Protector solar, sombrero y gafas de sol<\/li>\n<li>Toalla y muda<\/li>\n<li>Agua para mantenerse hidratado<\/li>\n<\/ul>\n<h3><strong>\u2705 Incluido:<\/strong><\/h3>\n<p>Gu\u00edas profesionales biling\u00fces<br \/>\nEquipo de seguridad de alta calidad (casco, chaleco salvavidas, remo)<br \/>\n\u2714 Transporte de ida y vuelta desde su hotel<br \/>\n\u2714 \u00a1Diversi\u00f3n a raudales en r\u00e1pidos de clase II-III!<\/p>\n<h3><strong>\ud83d\udea8 Notas importantes:<\/strong><\/h3>\n<ul>\n<li>No se necesita experiencia previa: \u00a1los principiantes son bienvenidos!<\/li>\n<li>Edad m\u00ednima: <strong>12 a\u00f1os<\/strong><\/li>\n<li>Aventura m\u00e1xima: <strong>Recuerdos inolvidables<\/strong><\/li>\n<\/ul>\n<p><strong>\ud83d\udce2 \u00bfListo para subirte a los r\u00e1pidos? \u00a1Reserva tu plaza ahora!<\/strong><\/p>","protected":false},"excerpt":{"rendered":"<p><strong>\ud83c\udf0a Emocionante descenso de r\u00e1pidos en Arequipa - \u00a1A solo 20 minutos del centro!<\/strong><\/p>\n<p><strong>\ud83d\udd25 \u00a1La m\u00e1xima aventura te espera en el r\u00edo Chili!<\/strong><\/p>\n<p>Prep\u00e1rate para <strong>una experiencia de rafting llena de adrenalina<\/strong> \u00a1en el coraz\u00f3n de Arequipa! A s\u00f3lo 20 minutos del centro hist\u00f3rico, conquistar\u00e1s el <strong>r\u00e1pidos del r\u00edo Chili<\/strong>-perfecto tanto para principiantes como para amantes de las emociones fuertes.<\/p>\n<h3><\/h3>","protected":false},"featured_media":52169,"template":"","meta":{"inline_featured_image":false},"product_brand":[],"product_cat":[17],"product_tag":[25],"class_list":{"0":"post-382","1":"product","2":"type-product","3":"status-publish","4":"has-post-thumbnail","6":"product_cat-arequipa","7":"product_tag-arequipa","9":"first","10":"instock","11":"virtual","12":"purchasable","13":"product-type-appointment"},"exclude_global_add_ons":false,"addons":[{"name":"Nombre y direcci\u00f3n del hotel","type":"custom_text","position":0,"required":true,"title_format":"label","description_enable":true,"description":"","placeholder_enable":false,"placeholder":"","display":"select","restrictions_type":"any_text","adjust_price":false,"price":"","price_type":"flat_fee","restrictions":false,"min":0,"max":0,"options":[],"id":1743446135}],"_links":{"self":[{"href":"https:\/\/freetourperu.com\/es\/wp-json\/wp\/v2\/product\/382","targetHints":{"allow":["GET"]}}],"collection":[{"href":"https:\/\/freetourperu.com\/es\/wp-json\/wp\/v2\/product"}],"about":[{"href":"https:\/\/freetourperu.com\/es\/wp-json\/wp\/v2\/types\/product"}],"wp:featuredmedia":[{"embeddable":true,"href":"https:\/\/freetourperu.com\/es\/wp-json\/wp\/v2\/media\/52169"}],"wp:attachment":[{"href":"https:\/\/freetourperu.com\/es\/wp-json\/wp\/v2\/media?parent=382"}],"wp:term":[{"taxonomy":"product_brand","embeddable":true,"href":"https:\/\/freetourperu.com\/es\/wp-json\/wp\/v2\/product_brand?post=382"},{"taxonomy":"product_cat","embeddable":true,"href":"https:\/\/freetourperu.com\/es\/wp-json\/wp\/v2\/product_cat?post=382"},{"taxonomy":"product_tag","embeddable":true,"href":"https:\/\/freetourperu.com\/es\/wp-json\/wp\/v2\/product_tag?post=382"}],"curies":[{"name":"wp","href":"https:\/\/api.w.org\/{rel}","templated":true}]}}