{"id":348,"date":"2019-10-14T03:51:03","date_gmt":"2019-10-14T03:51:03","guid":{"rendered":"http:\/\/freetourperu.com\/?post_type=product&#038;p=348"},"modified":"2022-09-05T19:45:48","modified_gmt":"2022-09-05T19:45:48","slug":"uros-and-taquile-island-1day","status":"publish","type":"product","link":"https:\/\/freetourperu.com\/es\/product\/uros-and-taquile-island-1day\/","title":{"rendered":"Uros e Isla Taquile 1 D\u00eda"},"content":{"rendered":"<p>Despu\u00e9s de desayunar en su hotel, nuestro tour comienza con un traslado al Puerto. Entre las 7.00 y las 8.30 salen los barcos que nos llevar\u00e1n a trav\u00e9s del lago navegable m\u00e1s alto del mundo durante aproximadamente veinticinco minutos hasta llegar a las islas flotantes de los Uros. Fueron construidas por sus antiguos habitantes utilizando el \u00fanico material abundante en la zona: la totora. A\u00fan hoy podemos apreciar sus costumbres. Despu\u00e9s de veinticinco, minutos m\u00e1s en bote llegaremos a la isla Taquile, situada pasando la pen\u00ednsula de Chuchito y Capichica, a 35 kil\u00f3metros del puerto lacustre. Taquile se encuentra a 3'800 m y su punto m\u00e1s alto est\u00e1 a 4'000 m. Tiene forma de lagarto. Sus habitantes siguen vistiendo sus trajes tradicionales y son famosos por su artesan\u00eda y sus tejidos. El terreno de la isla es rocoso, por lo que a lo largo de la historia sus habitantes han construido terrazas para aprovechar al m\u00e1ximo la tierra cultivable. Si desea pasar una noche en esta isla, siempre es posible. Hay muchos lugare\u00f1os que alquilan habitaciones a extranjeros. Si no, tomamos el barco y volvemos a Puno y luego al hotel.<\/p>","protected":false},"excerpt":{"rendered":"<ul>\n<li>\n<p class=\"flt-standard-black-p\">Operador local con experiencia<\/p>\n<\/li>\n<li>\n<p class=\"flt-standard-black-p\">Un impresionante recorrido por el lago y las islas principales con un gu\u00eda nativo biling\u00fce<\/p>\n<\/li>\n<li>\n<p class=\"flt-standard-black-p\">Disfrute de unas vistas impresionantes a bordo de barcos modernos, totalmente equipados y con cubierta<\/p>\n<\/li>\n<\/ul>\n<p><strong>INCLUIDO:<\/strong><\/p>\n<ul>\n<li>Traslados: Hotel - Puerto - Hotel<\/li>\n<li>Transporte en barco para grupos<\/li>\n<li>Gu\u00eda biling\u00fce (ingl\u00e9s-espa\u00f1ol)<\/li>\n<\/ul>\n<p><strong>\u00a0NO INCLUIDO:<\/strong><\/p>\n<ul>\n<li>Bebidas y aperitivos adicionales<\/li>\n<li>1 almuerzo en la isla de Taquile<\/li>\n<li>Entrada<\/li>\n<\/ul>","protected":false},"featured_media":3184,"template":"","meta":{"inline_featured_image":false},"product_brand":[],"product_cat":[27],"product_tag":[28],"class_list":{"0":"post-348","1":"product","2":"type-product","3":"status-publish","4":"has-post-thumbnail","6":"product_cat-puno","7":"product_tag-puno","9":"first","10":"instock","11":"virtual","12":"purchasable","13":"product-type-appointment"},"exclude_global_add_ons":false,"addons":[{"name":"Elija Hotel Recogida","type":"multiple_choice","position":0,"required":false,"title_format":"label","description_enable":false,"description":"","placeholder_enable":false,"placeholder":"","display":"select","restrictions_type":"any_text","adjust_price":false,"price":"","price_type":"flat_fee","restrictions":false,"min":0,"max":0,"options":[{"label":"APURIMAC HOSTAL, Jr. el puerto 531","price":"","price_type":"flat_fee","image":0},{"label":"ANDEAN SUNDOWNER, calle cajamarca 154","price":"","price_type":"flat_fee","image":0},{"label":"AQUA HOTEL, av. simon bolivar 1051","price":"","price_type":"flat_fee","image":0},{"label":"AYMA HOSTEL, Jr. lambayeque 140","price":"","price_type":"flat_fee","image":0},{"label":"AYMARAK HOSTEL, circunvalacion sur 135","price":"","price_type":"flat_fee","image":0},{"label":"BALCONES DEL TITICACA 2, Jr. progreso 134","price":"","price_type":"flat_fee","image":0},{"label":"BALSA INN, calle cajamarca 555","price":"","price_type":"flat_fee","image":0},{"label":"BONNY HOSTEL, Jr. moquegua 479","price":"","price_type":"flat_fee","image":0},{"label":"BOTHY HOSTEL, Jr. Iquitos 136","price":"","price_type":"flat_fee","image":0},{"label":"BRISAS HOSTEL PUNO, Interior 3 Jr. cajamarca 252","price":"","price_type":"flat_fee","image":0},{"label":"BUHO HOTEL, calle lambayeque 142","price":"","price_type":"flat_fee","image":0},{"label":"BUSINESS INN & MYSTIC SUITE HOSTEL, Jr. Fermin Arbulu 183","price":"","price_type":"flat_fee","image":0},{"label":"CAMINO REAL TURISTICO, Jr. deza 328","price":"","price_type":"flat_fee","image":0},{"label":"CANTUTA INN HOTEL, Jr. tacna 797","price":"","price_type":"flat_fee","image":0},{"label":"CASA ANDINA CLASSIC, Jr. independence 143","price":"","price_type":"flat_fee","image":0},{"label":"CASA DE MANUELITA INN, calle coronel barriga 466","price":"","price_type":"flat_fee","image":0},{"label":"CASA DON JOSE, calle velasco astete 132-134","price":"","price_type":"flat_fee","image":0},{"label":"CASA PANQARANI, calle arequipa 1086","price":"","price_type":"flat_fee","image":0},{"label":"CASA SAMAYWASY, Jr. cajamarca 901","price":"","price_type":"flat_fee","image":0},{"label":"CASONA COLON INN HOTEL, calle tacna 290","price":"","price_type":"flat_fee","image":0},{"label":"CASONA PLAZA CENTRO, Jr. lima 787","price":"","price_type":"flat_fee","image":0},{"label":"CIELO ANDINO, Jr. grau 118","price":"","price_type":"flat_fee","image":0},{"label":"CIELO PUNKU, Jr. huancane 644","price":"","price_type":"flat_fee","image":0},{"label":"CONDE DE LEMOS HOTEL, Jr. puno 681","price":"","price_type":"flat_fee","image":0},{"label":"CORDELIUS HOTEL, Jr. tacna 963","price":"","price_type":"flat_fee","image":0},{"label":"CORICHASKA HOSTAL, Av. la torre 137, interior 4","price":"","price_type":"flat_fee","image":0},{"label":"COZY HOSTEL PUNO, Av. titicaca 144-B","price":"","price_type":"flat_fee","image":0},{"label":"DUQUE INN, Jr.ayaviri 152","price":"","price_type":"flat_fee","image":0},{"label":"EL MANZANO, Av. el puerto 449","price":"","price_type":"flat_fee","image":0},{"label":"FRANCIS HOTEL PUNO, Jr. tacna 305","price":"","price_type":"flat_fee","image":0},{"label":"GRAN PUNO INN, Jr. arequipa 130","price":"","price_type":"flat_fee","image":0},{"label":"HACIENDA PLAZA DE ARMAS, Jr. puno 419","price":"","price_type":"flat_fee","image":0},{"label":"HACIENDA PUNO HOTEL, Jr. Deusta 297","price":"","price_type":"flat_fee","image":0},{"label":"HELENA INN, calle Ayacucho 609","price":"","price_type":"flat_fee","image":0},{"label":"HOMECENTER PUNO HOSTEL, Jr. Arequipa 522","price":"","price_type":"flat_fee","image":0},{"label":"HOTEL CANTUTA INN, Jr. Tacna 797","price":"","price_type":"flat_fee","image":0},{"label":"HOTEL CIUDAD DEL LAGO, Jr. Conde de Lemus 120","price":"","price_type":"flat_fee","image":0},{"label":"HOTEL EMBAJADOR, Jr. Los Incas 289","price":"","price_type":"flat_fee","image":0},{"label":"HUCHUY WASI HOSTEL, Jr. Iquitos 186","price":"","price_type":"flat_fee","image":0},{"label":"IGUANA HOSTEL, calle Santiago Giraldo 222","price":"","price_type":"flat_fee","image":0},{"label":"INKAS REST, pasaje San Carlos 158","price":"","price_type":"flat_fee","image":0},{"label":"INTI BACKPACKERS, Av. La Torre 137","price":"","price_type":"flat_fee","image":0},{"label":"INTIQA HOTEL, Jr. Tarapaca 272","price":"","price_type":"flat_fee","image":0},{"label":"INTIQOLLA HOSPEDAJE, Jr. Cajamarca 550","price":"","price_type":"flat_fee","image":0},{"label":"ITALIA HOTEL, Jr. Varcarcel 122","price":"","price_type":"flat_fee","image":0},{"label":"JOYA ANDINA PUNO, Av. Sol 823","price":"","price_type":"flat_fee","image":0},{"label":"KOLLAS INN HOSTEL, Jr. Arequipa 386","price":"","price_type":"flat_fee","image":0},{"label":"KUNTUR INN, Jr. Ayacucho 708","price":"","price_type":"flat_fee","image":0},{"label":"KUSILLOS POSADA, calle Federico Moore 162","price":"","price_type":"flat_fee","image":0},{"label":"LAGO PUNENO HOSTEL, calle Cajamarca 237","price":"","price_type":"flat_fee","image":0},{"label":"LOBO'S INN, Jr. la Libertad 451","price":"","price_type":"flat_fee","image":0},{"label":"LOS PINOS INN, calle Tarapaca 182","price":"","price_type":"flat_fee","image":0},{"label":"LUCKY YOUR HOUSE, Av. Titicaca 144","price":"","price_type":"flat_fee","image":0},{"label":"MANCO CAPAC INN, Av. Tacna 277","price":"","price_type":"flat_fee","image":0},{"label":"MARA HOSTEL, calle Cajamarca 206","price":"","price_type":"flat_fee","image":0},{"label":"MARIA REICHE HOTEL, pasaje Ramis 390","price":"","price_type":"flat_fee","image":0},{"label":"MARLONS HOUSE, Jr. Independencia 255","price":"","price_type":"flat_fee","image":0},{"label":"MONTERREY HOTEL, Jr. Lima 441","price":"","price_type":"flat_fee","image":0},{"label":"MOSOQ INN, Jr. Lima 441","price":"","price_type":"flat_fee","image":0},{"label":"MUNAY TAMBO, calle Lambayeque 127","price":"","price_type":"flat_fee","image":0},{"label":"NAK HOTELES, Jr. Velasco Astete 307","price":"","price_type":"flat_fee","image":0},{"label":"OLIMPO INN, Jr. Pedro Miguel Urbina 155","price":"","price_type":"flat_fee","image":0},{"label":"OLLANTA INN, Jr. Ilo E-1","price":"","price_type":"flat_fee","image":0},{"label":"PACHA HOSTEL, Jr. Lima 106","price":"","price_type":"flat_fee","image":0},{"label":"PACHA SUITES, Jr. Cajamarca 243","price":"","price_type":"flat_fee","image":0},{"label":"PAITITI, calle Huancane B-430","price":"","price_type":"flat_fee","image":0},{"label":"PLAZA MAYOR HOTEL, Jr. Deusta 342","price":"","price_type":"flat_fee","image":0},{"label":"POSADA DE LOS REYES, Jr. Tarapaca 335","price":"","price_type":"flat_fee","image":0},{"label":"POSADA DE PERCYBAL LAGO INN, Av. Centro 368","price":"","price_type":"flat_fee","image":0},{"label":"POSADA DEL GRINGO, Jr. Lambayeque 516","price":"","price_type":"flat_fee","image":0},{"label":"POSADA DEL QOLLA, Jr. Deusta 834","price":"","price_type":"flat_fee","image":0},{"label":"POSADA DON GIORGIO, Jr. Tarapaca 238","price":"","price_type":"flat_fee","image":0},{"label":"POSADA LUNA AZUL, calle Cajamarca 242","price":"","price_type":"flat_fee","image":0},{"label":"PREMIER PLAZA, calle Grau 144","price":"","price_type":"flat_fee","image":0},{"label":"PRESIDENTE INN, calle Tacna 248","price":"","price_type":"flat_fee","image":0},{"label":"PUKARA HOSTAL, Jr. Libertad 328","price":"","price_type":"flat_fee","image":0},{"label":"PUMA HOSTEL PUNO, calle Cajamarca 154","price":"","price_type":"flat_fee","image":0},{"label":"PUNO HOSTEL, Jr. Puno 124","price":"","price_type":"flat_fee","image":0},{"label":"PUNO TERRA HOTEL, Jr. Cajamarca 247","price":"","price_type":"flat_fee","image":0},{"label":"QALASAYA HOTEL, calle Grau 240","price":"","price_type":"flat_fee","image":0},{"label":"QELQATANI HOTEL, Jr. Tarapaca 355","price":"","price_type":"flat_fee","image":0},{"label":"QORIKANCHA INN HOTEL, calle Moquegua 479","price":"","price_type":"flat_fee","image":0},{"label":"QUECHUA INKAS PALACE, Jr. Independencia 301","price":"","price_type":"flat_fee","image":0},{"label":"ROMA INN HOSTAL, Jr. Libertad 115","price":"","price_type":"flat_fee","image":0},{"label":"ROYAL INN, calle Ayacucho 438","price":"","price_type":"flat_fee","image":0},{"label":"SAMARY INN, Jr. Ayacucho 616","price":"","price_type":"flat_fee","image":0},{"label":"SANTA MARIA INN, calle Alfonso Ugarte 199","price":"","price_type":"flat_fee","image":0},{"label":"SARIRI HOSTAL, calle Calvario 192","price":"","price_type":"flat_fee","image":0},{"label":"SILLUSTANI INN, calle Tarapaca 305","price":"","price_type":"flat_fee","image":0},{"label":"SOL ANDINA INN, calle Simon Bolivar 857","price":"","price_type":"flat_fee","image":0},{"label":"SOL PLAZA HOTEL, Jr. Puno 307","price":"","price_type":"flat_fee","image":0},{"label":"SUITE INDEPENDENCIA PUNO, Jr. Cajamarca 678","price":"","price_type":"flat_fee","image":0},{"label":"SUITES ANTONIO'S HOTEL, Jr. Arequipa 840","price":"","price_type":"flat_fee","image":0},{"label":"TIKA HOTEL, Jr. Santiago Giraldo 362","price":"","price_type":"flat_fee","image":0},{"label":"TAYKA HOSTEL, Jr. Ayacucho 515","price":"","price_type":"flat_fee","image":0},{"label":"THE REAL HOUSE, Av. la Torre 449","price":"","price_type":"flat_fee","image":0},{"label":"TIERRA VIVA PUNO, Jr. Grau 270","price":"","price_type":"flat_fee","image":0},{"label":"TOTORANI INN, Av. la Torre 463","price":"","price_type":"flat_fee","image":0},{"label":"LOS UROS HOSTEL, Jr. Teodoro Varcarcel 135","price":"","price_type":"flat_fee","image":0},{"label":"URURI STAY PUNO, Jr. Lima 325","price":"","price_type":"flat_fee","image":0},{"label":"UTASA INN, calle Deza 540","price":"","price_type":"flat_fee","image":0},{"label":"UYUNI INN HOSTEL, Jr. Cajamarca 237","price":"","price_type":"flat_fee","image":0},{"label":"VARGAS HOTEL, calle Oquendo 160","price":"","price_type":"flat_fee","image":0},{"label":"VINGEN DE LAS NIEVES HOSTAL I, Av. el Puerto 516","price":"","price_type":"flat_fee","image":0},{"label":"ZURIT HOTEL, Jr. F. Arbulu 191","price":"","price_type":"flat_fee","image":0}]},{"name":"Nombre y direcci\u00f3n del hotel","type":"custom_text","position":1,"required":true,"title_format":"label","description_enable":false,"description":"","placeholder_enable":false,"placeholder":"","display":"select","restrictions_type":"any_text","adjust_price":false,"price":"","price_type":"flat_fee","restrictions":false,"min":0,"max":0,"options":[]}],"_links":{"self":[{"href":"https:\/\/freetourperu.com\/es\/wp-json\/wp\/v2\/product\/348","targetHints":{"allow":["GET"]}}],"collection":[{"href":"https:\/\/freetourperu.com\/es\/wp-json\/wp\/v2\/product"}],"about":[{"href":"https:\/\/freetourperu.com\/es\/wp-json\/wp\/v2\/types\/product"}],"wp:featuredmedia":[{"embeddable":true,"href":"https:\/\/freetourperu.com\/es\/wp-json\/wp\/v2\/media\/3184"}],"wp:attachment":[{"href":"https:\/\/freetourperu.com\/es\/wp-json\/wp\/v2\/media?parent=348"}],"wp:term":[{"taxonomy":"product_brand","embeddable":true,"href":"https:\/\/freetourperu.com\/es\/wp-json\/wp\/v2\/product_brand?post=348"},{"taxonomy":"product_cat","embeddable":true,"href":"https:\/\/freetourperu.com\/es\/wp-json\/wp\/v2\/product_cat?post=348"},{"taxonomy":"product_tag","embeddable":true,"href":"https:\/\/freetourperu.com\/es\/wp-json\/wp\/v2\/product_tag?post=348"}],"curies":[{"name":"wp","href":"https:\/\/api.w.org\/{rel}","templated":true}]}}