{"id":344,"date":"2019-10-14T03:42:59","date_gmt":"2019-10-14T03:42:59","guid":{"rendered":"http:\/\/freetourperu.com\/?post_type=product&#038;p=344"},"modified":"2025-10-29T00:47:21","modified_gmt":"2025-10-29T00:47:21","slug":"uros-amantani-taquile-islands-2days","status":"publish","type":"product","link":"https:\/\/freetourperu.com\/es\/product\/uros-amantani-taquile-islands-2days\/","title":{"rendered":"Islas Uros-Amantan\u00ed-Taquile 2 D\u00edas"},"content":{"rendered":"<p><strong>D\u00eda 1: Islas de los Uros y Amantan\u00ed<\/strong><\/p>\n<p>Entre las 7.40 am y las 8 am Traslado desde el hotel al puerto y en lancha motora, le llevaremos a una de las legendarias Islas de los Uros, donde podr\u00e1 observar la vida de los Uros que viven en islas flotantes de juncos, algunas de s\u00f3lo 20 metros de longitud. Tras un hermoso paseo en barco de 3 horas, llegaremos a la isla de Amantani, donde nos dividiremos en grupos m\u00e1s peque\u00f1os para alojarnos con las familias locales. Tendr\u00e1 la oportunidad de caminar hasta la cima de la monta\u00f1a (4150 metros) para ver los templos de la Pachamama y la Pachatata y disfrutar de las costumbres tradicionales de la gente de la isla. Comida y m\u00fasica aut\u00e9ntica preparada e interpretada por su familia designada.<\/p>\n<p><strong>D\u00eda 2: Isla Taquile - Puno<\/strong><\/p>\n<p>&nbsp;<\/p>\n<p>Despu\u00e9s del desayuno tomaremos un corto viaje en bote a la vecina isla de Taquile, donde recorreremos las ruinas y visitaremos este hermoso pueblo, mundialmente famoso por sus intrincados y fascinantes tejidos, Despu\u00e9s del almuerzo, haremos el viaje de regreso a Puno. Llegada por la tarde y traslado de regreso a su hotel aprox 5 pm. Fin del servicio.<\/p>","protected":false},"excerpt":{"rendered":"<p>Pase la noche con una familia local de Amantan\u00ed y sum\u00e9rjase en un intercambio cultural \u00fanico. Pruebe la comida de la isla, disfrute del entretenimiento y aprenda el valor de una vida sencilla.<\/p>\n<ul>\n<li><strong><i class=\"far fa-check-square\"><\/i> Incluye<\/strong><\/li>\n<\/ul>\n<ul>\n<li>Recogida y devoluci\u00f3n en hotel\/hostal<\/li>\n<li>Gu\u00eda de habla inglesa<\/li>\n<li>Transporte de barcos<\/li>\n<li>Entrada a los Uros, Amantan\u00ed y la isla de Taquile<\/li>\n<li>1 noche de alojamiento en la isla de Amantani<\/li>\n<li>D\u00eda 1: 1 comida, 1 cena<\/li>\n<li>D\u00eda 2: 1 desayuno, 1 almuerzo en la isla de Taquile (opci\u00f3n vegetariana disponible)<\/li>\n<\/ul>\n<ul>\n<li><strong><i class=\"far fa-times-circle\"><\/i> No incluido<\/strong><\/li>\n<\/ul>\n<ul>\n<li>Paseo en bote de ca\u00f1a en las Islas Uros \"Kuntiki\" (cuesta S\/.10 soles extra) - esto es estrictamente opcional.<\/li>\n<\/ul>\n<ul>\n<li><strong><i class=\"far fa-comment\"><\/i> Idioma <\/strong>\n<ul>\n<li>Un solo idioma (espa\u00f1ol, ingl\u00e9s)<\/li>\n<\/ul>\n<\/li>\n<li><strong><i class=\"far fa-hourglass\"><\/i> Duraci\u00f3n<\/strong>\n<ul>\n<li>2 d\u00edas 1 noche en casas de familia<\/li>\n<\/ul>\n<\/li>\n<\/ul>","protected":false},"featured_media":3186,"template":"","meta":{"inline_featured_image":false},"product_brand":[],"product_cat":[27],"product_tag":[28],"class_list":{"0":"post-344","1":"product","2":"type-product","3":"status-publish","4":"has-post-thumbnail","6":"product_cat-puno","7":"product_tag-puno","9":"first","10":"instock","11":"virtual","12":"purchasable","13":"product-type-appointment"},"exclude_global_add_ons":false,"addons":[{"name":"Elija Hotel Recogida","type":"multiple_choice","position":0,"required":false,"title_format":"label","description_enable":false,"description":"","placeholder_enable":false,"placeholder":"","display":"select","restrictions_type":"any_text","adjust_price":false,"price":"","price_type":"flat_fee","restrictions":false,"min":0,"max":0,"options":[{"label":"APURIMAC HOSTAL, Jr. el puerto 531","price":"","price_type":"flat_fee","image":0},{"label":"ANDEAN SUNDOWNER, calle cajamarca 154","price":"","price_type":"flat_fee","image":0},{"label":"AQUA HOTEL, av. simon bolivar 1051","price":"","price_type":"flat_fee","image":0},{"label":"AYMA HOSTEL, Jr. lambayeque 140","price":"","price_type":"flat_fee","image":0},{"label":"AYMARAK HOSTEL, circunvalacion sur 135","price":"","price_type":"flat_fee","image":0},{"label":"BALCONES DEL TITICACA 2, Jr. progreso 134","price":"","price_type":"flat_fee","image":0},{"label":"BALSA INN, calle cajamarca 555","price":"","price_type":"flat_fee","image":0},{"label":"BONNY HOSTEL, Jr. moquegua 479","price":"","price_type":"flat_fee","image":0},{"label":"BOTHY HOSTEL, Jr. Iquitos 136","price":"","price_type":"flat_fee","image":0},{"label":"BRISAS HOSTEL PUNO, Interior 3 Jr. cajamarca 252","price":"","price_type":"flat_fee","image":0},{"label":"BUHO HOTEL, calle lambayeque 142","price":"","price_type":"flat_fee","image":0},{"label":"BUSINESS INN & MYSTIC SUITE HOSTEL, Jr. Fermin Arbulu 183","price":"","price_type":"flat_fee","image":0},{"label":"CAMINO REAL TURISTICO, Jr. deza 328","price":"","price_type":"flat_fee","image":0},{"label":"CANTUTA INN HOTEL, Jr. tacna 797","price":"","price_type":"flat_fee","image":0},{"label":"CASA ANDINA CLASSIC, Jr. independence 143","price":"","price_type":"flat_fee","image":0},{"label":"CASA DE MANUELITA INN, calle coronel barriga 466","price":"","price_type":"flat_fee","image":0},{"label":"CASA DON JOSE, calle velasco astete 132-134","price":"","price_type":"flat_fee","image":0},{"label":"CASA PANQARANI, calle arequipa 1086","price":"","price_type":"flat_fee","image":0},{"label":"CASA SAMAYWASY, Jr. cajamarca 901","price":"","price_type":"flat_fee","image":0},{"label":"CASONA COLON INN HOTEL, calle tacna 290","price":"","price_type":"flat_fee","image":0},{"label":"CASONA PLAZA CENTRO, Jr. lima 787","price":"","price_type":"flat_fee","image":0},{"label":"CIELO ANDINO, Jr. grau 118","price":"","price_type":"flat_fee","image":0},{"label":"CIELO PUNKU, Jr. huancane 644","price":"","price_type":"flat_fee","image":0},{"label":"CONDE DE LEMOS HOTEL, Jr. puno 681","price":"","price_type":"flat_fee","image":0},{"label":"CORDELIUS HOTEL, Jr. tacna 963","price":"","price_type":"flat_fee","image":0},{"label":"CORICHASKA HOSTAL, Av. la torre 137, interior 4","price":"","price_type":"flat_fee","image":0},{"label":"COZY HOSTEL PUNO, Av. titicaca 144-B","price":"","price_type":"flat_fee","image":0},{"label":"DUQUE INN, Jr.ayaviri 152","price":"","price_type":"flat_fee","image":0},{"label":"EL MANZANO, Av. el puerto 449","price":"","price_type":"flat_fee","image":0},{"label":"FRANCIS HOTEL PUNO, Jr. tacna 305","price":"","price_type":"flat_fee","image":0},{"label":"GRAN PUNO INN, Jr. arequipa 130","price":"","price_type":"flat_fee","image":0},{"label":"HACIENDA PLAZA DE ARMAS, Jr. puno 419","price":"","price_type":"flat_fee","image":0},{"label":"HACIENDA PUNO HOTEL, Jr. Deusta 297","price":"","price_type":"flat_fee","image":0},{"label":"HELENA INN, calle Ayacucho 609","price":"","price_type":"flat_fee","image":0},{"label":"HOMECENTER PUNO HOSTEL, Jr. Arequipa 522","price":"","price_type":"flat_fee","image":0},{"label":"HOTEL CANTUTA INN, Jr. Tacna 797","price":"","price_type":"flat_fee","image":0},{"label":"HOTEL CIUDAD DEL LAGO, Jr. Conde de Lemus 120","price":"","price_type":"flat_fee","image":0},{"label":"HOTEL EMBAJADOR, Jr. Los Incas 289","price":"","price_type":"flat_fee","image":0},{"label":"HUCHUY WASI HOSTEL, Jr. Iquitos 186","price":"","price_type":"flat_fee","image":0},{"label":"IGUANA HOSTEL, calle Santiago Giraldo 222","price":"","price_type":"flat_fee","image":0},{"label":"INKAS REST, pasaje San Carlos 158","price":"","price_type":"flat_fee","image":0},{"label":"INTI BACKPACKERS, Av. La Torre 137","price":"","price_type":"flat_fee","image":0},{"label":"INTIQA HOTEL, Jr. Tarapaca 272","price":"","price_type":"flat_fee","image":0},{"label":"INTIQOLLA HOSPEDAJE, Jr. Cajamarca 550","price":"","price_type":"flat_fee","image":0},{"label":"ITALIA HOTEL, Jr. Varcarcel 122","price":"","price_type":"flat_fee","image":0},{"label":"JOYA ANDINA PUNO, Av. Sol 823","price":"","price_type":"flat_fee","image":0},{"label":"KOLLAS INN HOSTEL, Jr. Arequipa 386","price":"","price_type":"flat_fee","image":0},{"label":"KUNTUR INN, Jr. Ayacucho 708","price":"","price_type":"flat_fee","image":0},{"label":"KUSILLOS POSADA, calle Federico Moore 162","price":"","price_type":"flat_fee","image":0},{"label":"LAGO PUNENO HOSTEL, calle Cajamarca 237","price":"","price_type":"flat_fee","image":0},{"label":"LOBO'S INN, Jr. la Libertad 451","price":"","price_type":"flat_fee","image":0},{"label":"LOS PINOS INN, calle Tarapaca 182","price":"","price_type":"flat_fee","image":0},{"label":"LUCKY YOUR HOUSE, Av. Titicaca 144","price":"","price_type":"flat_fee","image":0},{"label":"MANCO CAPAC INN, Av. Tacna 277","price":"","price_type":"flat_fee","image":0},{"label":"MARA HOSTEL, calle Cajamarca 206","price":"","price_type":"flat_fee","image":0},{"label":"MARIA REICHE HOTEL, pasaje Ramis 390","price":"","price_type":"flat_fee","image":0},{"label":"MARLONS HOUSE, Jr. Independencia 255","price":"","price_type":"flat_fee","image":0},{"label":"MONTERREY HOTEL, Jr. Lima 441","price":"","price_type":"flat_fee","image":0},{"label":"MOSOQ INN, Jr. Lima 441","price":"","price_type":"flat_fee","image":0},{"label":"MUNAY TAMBO, calle Lambayeque 127","price":"","price_type":"flat_fee","image":0},{"label":"NAK HOTELES, Jr. Velasco Astete 307","price":"","price_type":"flat_fee","image":0},{"label":"OLIMPO INN, Jr. Pedro Miguel Urbina 155","price":"","price_type":"flat_fee","image":0},{"label":"OLLANTA INN, Jr. Ilo E-1","price":"","price_type":"flat_fee","image":0},{"label":"PACHA HOSTEL, Jr. Lima 106","price":"","price_type":"flat_fee","image":0},{"label":"PACHA SUITES, Jr. Cajamarca 243","price":"","price_type":"flat_fee","image":0},{"label":"PAITITI, calle Huancane B-430","price":"","price_type":"flat_fee","image":0},{"label":"PLAZA MAYOR HOTEL, Jr. Deusta 342","price":"","price_type":"flat_fee","image":0},{"label":"POSADA DE LOS REYES, Jr. Tarapaca 335","price":"","price_type":"flat_fee","image":0},{"label":"POSADA DE PERCYBAL LAGO INN, Av. Centro 368","price":"","price_type":"flat_fee","image":0},{"label":"POSADA DEL GRINGO, Jr. Lambayeque 516","price":"","price_type":"flat_fee","image":0},{"label":"POSADA DEL QOLLA, Jr. Deusta 834","price":"","price_type":"flat_fee","image":0},{"label":"POSADA DON GIORGIO, Jr. Tarapaca 238","price":"","price_type":"flat_fee","image":0},{"label":"POSADA LUNA AZUL, calle Cajamarca 242","price":"","price_type":"flat_fee","image":0},{"label":"PREMIER PLAZA, calle Grau 144","price":"","price_type":"flat_fee","image":0},{"label":"PRESIDENTE INN, calle Tacna 248","price":"","price_type":"flat_fee","image":0},{"label":"PUKARA HOSTAL, Jr. Libertad 328","price":"","price_type":"flat_fee","image":0},{"label":"PUMA HOSTEL PUNO, calle Cajamarca 154","price":"","price_type":"flat_fee","image":0},{"label":"PUNO HOSTEL, Jr. Puno 124","price":"","price_type":"flat_fee","image":0},{"label":"PUNO TERRA HOTEL, Jr. Cajamarca 247","price":"","price_type":"flat_fee","image":0},{"label":"QALASAYA HOTEL, calle Grau 240","price":"","price_type":"flat_fee","image":0},{"label":"QELQATANI HOTEL, Jr. Tarapaca 355","price":"","price_type":"flat_fee","image":0},{"label":"QORIKANCHA INN HOTEL, calle Moquegua 479","price":"","price_type":"flat_fee","image":0},{"label":"QUECHUA INKAS PALACE, Jr. Independencia 301","price":"","price_type":"flat_fee","image":0},{"label":"ROMA INN HOSTAL, Jr. Libertad 115","price":"","price_type":"flat_fee","image":0},{"label":"ROYAL INN, calle Ayacucho 438","price":"","price_type":"flat_fee","image":0},{"label":"SAMARY INN, Jr. Ayacucho 616","price":"","price_type":"flat_fee","image":0},{"label":"SANTA MARIA INN, calle Alfonso Ugarte 199","price":"","price_type":"flat_fee","image":0},{"label":"SARIRI HOSTAL, calle Calvario 192","price":"","price_type":"flat_fee","image":0},{"label":"SILLUSTANI INN, calle Tarapaca 305","price":"","price_type":"flat_fee","image":0},{"label":"SOL ANDINA INN, calle Simon Bolivar 857","price":"","price_type":"flat_fee","image":0},{"label":"SOL PLAZA HOTEL, Jr. Puno 307","price":"","price_type":"flat_fee","image":0},{"label":"SUITE INDEPENDENCIA PUNO, Jr. Cajamarca 678","price":"","price_type":"flat_fee","image":0},{"label":"SUITES ANTONIO'S HOTEL, Jr. Arequipa 840","price":"","price_type":"flat_fee","image":0},{"label":"TIKA HOTEL, Jr. Santiago Giraldo 362","price":"","price_type":"flat_fee","image":0},{"label":"TAYKA HOSTEL, Jr. Ayacucho 515","price":"","price_type":"flat_fee","image":0},{"label":"THE REAL HOUSE, Av. la Torre 449","price":"","price_type":"flat_fee","image":0},{"label":"TIERRA VIVA PUNO, Jr. Grau 270","price":"","price_type":"flat_fee","image":0},{"label":"TOTORANI INN, Av. la Torre 463","price":"","price_type":"flat_fee","image":0},{"label":"LOS UROS HOSTEL, Jr. Teodoro Varcarcel 135","price":"","price_type":"flat_fee","image":0},{"label":"URURI STAY PUNO, Jr. Lima 325","price":"","price_type":"flat_fee","image":0},{"label":"UTASA INN, calle Deza 540","price":"","price_type":"flat_fee","image":0},{"label":"UYUNI INN HOSTEL, Jr. Cajamarca 237","price":"","price_type":"flat_fee","image":0},{"label":"VARGAS HOTEL, calle Oquendo 160","price":"","price_type":"flat_fee","image":0},{"label":"VINGEN DE LAS NIEVES HOSTAL I, Av. el Puerto 516","price":"","price_type":"flat_fee","image":0},{"label":"ZURIT HOTEL, Jr. F. Arbulu 191","price":"","price_type":"flat_fee","image":0}],"id":1757598455},{"name":"Nombre y direcci\u00f3n del hotel","type":"custom_text","position":1,"required":true,"title_format":"label","description_enable":false,"description":"","placeholder_enable":false,"placeholder":"","display":"select","restrictions_type":"any_text","adjust_price":false,"price":"","price_type":"flat_fee","restrictions":false,"min":0,"max":0,"options":[],"id":1757598456}],"_links":{"self":[{"href":"https:\/\/freetourperu.com\/es\/wp-json\/wp\/v2\/product\/344","targetHints":{"allow":["GET"]}}],"collection":[{"href":"https:\/\/freetourperu.com\/es\/wp-json\/wp\/v2\/product"}],"about":[{"href":"https:\/\/freetourperu.com\/es\/wp-json\/wp\/v2\/types\/product"}],"wp:featuredmedia":[{"embeddable":true,"href":"https:\/\/freetourperu.com\/es\/wp-json\/wp\/v2\/media\/3186"}],"wp:attachment":[{"href":"https:\/\/freetourperu.com\/es\/wp-json\/wp\/v2\/media?parent=344"}],"wp:term":[{"taxonomy":"product_brand","embeddable":true,"href":"https:\/\/freetourperu.com\/es\/wp-json\/wp\/v2\/product_brand?post=344"},{"taxonomy":"product_cat","embeddable":true,"href":"https:\/\/freetourperu.com\/es\/wp-json\/wp\/v2\/product_cat?post=344"},{"taxonomy":"product_tag","embeddable":true,"href":"https:\/\/freetourperu.com\/es\/wp-json\/wp\/v2\/product_tag?post=344"}],"curies":[{"name":"wp","href":"https:\/\/api.w.org\/{rel}","templated":true}]}}