{"id":329,"date":"2019-10-14T02:28:28","date_gmt":"2019-10-14T02:28:28","guid":{"rendered":"http:\/\/freetourperu.com\/?post_type=product&#038;p=329"},"modified":"2025-02-03T02:04:41","modified_gmt":"2025-02-03T02:04:41","slug":"inka-jungle-3days","status":"publish","type":"product","link":"https:\/\/freetourperu.com\/es\/product\/inka-jungle-3dias\/","title":{"rendered":"Selva Inca 3 D\u00edas"},"content":{"rendered":"<p><b>DIA 01: CUSCO -ABRA MALAGA-SANTA MARIA -SANTA TERESA<\/b><\/p>\n<p>Recogida en sus respectivos hoteles u hostales entre <b>6:30 am y 7:00 am<\/b> para tener un encuentro con el gu\u00eda. Luego dejaremos la Ciudad Imperial del Cusco para dirigirnos hacia el Valle Sagrado de los Incas, as\u00ed como <b>Chincheros, Urubamba y Ollantaytambo<\/b> donde haremos nuestra primera parada para aprovechar nuestras \u00faltimas compras mientras desayunamos a cuenta de cada pasajero. Continuaremos con el viaje hacia el <b>Abra M\u00e1laga (4.350 m.s.n.m )<\/b>Despu\u00e9s de este punto descenderemos 20 minutos m\u00e1s en coche dependiendo del juicio del gu\u00eda sobre la niebla y la lluvia en la zona. Tras la charla informativa con nuestro gu\u00eda, le proporcionaremos el equipo completo. Esto incluye cosas como chaleco protector, casco integral, guantes, rodilleras y chaleco reflectante.<\/p>\n<p>Iniciaremos el descenso en bicicleta durante dos horas y media (45 km) hasta llegar a la localidad de <b>Huamanmarca<\/b>. Durante el viaje experimentaremos la belleza de los picos nevados y la selva tropical donde comienza nuestra amazon\u00eda peruana, cruzando peque\u00f1os riachuelos, tambi\u00e9n podremos disfrutar del cambio de clima fr\u00edo a tropical.<\/p>\n<p>Durante el trayecto se har\u00e1n varias paradas para revisar las bicicletas y el equipo de cada uno. Una vez finalizada la actividad en bicicleta nos dirigiremos a la localidad de Santa Mar\u00eda (1.200 msnm), donde almorzaremos.<\/p>\n<p>Despu\u00e9s, continuaremos nuestro viaje en transporte local desde <b>De Santa Mar\u00eda a Santa Teresa<\/b> y as\u00ed llegar a nuestro albergue en la localidad de Santa Teresa, una vez instalados podr\u00e1n visitar los ba\u00f1os termales de Cocalmayo (opcional). Para esto se debe tomar el transporte de Santa Teresa a Cocalmayo ida y vuelta. Despu\u00e9s de un relajante ba\u00f1o, retornaremos a nuestro albergue. <b>Noche en Santa Teresa<\/b> en un albergue b\u00e1sico.<\/p>\n<p><b>Nota 1:<\/b> Por la tarde tenemos la opci\u00f3n de hacer rafting en el r\u00edo Vilcanota (opcional). Este r\u00edo ofrece r\u00e1pidos de categor\u00eda II y III.<br \/>\nPara esta actividad, te daremos un casco, rompevientos y chaleco salvavidas categor\u00eda V. Esta actividad est\u00e1 disponible entre los meses de abril a diciembre, y seg\u00fan el gobierno peruano, es obligatorio saber nadar para realizarla.<br \/>\nNoche en Santa Mar\u00eda en un albergue b\u00e1sico.<\/p>\n<p><b>Nota 2:<\/b> Si haces Rafting, que es una actividad opcional (coste extra), no tendr\u00e1s la opci\u00f3n de ir a las Aguas Termales de Cocalmayo.<\/p>\n<p><b>DIA 2: SANTA TERESA - HIDROEL\u00c9CTRICA -AGUAS CALIENTES (TIROLINA OPCIONAL)<\/b><\/p>\n<p>Comenzaremos el d\u00eda desayunando entre <b>7:00 a.m. y 7:30 a.m.<\/b>, luego todos tendr\u00e1n la opci\u00f3n de realizar la actividad de Zip Line con uno de los operadores de alta confianza en la zona por aproximadamente dos horas (Esta actividad tiene un costo adicional y es opcional). Luego tendremos transporte a la Hidroel\u00e9ctrica, donde se encuentra el control gubernamental, para ingresar al Parque Nacional Machu Picchu (Santuario Hist\u00f3rico de Machu Picchu).<\/p>\n<p>En caso de no hacer la Tirolesa entonces en nuestro itinerario normal es caminar desde Santa Teresa hasta Hidroel\u00e9ctrica por aproximadamente 3 horas. En ambos casos nuestro encuentro es en Hidroel\u00e9ctrica con la gente que hace la Tirolesa y con la gente que camina. En este punto iniciaremos nuestra caminata hacia el pueblo de Aguas Calientes, pasando por la zona llamada Intihuatana, un peque\u00f1o sitio arqueol\u00f3gico donde el gu\u00eda nos dar\u00e1 una explicaci\u00f3n.<\/p>\n<p>Luego continuaremos hacia San Miguel, donde disfrutaremos de nuestro almuerzo. En todo el trayecto, tendremos la oportunidad de contemplar las majestuosas monta\u00f1as de Machu Picchu y otras construcciones en la cima de la monta\u00f1a.<\/p>\n<p>Terminaremos la caminata aproximadamente <b>16:00 horas<\/b> en la ciudad de <b>Aguas Calientes<\/b> donde pasaremos la tercera noche en un albergue b\u00e1sico.<\/p>\n<p><b>D\u00cdA 3: AGUAS CALIENTES-MACHU PICCHU- CUSCO<\/b><\/p>\n<p>El d\u00eda m\u00e1s importante de nuestro viaje, hoy conoceremos una de las 7 maravillas del mundo Machu Picchu, y tenemos dos formas de llegar:<br \/>\n<b>La primera es a trav\u00e9s del Camino Inca<\/b>Este paseo dura 1 hora y 30 minutos y es un ascenso puro.<br \/>\n<b>La segunda es en autob\u00fas tur\u00edstico<\/b>Este corto viaje dura 30 minutos.<br \/>\nLas personas que quieran subir por el Camino Inca deben salir temprano del albergue a las 4:30 am para llegar muy temprano a la ciudadela inca de Machu Picchu y apreciar el amanecer.<br \/>\nY las personas que deseen subir al bus tendr\u00e1n que tomarlo a las 5:30 am para llegar temprano a Machu Picchu y poder apreciar el amanecer que es un espect\u00e1culo \u00fanico, luego podremos visitar la ciudadela Inca de Machu Picchu por dos horas aproximadamente acompa\u00f1ados de un gu\u00eda especializado que nos explicar\u00e1 el legado hist\u00f3rico de la ciudadela de Machu Picchu, y la descripci\u00f3n completa de este gran e imponente atractivo.<\/p>\n<p>Despu\u00e9s de la excursi\u00f3n y si tiene el boleto puede ascender a la monta\u00f1a de Huayna Picchu o a la Monta\u00f1a Machu Picchu. Luego debe descender de Machu Picchu a Aguas Calientes en bus o caminando para que pueda almorzar con tranquilidad y abordar el tren de retorno a Ollantaytambo (2 horas de viaje en tren) donde nos espera nuestro transporte a la ciudad del Cusco (2 horas de viaje en auto).<\/p>\n<p>INCLUIDO<\/p>\n<p>- Transporte tur\u00edstico Cusco - Abra M\u00e1laga y acompa\u00f1amiento a Santa Mar\u00eda.<br \/>\n- Equipo de ciclismo (chaleco, casco integral, guantes, rodilleras y chaleco reflectante)<br \/>\n- Gu\u00eda profesional de aventura y cultural<br \/>\n- Transporte de Santa Mar\u00eda -Santa Teresa<br \/>\n- 2 Desayunos, 2 Almuerzos, 2 Cenas (comida vegetariana opcional)<br \/>\n- 2 noches en un albergue b\u00e1sico<br \/>\n- Entrada a los ba\u00f1os termales de Cocalmayo (si no es rafting)<br \/>\n- Entrada al sitio arqueol\u00f3gico de Machupicchu<br \/>\n- Botiqu\u00edn de primeros auxilios.<br \/>\n- Billetes de tren de Aguas Calientes - Ollantaytambo (Expediciones)<br \/>\n- Transporte desde la estaci\u00f3n de Ollantaytambo a Cusco (plaza San Francisco o plaza Regocijo).<\/p>\n<p>NO INCLUIDO<\/p>\n<p>- Desayuno el primer d\u00eda y almuerzo el \u00faltimo d\u00eda<br \/>\n- Aperitivos y platos adicionales.<br \/>\n- Billetes de autob\u00fas subida y bajada Aguas Calientes - Machu Picchu<br \/>\n- Entrada a la Monta\u00f1a de Machupicchu (Consultar disponibilidad)<br \/>\n- Entrada a Huaynapicchu (Consultar disponibilidad)<br \/>\n- Entrada a las termas de Aguas Calientes s \/ 20.00 soles<br \/>\n- Rafting en Santa Mar\u00eda<br \/>\n- Tirolina en Santa Teresa<\/p>\n<p>Tenga en cuenta que estos precios pueden variar si decide participar en alguna de estas actividades extra una vez iniciado el tour. Le recomendamos reservar antes de la salida de su tour para evitar la posibilidad de pagar precios m\u00e1s elevados por estas actividades.<\/p>\n<p><b><br \/>\nNota 1: Si los pasajeros visitan solo Machu Picchu, el tour guiado es de dos horas, pero si suben a la monta\u00f1a Huayna Picchu o a la monta\u00f1a Machu Picchu, los pasajeros solo tendr\u00e1n una introducci\u00f3n de una hora en Machu Picchu.<\/b><\/p>\n<p><b>Nota 2: Debe enviarnos por correo electr\u00f3nico una copia escaneada o una fotograf\u00eda de su pasaporte inmediatamente despu\u00e9s de haber reservado su tour. Esto es para permitir la compra de su boleto de entrada a Machu Picchu. Debe ser el pasaporte que utilizar\u00e1 para ingresar a Machu Picchu. Este es un requisito al reservar cualquier tour de Machu Picchu de cualquier operador.<\/b><\/p>\n<p><b>Nota 3: Si se aloja en un lugar diferente al seleccionado como lugar de recogida, es expl\u00edcitamente su responsabilidad estar en la entrada principal del hotel u hostal seleccionado como lugar de recogida durante el intervalo de tiempo de recogida en la fecha de su tour. Debe estar en un lugar visible y f\u00e1cil de ver para el operador y estar alerta para su veh\u00edculo\/gu\u00eda cuando vayan a recogerle para el tour.<\/b><\/p>","protected":false},"excerpt":{"rendered":"<p>Se trata de una ruta alternativa a Machu Picchu que transcurre de forma salvaje por la selva tropical durante 3 d\u00edas. El viaje combina el desplazamiento en bicicleta con aut\u00e9nticos y antiguos caminos incas descubiertos recientemente.<\/p>","protected":false},"featured_media":331,"template":"","meta":{"inline_featured_image":false},"product_brand":[],"product_cat":[21],"product_tag":[26],"class_list":{"0":"post-329","1":"product","2":"type-product","3":"status-publish","4":"has-post-thumbnail","6":"product_cat-cuzco","7":"product_tag-cusco","9":"first","10":"instock","11":"virtual","12":"purchasable","13":"product-type-appointment"},"exclude_global_add_ons":false,"addons":[{"name":"Elija Hotel Recogida","type":"multiple_choice","position":0,"required":false,"title_format":"label","description_enable":false,"description":"","placeholder_enable":false,"placeholder":"","display":"select","restrictions_type":"any_text","adjust_price":false,"price":"","price_type":"flat_fee","restrictions":false,"min":0,"max":0,"options":[{"label":"ABITARE HOSTELS, Santo domingo 263, Cusco","price":"","price_type":"flat_fee","image":0},{"label":"AMARU INCA, Cuesta San Blas","price":"","price_type":"flat_fee","image":0},{"label":"AMERINKA BOUTIQUE HOSTEL, Calle Marquez 278","price":"","price_type":"flat_fee","image":0},{"label":"ANDEAN CONFORT INN, Avenida Tullumayo 267","price":"","price_type":"flat_fee","image":0},{"label":"ANDEAN SOUTH INN, Tandapata 635","price":"","price_type":"flat_fee","image":0},{"label":"ANDEAN WINGS BOUTIQUE, calle Siete cuartones 225","price":"","price_type":"flat_fee","image":0},{"label":"ANDENES AL CIELO HOTEL, calle Choquechaka 176","price":"","price_type":"flat_fee","image":0},{"label":"ANTARES MYSTIC HOTEL, calle Cascaparo 172","price":"","price_type":"flat_fee","image":0},{"label":"ANTAWASI HOTEL, calle Intikahuarina 621","price":"","price_type":"flat_fee","image":0},{"label":"ANTIGUA CASONA SAN BLAS, calle Carmen Bajo 243","price":"","price_type":"flat_fee","image":0},{"label":"APU HUASCARAN HOSTAL, calle Carmen Bajo 257","price":"","price_type":"flat_fee","image":0},{"label":"ARCOPATA GUEST HOUSE, calle Arcopata 397, interior 6","price":"","price_type":"flat_fee","image":0},{"label":"ARQUEOLOGO EXCLUSIVE SELECTION HOTEL, calle Pumacurco 408","price":"","price_type":"flat_fee","image":0},{"label":"ATAWKAMA HOSTEL, calle Fierro 534","price":"","price_type":"flat_fee","image":0},{"label":"ATOQ BOUTIQUE SAN BLAS, calle Tandapata esquina con atoqsaycuchi 278","price":"","price_type":"flat_fee","image":0},{"label":"AWKI'S DREAM HOTEL, calle Colla 310-312","price":"","price_type":"flat_fee","image":0},{"label":"BARRIO INKA GUEST HOUSE, avenida Alta 483","price":"","price_type":"flat_fee","image":0},{"label":"BLACK SHEEP HOSTEL, calle Tandapata 676","price":"","price_type":"flat_fee","image":0},{"label":"BLACKY HOSTEL, calle Tambo de Montero 140","price":"","price_type":"flat_fee","image":0},{"label":"CAJA MAGICA HOSTAL, calle Suytuqhatu 759, San Blas","price":"","price_type":"flat_fee","image":0},{"label":"CASA ANDINA PRIVATE COLLECTION, Plazoleta Limacpampa chico 473","price":"","price_type":"flat_fee","image":0},{"label":"CASA ARCOPUNKU HOME HOTELES, avenida Arcopunku 631","price":"","price_type":"flat_fee","image":0},{"label":"CASA DE INGRID, Urb. Lucrepata E-11","price":"","price_type":"flat_fee","image":0},{"label":"CASA DE MAYTE, calle recoleta Angosta 559","price":"","price_type":"flat_fee","image":0},{"label":"CASA ELENA, calle Choquechaka 162","price":"","price_type":"flat_fee","image":0},{"label":"CASA ESMERALDA, pasaje Esmeralda 160","price":"","price_type":"flat_fee","image":0},{"label":"CASA GRANDE COLONIAL PALACE, calle Santa Catalina Ancha 353","price":"","price_type":"flat_fee","image":0},{"label":"CASA MONTESINOS BOUTIQUE, calle Arequipa 159","price":"","price_type":"flat_fee","image":0},{"label":"CASA REAL HOTELES, avenida Garcilazo 218","price":"","price_type":"flat_fee","image":0},{"label":"CASA SAPHI BREAKFAST, calle Plateros 456","price":"","price_type":"flat_fee","image":0},{"label":"CASA TISOC, Plaza San Francisco 162","price":"","price_type":"flat_fee","image":0},{"label":"CASONA QUERA, calle Quera 251","price":"","price_type":"flat_fee","image":0},{"label":"CHAQUILLCHAKA HOSTAL, calle Belen 418","price":"","price_type":"flat_fee","image":0},{"label":"CHOLI WASI GUEST HOUSE, avenida Alta 556, interior 8","price":"","price_type":"flat_fee","image":0},{"label":"CHUSAY ROOFTOP HOMESTAY, calle Queshua 156","price":"","price_type":"flat_fee","image":0},{"label":"CITIES OF THE WORLD, calle Tandapata 298","price":"","price_type":"flat_fee","image":0},{"label":"CONQUISTA HOSTEL, calle Saphi 726 A","price":"","price_type":"flat_fee","image":0},{"label":"COOPER HOTEL BOUTIQUE, calle Santa Teresa 364","price":"","price_type":"flat_fee","image":0},{"label":"CORIHUASI HOTEL, calle Suecia 561","price":"","price_type":"flat_fee","image":0},{"label":"COSTA DEL SOL RAMADA CUSCO, calle Santa Teresa 344","price":"","price_type":"flat_fee","image":0},{"label":"CULTURAL GUEST HOUSE, avenida Pardo paseo de los heroes 845","price":"","price_type":"flat_fee","image":0},{"label":"CUSCO BED AND BREAKFAST, calle Union 140","price":"","price_type":"flat_fee","image":0},{"label":"CUSCO PARDO HOTEL, Regional 998","price":"","price_type":"flat_fee","image":0},{"label":"CUSCO VIEW POINT HOSTEL, calle Pasnapakana 133","price":"","price_type":"flat_fee","image":0},{"label":"CUSCO PACKERS, avenida Prolongacion Arcopata 129","price":"","price_type":"flat_fee","image":0},{"label":"DRAGONFLY HOSTELS CUSCO, calle Siete Cuartones 245","price":"","price_type":"flat_fee","image":0},{"label":"DREAMS HOUSE HOSTAL, calle San Jose 100","price":"","price_type":"flat_fee","image":0},{"label":"ECOPACKERS, Santa Teresa 375","price":"","price_type":"flat_fee","image":0},{"label":"EL ANDARIEGO HOSTAL, calle San Andres 270","price":"","price_type":"flat_fee","image":0},{"label":"EL LABRADOR HOSTAL, calle Cabracancha, pasaje pampa de la alianza 456","price":"","price_type":"flat_fee","image":0},{"label":"EL MARISCAL CUSCO, calle urb lucrepata f-6","price":"","price_type":"flat_fee","image":0},{"label":"EL MIRADOR DE SANTA ANA, calle de la raza 887","price":"","price_type":"flat_fee","image":0},{"label":"EL TRIUNFO HOSTAL, calle triunfo 379","price":"","price_type":"flat_fee","image":0},{"label":"EL TUCO, calle av grau 835","price":"","price_type":"flat_fee","image":0},{"label":"EL VIRREY BOUTIQUE, calle portal comercio 165 plaza de armas","price":"","price_type":"flat_fee","image":0},{"label":"ELMER HOTEL, calle chaparro 594","price":"","price_type":"flat_fee","image":0},{"label":"ESPLENDOR HOTEL, calle union 189","price":"","price_type":"flat_fee","image":0},{"label":"ESTANCIA SAN BLAS, calle siete angelitos 640","price":"","price_type":"flat_fee","image":0},{"label":"EUREKA SAN BLAS BOUTIQUE, calle chihuampata 591","price":"","price_type":"flat_fee","image":0},{"label":"FEEL AT HOME HOSTEL, av triunfo 374","price":"","price_type":"flat_fee","image":0},{"label":"FLORIDA DEL INCA HOTEL, calle in cipreses m-21","price":"","price_type":"flat_fee","image":0},{"label":"FLYING DOG CUSCO, calle choquechaca 469","price":"","price_type":"flat_fee","image":0},{"label":"GAIA HOUSE HOSTEL, calle nueva alta 424","price":"","price_type":"flat_fee","image":0},{"label":"GARDEN OF SAN BLAS, calle pasnapacana 130","price":"","price_type":"flat_fee","image":0},{"label":"GOLDEN INCA HOTEL, calle jon retiro 435","price":"","price_type":"flat_fee","image":0},{"label":"GRINGOS'S WASI, calle suytuccato 831","price":"","price_type":"flat_fee","image":0},{"label":"HAKU TRAVEL OFFICE, 194 calle meson de la estrella","price":"","price_type":"flat_fee","image":0},{"label":"HILTON GARDEN INN CUSCO, av abancay 207, santa ana","price":"","price_type":"flat_fee","image":0},{"label":"HITCHHIKERS CUSCO HOSTAL, calle saphi 440","price":"","price_type":"flat_fee","image":0},{"label":"HOSPEDAJE SAN CRISTOBAL, calle kiskapata 242","price":"","price_type":"flat_fee","image":0},{"label":"HOSPEDAJE TURISTICO RECOLETA, calle jr pumacahua 160","price":"","price_type":"flat_fee","image":0},{"label":"HOSTAL CUSI WASI, av arcopata 466a","price":"","price_type":"flat_fee","image":0},{"label":"HOSTAL AL GRIAL, calle carmen alto 112 san blas","price":"","price_type":"flat_fee","image":0},{"label":"HOSTERIA DE ANITA, calle alabado 525","price":"","price_type":"flat_fee","image":0},{"label":"HOTEL AMARU INCA, calle cuesta de san blas 541","price":"","price_type":"flat_fee","image":0},{"label":"HOTEL ARCANGEL, calle choquechaca 194","price":"","price_type":"flat_fee","image":0},{"label":"HOTEL CASA LIMACPAMPA, calle limacpampa grande 565","price":"","price_type":"flat_fee","image":0},{"label":"HOTEL CASONA LES PLEIADES, calle tandapata 116","price":"","price_type":"flat_fee","image":0},{"label":"HOTEL CUSCO JUNGLE, calle san pedro 128","price":"","price_type":"flat_fee","image":0},{"label":"HOTEL EL RETABLO, calle ese 343","price":"","price_type":"flat_fee","image":0},{"label":"HOTEL KOYLLUR, calle pumapaccha 243","price":"","price_type":"flat_fee","image":0},{"label":"HOTEL LOS ANDES DE AMERICA, calle garcilaso 150","price":"","price_type":"flat_fee","image":0},{"label":"HOTEL PLAZA DE ARMAS CUSCO, calle portal mantas 114","price":"","price_type":"flat_fee","image":0},{"label":"HOTEL XIMA CUSCO av el sol 1010","price":"","price_type":"flat_fee","image":0},{"label":"ILLA HOTEL, calle carmen alto 166","price":"","price_type":"flat_fee","image":0},{"label":"IMAGINE PLAZA CUSCO HOTEL, calle jr tupac yupanqui 391","price":"","price_type":"flat_fee","image":0},{"label":"IMPERIAL CUSCO HOTEL, calle centenario 741","price":"","price_type":"flat_fee","image":0},{"label":"INCA SIZA, calle suecia 300","price":"","price_type":"flat_fee","image":0},{"label":"INKA CLUB HOSTEL, calle siete cuartones 284 - interior 3","price":"","price_type":"flat_fee","image":0},{"label":"INKA WASI BOUTIQUE HOTEL, calle plaza del regocijo 261","price":"","price_type":"flat_fee","image":0},{"label":"INKA WILD HOSTEL, calle matara 261","price":"","price_type":"flat_fee","image":0},{"label":"INKAS GARDEN APARTMENT, calle fortunato l herrera #120, koripata, santiago","price":"","price_type":"flat_fee","image":0},{"label":"INKAS MACHUPICCHU INN, calle choquechaca 156","price":"","price_type":"flat_fee","image":0},{"label":"INTI GARDEN BOUTIQUE HOSTEL, calle cuesta santa ana 644","price":"","price_type":"flat_fee","image":0},{"label":"INTI WASI HOSTAL, calle del medio 134","price":"","price_type":"flat_fee","image":0},{"label":"INTIPACKERS CUSCO, calle siete angelitos 6758","price":"","price_type":"flat_fee","image":0},{"label":"INTRO HOSTELS, calle cuesta de santa ana 561","price":"","price_type":"flat_fee","image":0},{"label":"JW MARRIOTT EL CONVENTO CUSCO, esquina de la calle ruinas 432 y san agustin","price":"","price_type":"flat_fee","image":0},{"label":"JAMILA LODGE, calle pera 440","price":"","price_type":"flat_fee","image":0},{"label":"KENAMARI HOTEL, avenida pardo 769-8","price":"","price_type":"flat_fee","image":0},{"label":"KILLA Q'ENTE HOSTAL CUSCO, calle jr atahuallpa 454","price":"","price_type":"flat_fee","image":0},{"label":"KELLIPATA HOSPEDAJE, calle tambo de montero - pasaje killichapata 238","price":"","price_type":"flat_fee","image":0},{"label":"KILOMBO HOSTEL, calle nueva alta","price":"","price_type":"flat_fee","image":0},{"label":"KIMSA HOTEL, calle choquechaka 320","price":"","price_type":"flat_fee","image":0},{"label":"KOKOPELLI CUSCO, calle san andres 260","price":"","price_type":"flat_fee","image":0},{"label":"KURUMI HOSTEL, calle arco iris 488","price":"","price_type":"flat_fee","image":0},{"label":"KUSIPAQARI HOTEL, calle meson de la estrella 120","price":"","price_type":"flat_fee","image":0},{"label":"KUSKA HOSTAL, calle huaynapata 245","price":"","price_type":"flat_fee","image":0},{"label":"LA BO'M BACKPACKERS&CREPERIA, calle carmen alto 283","price":"","price_type":"flat_fee","image":0},{"label":"LA CASA DE DON IGNACIO, av pardo 954","price":"","price_type":"flat_fee","image":0},{"label":"LA CASONA DE LUISA, calle tordo 298","price":"","price_type":"flat_fee","image":0},{"label":"LA CASONA RIMACPAMPA, calle limacpampa chico 493","price":"","price_type":"flat_fee","image":0},{"label":"LA MORADA SUITES, calle kurkurpata 230","price":"","price_type":"flat_fee","image":0},{"label":"LA POSADA DEL VIAJERO HOSTAL, calle santa catalina ancha 366","price":"","price_type":"flat_fee","image":0},{"label":"LAS QUENAS, calle los angeles 1265","price":"","price_type":"flat_fee","image":0},{"label":"LLIPIMPAC GUESTHOUSE, calle zetas 400","price":"","price_type":"flat_fee","image":0},{"label":"LOKI HOSTEL, calle cuesta de santa ana 601","price":"","price_type":"flat_fee","image":0},{"label":"LORETO BOUTIQUE HOTEL, calle loreto 115","price":"","price_type":"flat_fee","image":0},{"label":"LOS ATICOS B&B, calle quera 253","price":"","price_type":"flat_fee","image":0},{"label":"MAGIC PACKERS HOSTEL, calle hospital 772","price":"","price_type":"flat_fee","image":0},{"label":"MALLQUI HOSTAL, calle nueva alta 444","price":"","price_type":"flat_fee","image":0},{"label":"MAMA SIMONA HOSTEL, calle ceniza 364 - barrio de san pedro","price":"","price_type":"flat_fee","image":0},{"label":"MARCO WASI SAN BLAS, calle tandapata 670","price":"","price_type":"flat_fee","image":0},{"label":"MARIO'S HOTEL, calle mateo pumacahua 524","price":"","price_type":"flat_fee","image":0},{"label":"MAYA'S HOUSE, calle pampa de la alianza 456","price":"","price_type":"flat_fee","image":0},{"label":"MILHOUSE HOSTEL, calle quera 270","price":"","price_type":"flat_fee","image":0},{"label":"MONASTERIO SAN PEDRO HOTEL, calle ccascaparo 116","price":"","price_type":"flat_fee","image":0},{"label":"MUNAYCHACASA, calle san agustin 287","price":"","price_type":"flat_fee","image":0},{"label":"MUYUCMARKA HOSPEDAJE FAMILIAR, calle haynapata 253","price":"","price_type":"flat_fee","image":0},{"label":"NAO VICTORIA HOSTEL, calle procuradores 357","price":"","price_type":"flat_fee","image":0},{"label":"NET HOUSE B&B, calle union 140, san pedro cusco","price":"","price_type":"flat_fee","image":0},{"label":"NI\u00d1OS HOTEL, calle melon 442","price":"","price_type":"flat_fee","image":0},{"label":"NOVOTEL CUSCO, calle san agustin 239","price":"","price_type":"flat_fee","image":0},{"label":"OBLITAS CASA HOTEL CUSCO, calle plateros 358","price":"","price_type":"flat_fee","image":0},{"label":"OKI DOKI CUSCO, calle nueva alta 644","price":"","price_type":"flat_fee","image":0},{"label":"PACHAMAMA HOSTEL, calle queshua 134","price":"","price_type":"flat_fee","image":0},{"label":"PALACIO DEL INKA-A-LUXURY COLLECTION HOTEL, calle santo domingo 259","price":"","price_type":"flat_fee","image":0},{"label":"PALACIO SAN BLAS HOSTEL, calle tandapata 300","price":"","price_type":"flat_fee","image":0},{"label":"PAMPAWASI HOSTEL, calle meloc 500","price":"","price_type":"flat_fee","image":0}],"id":1738257518},{"name":"Nombre y direcci\u00f3n del hotel","type":"custom_text","position":1,"required":true,"title_format":"label","description_enable":false,"description":"","placeholder_enable":false,"placeholder":"","display":"select","restrictions_type":"any_text","adjust_price":false,"price":"","price_type":"flat_fee","restrictions":false,"min":0,"max":0,"options":[],"id":1738257519}],"_links":{"self":[{"href":"https:\/\/freetourperu.com\/es\/wp-json\/wp\/v2\/product\/329","targetHints":{"allow":["GET"]}}],"collection":[{"href":"https:\/\/freetourperu.com\/es\/wp-json\/wp\/v2\/product"}],"about":[{"href":"https:\/\/freetourperu.com\/es\/wp-json\/wp\/v2\/types\/product"}],"wp:featuredmedia":[{"embeddable":true,"href":"https:\/\/freetourperu.com\/es\/wp-json\/wp\/v2\/media\/331"}],"wp:attachment":[{"href":"https:\/\/freetourperu.com\/es\/wp-json\/wp\/v2\/media?parent=329"}],"wp:term":[{"taxonomy":"product_brand","embeddable":true,"href":"https:\/\/freetourperu.com\/es\/wp-json\/wp\/v2\/product_brand?post=329"},{"taxonomy":"product_cat","embeddable":true,"href":"https:\/\/freetourperu.com\/es\/wp-json\/wp\/v2\/product_cat?post=329"},{"taxonomy":"product_tag","embeddable":true,"href":"https:\/\/freetourperu.com\/es\/wp-json\/wp\/v2\/product_tag?post=329"}],"curies":[{"name":"wp","href":"https:\/\/api.w.org\/{rel}","templated":true}]}}