{"id":312,"date":"2019-10-09T07:54:00","date_gmt":"2019-10-09T07:54:00","guid":{"rendered":"http:\/\/freetourperu.com\/?post_type=product&#038;p=312"},"modified":"2026-04-15T21:01:10","modified_gmt":"2026-04-15T21:01:10","slug":"inka-jungle-4days","status":"publish","type":"product","link":"https:\/\/freetourperu.com\/es\/product\/inka-jungle-4dias\/","title":{"rendered":"Selva Inca 4 D\u00edas"},"content":{"rendered":"<p><b>DIA 01. CUSCO -ABRA MALAGA-SANTA MARIA (RAFTING OPCIONAL)<\/b><\/p>\n<p>Recogida en sus respectivos hoteles u hostales entre <b>6:30 am y 7:00 am<\/b> para tener un encuentro con el gu\u00eda. Luego dejaremos la Ciudad Imperial del Cusco para dirigirnos hacia el <b>Valle Sagrado de los Incas<\/b>as\u00ed como <b>Chincheros, Urubamba, Ollantaytambo<\/b> donde haremos nuestra primera parada para aprovechar nuestras \u00faltimas compras mientras desayunamos a cuenta de cada pasajero. Continuaremos con el viaje hacia el <b>Abra M\u00e1laga (4.350 m.s.n.m.)<\/b>. Despu\u00e9s de este punto, descenderemos 20 minutos m\u00e1s en coche dependiendo de la aparici\u00f3n del gu\u00eda debido a las nieblas y lluvias de la zona. Tras la charla informativa de nuestro gu\u00eda, os proporcionaremos el equipo completo para este tipo de actividad como chaleco protector, casco integral, guantes, rodilleras, y el chaleco reflectante.<\/p>\n<p>Iniciaremos el descenso en bicicleta durante dos horas y media (45 km) hasta llegar a la localidad de <b>Huamanmarca<\/b>. Durante el viaje, experimentaremos la belleza de los picos nevados y la selva tropical donde comienza nuestra Amazon\u00eda peruana, cruzando peque\u00f1os arroyos, y disfrutaremos del cambio de clima fr\u00edo a tropical.<\/p>\n<p>Durante el trayecto se realizar\u00e1n varias paradas para la revisi\u00f3n de bicicletas y equipamiento. Una vez finalizada la actividad ciclista nos dirigiremos a la localidad de <b>Santa Mar\u00eda (1.200 msnm)<\/b>donde almorzaremos.<\/p>\n<p><b>Nota:<\/b> Por la tarde tenemos la opci\u00f3n de hacer rafting en el r\u00edo Vilcanota. Este r\u00edo ofrece r\u00e1pidos de categor\u00eda II y III.<br \/>\nPara esta actividad, te daremos un casco, rompevientos y chaleco salvavidas categor\u00eda V. Esta actividad est\u00e1 disponible entre los meses de abril a diciembre, y seg\u00fan el gobierno peruano, es obligatorio saber nadar para realizarla.<\/p>\n<p><b>D\u00cdA 02. SANTA MARIA-BA\u00d1OS TERMALES -SANTA TERESA (TREKKING)<\/b><\/p>\n<p>Despu\u00e9s del delicioso desayuno, estaremos listos para hacer el primer d\u00eda de trekking a <b>Santa Teresa<\/b>.<\/p>\n<p>La primera media hora despu\u00e9s del desayuno tomaremos nuestro transporte local desde Santa Mar\u00eda hasta el inicio de nuestro sendero donde comenzaremos nuestra caminata disfrutando de toda la vegetaci\u00f3n y al mismo tiempo apreciando el cultivo y cosecha de caf\u00e9, coca y frutas locales. Luego nuestro recorrido ser\u00e1 en ascenso. En el camino tendremos varias paradas para conocer un poco m\u00e1s sobre la riqueza en flora y fauna de la zona en la que nos encontraremos.<\/p>\n<p>Tambi\u00e9n nos detendremos en la casa de una familia local (la casa de los monos), donde aprenderemos un poco m\u00e1s sobre sus costumbres y tradiciones. M\u00e1s tarde cruzaremos un tramo del Camino Inca que antiguamente conectaba la Ciudad Sagrada de los Incas Machu Picchu con el \u00faltimo refugio <b>Inca Vilcabamba<\/b>, de la misma manera aqu\u00ed nuestro gu\u00eda explicar\u00e1 un poco m\u00e1s sobre la historia de los Incas y tambi\u00e9n el sistema de comunicaci\u00f3n que ten\u00edan en aquellos tiempos (la ruta de los Incas).<\/p>\n<p>En este punto, tambi\u00e9n tendremos algunas de las vistas m\u00e1s impresionantes del <b>Ca\u00f1\u00f3n de Huancarccasa.<\/b><\/p>\n<p>Luego descenderemos al pueblo de Quellomayo donde disfrutaremos de un delicioso almuerzo y un reparador descanso en las hamacas de nuestro restaurante.<br \/>\nContinuaremos con las dos \u00faltimas horas de caminata hasta los ba\u00f1os termales de Cocalmayo donde tendremos un buen rato para disfrutar de este lugar tan especial y agradable.<\/p>\n<p>Finalmente, continuaremos caminando durante 45 minutos m\u00e1s para llegar al pueblo de Santa Teresa, o tambi\u00e9n existe la opci\u00f3n de tomar un transporte por su cuenta por un coste extra desde <b>De Cocalmayo a Santa Teresa<\/b> (previa coordinaci\u00f3n con el gu\u00eda), donde cenaremos y pasaremos nuestra segunda noche en un albergue b\u00e1sico.<\/p>\n<p><b>D\u00cdA 3. SANTA TERESA - HIDROEL\u00c9CTRICA -AGUAS CALIENTES (TIROLINA OPCIONAL)<\/b><\/p>\n<p>Este d\u00eda desayunaremos entre <b>De 7.00 a 7.30 h.<\/b> y luego empezar el d\u00eda con la opci\u00f3n de hacer la actividad de Zip Line con uno de los operadores de alta confianza en la zona durante aproximadamente dos horas (Esta actividad es adicional y opcional). Luego tendremos el transporte hacia la Hidroel\u00e9ctrica, donde se encuentra el control gubernamental, para ingresar al Parque Nacional Machu Picchu (Santuario Hist\u00f3rico de Machu Picchu).<\/p>\n<p>En caso de no hacer la Tirolesa entonces en nuestro itinerario normal es caminar desde Santa Teresa hasta Hidroel\u00e9ctrica por un aproximado de 3 horas. En ambos casos nuestro encuentro es en Hidroel\u00e9ctrica con la gente que hace la Tirolesa y con la gente que camina. En este punto iniciaremos nuestra caminata hacia el pueblo de Aguas Calientes, pasando por la zona llamada Intihuatana, un peque\u00f1o sitio arqueol\u00f3gico donde el gu\u00eda nos dar\u00e1 una explicaci\u00f3n.<\/p>\n<p>Luego continuaremos hacia San Miguel, donde disfrutaremos de nuestro almuerzo. En todo el trayecto, tendremos la oportunidad de contemplar las majestuosas monta\u00f1as de Machu Picchu y otras construcciones en la cima de la monta\u00f1a.<\/p>\n<p>Terminaremos la caminata entre las 16:00 hrs. en el pueblo de <b>Aguas Calientes<\/b> donde pasaremos la tercera noche en un albergue b\u00e1sico.<\/p>\n<p><b>D\u00cdA 4. AGUAS CALIENTES-MACHUPICCHU- CUSCO<\/b><\/p>\n<p>El d\u00eda m\u00e1s importante de nuestro viaje es conocer una de las 7 maravillas del mundo Machupicchu, y tenemos dos formas de llegar:<br \/>\nLa primera es a trav\u00e9s del Camino Inca, esta caminata dura 1 hora con 30 minutos de puro ascenso.<\/p>\n<p>La segunda es en autob\u00fas tur\u00edstico, este corto trayecto dura 30 minutos.<br \/>\nLas personas que quieran subir por el Camino Inca deben salir temprano del albergue a las 4:30 am para llegar muy temprano a la ciudadela inca de Machupicchu y apreciar el amanecer.<\/p>\n<p>Y la gente que quiera subir al coche tendr\u00e1 que coger el <b>primer autob\u00fas a las 5:30<\/b> para llegar temprano a Machupicchu y poder apreciar la salida del sol que es un espect\u00e1culo \u00fanico, luego podremos visitar la ciudadela Inca de Machupicchu por dos horas aproximadamente acompa\u00f1ados de un gu\u00eda especializado que nos explicar\u00e1 sobre el legado hist\u00f3rico de la ciudadela de Machu Picchu, y la descripci\u00f3n completa de este gran e imponente atractivo.<\/p>\n<p>Despu\u00e9s de la excursi\u00f3n y si tiene el boleto puede ascender a la monta\u00f1a de Huaynapicchu o la Monta\u00f1a de Machupicchu, a hora oportuna debe descender de Machupicchu a Aguas Calientes en bus o caminando para que pueda almorzar con tranquilidad y abordar el tren de retorno a Ollantaytambo (2 horas de viaje en tren) donde nos espera nuestro transporte con destino a la ciudad del Cusco (2 horas de viaje en auto).<\/p>\n<p><b>Nota 1: Si los pasajeros visitan solo Machu Picchu, el tour guiado es de dos horas, pero si suben a la monta\u00f1a Huayna Picchu o a la monta\u00f1a Machu Picchu, los pasajeros solo tendr\u00e1n una introducci\u00f3n de una hora en Machu Picchu.<\/b><\/p>\n<p><b>Nota 2: Debe enviarnos por correo electr\u00f3nico una copia escaneada o una fotograf\u00eda de su pasaporte inmediatamente despu\u00e9s de haber reservado su tour. Esto es para permitir la compra de su boleto de entrada a Machu Picchu. Debe ser el pasaporte que utilizar\u00e1 para ingresar a Machu Picchu. Este es un requisito al reservar cualquier tour de Machu Picchu de cualquier operador.<\/b><\/p>\n<p><b>Nota 3: Si se aloja en un lugar diferente al seleccionado como lugar de recogida, es expl\u00edcitamente su responsabilidad estar en la entrada principal del hotel u hostal seleccionado como lugar de recogida durante el intervalo de tiempo de recogida en la fecha de su tour. Debe estar en un lugar visible y f\u00e1cil de ver para el operador y estar alerta para su veh\u00edculo\/gu\u00eda cuando vayan a recogerle para el tour.<\/b><\/p>","protected":false},"excerpt":{"rendered":"<ul>\n<li>\n<p class=\"flt-standard-black-p\">Bicicleta, senderismo, rafting y mucho m\u00e1s en este singular viaje a Machu Picchu<\/p>\n<\/li>\n<\/ul>\n<p class=\"flt-standard-black-p\">Se trata de una nueva ruta a Machu Picchu que transcurre de forma salvaje por la selva tropical durante 4 d\u00edas. El viaje combina viajes en bicicleta con aut\u00e9nticos y antiguos caminos incas que fueron descubiertos recientemente<\/p>\n<p>INCLUIDO<\/p>\n<ul>\n<li>Transporte tur\u00edstico Cusco - Abra M\u00e1laga y acompa\u00f1amiento a Santa Mar\u00eda<\/li>\n<li>Equipo de ciclismo (chaleco, casco integral, guantes, rodilleras y chaleco reflectante)<\/li>\n<li>Gu\u00eda profesional de aventura y cultural<\/li>\n<li>Transporte desde Santa Maria -Santa Rosa (30 min)<\/li>\n<li>3 Desayunos, 3 Almuerzos, 3 Cenas (comida vegetariana opcional)<\/li>\n<li>3 noches en un albergue b\u00e1sico<\/li>\n<li>Entrada a las termas de Cocalmayo<\/li>\n<li>Entrada al sitio arqueol\u00f3gico de Machupicchu<\/li>\n<li>Botiqu\u00edn de primeros auxilios<\/li>\n<li>Billetes de tren de Aguas Calientes - Ollantaytambo (Expediciones)<\/li>\n<li>Transporte desde la Estaci\u00f3n de Ollantaytambo a Cusco (Plaza San Francisco o Plaza Regocijo)<\/li>\n<\/ul>\n<p>NO INCLUIDO<\/p>\n<ul>\n<li>Desayuno el primer d\u00eda y almuerzo el \u00faltimo d\u00eda<\/li>\n<li>Aperitivos y platos adicionales.<\/li>\n<li>Billetes de autob\u00fas ida y vuelta Aguas Calientes - Machu Picchu<\/li>\n<li>Entrada a la Monta\u00f1a de Machupicchu (Consultar disponibilidad)<\/li>\n<li>Entrada a la Monta\u00f1a de Huaynapicchu (Consultar disponibilidad)<\/li>\n<li>Seguro de viaje.<\/li>\n<li>Oroya s \/ 5.00 soles<\/li>\n<li>Entrada a las termas de Aguas Calientes s \/ 20.00 soles<\/li>\n<li>Rafting en Santa Mar\u00eda<\/li>\n<li>Tirolina en Santa Teresa<\/li>\n<\/ul>\n<p>Tenga en cuenta que estos precios pueden variar si decide participar en alguna de estas actividades extra una vez iniciado el tour. Le recomendamos reservar antes de la salida de su tour para evitar la posibilidad de pagar precios m\u00e1s elevados por estas actividades.<\/p>","protected":false},"featured_media":318,"template":"","meta":{"inline_featured_image":false},"product_brand":[],"product_cat":[21],"product_tag":[],"class_list":{"0":"post-312","1":"product","2":"type-product","3":"status-publish","4":"has-post-thumbnail","6":"product_cat-cuzco","8":"first","9":"instock","10":"virtual","11":"purchasable","12":"product-type-appointment"},"exclude_global_add_ons":false,"addons":[{"name":"Nombre y direcci\u00f3n del hotel","type":"custom_text","position":1,"required":true,"title_format":"label","description_enable":false,"description":"","placeholder_enable":false,"placeholder":"","display":"select","restrictions_type":"any_text","adjust_price":false,"price":"","price_type":"flat_fee","restrictions":false,"min":0,"max":0,"options":[],"id":1776286833}],"_links":{"self":[{"href":"https:\/\/freetourperu.com\/es\/wp-json\/wp\/v2\/product\/312","targetHints":{"allow":["GET"]}}],"collection":[{"href":"https:\/\/freetourperu.com\/es\/wp-json\/wp\/v2\/product"}],"about":[{"href":"https:\/\/freetourperu.com\/es\/wp-json\/wp\/v2\/types\/product"}],"wp:featuredmedia":[{"embeddable":true,"href":"https:\/\/freetourperu.com\/es\/wp-json\/wp\/v2\/media\/318"}],"wp:attachment":[{"href":"https:\/\/freetourperu.com\/es\/wp-json\/wp\/v2\/media?parent=312"}],"wp:term":[{"taxonomy":"product_brand","embeddable":true,"href":"https:\/\/freetourperu.com\/es\/wp-json\/wp\/v2\/product_brand?post=312"},{"taxonomy":"product_cat","embeddable":true,"href":"https:\/\/freetourperu.com\/es\/wp-json\/wp\/v2\/product_cat?post=312"},{"taxonomy":"product_tag","embeddable":true,"href":"https:\/\/freetourperu.com\/es\/wp-json\/wp\/v2\/product_tag?post=312"}],"curies":[{"name":"wp","href":"https:\/\/api.w.org\/{rel}","templated":true}]}}