{"id":291,"date":"2019-10-09T06:34:47","date_gmt":"2019-10-09T06:34:47","guid":{"rendered":"http:\/\/freetourperu.com\/?post_type=product&#038;p=291"},"modified":"2025-10-13T21:02:33","modified_gmt":"2025-10-13T21:02:33","slug":"colca-canyon-2-days","status":"publish","type":"product","link":"https:\/\/freetourperu.com\/es\/product\/colca-canyon-2-days\/","title":{"rendered":"Ca\u00f1\u00f3n del Colca 2 D\u00edas 1 Noche"},"content":{"rendered":"<p><strong>D\u00eda 1: De la ciudad de Arequipa al Valle del Ca\u00f1\u00f3n del Colca<\/strong> Lo recogeremos de su hostal u hotel en Arequipa entre las 07:30 am y las 08:20 am, y partiremos en autob\u00fas en su excursi\u00f3n hacia el Valle del Colca. Conduciremos a trav\u00e9s de Pampa Ca\u00f1ahuas en la Reserva Nacional de Aguada Blanca, que es el hogar de manadas de vicu\u00f1as, llamas y alpacas, por lo que puede parar para conseguir ese importante selfie con una alpaca. Tambi\u00e9n nos detenemos en el Mirador de Los Andes, el cr\u00e1ter de Chucura, y el Mirador de Chivay para obtener algunas fotos incre\u00edbles en el camino a nuestro destino final, Chivay.<\/p>\n<p>Llegaremos a Chivay sobre las 13.00 horas, donde almorzaremos y nos alojaremos en un hotel b\u00e1sico. A continuaci\u00f3n, tendr\u00e1 la opci\u00f3n de visitar las aguas termales locales si lo desea, o simplemente explorar la peque\u00f1a pero pintoresca ciudad de Chivay. Por la noche, se reunir\u00e1 con su gu\u00eda para cenar e ir a ver un espect\u00e1culo folcl\u00f3rico peruano, donde le animar\u00e1n (y a veces le obligar\u00e1n) a participar en los bailes y cantos locales. Se recomienda acostarse temprano, as\u00ed que trate de evitar el bar irland\u00e9s local.<\/p>\n<p><strong>D\u00eda 2: Valle del Ca\u00f1\u00f3n del Colca a la Cruz del C\u00f3ndor a Arequipa<\/strong> Despu\u00e9s de un desayuno temprano (alrededor de las 06:00 am), partiremos hacia la \"Cruz del C\u00f3ndor\" desde donde esperamos ver a las mundialmente famosas aves C\u00f3ndor Andino volar majestuosamente sobre nosotros mientras se elevan desde el Ca\u00f1\u00f3n. Le llevaremos a diferentes miradores del Ca\u00f1\u00f3n para permitirle explorar y apreciar el tama\u00f1o de este incre\u00edble ca\u00f1\u00f3n (\u00a1el segundo m\u00e1s profundo del mundo!). De regreso a Chivay, nos detendremos en el pueblo de Yanque, visitaremos su hermosa iglesia y sus caracter\u00edsticas calles de piedra entre otros atractivos. Para tener espectaculares vistas del Valle del Colca, conduciremos a los puntos de observaci\u00f3n de Choquetico y Artahuilque donde podr\u00e1 ver tumbas pre-incas y maquetas de las terrazas, as\u00ed que aseg\u00farese de guardar suficiente espacio en su tarjeta de memoria para estos incre\u00edbles lugares.<\/p>\n<p>Despu\u00e9s del almuerzo en un restaurante local, regresaremos a la ciudad de Arequipa, llegando aproximadamente a las 17:30 pm donde lo dejaremos en su hotel u hostal.<\/p>\n<p>INCLUIDO<\/p>\n<ul>\n<li>Transporte privado desde y hacia Arequipa<\/li>\n<li>Gu\u00eda local de habla inglesa<\/li>\n<li>1 noche de alojamiento en Chivay \"La Estancia\" (albergue b\u00e1sico con habitaci\u00f3n privada)<\/li>\n<li>Desayuno en Chivay<\/li>\n<\/ul>\n<p>NO INCLUIDO<\/p>\n<ul>\n<li>El gobierno impuso un impuesto de entrada a los turistas del Colca:<br \/>\nExtranjeros mayores de 13 a\u00f1os 70 soles (aprox. $25 USD)<br \/>\nSudamericanos mayores de 13 a\u00f1os: 40 soles (aprox. $15 USD)<br \/>\nNacional a partir de 13 a\u00f1os: 20 soles (aprox. $8 USD)<br \/>\nNi\u00f1os (de todas las nacionalidades) menores de 13 a\u00f1os: 5 soles (aprox. $2 USD)<br \/>\nNota: No est\u00e1 incluido en ning\u00fan circuito, ya que es ilegal incluirlo.<\/li>\n<li>Almuerzo y cena (el espect\u00e1culo cultural de canto y danza forma parte de la cena; coste aproximado: 30 soles).<\/li>\n<li>Entrada opcional a las termas y ba\u00f1os termales - 15 soles (aprox. $5 USD)<\/li>\n<\/ul>\n<p><b>Nota: <\/b><\/p>\n<p><b>- El impuesto oficial de entrada al Ca\u00f1\u00f3n del Colca, de 70 soles, no est\u00e1 incluido en el precio de la entrada. Este debe ser pagado en el tour.<\/b><\/p>\n<p><b>- Para aquellos que deseen terminar en Puno: De regreso a Chivay a la 1 pm, s\u00f3lo habr\u00e1 15 minutos para almorzar antes de partir a Puno. La hora de llegada a Puno es a las 7 pm, y el punto de entrega es en Puno Plaza de Armas.<\/b><\/p>\n<p><b>- No olvide llevar ropa para tiempo h\u00famedo durante la estaci\u00f3n lluviosa de marzo y abril (se puede alquilar o comprar en Arequipa).<\/b><\/p>","protected":false},"excerpt":{"rendered":"<p class=\"flt-standard-black-p\">Esta excursi\u00f3n de 2 d\u00edas es perfecta para quienes deseen conocer el Ca\u00f1\u00f3n del Colca en toda su extensi\u00f3n. El Ca\u00f1\u00f3n del Colca es el segundo ca\u00f1\u00f3n m\u00e1s profundo del mundo y el mejor lugar para ver de cerca al c\u00f3ndor andino en su h\u00e1bitat natural. Durante esta excursi\u00f3n, podr\u00e1 disfrutar de una cena tradicional y un espect\u00e1culo, adem\u00e1s de fotografiarse con alpacas y llamas.<\/p>","protected":false},"featured_media":300,"template":"","meta":{"inline_featured_image":false},"product_brand":[],"product_cat":[17],"product_tag":[],"class_list":{"0":"post-291","1":"product","2":"type-product","3":"status-publish","4":"has-post-thumbnail","6":"product_cat-arequipa","8":"first","9":"instock","10":"virtual","11":"purchasable","12":"product-type-appointment"},"exclude_global_add_ons":true,"addons":[{"name":"Nombre y direcci\u00f3n del hotel en el centro de Arequipa","type":"custom_text","position":0,"required":true,"title_format":"label","description_enable":false,"description":"","placeholder_enable":false,"placeholder":"","display":"select","restrictions_type":"any_text","adjust_price":false,"price":"","price_type":"flat_fee","restrictions":false,"min":0,"max":0,"options":[],"id":1742311201},{"name":"Conexi\u00f3n con Puno","type":"input_multiplier","position":1,"required":false,"title_format":"label","description_enable":true,"description":"Transportation from chivay to Puno\r\n(Add number of passenger)","placeholder_enable":false,"placeholder":"","display":"select","restrictions_type":"any_text","adjust_price":true,"price":"35","price_type":"flat_fee","restrictions":false,"min":0,"max":0,"options":[],"id":1742311202}],"_links":{"self":[{"href":"https:\/\/freetourperu.com\/es\/wp-json\/wp\/v2\/product\/291","targetHints":{"allow":["GET"]}}],"collection":[{"href":"https:\/\/freetourperu.com\/es\/wp-json\/wp\/v2\/product"}],"about":[{"href":"https:\/\/freetourperu.com\/es\/wp-json\/wp\/v2\/types\/product"}],"wp:featuredmedia":[{"embeddable":true,"href":"https:\/\/freetourperu.com\/es\/wp-json\/wp\/v2\/media\/300"}],"wp:attachment":[{"href":"https:\/\/freetourperu.com\/es\/wp-json\/wp\/v2\/media?parent=291"}],"wp:term":[{"taxonomy":"product_brand","embeddable":true,"href":"https:\/\/freetourperu.com\/es\/wp-json\/wp\/v2\/product_brand?post=291"},{"taxonomy":"product_cat","embeddable":true,"href":"https:\/\/freetourperu.com\/es\/wp-json\/wp\/v2\/product_cat?post=291"},{"taxonomy":"product_tag","embeddable":true,"href":"https:\/\/freetourperu.com\/es\/wp-json\/wp\/v2\/product_tag?post=291"}],"curies":[{"name":"wp","href":"https:\/\/api.w.org\/{rel}","templated":true}]}}