{"id":282,"date":"2019-10-09T06:00:07","date_gmt":"2019-10-09T06:00:07","guid":{"rendered":"http:\/\/freetourperu.com\/?post_type=product&#038;p=282"},"modified":"2026-03-10T15:37:32","modified_gmt":"2026-03-10T15:37:32","slug":"colca-canyon-full-day","status":"publish","type":"product","link":"https:\/\/freetourperu.com\/es\/product\/colca-canyon-full-day\/","title":{"rendered":"Ca\u00f1\u00f3n del Colca D\u00eda Completo"},"content":{"rendered":"<p><strong>03:00 - 03:30<\/strong> Lo recogeremos de su hostal y partiremos en nuestro bus privado hacia el Ca\u00f1\u00f3n del Colca. Despu\u00e9s de 4 horas de viaje en bus, iremos directamente a la Cruz del C\u00f3ndor, parando \u00fanicamente en Chivay para desayunar.<\/p>\n<p><strong>08:30<\/strong> Llegaremos a la Cruz del C\u00f3ndor donde apreciaremos las impresionantes vistas de uno de los ca\u00f1ones m\u00e1s profundos del mundo y veremos el majestuoso p\u00e1jaro C\u00f3ndor Andino que puede ser avistado volando justo sobre su cabeza (\u00a1crucemos los dedos!). Ac\u00e9rquese y obtenga incre\u00edbles fotos de estas aves cuya presencia crea una experiencia verdaderamente \u00fanica en el Ca\u00f1\u00f3n.<\/p>\n<p>On the way back to Chivay, we will stop in the villages of Maca and Yanque, all small local villages which have colonial churches, tombs and Pre-Inca terraces, and we will really get to see the impact of living in the second deepest Canyon in the world.<\/p>\n<p><strong>12h00<\/strong> Llegaremos a Chivay para visitar las aguas termales si lo desea y luego haremos una parada para almorzar en un restaurante local.<\/p>\n<p>En el camino de regreso a Arequipa, nos detendremos en Patapampa, un incre\u00edble mirador desde donde podr\u00e1s ver los volcanes Ampato, Sabancaya y Hualca Hualca lado a lado. Este es tambi\u00e9n el punto m\u00e1s alto que alcanzaremos a 4800 metros sobre el nivel del mar en Pampa Ca\u00f1ahuas.<\/p>\n<p><strong>17:30<\/strong> Llegaremos de regreso a Arequipa y te dejaremos en la puerta de tu hotel u hostal.<\/p>","protected":false},"excerpt":{"rendered":"<p><strong>Recogida en hotel\/hostal:<\/strong> Entre las 03:00 a.m. y las 03:30 a.m.<br \/>\n<strong>Hora de regreso:<\/strong> 17:30 horas<\/p>\n<p>INCLUIDO<\/p>\n<ul>\n<li>Transporte privado<\/li>\n<li>Desayuno<\/li>\n<li>Gu\u00eda profesional de viajes.<\/li>\n<li>Recogida y devoluci\u00f3n en el hotel\/hostal<\/li>\n<\/ul>\n<p>NO INCLUIDO<\/p>\n<ul>\n<li>Boleto tur\u00edstico del Colca:<br \/>\nExtranjeros 70 soles<br \/>\n40 soles sudamericanos<br \/>\nNacionales 20 soles<\/li>\n<li>Entrada a los Ba\u00f1os Termales (Chivay - 15 soles)<\/li>\n<li>Almuerzo (Chivay) o bebidas<\/li>\n<\/ul>","protected":false},"featured_media":288,"template":"","meta":{"inline_featured_image":false},"product_brand":[],"product_cat":[17],"product_tag":[],"class_list":{"0":"post-282","1":"product","2":"type-product","3":"status-publish","4":"has-post-thumbnail","6":"product_cat-arequipa","8":"first","9":"instock","10":"virtual","11":"purchasable","12":"product-type-appointment"},"exclude_global_add_ons":false,"addons":[{"name":"Nombre y direcci\u00f3n del hotel en el centro de Arequipa","type":"custom_text","position":0,"required":true,"title_format":"label","description_enable":false,"description":"","placeholder_enable":false,"placeholder":"","display":"select","restrictions_type":"any_text","adjust_price":false,"price":"","price_type":"flat_fee","restrictions":false,"min":0,"max":0,"options":[],"id":1768921509},{"name":"Conexi\u00f3n con Puno","type":"input_multiplier","position":1,"required":false,"title_format":"label","description_enable":true,"description":"Transportation from chivay to Puno\r\n(Add number of passenger)","placeholder_enable":false,"placeholder":"","display":"select","restrictions_type":"any_text","adjust_price":true,"price":"35","price_type":"flat_fee","restrictions":false,"min":0,"max":0,"options":[],"id":1768921510}],"_links":{"self":[{"href":"https:\/\/freetourperu.com\/es\/wp-json\/wp\/v2\/product\/282","targetHints":{"allow":["GET"]}}],"collection":[{"href":"https:\/\/freetourperu.com\/es\/wp-json\/wp\/v2\/product"}],"about":[{"href":"https:\/\/freetourperu.com\/es\/wp-json\/wp\/v2\/types\/product"}],"wp:featuredmedia":[{"embeddable":true,"href":"https:\/\/freetourperu.com\/es\/wp-json\/wp\/v2\/media\/288"}],"wp:attachment":[{"href":"https:\/\/freetourperu.com\/es\/wp-json\/wp\/v2\/media?parent=282"}],"wp:term":[{"taxonomy":"product_brand","embeddable":true,"href":"https:\/\/freetourperu.com\/es\/wp-json\/wp\/v2\/product_brand?post=282"},{"taxonomy":"product_cat","embeddable":true,"href":"https:\/\/freetourperu.com\/es\/wp-json\/wp\/v2\/product_cat?post=282"},{"taxonomy":"product_tag","embeddable":true,"href":"https:\/\/freetourperu.com\/es\/wp-json\/wp\/v2\/product_tag?post=282"}],"curies":[{"name":"wp","href":"https:\/\/api.w.org\/{rel}","templated":true}]}}