{"id":273,"date":"2019-10-09T01:48:53","date_gmt":"2019-10-09T01:48:53","guid":{"rendered":"http:\/\/freetourperu.com\/?post_type=product&#038;p=273"},"modified":"2025-11-13T21:18:18","modified_gmt":"2025-11-13T21:18:18","slug":"misti-volcano","status":"publish","type":"product","link":"https:\/\/freetourperu.com\/es\/product\/misti-volcano\/","title":{"rendered":"Volc\u00e1n Misti 2 d\u00edas"},"content":{"rendered":"<p><strong>Resumen del itinerario:<\/strong><\/p>\n<p>Su viaje comienza con una salida de Arequipa a las <strong>8H30<\/strong> en un accidentado <strong>Veh\u00edculo 4\u00d74<\/strong>que le llevar\u00e1 al punto de partida en <strong>3.500 metros<\/strong>. A partir de ah\u00ed, se embarcar\u00e1 en un <strong>excursi\u00f3n panor\u00e1mica de 4-5 horas<\/strong> al campamento base en <strong>4.600 metros<\/strong>donde pasar\u00e1s la noche bajo las estrellas.<\/p>\n<p><strong>D\u00eda de la Cumbre - Un amanecer sin igual:<\/strong><br \/>\nNos levantaremos antes del amanecer para tomar un desayuno energ\u00e9tico y comenzar la <strong>ascenso desafiante pero gratificante a las 3:00 AM<\/strong>. A medida que ascienda, ser\u00e1 testigo de un impresionante <strong>amanecer desde las laderas del volc\u00e1n Misti<\/strong>-una experiencia que nuestros clientes califican sistem\u00e1ticamente como la <strong>lo m\u00e1s destacado de la expedici\u00f3n<\/strong>. Alcanzar el <strong>cumbre (5.825 m)<\/strong> despu\u00e9s de <strong>5-6 horas<\/strong>se le recompensar\u00e1 con <strong>vistas incomparables<\/strong> del cr\u00e1ter volc\u00e1nico, una emblem\u00e1tica cruz de hierro y el impresionante <strong>Anillo de fuego<\/strong>-una cadena de los volcanes m\u00e1s legendarios de Per\u00fa, entre ellos <strong>Chachani, Ubinas, Sabancaya, Ampato (hogar de la momia Juanita), Coropuna y Hualcahualca.<\/strong>.<\/p>\n<p><strong>Emocionante descenso y regreso:<\/strong><br \/>\nEl descenso es una aventura en s\u00ed misma. <strong>cenizas volc\u00e1nicas y dunas<\/strong> hace un <strong>r\u00e1pido, divertido y sin esfuerzo<\/strong> viaje. En s\u00f3lo <strong>1,5 horas<\/strong>llegar\u00e1s a <strong>4.100 metros<\/strong>, donde su <strong>El 4\u00d74 espera<\/strong> para un c\u00f3modo regreso a Arequipa por <strong>14.30 H<\/strong>con entrega en el lugar que prefiera.<\/p>\n<p><strong>Incluye:<\/strong><br \/>\n\u2714 <strong>Gu\u00eda de monta\u00f1a biling\u00fce experto<\/strong> (espa\u00f1ol-ingl\u00e9s)<br \/>\n\u2714 <strong>Transporte privado en 4\u00d74<\/strong><br \/>\n\u2714 <strong>Equipo completo de escalada<\/strong> (saco de dormir, tienda, colchoneta, crampones, piolet, cuerda...)<strong>si las condiciones de la nieve lo requieren<\/strong>)<br \/>\n\u2714 <strong>Comidas nutritivas<\/strong> (1 box lunch, 1 cena caliente, 1 desayuno caliente)<br \/>\n\u2714 <strong>Botella de ox\u00edgeno de emergencia<\/strong> (disponible en el 4\u00d74)<br \/>\n\u2714 <strong>Botiqu\u00edn de primeros auxilios<\/strong><br \/>\n\u2714 <strong>Montaje del campamento y personal de apoyo<\/strong><\/p>\n<p><strong>No se incluye:<\/strong><br \/>\n\u2716 <strong>4 litros de agua<\/strong> (para cocinar y uso personal)<br \/>\n\u2716 <strong>Aperitivos<\/strong><br \/>\n\u2716 <strong>Bastones de trekking<\/strong><br \/>\n\u2716 <strong>Botas de monta\u00f1a<\/strong><\/p>\n<p><strong>\u00bfPor qu\u00e9 elegir esta expedici\u00f3n?<\/strong><br \/>\nEsto es m\u00e1s que una simple escalada, es una <strong>una aventura \u00fanica en la vida<\/strong> combinando <strong>desaf\u00edo f\u00edsico, belleza natural y maravillas geol\u00f3gicas<\/strong>. Tanto si le atrae la <strong>espectacular amanecer<\/strong>la emoci\u00f3n de hacer cumbre en un volc\u00e1n activo, o la oportunidad de presenciar el <strong>El legendario Anillo de Fuego<\/strong>El Misti te ofrece una experiencia que nunca olvidar\u00e1s.<\/p>\n<h3><strong>\ud83d\udcb0 OPCIONES DE VISITA<\/strong><\/h3>\n<ul>\n<li><strong>Escalador en solitario<\/strong>: $199<\/li>\n<li><strong>A\u00f1adir un socio<\/strong>: +$65 (\u00a1Comparte la aventura!)<\/li>\n<\/ul>\n<p><strong>\u00bfListo para aceptar el reto?<\/strong> Reserva ahora o pregunta por nuestros grupos diarios (WhatsApp) y prep\u00e1rate para la aventura de tu vida.<\/p>","protected":false},"excerpt":{"rendered":"<p><strong>Conquer the Majestic Misti Volcano \u2013 An Unforgettable Adventure<\/strong><\/p>\n<p>Difficulty: Easy<\/p>\n<p>Altitude in feet: 19,101 ft (5825 meters)<\/p>\n<p>We leave Arequipa at 8.30 am by 4&#215;4 until the drop-off place at 3&#8217;500 m. From there we start with the hiking until the base camp at 4&#8217;600 m (5 hours approx.).<\/p>","protected":false},"featured_media":169,"template":"","meta":{"inline_featured_image":false},"product_brand":[],"product_cat":[17],"product_tag":[25],"class_list":{"0":"post-273","1":"product","2":"type-product","3":"status-publish","4":"has-post-thumbnail","6":"product_cat-arequipa","7":"product_tag-arequipa","9":"first","10":"instock","11":"virtual","12":"purchasable","13":"product-type-appointment"},"exclude_global_add_ons":false,"addons":[{"name":"A\u00f1adir un socio para","type":"input_multiplier","position":0,"required":false,"title_format":"label","description_enable":false,"description":"","placeholder_enable":false,"placeholder":"","display":"select","restrictions_type":"any_text","adjust_price":true,"price":"65","price_type":"flat_fee","restrictions":false,"min":0,"max":0,"options":[],"id":1743636271},{"name":"Nombre y direcci\u00f3n del hotel","type":"custom_text","position":1,"required":true,"title_format":"label","description_enable":false,"description":"","placeholder_enable":false,"placeholder":"","display":"select","restrictions_type":"any_text","adjust_price":false,"price":"","price_type":"flat_fee","restrictions":false,"min":0,"max":0,"options":[],"id":1743636272}],"_links":{"self":[{"href":"https:\/\/freetourperu.com\/es\/wp-json\/wp\/v2\/product\/273","targetHints":{"allow":["GET"]}}],"collection":[{"href":"https:\/\/freetourperu.com\/es\/wp-json\/wp\/v2\/product"}],"about":[{"href":"https:\/\/freetourperu.com\/es\/wp-json\/wp\/v2\/types\/product"}],"wp:featuredmedia":[{"embeddable":true,"href":"https:\/\/freetourperu.com\/es\/wp-json\/wp\/v2\/media\/169"}],"wp:attachment":[{"href":"https:\/\/freetourperu.com\/es\/wp-json\/wp\/v2\/media?parent=273"}],"wp:term":[{"taxonomy":"product_brand","embeddable":true,"href":"https:\/\/freetourperu.com\/es\/wp-json\/wp\/v2\/product_brand?post=273"},{"taxonomy":"product_cat","embeddable":true,"href":"https:\/\/freetourperu.com\/es\/wp-json\/wp\/v2\/product_cat?post=273"},{"taxonomy":"product_tag","embeddable":true,"href":"https:\/\/freetourperu.com\/es\/wp-json\/wp\/v2\/product_tag?post=273"}],"curies":[{"name":"wp","href":"https:\/\/api.w.org\/{rel}","templated":true}]}}