{"id":266,"date":"2019-10-09T01:31:22","date_gmt":"2019-10-09T01:31:22","guid":{"rendered":"http:\/\/freetourperu.com\/?post_type=product&#038;p=266"},"modified":"2025-12-02T23:39:08","modified_gmt":"2025-12-02T23:39:08","slug":"chachani-volcano-2days-1-night","status":"publish","type":"product","link":"https:\/\/freetourperu.com\/es\/product\/chachani-volcano-2days-1-night\/","title":{"rendered":"Volc\u00e1n Chachani 2 d\u00edas"},"content":{"rendered":"<h4><strong>Aspectos destacados de la expedici\u00f3n:<\/strong><\/h4>\n<p>\ud83c\udf04 <strong>Comienzo temprano (7:30 AM):<\/strong> Salida de Arequipa en <strong>4&#215;4<\/strong>, conduciendo hasta <strong>5,000m<\/strong>-donde comienza su caminata a gran altitud.<br \/>\n\u26fa <strong>Campo Base (5.300 m):<\/strong> Despu\u00e9s de un <strong>Caminata de 2 horas<\/strong>Acom\u00f3dese para pasar la noche bajo las estrellas, rodeado de impresionantes paisajes andinos.<br \/>\n\ud83c\udf0b <strong>Empuje de la cumbre (antes del amanecer):<\/strong> Asciende bajo un cielo lleno de estrellas, alcanzando el <strong>cumbre nevada (6.075 m)<\/strong> para un <strong>un amanecer que nunca olvidar\u00e1s<\/strong>.<br \/>\n\ud83c\udfd4\ufe0f <strong>Vistas panor\u00e1micas:<\/strong> En d\u00edas claros, presencie <strong>Volc\u00e1n Misti, Ampato (hogar de la \"Momia Juanita\"), y la cordillera de los Andes.<\/strong>.<br \/>\n\ud83d\udd19 <strong>Return to Arequipa (~2:00 PM):<\/strong> Descienda hasta el campamento base y regrese en coche, justo a tiempo para celebrar su haza\u00f1a.<\/p>\n<h4><strong>\u00bfPor qu\u00e9 escalar Chachani?<\/strong><\/h4>\n<p>\u2714 <strong>Volc\u00e1n m\u00e1s alto cerca de Arequipa<\/strong> - Un aut\u00e9ntico reto de alpinismo.<br \/>\n\u2714 <strong>Impresionante cumbre nevada<\/strong> (Nieve estacional -m\u00e1xima en mayo-noviembre).<br \/>\n\u2714 <strong>Menos concurrido que el Misti<\/strong> - Una experiencia m\u00e1s remota y serena a gran altitud.<br \/>\n\u2714 <strong>Asistencia experta<\/strong> - Seguro, guiado y totalmente equipado para el \u00e9xito.<\/p>\n<hr \/>\n<h3><strong>\u00bfQu\u00e9 incluye?<\/strong> \u2705<\/h3>\n<ul>\n<li><strong>Gu\u00eda de monta\u00f1a biling\u00fce<\/strong> (espa\u00f1ol\/ingl\u00e9s)<\/li>\n<li><strong>Transporte 4\u00d74<\/strong> (Arequipa \u2192 5,000m inicio del sendero)<\/li>\n<li><strong>Material de escalada<\/strong> (saco de dormir, tienda de campa\u00f1a, colchoneta, crampones, piolet, cuerda <em>si las condiciones de la nieve lo requieren<\/em>)<\/li>\n<li><strong>Comidas nutritivas<\/strong> (1 box lunch, 1 cena caliente, 1 desayuno caliente)<\/li>\n<li><strong>Ox\u00edgeno de emergencia y botiqu\u00edn de primeros auxilios<\/strong><\/li>\n<li><strong>Apoyo al personal del campamento<\/strong> (tiendas y comidas para la tripulaci\u00f3n)<\/li>\n<\/ul>\n<h3><strong>\u00bfQu\u00e9 llevar?<\/strong> \ud83c\udf92<\/h3>\n<ul>\n<li><strong>4L de agua<\/strong> (la hidrataci\u00f3n es fundamental en altitud)<\/li>\n<li><strong>Aperitivos energ\u00e9ticos<\/strong> (frutos secos, chocolate, fruta deshidratada)<\/li>\n<li><strong>Bastones de trekking<\/strong> (\u00fatil en tramos empinados)<\/li>\n<li><strong>Botas de monta\u00f1a resistentes<\/strong> (deben estar rotas y ser resistentes a la intemperie)<\/li>\n<li><strong>Lista de equipaje completa<\/strong> (Flash-light, bolsa-paquete, v\u00e9ase la secci\u00f3n anterior para m\u00e1s detalles)<\/li>\n<\/ul>\n<hr \/>\n<p><strong>\u00bfListo para la aventura andina definitiva?<\/strong><br \/>\nChachani ofrece <strong>belleza bruta, altitud emocionante y derecho a presumir<\/strong>-\u00a1Reserva ahora o pregunta por nuestros grupos diarios (WhatsApp) y sit\u00faate en la cima de uno de los picos m\u00e1s emblem\u00e1ticos de Per\u00fa!<\/p>\n<p><em>Nota: la cobertura de nieve var\u00eda seg\u00fan la estaci\u00f3n; las condiciones ideales suelen ser de mayo a noviembre.<\/em><\/p>","protected":false},"excerpt":{"rendered":"<p>A\u00f1adir un socio por 60 USD<\/p>\n<h3><strong>Conquistar el Chachani: La cumbre del majestuoso volc\u00e1n peruano de 6.075 m<\/strong><\/h3>\n<p><strong>Dificultad:<\/strong> Media (requiere buena forma f\u00edsica y aclimataci\u00f3n)<br \/>\n<strong>Altitud de la cumbre:<\/strong> 6.075 m (19.931 pies) - <strong>El volc\u00e1n m\u00e1s alto cerca de Arequipa<\/strong><\/p>\n<h4><\/h4>","protected":false},"featured_media":327,"template":"","meta":{"inline_featured_image":false},"product_brand":[],"product_cat":[17],"product_tag":[],"class_list":{"0":"post-266","1":"product","2":"type-product","3":"status-publish","4":"has-post-thumbnail","6":"product_cat-arequipa","8":"first","9":"instock","10":"virtual","11":"purchasable","12":"product-type-appointment"},"exclude_global_add_ons":false,"addons":[{"name":"A\u00f1adir un socio para","type":"input_multiplier","position":0,"required":false,"title_format":"label","description_enable":false,"description":"","placeholder_enable":false,"placeholder":"","display":"select","restrictions_type":"any_text","adjust_price":true,"price":"60","price_type":"flat_fee","restrictions":true,"min":1,"max":4,"options":[],"id":1731335343},{"name":"Nombre y direcci\u00f3n del hotel","type":"custom_text","position":1,"required":true,"title_format":"label","description_enable":false,"description":"","placeholder_enable":false,"placeholder":"","display":"select","restrictions_type":"any_text","adjust_price":false,"price":"","price_type":"flat_fee","restrictions":false,"min":0,"max":0,"options":[],"id":1731335344}],"_links":{"self":[{"href":"https:\/\/freetourperu.com\/es\/wp-json\/wp\/v2\/product\/266","targetHints":{"allow":["GET"]}}],"collection":[{"href":"https:\/\/freetourperu.com\/es\/wp-json\/wp\/v2\/product"}],"about":[{"href":"https:\/\/freetourperu.com\/es\/wp-json\/wp\/v2\/types\/product"}],"wp:featuredmedia":[{"embeddable":true,"href":"https:\/\/freetourperu.com\/es\/wp-json\/wp\/v2\/media\/327"}],"wp:attachment":[{"href":"https:\/\/freetourperu.com\/es\/wp-json\/wp\/v2\/media?parent=266"}],"wp:term":[{"taxonomy":"product_brand","embeddable":true,"href":"https:\/\/freetourperu.com\/es\/wp-json\/wp\/v2\/product_brand?post=266"},{"taxonomy":"product_cat","embeddable":true,"href":"https:\/\/freetourperu.com\/es\/wp-json\/wp\/v2\/product_cat?post=266"},{"taxonomy":"product_tag","embeddable":true,"href":"https:\/\/freetourperu.com\/es\/wp-json\/wp\/v2\/product_tag?post=266"}],"curies":[{"name":"wp","href":"https:\/\/api.w.org\/{rel}","templated":true}]}}