{"id":17,"date":"2019-06-27T18:03:57","date_gmt":"2019-06-27T18:03:57","guid":{"rendered":"http:\/\/freetourperu.com\/?post_type=product&#038;p=17"},"modified":"2026-02-04T09:11:31","modified_gmt":"2026-02-04T09:11:31","slug":"downtown-walking-city-tour-cusco","status":"publish","type":"product","link":"https:\/\/freetourperu.com\/es\/product\/downtown-walking-city-tour-cusco\/","title":{"rendered":"Free Tour Cusco"},"content":{"rendered":"<p style=\"text-align: center;\"><b>D\u00d3NDE:<\/b> Punto de encuentro <a href=\"https:\/\/www.google.com\/maps\/dir\/\/free+walking+tour+cusco+%7C+inka,+Catedral+Cusco+Free+walking+inka,+Cusco+08002,+Peru\/@47.063857,9.5074031,2555m\/data=!3m1!1e3!4m8!4m7!1m0!1m5!1m1!1s0x916dd742feb4f13b:0xcf0c0117d2a5c6e7!2m2!1d-71.9780266!2d-13.5167972?entry=ttu&amp;g_ep=EgoyMDI2MDIwMS4wIKXMDSoASAFQAw%3D%3D\">Corner of the Catedral Cusco Free walking inka, Cusco 08002, Peru\u00a0<\/a>Please use our <a href=\"https:\/\/www.google.com\/maps\/dir\/\/free+walking+tour+cusco+%7C+inka,+Catedral+Cusco+Free+walking+inka,+Cusco+08002,+Peru\/@47.063857,9.5074031,2555m\/data=!3m1!1e3!4m8!4m7!1m0!1m5!1m1!1s0x916dd742feb4f13b:0xcf0c0117d2a5c6e7!2m2!1d-71.9780266!2d-13.5167972?entry=ttu&amp;g_ep=EgoyMDI2MDIwMS4wIKXMDSoASAFQAw%3D%3D\"><b>Mapa Google de la ciudad de Cusco<\/b><\/a>\u00a0para saber c\u00f3mo llegar al punto de partida de la excursi\u00f3n. El tour termina en el lado este de la ciudad de Cusco.<\/p>\n<p>Operated by Free walking Inka Cusco<\/p>\n<p style=\"text-align: center;\"><b>\u00bfC\u00f3mo reconocer a nuestros gu\u00edas?\u00a0<\/b>LOOK FOR THE CHERRY \u00a0T-SHIRT, do not get confused, only <a href=\"https:\/\/www.google.com\/maps\/dir\/free+walking+tour+cusco+%7C+inka,+Catedral+Cusco+Free+walking+inka,+Cusco+08002,+Peru\/free+walking+tour+cusco+%7C+inka,+Catedral+Cusco+Free+walking+inka,+Cusco+08002,+Peru\/@47.0638571,9.5074031,2555m\/data=!3m2!1e3!4b1!4m13!4m12!1m5!1m1!1s0x916dd742feb4f13b:0xcf0c0117d2a5c6e7!2m2!1d-71.9780266!2d-13.5167972!1m5!1m1!1s0x916dd742feb4f13b:0xcf0c0117d2a5c6e7!2m2!1d-71.9780266!2d-13.5167972?entry=ttu&amp;g_ep=EgoyMDI2MDIwMS4wIKXMDSoASAFQAw%3D%3D\">Free Walking Inka Cusco<\/a> logo.<\/p>\n<p><i>SITIOS QUE CUBRIMOS EN EL TOUR:<\/i><\/p>\n<p>Rese\u00f1a hist\u00f3rica de la ciudad de Cusco<\/p>\n<ul>\n<li>Catedral Bas\u00edlica<\/li>\n<li>Temple of Triumph<\/li>\n<li>Plaza de Armas de Cusco.- (plaza de los guerreros Inkas)<\/li>\n<li>Calle del sol<\/li>\n<li>Palacio de T\u00fapac Yupanqui<\/li>\n<li>Cusicancha (comprender la distribuci\u00f3n urbana en Inka tims)<\/li>\n<li>Qoricancha (centro de espiritualidad del mundo andino)<\/li>\n<li>Rimac pampa. (relieve de la pata del puma)<\/li>\n<li>Puma curcco. (calle Inka m\u00e1s larga y extensa)<\/li>\n<li>La piedra de los 12 \u00e1ngulos<\/li>\n<li>Plaza Cusipata<\/li>\n<li>House of the Inka Garcilaso de la Vega<\/li>\n<li>Plaza San Francisco - jard\u00edn bot\u00e1nico de Cusco<\/li>\n<\/ul>\n<p style=\"text-align: center;\"><b>Idioma:<\/b>\u00a0La visita se realiza en ingl\u00e9s y espa\u00f1ol.<\/p>\n<p><b>Coste<\/b>:<\/p>\n<p>Contamos con los mejores gu\u00edas tur\u00edsticos que est\u00e1n en ello d\u00eda tras d\u00eda, que crean recorridos divertidos y entretenidos para que conozcas los aspectos m\u00e1s importantes de una ciudad, saben mucho de la ciudad que visitas y te ayudar\u00e1n a tener el viaje de tu vida.<\/p>\n<p><strong>Es por eso que la mayor\u00eda de los caminantes en FREE TOUR PERU generalmente dan entre S\/.20 a S\/.50  por persona, pero como dijimos, puedes elegir dar m\u00e1s o menos dependiendo de tu experiencia.<\/strong><\/p>","protected":false},"excerpt":{"rendered":"<p style=\"text-align: center;\"><strong>DE LUNES A S\u00c1BADO<\/strong><\/p>\n<p style=\"text-align: center;\">First Departure: \u00a0 10:45 a.m.<\/p>\n<p style=\"text-align: center;\">Second Departure:\u00a0 \u00a0 13:30 p.m.<\/p>\n<p style=\"text-align: center;\">Third Departure: 15:30 p.m.<\/p>\n<p style=\"text-align: center;\"><b>DURACI\u00d3N:<\/b>\u00a0Aproximadamente 2 horas y media.<\/p>\n<p>&nbsp;<\/p>","protected":false},"featured_media":144,"template":"","meta":{"inline_featured_image":false},"product_brand":[],"product_cat":[21],"product_tag":[],"class_list":{"0":"post-17","1":"product","2":"type-product","3":"status-publish","4":"has-post-thumbnail","6":"product_cat-cuzco","8":"first","9":"instock","10":"virtual","11":"purchasable","12":"product-type-appointment"},"exclude_global_add_ons":[],"addons":[],"_links":{"self":[{"href":"https:\/\/freetourperu.com\/es\/wp-json\/wp\/v2\/product\/17","targetHints":{"allow":["GET"]}}],"collection":[{"href":"https:\/\/freetourperu.com\/es\/wp-json\/wp\/v2\/product"}],"about":[{"href":"https:\/\/freetourperu.com\/es\/wp-json\/wp\/v2\/types\/product"}],"wp:featuredmedia":[{"embeddable":true,"href":"https:\/\/freetourperu.com\/es\/wp-json\/wp\/v2\/media\/144"}],"wp:attachment":[{"href":"https:\/\/freetourperu.com\/es\/wp-json\/wp\/v2\/media?parent=17"}],"wp:term":[{"taxonomy":"product_brand","embeddable":true,"href":"https:\/\/freetourperu.com\/es\/wp-json\/wp\/v2\/product_brand?post=17"},{"taxonomy":"product_cat","embeddable":true,"href":"https:\/\/freetourperu.com\/es\/wp-json\/wp\/v2\/product_cat?post=17"},{"taxonomy":"product_tag","embeddable":true,"href":"https:\/\/freetourperu.com\/es\/wp-json\/wp\/v2\/product_tag?post=17"}],"curies":[{"name":"wp","href":"https:\/\/api.w.org\/{rel}","templated":true}]}}