{"id":16220,"date":"2022-06-07T21:06:46","date_gmt":"2022-06-07T21:06:46","guid":{"rendered":"http:\/\/freetourperu.com\/?post_type=product&#038;p=16220"},"modified":"2025-12-09T17:14:49","modified_gmt":"2025-12-09T17:14:49","slug":"dune-buggy-sandboarding","status":"publish","type":"product","link":"https:\/\/freetourperu.com\/es\/product\/dune-buggy-sandboarding\/","title":{"rendered":"Dune Buggy &#038; Sand-boarding"},"content":{"rendered":"<div class=\"activity-accordion-item__content activity-accordion-item__content--hidden\">\n<section class=\"activity-swap-columns\" data-v-1bcbc5ad=\"\">\n<div class=\"overlay\" data-v-1bcbc5ad=\"\">\n<div id=\"activity-experience\" class=\"activity-experience js-section-content\" data-v-72493dfc=\"\" data-v-1bcbc5ad=\"\">\n<section class=\"full-description activity-experience__item\" data-test-id=\"activity-full-description\" data-v-0ee513c0=\"\" data-v-72493dfc=\"\">\n<div class=\"activity-accordion-item\" data-v-0ee513c0=\"\">\n<div class=\"activity-accordion-item-header\">\n<div class=\"activity-accordion-item__content activity-accordion-item__content--hidden\">\n<section class=\"toggle-content\" data-v-772d15b6=\"\" data-v-0ee513c0=\"\">\n<div class=\"toggle-content__content toggle-content__content--expanded toggle-content__content--packable\" data-v-772d15b6=\"\">\n<div data-v-772d15b6=\"\" data-v-0ee513c0=\"\">\n<h3><strong>\ud83d\ude80 Lo m\u00e1s destacado: \u00a1Una aventura por el desierto llena de adrenalina!<\/strong><\/h3>\n<p>\u2714 <strong>Carrera sobre dunas doradas<\/strong> en un poderoso <strong>buggy 4\u00d74<\/strong>-\u00a1como una monta\u00f1a rusa en el desierto!<br \/>\n\u2714 <strong>Sandboard por pendientes pronunciadas<\/strong>-emocionante tanto para principiantes como para profesionales.<br \/>\n\u2714 <strong>Sea testigo de una impresionante puesta de sol en el desierto<\/strong>-perfecto para fotos \u00e9picas.<br \/>\n\u2714 <strong>Explorar Huacachina<\/strong>El \u00fanico oasis de Per\u00fa, \u00a1de la forma m\u00e1s emocionante posible!<\/p>\n<hr \/>\n<h3><strong>\ud83c\udf35 Full Description: Dune Buggy &amp; Sand-boarding\u00a0Adventure<\/strong><\/h3>\n<p>Prep\u00e1rate para <strong>la m\u00e1xima emoci\u00f3n del desierto<\/strong> Esta en\u00e9rgica excursi\u00f3n le adentrar\u00e1 en las doradas arenas de Huacachina, donde la aventura aguarda a cada paso.<\/p>\n<p><strong>\ud83d\ude99 Dune Buggy Rush:<\/strong><br \/>\nAg\u00e1rrate fuerte mientras tu experto conductor pasa a toda velocidad por enormes dunas, algunas tan altas como <strong>\u00a130 metros!<\/strong> Siente la adrenalina <strong>precipitarse por pendientes pronunciadas<\/strong> y coger aire en los baches. (\u00a1S\u00ed, es tan divertido como suena!)<\/p>\n<p><strong>\ud83c\udfc2 Sandboarding Like a Pro:<\/strong><br \/>\n\u00bfNunca ha probado el sandboard? No hay problema. Tu gu\u00eda te ense\u00f1ar\u00e1 las mejores t\u00e9cnicas para <strong>deslizarse por las dunas<\/strong> de forma segura, ya sea sentado, tumbado o (para los valientes) de pie.<\/p>\n<p><strong>\ud83c\udf05 Magia de atardecer:<\/strong><br \/>\nDespu\u00e9s de la emoci\u00f3n, rel\u00e1jese y sum\u00e9rjase en <strong>uno de los mayores espect\u00e1culos de la naturaleza<\/strong>-la puesta de sol sobre el interminable desierto. Su ch\u00f3fer le llevar\u00e1 al <strong>los mejores lugares para hacer fotos<\/strong> para recuerdos inolvidables.<\/p>\n<p><strong>\u2728 \u00bfOpci\u00f3n privada?<\/strong> \u00bfQuieres un <strong>\u00bfuna aventura personalizada?<\/strong> Elija el tour privado para personalizar su ruta, horario y experiencia. (precio adicional)<\/p>\n<hr \/>\n<h3><strong>\ud83d\udccc Informaci\u00f3n pr\u00e1ctica<\/strong><\/h3>\n<p>\ud83d\udccd <strong>Punto de encuentro<\/strong> <span class=\"activity-inclusions__test activity-inclusions__test--include\" data-v-0d17907c=\"\"><a href=\"https:\/\/www.google.com\/maps\/place\/Senoma+Hotel+-+Adults+Only\/@-14.0865774,-75.7643797,19.94z\/data=!4m9!3m8!1s0x9110e3c7401a95bd:0x17b7b1e03a44bc7d!5m2!4m1!1i2!8m2!3d-14.0866491!4d-75.7644078!16s%2Fg%2F11xdtdwmz1?entry=ttu&amp;g_ep=EgoyMDI1MDkyMi4wIKXMDSoASAFQAw%3D%3D\">SEMONA hotel en Huacachina\u00a0<\/a><\/span><br \/>\n\u2705 <strong>Incluye:<\/strong><\/p>\n<ul>\n<li>Buggy ride &amp; sand-boarding equipment<\/li>\n<li>Conductor\/gu\u00eda experto<\/li>\n<\/ul>\n<p>\u274c <strong>No se incluye:<\/strong><\/p>\n<ul>\n<li>Comida y bebida<\/li>\n<li>Entradas<\/li>\n<li>Seguro de viaje<\/li>\n<\/ul>\n<p>\u26a0 <strong>No apto para:<\/strong><\/p>\n<ul>\n<li>Ni\u00f1os menores de 9 a\u00f1os<\/li>\n<li>Mujeres embarazadas<\/li>\n<li>Personas con problemas de espalda\/movilidad<\/li>\n<li>Usuarios de sillas de ruedas<\/li>\n<\/ul>\n<p>\ud83d\udeab <strong>Tenga en cuenta lo siguiente:<\/strong> No se admiten bolsas\/equipajes grandes.<\/p>\n<hr \/>\n<h3><strong>\ud83d\udd25 \u00bfPreparado para el viaje de tu vida? \u00a1Reserva ya!<\/strong><\/h3>\n<\/div>\n<div data-v-772d15b6=\"\" data-v-0ee513c0=\"\">\n<div class=\"activity-accordion-item__content activity-accordion-item__content--hidden\">\n<section class=\"activity-inclusions\" data-test-id=\"activity-inclusions\" data-v-0d17907c=\"\" data-v-473d7442=\"\">\n<ul class=\"activity-inclusions-inclusion\" data-v-0d17907c=\"\">\n<li class=\"activity-inclusions__item activity-inclusions__item--inclusion\" data-v-0d17907c=\"\"><span class=\"activity-inclusions__test activity-inclusions__test--include\" data-v-0d17907c=\"\">Punto de encuentro <a href=\"https:\/\/www.google.com\/maps\/place\/Senoma+Hotel+-+Adults+Only\/@-14.0865774,-75.7643797,19.94z\/data=!4m9!3m8!1s0x9110e3c7401a95bd:0x17b7b1e03a44bc7d!5m2!4m1!1i2!8m2!3d-14.0866491!4d-75.7644078!16s%2Fg%2F11xdtdwmz1?entry=ttu&amp;g_ep=EgoyMDI1MDkyMi4wIKXMDSoASAFQAw%3D%3D\">SEMONA hotel en Huacachina\u00a0<\/a><\/span><\/li>\n<\/ul>\n<section id=\"preparation-info\" class=\"preparation-info js-section-content\" data-v-5ea1526e=\"\" data-v-1bcbc5ad=\"\">\n<section id=\"section--important-information\" class=\"activity-important-information preparation-info__item preparation-info__important-information\" data-test-id=\"activity-important-information\" data-v-45a03bbc=\"\" data-v-5ea1526e=\"\">\n<div class=\"activity-accordion-item\" data-v-45a03bbc=\"\">\n<div class=\"activity-accordion-item-header\">\n<div class=\"activity-accordion-item__content activity-accordion-item__content--hidden\">\n<div class=\"activity-important-information__content\" data-v-45a03bbc=\"\">\n<section class=\"toggle-content\" data-v-772d15b6=\"\" data-v-45a03bbc=\"\">\n<div class=\"toggle-content__content toggle-content__content--packable\" data-v-772d15b6=\"\">\n<section class=\"toggle-content\" data-v-772d15b6=\"\" data-v-45a03bbc=\"\">\n<div class=\"toggle-content__content\" data-v-772d15b6=\"\"><\/div>\n<\/section>\n<\/div>\n<\/section>\n<\/div>\n<\/div>\n<\/div>\n<\/div>\n<\/section>\n<\/section>\n<\/section>\n<\/div>\n<\/div>\n<\/div>\n<\/section>\n<\/div>\n<\/div>\n<\/div>\n<\/section>\n<\/div>\n<\/div>\n<\/section>\n<\/div>","protected":false},"excerpt":{"rendered":"<div data-v-6a808e32=\"\">\n<p><strong>Horarios :\u00a0<\/strong>De lunes a domingo<\/p>\n<p><strong>Punto de encuentro : <\/strong>Semona Hotel in Huacachina (oasis) <a href=\"https:\/\/maps.app.goo.gl\/7mA6Rc6k2umcpYu67\">av. Angela Perotti Huacachina 11000 Per\u00fa.<\/a><\/p>\n<ul>\n<li><strong><i class=\"fas fa-hands\"><\/i> Por favor, traiga<\/strong>\n<div class=\"overlay\" data-v-1bcbc5ad=\"\">\n<div id=\"activity-experience\" class=\"activity-experience js-section-content\" data-v-72493dfc=\"\" data-v-1bcbc5ad=\"\">\n<section id=\"not-suitable-for\" class=\"activity-experience__item\" data-v-7d1b4c3a=\"\" data-v-72493dfc=\"\">\n<div class=\"activity-accordion-item\" data-v-7d1b4c3a=\"\">\n<div class=\"activity-accordion-item__content activity-accordion-item__content--hidden\"><\/div>\n<\/div>\n<\/section>\n<\/div>\n<\/div>\n<section id=\"preparation-info\" class=\"preparation-info js-section-content\" data-v-5ea1526e=\"\" data-v-1bcbc5ad=\"\">\n<section id=\"section--important-information\" class=\"activity-important-information preparation-info__item preparation-info__important-information\" data-test-id=\"activity-important-information\" data-v-45a03bbc=\"\" data-v-5ea1526e=\"\">\n<div class=\"activity-accordion-item\" data-v-45a03bbc=\"\">\n<div class=\"activity-accordion-item-header\">\n<div class=\"activity-accordion-item__content activity-accordion-item__content--hidden\">\n<div class=\"activity-important-information__content\" data-v-45a03bbc=\"\">\n<section class=\"toggle-content\" data-v-772d15b6=\"\" data-v-45a03bbc=\"\">\n<div class=\"toggle-content__content toggle-content__content--packable\" data-v-772d15b6=\"\">\n<ul class=\"activity-important-information__list to-bring\" data-v-772d15b6=\"\" data-v-45a03bbc=\"\">\n<li class=\"activity-important-information__item\" data-v-772d15b6=\"\" data-v-45a03bbc=\"\">Zapatos c\u00f3modos<\/li>\n<li class=\"activity-important-information__item\" data-v-772d15b6=\"\" data-v-45a03bbc=\"\">Cortavientos<\/li>\n<li class=\"activity-important-information__item\" data-v-772d15b6=\"\" data-v-45a03bbc=\"\">Gafas de sol<\/li>\n<li class=\"activity-important-information__item\" data-v-772d15b6=\"\" data-v-45a03bbc=\"\">Sombrero para el sol<\/li>\n<\/ul>\n<\/div>\n<\/section>\n<\/div>\n<\/div>\n<\/div>\n<\/div>\n<\/section>\n<\/section>\n<\/li>\n<\/ul>\n<\/div>\n<div data-v-6a808e32=\"\"><\/div>\n<div data-v-6a808e32=\"\"><\/div>\n<div data-v-6a808e32=\"\"><\/div>","protected":false},"featured_media":16219,"template":"","meta":{"inline_featured_image":false},"product_brand":[],"product_cat":[15],"product_tag":[],"class_list":{"0":"post-16220","1":"product","2":"type-product","3":"status-publish","4":"has-post-thumbnail","6":"product_cat-ica","8":"first","9":"instock","10":"virtual","11":"purchasable","12":"product-type-appointment"},"exclude_global_add_ons":false,"addons":[{"name":"Meeting Point: Semona Hotel Huacachina (av. Angela Perotti, Huacachina 11000)","type":"heading","position":0,"required":true,"title_format":"label","description_enable":false,"description":"","placeholder_enable":false,"placeholder":"","display":"select","restrictions_type":"any_text","adjust_price":false,"price":"","price_type":"flat_fee","restrictions":false,"min":0,"max":0,"options":[],"id":1743445855}],"_links":{"self":[{"href":"https:\/\/freetourperu.com\/es\/wp-json\/wp\/v2\/product\/16220","targetHints":{"allow":["GET"]}}],"collection":[{"href":"https:\/\/freetourperu.com\/es\/wp-json\/wp\/v2\/product"}],"about":[{"href":"https:\/\/freetourperu.com\/es\/wp-json\/wp\/v2\/types\/product"}],"wp:featuredmedia":[{"embeddable":true,"href":"https:\/\/freetourperu.com\/es\/wp-json\/wp\/v2\/media\/16219"}],"wp:attachment":[{"href":"https:\/\/freetourperu.com\/es\/wp-json\/wp\/v2\/media?parent=16220"}],"wp:term":[{"taxonomy":"product_brand","embeddable":true,"href":"https:\/\/freetourperu.com\/es\/wp-json\/wp\/v2\/product_brand?post=16220"},{"taxonomy":"product_cat","embeddable":true,"href":"https:\/\/freetourperu.com\/es\/wp-json\/wp\/v2\/product_cat?post=16220"},{"taxonomy":"product_tag","embeddable":true,"href":"https:\/\/freetourperu.com\/es\/wp-json\/wp\/v2\/product_tag?post=16220"}],"curies":[{"name":"wp","href":"https:\/\/api.w.org\/{rel}","templated":true}]}}