{"id":15360,"date":"2022-06-07T19:59:41","date_gmt":"2022-06-07T19:59:41","guid":{"rendered":"http:\/\/freetourperu.com\/?post_type=product&#038;p=15360"},"modified":"2022-06-07T21:19:57","modified_gmt":"2022-06-07T21:19:57","slug":"private-walking-tour-of-cusco","status":"publish","type":"product","link":"https:\/\/freetourperu.com\/es\/product\/ruta-privada-a-pie-por-el-cusco\/","title":{"rendered":"Tour privado de Cusco a pie"},"content":{"rendered":"<h3>Itinerario<\/h3>\n<p>El itinerario que figura a continuaci\u00f3n puede sufrir modificaciones debido a huelgas, problemas meteorol\u00f3gicos y festividades.<\/p>\n<ol>\n<li>Recogida en su hotel - si procede o se solicita<\/li>\n<li>Vamos a explorar la <strong>Plazoleta Regocijo<\/strong> y el <strong>Municipalidad <\/strong>visita exterior<\/li>\n<li>Luego, llegaremos a la <strong>Plaza San Francisco<\/strong> y el<strong> Arco de Santa Clara<\/strong><\/li>\n<li>Nos adentraremos en el mercado m\u00e1s tradicional de Cusco conocido como <strong>Mercado San Pedro - <\/strong>- visita interior<\/li>\n<li>La <a href=\"https:\/\/www.inkanmilkyway.com\/en\/blog\/plaza-de-armas-cusco-main-square\/\"><strong>Plaza de Armas<\/strong><\/a> es parte del tour, en donde hablaremos de los <strong>Origenes del Imperio Incaico <\/strong>y el <strong>Catedral<\/strong> <strong>- <\/strong>- visita interior<\/li>\n<li>Haremos una parada en <strong>La calle del Sol <\/strong>, Inti K\u2019ijllu en Quechua<\/li>\n<li>La <strong>Piedra de 12 \u00e1ngulos<\/strong> y el\u00a0<strong>Palacio del Inca Roq'a<\/strong> est\u00e1n inclu\u00eddos en este tour<\/li>\n<li>Vamos a hacer una parada en el <strong>Palacio de Pachaquteq <\/strong>-- visita interior. De de lunes a viernes por la ma\u00f1ana<\/li>\n<li>Por \u00faltimo, remataremos este recorrido visitando el <strong>Templo Qoricancha - <\/strong>- visita interior<\/li>\n<li>Terminamos este tour en cualquier lugar del centro hist\u00f3rico como la Plaza de Armas o te dejamos en tu hotel o Airbnb<\/li>\n<\/ol>\n<p><strong>Nota:<\/strong> En este tour privado a pie, visitaremos las atracciones mencionadas desde el exterior, excepto algunas atracciones; Sin embargo, puede ponerse en contacto con nosotros y haremos todo lo posible <strong>modificar el itinerario\u00a0<\/strong>en funci\u00f3n de sus preferencias.<\/p>","protected":false},"excerpt":{"rendered":"<p>&nbsp;<\/p>\n<ul>\n<li><strong><i class=\"far fa-clock\"><\/i> Horarios<\/strong>\n<ul>\n<li>Todos los d\u00edas a petici\u00f3n, recomendamos empezar a las 10h o a las 15h<\/li>\n<li>No operamos el 1 de enero<\/li>\n<\/ul>\n<\/li>\n<li><strong><i class=\"far fa-comment\"><\/i> Idioma <\/strong>\n<ul>\n<li>S\u00f3lo un idioma (espa\u00f1ol, ingl\u00e9s), t\u00fa eliges el idioma, si prefieres otro idioma, \u00a1h\u00e1znoslo saber!<\/li>\n<\/ul>\n<\/li>\n<li><strong><i class=\"far fa-hourglass\"><\/i> Duraci\u00f3n<\/strong>\n<ul>\n<li>Alrededor de 3 horas<\/li>\n<\/ul>\n<\/li>\n<li><strong><i class=\"fas fa-grip-horizontal\"><\/i> Tipo de viaje<\/strong>\n<ul>\n<li>100% Tour privado, el tour se centra en la historia, dise\u00f1ado exclusivamente para adultos<\/li>\n<li>Si tiene ni\u00f1os, no se preocupe, ya que esta excursi\u00f3n se realiza en privado, creemos que les puede gustar igualmente.<\/li>\n<\/ul>\n<\/li>\n<li><strong><i class=\"fas fa-bus-alt\"><\/i> Transporte<\/strong>\n<ul>\n<li>A pie<\/li>\n<\/ul>\n<\/li>\n<li><strong><i class=\"fas fa-wheelchair\"><\/i> Accesibilidad<\/strong>\n<ul>\n<li>Este recorrido es <em>no<\/em> adecuado para personas con movilidad reducida<\/li>\n<\/ul>\n<\/li>\n<li><strong><i class=\"fas fa-map-pin\"><\/i> Lugar de finalizaci\u00f3n de la visita<\/strong>\n<ul>\n<li>Podemos terminar en cualquier lugar del centro hist\u00f3rico como la Plaza de Armas o podemos acompa\u00f1arle de vuelta a su hotel siempre que est\u00e9 situado en el centro de la ciudad.<\/li>\n<\/ul>\n<\/li>\n<li><strong><i class=\"fas fa-hands\"><\/i> Por favor, traiga<\/strong>\n<ul>\n<li>Su\u00e9teres o chaquetas, zapatos antideslizantes para caminar, impermeables, gorras o sombreros, gafas de sol y agua.<\/li>\n<\/ul>\n<\/li>\n<li><strong><i class=\"far fa-check-square\"><\/i> Incluye<\/strong>\n<ul>\n<li>El gu\u00eda tur\u00edstico lo recoger\u00e1 de su hotel, Airbnb, o en cualquier lugar en el centro de la ciudad de Cusco<\/li>\n<li>100% gu\u00eda exclusiva autorizada y una excelente narraci\u00f3n de la historia<\/li>\n<\/ul>\n<\/li>\n<li><strong><i class=\"far fa-times-circle\"><\/i> No incluido <\/strong>\n<ul>\n<li>Consejos (opcionales)<\/li>\n<li>25 Soles por persona para la Catedral<\/li>\n<li>15 Soles por persona para el templo de Qoricancha<\/li>\n<\/ul>\n<\/li>\n<\/ul>\n<p>&nbsp;<\/p>","protected":false},"featured_media":16203,"template":"","meta":{"inline_featured_image":false},"product_brand":[],"product_cat":[21],"product_tag":[],"class_list":{"0":"post-15360","1":"product","2":"type-product","3":"status-publish","4":"has-post-thumbnail","6":"product_cat-cuzco","8":"first","9":"instock","10":"virtual","11":"purchasable","12":"product-type-appointment"},"exclude_global_add_ons":false,"addons":[{"name":"Nombre y direcci\u00f3n del hotel","type":"custom_text","position":0,"required":false,"title_format":"heading","description_enable":true,"description":"","placeholder_enable":false,"placeholder":"","display":"select","restrictions_type":"any_text","adjust_price":false,"price":"","price_type":"flat_fee","restrictions":false,"min":3,"max":0,"options":[]},{"name":"A\u00f1adir m\u00e1s socios para","type":"input_multiplier","position":1,"required":false,"title_format":"label","description_enable":false,"description":"","placeholder_enable":false,"placeholder":"","display":"select","restrictions_type":"any_text","adjust_price":true,"price":"15","price_type":"flat_fee","restrictions":false,"min":0,"max":0,"options":[]}],"_links":{"self":[{"href":"https:\/\/freetourperu.com\/es\/wp-json\/wp\/v2\/product\/15360","targetHints":{"allow":["GET"]}}],"collection":[{"href":"https:\/\/freetourperu.com\/es\/wp-json\/wp\/v2\/product"}],"about":[{"href":"https:\/\/freetourperu.com\/es\/wp-json\/wp\/v2\/types\/product"}],"wp:featuredmedia":[{"embeddable":true,"href":"https:\/\/freetourperu.com\/es\/wp-json\/wp\/v2\/media\/16203"}],"wp:attachment":[{"href":"https:\/\/freetourperu.com\/es\/wp-json\/wp\/v2\/media?parent=15360"}],"wp:term":[{"taxonomy":"product_brand","embeddable":true,"href":"https:\/\/freetourperu.com\/es\/wp-json\/wp\/v2\/product_brand?post=15360"},{"taxonomy":"product_cat","embeddable":true,"href":"https:\/\/freetourperu.com\/es\/wp-json\/wp\/v2\/product_cat?post=15360"},{"taxonomy":"product_tag","embeddable":true,"href":"https:\/\/freetourperu.com\/es\/wp-json\/wp\/v2\/product_tag?post=15360"}],"curies":[{"name":"wp","href":"https:\/\/api.w.org\/{rel}","templated":true}]}}