{"id":14744,"date":"2022-05-10T21:46:05","date_gmt":"2022-05-10T21:46:05","guid":{"rendered":"http:\/\/freetourperu.com\/?post_type=product&#038;p=14744"},"modified":"2025-10-29T00:46:55","modified_gmt":"2025-10-29T00:46:55","slug":"tour-of-maras-salt-mines-moray-inca-ruins","status":"publish","type":"product","link":"https:\/\/freetourperu.com\/es\/product\/ruta-de-las-minas-de-sal-de-maras-moray-inca-ruinas\/","title":{"rendered":"Tour a las salinas de Maras, Ruinas Incas de Moray"},"content":{"rendered":"<p>Nuestra\u00a0<strong>Tour Maras y Moray<\/strong>\u00a0es f\u00e1cilmente uno de los tours m\u00e1s populares para los visitantes de Cusco que aman la arqueolog\u00eda, la naturaleza y la vida local. En s\u00f3lo 6 horas, nuestros gu\u00edas expertos le llevar\u00e1n a Maras y Moray: Dos atracciones en un solo tour, considere que las ruinas incas de Chinchero solo ser\u00e1n visitadas si reserva un tour privado.<\/p>\n<p><strong>Moray<\/strong> es un conjunto de <strong>plataformas semicirculares<\/strong> que representan diferentes niveles ecol\u00f3gicos, lo que significa diferentes temperaturas; esta es la raz\u00f3n por la que llegamos a la conclusi\u00f3n de que Moray era un laboratorio agr\u00edcola para la adaptaci\u00f3n de diferentes cultivos como la patata, el ma\u00edz, <em>quinoa<\/em>, <em>oca<\/em>etc.<\/p>\n<p>Cerca de Moray, hay una zona de extracci\u00f3n natural de sal conocida como <strong><em>Salineras de Maras<\/em><\/strong> Se form\u00f3 hace millones de a\u00f1os y form\u00f3 parte de la dieta local durante miles de a\u00f1os e incluso hoy en d\u00eda este tipo de sal se utiliza para el consumo local y regional; durante esta excursi\u00f3n de medio d\u00eda, tambi\u00e9n llegaremos a esta atracci\u00f3n natural.<\/p>\n<ul>\n<li><strong><i class=\"fas fa-wheelchair\"><\/i> Accesibilidad<\/strong>\n<ul>\n<li>Este recorrido es <em>no<\/em> adecuado para personas con movilidad reducida<\/li>\n<\/ul>\n<\/li>\n<li><strong><i class=\"far fa-calendar-alt\"><\/i> \u00bfC\u00f3mo reservar?<\/strong>\n<ul>\n<li>P\u00f3ngase en contacto con nosotros a trav\u00e9s de esta p\u00e1gina. Le haremos un presupuesto y, una vez que nos pongamos de acuerdo, recibir\u00e1 una oferta personalizada con el precio<\/li>\n<\/ul>\n<\/li>\n<li><strong><i class=\"fas fa-hands\"><\/i> Por favor, traiga<\/strong>\n<ul>\n<li>Lleve siempre una sudadera o chaqueta, calzado antideslizante para caminar, impermeable, sombrero, gafas de sol, agua, moneda local para las entradas (Billete Tur\u00edstico) y tentempi\u00e9s. No incluimos almuerzo. El tour termina alrededor de las 2pm en la ciudad de Cusco.<\/li>\n<\/ul>\n<\/li>\n<li><strong><i class=\"far fa-check-square\"><\/i> Incluye<\/strong>\n<ul>\n<li>Tour en grupo:\n<ul>\n<li>Recogida en autob\u00fas en su hotel siempre que se aloje en el centro hist\u00f3rico<\/li>\n<li>100% gu\u00edas autorizadas y una excelente narraci\u00f3n de la historia<\/li>\n<li>Autob\u00fas tur\u00edstico con aire acondicionado<\/li>\n<\/ul>\n<\/li>\n<li>Tour privado:\n<ul>\n<li>Recogida en autob\u00fas y gu\u00eda desde su hotel, Airbnb o cualquier lugar en la ciudad de Cusco y tambi\u00e9n cubrimos todas las inclusiones mencionadas en el Tour de Grupo<\/li>\n<\/ul>\n<\/li>\n<\/ul>\n<\/li>\n<li><strong><i class=\"far fa-times-circle\"><\/i>No incluido<br \/>\n<\/strong><\/p>\n<ul>\n<li>Esta excursi\u00f3n no incluye el\u00a0<strong>Billete tur\u00edstico de Cusco<\/strong>que deber\u00e1 pagar en efectivo -moneda local- en los yacimientos arqueol\u00f3gicos. Existen dos tipos de entradas, seg\u00fan el n\u00famero de monumentos que desee visitar:\n<ul>\n<li>Entrada completa: 130 Soles por persona <strong>- <\/strong>unos 38 USD<\/li>\n<li>Entrada parcial: 70 Soles por persona <strong>-<\/strong> unos 21 USD<\/li>\n<\/ul>\n<\/li>\n<li>Usted necesitar\u00e1 un boleto extra para Maras Salineras - minas de sal. El costo es de 10 Soles, c\u00f3mprelo en la atracci\u00f3n en efectivo el mismo d\u00eda de su tour, solo aceptan moneda local como pago.<\/li>\n<li>Comida<\/li>\n<li>Consejos (opcionales)<\/li>\n<li>* Los ni\u00f1os y menores de edad pueden beneficiarse de descuentos en las entradas<\/li>\n<li>* El Boleto Tur\u00edstico te permitir\u00e1 el acceso a las Ruinas Incas, puedes comprar el boleto el mismo d\u00eda de tu tour | Si tienes ni\u00f1os mayores de 10 a\u00f1os, ellos deber\u00e1n pagar el boleto, inf\u00f3rmate en <a href=\"https:\/\/www.inkanmilkyway.com\/en\/blog\/tourist-ticket-cusco-peru\/\">Qu\u00e9 es el Boleto Tur\u00edstico de Cusco<\/a>?<\/li>\n<li>* Llevar moneda local para el Billete Tur\u00edstico<\/li>\n<\/ul>\n<\/li>\n<li>\n<h3>Precio<\/h3>\n<ul>\n<li><strong><i class=\"fas fa-users\"><\/i> Tour en grupo:<\/strong>\n<ul>\n<li>30 USD por persona<\/li>\n<\/ul>\n<\/li>\n<li><strong><i class=\"fas fa-user-clock\"><\/i> Tour privado:<\/strong>\n<ul>\n<li>90 USD por persona en base a 2 personas<\/li>\n<li>80 USD por persona en base a 3 personas<\/li>\n<li>70 USD por persona en base a 4 personas<\/li>\n<li>60 USD por persona a partir de 5 personas<\/li>\n<\/ul>\n<\/li>\n<\/ul>\n<p>Importante para los ni\u00f1os:<\/p>\n<ul>\n<li style=\"list-style-type: none;\">\n<ul>\n<li>Ni\u00f1os menores de 4 a\u00f1os gratis<\/li>\n<li>Si tiene ni\u00f1os de entre 5 y 10 a\u00f1os, deber\u00e1n abonar el precio del tour para asegurarse un asiento en el autob\u00fas.<\/li>\n<li>Tenemos diferentes precios para ni\u00f1os de 5 a 10 a\u00f1os<\/li>\n<li>Los ni\u00f1os mayores de 11 a\u00f1os y los adolescentes pagan la tarifa normal<\/li>\n<li>No se confunda entre el precio del tour y el precio de las entradas a las atracciones; en esta tour no incluimos el precio de las entradas a las atracciones.<\/li>\n<\/ul>\n<\/li>\n<\/ul>\n<h3>Punto de encuentro<\/h3>\n<ul>\n<li style=\"list-style-type: none;\">\n<ul>\n<li>Tour en grupo: Incluimos la recogida en autob\u00fas desde su hotel (s\u00f3lo se aplica si su hotel est\u00e1 situado en el centro hist\u00f3rico); de lo contrario, venga al <a href=\"https:\/\/goo.gl\/maps\/Kez3kZrbN4NiB1Nk9\" target=\"_blank\" rel=\"noopener noreferrer\">Plaza Rejocijo<\/a>Comun\u00edquenos sus preferencias por correo electr\u00f3nico<\/li>\n<li>Tour Privado: Incluimos recogida en autob\u00fas y gu\u00eda tur\u00edstico desde su hotel, Airbnb, o cualquier lugar en la ciudad de Cusco.<\/li>\n<\/ul>\n<\/li>\n<\/ul>\n<\/li>\n<li>\n<h3>Itinerario<\/h3>\n<p>Tenga en cuenta que el itinerario que figura a continuaci\u00f3n puede verse afectado por huelgas, festividades y problemas meteorol\u00f3gicos.<\/p>\n<ol>\n<li><strong>Tour en grupo: Maras y Moray, tour de medio d\u00eda | max. 19 personas<\/strong>\n<ul>\n<li>Recogida en su hotel a las <strong>8 de la ma\u00f1ana <\/strong>- si procede<\/li>\n<li>No visitaremos las ruinas incas de Chincheros<\/li>\n<li>Golpearemos <strong>Moray<\/strong> Ruinas incas<\/li>\n<li>Exploraremos <strong>Maras <\/strong>salinas<\/li>\n<li>Terminamos este tour junto a la Plaza de Armas a unos <strong>14h00<\/strong><\/li>\n<\/ul>\n<\/li>\n<li><strong>Tour Privado: Maras, Moray y Chinchero | 100% tour privado<\/strong>\n<ul>\n<li>Recogida en su hotel a la hora solicitada, recomendamos <strong>8 de la ma\u00f1ana<\/strong><\/li>\n<li>Vamos a explorar la <strong>Ruinas incas de Chinchero<\/strong><\/li>\n<li>La siguiente parada es el <strong>Mercado indio de Chinchero<\/strong> - opcional, s\u00f3lo visitamos este mercado artesanal bajo petici\u00f3n<\/li>\n<li>Golpearemos <strong>Moray <\/strong>Ruinas incas<\/li>\n<li>Por \u00faltimo, vamos a visitar el <strong>Maras <\/strong>salinas<\/li>\n<li>Terminamos este tour en cualquier lugar del centro hist\u00f3rico como la Plaza de Armas o te dejamos en tu hotel o Airbnb<\/li>\n<\/ul>\n<\/li>\n<\/ol>\n<\/li>\n<\/ul>\n<p>&nbsp;<\/p>\n<p>&nbsp;<\/p>","protected":false},"excerpt":{"rendered":"<p>&nbsp;<\/p>\n<ul>\n<li><strong><i class=\"far fa-clock\"><\/i> Horarios<\/strong>\n<ul>\n<li>Visita en grupo: Todos los d\u00edas a las 8 h<\/li>\n<li>Visita privada: Todos los d\u00edas a petici\u00f3n, recomendamos empezar a las 8 de la ma\u00f1ana.<\/li>\n<li>No operamos el 1 de enero<\/li>\n<\/ul>\n<\/li>\n<li><strong><i class=\"far fa-comment\"><\/i> Idioma <\/strong>\n<ul>\n<li>Visita en grupo: Biling\u00fce (espa\u00f1ol e ingl\u00e9s)<\/li>\n<li>Tour Privado: S\u00f3lo un idioma (espa\u00f1ol, ingl\u00e9s), usted elige el idioma, si prefiere otro idioma, \u00a1h\u00e1ganos saber su preferencia!<\/li>\n<\/ul>\n<\/li>\n<li><strong><i class=\"far fa-hourglass\"><\/i> Duraci\u00f3n<\/strong>\n<ul>\n<li>Alrededor de 6 horas<\/li>\n<\/ul>\n<\/li>\n<li><strong><i class=\"fas fa-grip-horizontal\"><\/i> Tipo de viaje<\/strong>\n<ul>\n<li>Tour en grupo o 100% Tour privado, usted elige su taza de t\u00e9, el tour se centra en la historia, dise\u00f1ado exclusivamente para adultos<\/li>\n<li>Si tiene ni\u00f1os, le recomendamos que reserve una visita privada<\/li>\n<\/ul>\n<\/li>\n<li><strong><i class=\"fas fa-bus-alt\"><\/i> Transporte<\/strong>\n<ul>\n<li>En autob\u00fas<\/li>\n<\/ul>\n<\/li>\n<li><strong><i class=\"fas fa-map-pin\"><\/i> Lugar de finalizaci\u00f3n de la visita<\/strong>\n<ul>\n<li>Visita en grupo: Junto a la Plaza de Armas<\/li>\n<li>Tour Privado: Podemos terminar en cualquier lugar del centro hist\u00f3rico como la Plaza de Armas o dejarte en tu hotel o Airbnb<\/li>\n<\/ul>\n<\/li>\n<\/ul>","protected":false},"featured_media":14747,"template":"","meta":{"inline_featured_image":false},"product_brand":[],"product_cat":[21],"product_tag":[],"class_list":{"0":"post-14744","1":"product","2":"type-product","3":"status-publish","4":"has-post-thumbnail","6":"product_cat-cuzco","8":"first","9":"instock","10":"virtual","11":"purchasable","12":"product-type-appointment"},"exclude_global_add_ons":false,"addons":[{"name":"Nombre y direcci\u00f3n del hotel","type":"custom_text","position":0,"required":false,"title_format":"label","description_enable":false,"description":"","placeholder_enable":false,"placeholder":"","display":"select","restrictions_type":"any_text","adjust_price":false,"price":"","price_type":"flat_fee","restrictions":false,"min":0,"max":0,"options":[],"id":1761698816}],"_links":{"self":[{"href":"https:\/\/freetourperu.com\/es\/wp-json\/wp\/v2\/product\/14744","targetHints":{"allow":["GET"]}}],"collection":[{"href":"https:\/\/freetourperu.com\/es\/wp-json\/wp\/v2\/product"}],"about":[{"href":"https:\/\/freetourperu.com\/es\/wp-json\/wp\/v2\/types\/product"}],"wp:featuredmedia":[{"embeddable":true,"href":"https:\/\/freetourperu.com\/es\/wp-json\/wp\/v2\/media\/14747"}],"wp:attachment":[{"href":"https:\/\/freetourperu.com\/es\/wp-json\/wp\/v2\/media?parent=14744"}],"wp:term":[{"taxonomy":"product_brand","embeddable":true,"href":"https:\/\/freetourperu.com\/es\/wp-json\/wp\/v2\/product_brand?post=14744"},{"taxonomy":"product_cat","embeddable":true,"href":"https:\/\/freetourperu.com\/es\/wp-json\/wp\/v2\/product_cat?post=14744"},{"taxonomy":"product_tag","embeddable":true,"href":"https:\/\/freetourperu.com\/es\/wp-json\/wp\/v2\/product_tag?post=14744"}],"curies":[{"name":"wp","href":"https:\/\/api.w.org\/{rel}","templated":true}]}}