{"id":14494,"date":"2022-04-30T17:36:46","date_gmt":"2022-04-30T17:36:46","guid":{"rendered":"http:\/\/freetourperu.com\/?post_type=product&#038;p=14494"},"modified":"2025-10-11T22:51:20","modified_gmt":"2025-10-11T22:51:20","slug":"private-walking-tour-of-arequipa","status":"publish","type":"product","link":"https:\/\/freetourperu.com\/es\/product\/private-walking-tour-of-arequipa\/","title":{"rendered":"Tour privado de Arequipa a pie"},"content":{"rendered":"<p>Disfrute de los mejores paseos personalizados en Arequipa eligiendo nuestro\u00a0<strong>tour privado en Arequipa<\/strong>. Si le gustan los recorridos gratuitos a pie con grupos grandes, pero cree que la excursi\u00f3n ser\u00eda mejor si fuera privada, este recorrido es perfecto para usted.<\/p>\n<p>Escapa de la multitud y\u00a0<strong>look personalizado<\/strong>\u00a0en lo que es Arequipa. Puedes pasear con un experto y\u00a0<strong>Gu\u00eda tur\u00edstico 100% privado<\/strong>\u00a0con licencia para liderar, descubrir todo el\u00a0<strong>centro hist\u00f3rico<\/strong>y la rica historia que hay detr\u00e1s de cada uno\u00a0<strong>monumento emblem\u00e1tico<\/strong>.<\/p>\n<p>Si te gusta caminar y siempre has querido visitar Arequipa y conocer los famosos sitios hist\u00f3ricos de Arequipa, elige nuestro\u00a0<strong>tours personalizados a pie<\/strong>.<\/p>","protected":false},"excerpt":{"rendered":"<ul>\n<li><strong><i class=\"far fa-clock\"><\/i> Horarios<\/strong>\n<ul>\n<li>Todos los d\u00edas a petici\u00f3n. Recomendamos empezar a las 10h o a las 15h<\/li>\n<li>No operamos el 1 de enero<\/li>\n<\/ul>\n<\/li>\n<li><strong><i class=\"far fa-comment\"><\/i> Idioma <\/strong>\n<ul>\n<li>S\u00f3lo un idioma (espa\u00f1ol, ingl\u00e9s), t\u00fa eliges cu\u00e1l. Si prefiere otro idioma, h\u00e1ganoslo saber.<\/li>\n<\/ul>\n<\/li>\n<li><strong><i class=\"far fa-hourglass\"><\/i> Duraci\u00f3n<\/strong>\n<ul>\n<li>Alrededor de 3 horas<\/li>\n<\/ul>\n<\/li>\n<li><strong><i class=\"fas fa-grip-horizontal\"><\/i> Tipo de viaje<\/strong>\n<ul>\n<li>100% Visita privada, centrada en la historia y dise\u00f1ada exclusivamente para adultos<\/li>\n<li>Si tiene hijos, no se preocupe, ya que esta excursi\u00f3n es privada y creemos que les encantar\u00e1.<\/li>\n<\/ul>\n<\/li>\n<li><strong><i class=\"fas fa-bus-alt\"><\/i> Transporte<\/strong>\n<ul>\n<li>A pie<\/li>\n<\/ul>\n<\/li>\n<li><strong><i class=\"fas fa-wheelchair\"><\/i> Accesibilidad<\/strong>\n<ul>\n<li>Este recorrido es <em>no<\/em> adecuado para personas con movilidad reducida<\/li>\n<\/ul>\n<\/li>\n<li><strong><i class=\"fas fa-map-pin\"><\/i> Lugar de finalizaci\u00f3n de la visita<\/strong>\n<ul>\n<li>Podemos terminar en cualquier lugar del centro hist\u00f3rico como la Plaza de Armas o acompa\u00f1arle de vuelta a su hotel siempre que est\u00e9 situado en el centro de la ciudad.<\/li>\n<\/ul>\n<\/li>\n<li><strong><i class=\"far fa-calendar-alt\"><\/i> \u00bfC\u00f3mo reservar?<\/strong>\n<ul>\n<li>P\u00f3ngase en contacto con nosotros a trav\u00e9s de esta p\u00e1gina freetourperu@gmail.com , le haremos un presupuesto, una vez lleguemos a un acuerdo le enviaremos una oferta personalizada con el precio a pagar<\/li>\n<\/ul>\n<\/li>\n<li><strong><i class=\"fas fa-hands\"><\/i> Por favor, traiga<\/strong>\n<ul>\n<li>Jerseys o chaquetas, calzado antideslizante para caminar, chubasquero de enero a marzo, gorras o sombreros, gafas de sol y agua.<\/li>\n<\/ul>\n<\/li>\n<li><strong><i class=\"fas fa-binoculars\"><\/i> Visita exterior<\/strong>\n<ul>\n<li>En este tour privado de Arequipa, solo incluimos visita exterior de atractivos<\/li>\n<\/ul>\n<\/li>\n<li><strong><i class=\"far fa-check-square\"><\/i> Incluye<\/strong>\n<ul>\n<li>Recogida del gu\u00eda tur\u00edstico desde su hotel, Airbnb o cualquier lugar en el centro de la ciudad de Arequipa - s\u00f3lo recogemos desde su hotel bajo petici\u00f3n<\/li>\n<li>100% gu\u00eda exclusiva autorizada e ilustraci\u00f3n decente sobre la historia<\/li>\n<\/ul>\n<\/li>\n<li><strong><i class=\"far fa-times-circle\"><\/i> No incluido<\/strong>\n<ul>\n<li>Transporte en coche<\/li>\n<li>Consejos (opcionales)<\/li>\n<li>* No necesitar\u00e1 entrada<\/li>\n<\/ul>\n<\/li>\n<\/ul>","protected":false},"featured_media":14495,"template":"","meta":{"inline_featured_image":false},"product_brand":[],"product_cat":[17],"product_tag":[25],"class_list":{"0":"post-14494","1":"product","2":"type-product","3":"status-publish","4":"has-post-thumbnail","6":"product_cat-arequipa","7":"product_tag-arequipa","9":"first","10":"instock","11":"virtual","12":"purchasable","13":"product-type-appointment"},"exclude_global_add_ons":false,"addons":[{"name":"Nombre y Direcci\u00f3n del Hotel en el Centro de Arequipa :","type":"custom_text","position":0,"required":true,"title_format":"label","description_enable":false,"description":"","placeholder_enable":false,"placeholder":"","display":"select","restrictions_type":"any_text","adjust_price":false,"price":"","price_type":"flat_fee","restrictions":false,"min":0,"max":0,"options":[],"id":1760222707}],"_links":{"self":[{"href":"https:\/\/freetourperu.com\/es\/wp-json\/wp\/v2\/product\/14494","targetHints":{"allow":["GET"]}}],"collection":[{"href":"https:\/\/freetourperu.com\/es\/wp-json\/wp\/v2\/product"}],"about":[{"href":"https:\/\/freetourperu.com\/es\/wp-json\/wp\/v2\/types\/product"}],"wp:featuredmedia":[{"embeddable":true,"href":"https:\/\/freetourperu.com\/es\/wp-json\/wp\/v2\/media\/14495"}],"wp:attachment":[{"href":"https:\/\/freetourperu.com\/es\/wp-json\/wp\/v2\/media?parent=14494"}],"wp:term":[{"taxonomy":"product_brand","embeddable":true,"href":"https:\/\/freetourperu.com\/es\/wp-json\/wp\/v2\/product_brand?post=14494"},{"taxonomy":"product_cat","embeddable":true,"href":"https:\/\/freetourperu.com\/es\/wp-json\/wp\/v2\/product_cat?post=14494"},{"taxonomy":"product_tag","embeddable":true,"href":"https:\/\/freetourperu.com\/es\/wp-json\/wp\/v2\/product_tag?post=14494"}],"curies":[{"name":"wp","href":"https:\/\/api.w.org\/{rel}","templated":true}]}}