{"id":13,"date":"2019-06-27T02:11:12","date_gmt":"2019-06-27T02:11:12","guid":{"rendered":"http:\/\/freetourperu.com\/?post_type=product&#038;p=13"},"modified":"2026-04-14T22:15:15","modified_gmt":"2026-04-14T22:15:15","slug":"free-tour-arequipa","status":"publish","type":"product","link":"https:\/\/freetourperu.com\/es\/product\/free-tour-arequipa\/","title":{"rendered":"Free Tour Arequipa"},"content":{"rendered":"<p>Le mostraremos lo m\u00e1s destacado de Arequipa a trav\u00e9s de nuestro estilo \u00fanico de combinar la historia con el entretenimiento.Grupos de m\u00e1s de 5 personas le recomendamos tomar un tour privado a pie (<a href=\"https:\/\/freetourperu.com\/es\/product\/private-walking-tour-of-arequipa\/\">Haz clic aqu\u00ed<\/a>)<\/p>\n<p style=\"text-align: center;\"><b>TOURS DE D\u00cdA<\/b><b>:<\/b><\/p>\n<p style=\"text-align: center;\">Primera\u00a0salida: \u00a0 10:00 a.m.<\/p>\n<p style=\"text-align: center;\">Segunda salida: \u00a0 \u00a012:30 p.m.<\/p>\n<p style=\"text-align: center;\">Tercera salida: \u00a003:00 p.m.<\/p>\n<p style=\"text-align: center;\"><b>DURACI\u00d3N:\u00a0<\/b>2Hrs &amp; 30 min. Aprox.<\/p>\n<p style=\"text-align: center;\"><b>\u00a0PUNTO DE ENCUENTRO:<\/b>\u00a0\u00a0<a href=\"https:\/\/www.google.ca\/maps\/place\/Santa+Catalina+204,+Arequipa,+Per%C3%BA\/@-16.3967192,-71.5388673,17z\/data=!3m1!4b1!4m5!3m4!1s0x91424a509d0b97ef:0x22ca8832103d4fd6!8m2!3d-16.3967192!4d-71.5366786?hl=es&amp;authuser=0\">Calle Santa Catalina 204<\/a>.\u00a0<b>(busca el paraguas amarillo)<\/b><\/p>\n<p><b>LUGARES A VISITAR<\/b><b>:\u00a0<\/b>lugares diferentes seg\u00fan el clima y el gu\u00eda.<\/p>\n<ul>\n<li>Plaza de Armas<\/li>\n<li>La Iglesia de la Compa\u00f1\u00eda<\/li>\n<li>Los Claustros de la Compa\u00f1\u00eda<\/li>\n<li>Casas Coloniales<\/li>\n<li>Barrio El Solar<\/li>\n<li>Barrio San L\u00e1zaro<\/li>\n<li>Zool\u00f3gico de Cam\u00e9lidos Sudamericanos<\/li>\n<li>La Primera Carcel<\/li>\n<li>El Primer Hotel<\/li>\n<li>El parque del Amor<\/li>\n<li>La Villa Hermosa de Yanahuara (opcional en las ma\u00f1anas)<\/li>\n<\/ul>\n<p style=\"text-align: center;\"><b>IDIOMA:<\/b>\u00a0El tour es en ingl\u00e9s y espa\u00f1ol<\/p>\n<p style=\"text-align: center;\"><b>ESTE TOUR ES GRATUITA Y USTED DECIDE QU\u00c9. TRABAJAMOS S\u00d3LO CON PROPINAS. ESTO SIGNIFICA QUE NUESTROS VOLUNTARIOS SIEMPRE DAN LO MEJOR DE S\u00cd MISMOS.<\/b><\/p>\n<p>Contamos con los mejores gu\u00edas tur\u00edsticos que est\u00e1n en ello d\u00eda tras d\u00eda, que crean recorridos divertidos y entretenidos para que conozcas los aspectos m\u00e1s importantes de una ciudad, saben mucho de la ciudad que visitas y te ayudar\u00e1n a tener el viaje de tu vida.<\/p>\n<p><strong>Es por eso que la mayor\u00eda de los caminantes en FREE TOUR PERU generalmente dan entre S\/.20 a S\/.50  por persona, pero como dijimos, puedes elegir dar m\u00e1s o menos dependiendo de tu experiencia.<\/strong><\/p>","protected":false},"excerpt":{"rendered":"<p>Estos paseos ofrecen a los visitantes una gran oportunidad para conocer las tradiciones, leyendas, arte, m\u00fasica, museos gratuitos y los mejores lugares para salir a beber y bailar en Arequipa.<\/p>\n<p>&nbsp;<\/p>","protected":false},"featured_media":142,"template":"","meta":{"inline_featured_image":false},"product_brand":[],"product_cat":[17],"product_tag":[25],"class_list":{"0":"post-13","1":"product","2":"type-product","3":"status-publish","4":"has-post-thumbnail","6":"product_cat-arequipa","7":"product_tag-arequipa","9":"first","10":"instock","11":"virtual","12":"purchasable","13":"product-type-appointment"},"exclude_global_add_ons":false,"addons":[{"name":"Punto de encuentro: Santa Catalina 204, Arequipa","type":"heading","position":0,"required":false,"title_format":"label","description_enable":false,"description":"","placeholder_enable":false,"placeholder":"","display":"select","restrictions_type":"any_text","adjust_price":false,"price":"","price_type":"flat_fee","restrictions":false,"min":0,"max":0,"options":[],"id":1734659778}],"_links":{"self":[{"href":"https:\/\/freetourperu.com\/es\/wp-json\/wp\/v2\/product\/13","targetHints":{"allow":["GET"]}}],"collection":[{"href":"https:\/\/freetourperu.com\/es\/wp-json\/wp\/v2\/product"}],"about":[{"href":"https:\/\/freetourperu.com\/es\/wp-json\/wp\/v2\/types\/product"}],"wp:featuredmedia":[{"embeddable":true,"href":"https:\/\/freetourperu.com\/es\/wp-json\/wp\/v2\/media\/142"}],"wp:attachment":[{"href":"https:\/\/freetourperu.com\/es\/wp-json\/wp\/v2\/media?parent=13"}],"wp:term":[{"taxonomy":"product_brand","embeddable":true,"href":"https:\/\/freetourperu.com\/es\/wp-json\/wp\/v2\/product_brand?post=13"},{"taxonomy":"product_cat","embeddable":true,"href":"https:\/\/freetourperu.com\/es\/wp-json\/wp\/v2\/product_cat?post=13"},{"taxonomy":"product_tag","embeddable":true,"href":"https:\/\/freetourperu.com\/es\/wp-json\/wp\/v2\/product_tag?post=13"}],"curies":[{"name":"wp","href":"https:\/\/api.w.org\/{rel}","templated":true}]}}