{"id":47319,"date":"2024-09-13T12:21:28","date_gmt":"2024-09-13T12:21:28","guid":{"rendered":"https:\/\/freetourperu.com\/?page_id=47319"},"modified":"2024-11-06T10:44:40","modified_gmt":"2024-11-06T10:44:40","slug":"about-us","status":"publish","type":"page","link":"https:\/\/freetourperu.com\/es\/sobre-nosotros\/","title":{"rendered":"Acerca de"},"content":{"rendered":"<h1 class=\"wp-block-heading\">FREE TOUR PERU<\/h1>\n\n\n\n<div class=\"wp-block-columns is-layout-flex wp-container-core-columns-is-layout-28f84493 wp-block-columns-is-layout-flex\">\n<div class=\"wp-block-column is-vertically-aligned-stretch is-layout-flow wp-block-column-is-layout-flow\" style=\"flex-basis:80%\">\n<p class=\"has-large-font-size\">M\u00e1s de 16 a\u00f1os de experiencia en tours, estamos ubicados en las principales ciudades del sur y centro del Per\u00fa.<\/p>\n\n\n\n<div class=\"wp-block-columns is-layout-flex wp-container-core-columns-is-layout-28f84493 wp-block-columns-is-layout-flex\">\n<div class=\"wp-block-column is-vertically-aligned-center is-layout-flow wp-block-column-is-layout-flow\" style=\"flex-basis:66.66%\">\n<figure class=\"wp-block-image size-large\"><img loading=\"lazy\" decoding=\"async\" width=\"1024\" height=\"683\" src=\"https:\/\/freetourperu.com\/wp-content\/uploads\/2024\/09\/IMG_5771-1024x683.jpeg\" alt=\"\" class=\"wp-image-47394\" srcset=\"https:\/\/freetourperu.com\/wp-content\/uploads\/2024\/09\/IMG_5771-1024x683.jpeg 1024w, https:\/\/freetourperu.com\/wp-content\/uploads\/2024\/09\/IMG_5771-300x200.jpeg 300w, https:\/\/freetourperu.com\/wp-content\/uploads\/2024\/09\/IMG_5771-768x512.jpeg 768w, https:\/\/freetourperu.com\/wp-content\/uploads\/2024\/09\/IMG_5771-1536x1025.jpeg 1536w, https:\/\/freetourperu.com\/wp-content\/uploads\/2024\/09\/IMG_5771-600x400.jpeg 600w, https:\/\/freetourperu.com\/wp-content\/uploads\/2024\/09\/IMG_5771.jpeg 2048w\" sizes=\"auto, (max-width: 1024px) 100vw, 1024px\" \/><\/figure>\n<\/div>\n\n\n\n<div class=\"wp-block-column is-layout-flow wp-block-column-is-layout-flow\" style=\"flex-basis:33.33%\"><\/div>\n<\/div>\n\n\n\n<p>No se trata s\u00f3lo de ver Per\u00fa, sino de experimentarlo. Se trata de sentir su pulso y los ritmos compartidos de gente incre\u00edble en las diferentes regiones. Somos un ant\u00eddoto contra la soledad. Conectamos a la gente con el latido de la aventura y el alma del planeta.<\/p>\n\n\n\n<div class=\"wp-block-columns is-layout-flex wp-container-core-columns-is-layout-28f84493 wp-block-columns-is-layout-flex\">\n<div class=\"wp-block-column is-layout-flow wp-block-column-is-layout-flow\" style=\"flex-basis:100%\"><figure style=\"width:80%;\" class=\"wp-block-post-featured-image\"><img loading=\"lazy\" decoding=\"async\" width=\"1366\" height=\"2048\" src=\"https:\/\/freetourperu.com\/wp-content\/uploads\/2024\/09\/IMG_5622.jpeg\" class=\"attachment-post-thumbnail size-post-thumbnail wp-post-image\" alt=\"\" style=\"border-radius:0px;object-fit:cover;\" srcset=\"https:\/\/freetourperu.com\/wp-content\/uploads\/2024\/09\/IMG_5622.jpeg 1366w, https:\/\/freetourperu.com\/wp-content\/uploads\/2024\/09\/IMG_5622-200x300.jpeg 200w, https:\/\/freetourperu.com\/wp-content\/uploads\/2024\/09\/IMG_5622-683x1024.jpeg 683w, https:\/\/freetourperu.com\/wp-content\/uploads\/2024\/09\/IMG_5622-768x1151.jpeg 768w, https:\/\/freetourperu.com\/wp-content\/uploads\/2024\/09\/IMG_5622-1025x1536.jpeg 1025w, https:\/\/freetourperu.com\/wp-content\/uploads\/2024\/09\/IMG_5622-600x900.jpeg 600w\" sizes=\"auto, (max-width: 1366px) 100vw, 1366px\" \/><\/figure><\/div>\n<\/div>\n<\/div>\n\n\n\n<div class=\"wp-block-column is-layout-flow wp-block-column-is-layout-flow\" style=\"flex-basis:20%\"><\/div>\n<\/div>","protected":false},"excerpt":{"rendered":"<p>FREE TOUR PERU M\u00e1s de 16 a\u00f1os de experiencia en tours, estamos ubicados en las principales ciudades del sur y centro del Per\u00fa. Se trata de algo m\u00e1s que ver el Per\u00fa, se trata de vivirlo. Se trata de sentir su pulso y los ritmos compartidos de gente incre\u00edble en las diferentes regiones. Somos un ant\u00eddoto a [...]<\/p>","protected":false},"author":1,"featured_media":47393,"parent":0,"menu_order":0,"comment_status":"closed","ping_status":"closed","template":"page-no-title","meta":{"inline_featured_image":false,"footnotes":""},"class_list":["post-47319","page","type-page","status-publish","has-post-thumbnail","hentry"],"_links":{"self":[{"href":"https:\/\/freetourperu.com\/es\/wp-json\/wp\/v2\/pages\/47319","targetHints":{"allow":["GET"]}}],"collection":[{"href":"https:\/\/freetourperu.com\/es\/wp-json\/wp\/v2\/pages"}],"about":[{"href":"https:\/\/freetourperu.com\/es\/wp-json\/wp\/v2\/types\/page"}],"author":[{"embeddable":true,"href":"https:\/\/freetourperu.com\/es\/wp-json\/wp\/v2\/users\/1"}],"replies":[{"embeddable":true,"href":"https:\/\/freetourperu.com\/es\/wp-json\/wp\/v2\/comments?post=47319"}],"version-history":[{"count":10,"href":"https:\/\/freetourperu.com\/es\/wp-json\/wp\/v2\/pages\/47319\/revisions"}],"predecessor-version":[{"id":48076,"href":"https:\/\/freetourperu.com\/es\/wp-json\/wp\/v2\/pages\/47319\/revisions\/48076"}],"wp:featuredmedia":[{"embeddable":true,"href":"https:\/\/freetourperu.com\/es\/wp-json\/wp\/v2\/media\/47393"}],"wp:attachment":[{"href":"https:\/\/freetourperu.com\/es\/wp-json\/wp\/v2\/media?parent=47319"}],"curies":[{"name":"wp","href":"https:\/\/api.w.org\/{rel}","templated":true}]}}