{"id":3,"date":"2019-06-17T20:48:46","date_gmt":"2019-06-17T20:48:46","guid":{"rendered":"http:\/?page_id=3"},"modified":"2021-05-13T17:25:59","modified_gmt":"2021-05-13T17:25:59","slug":"privacy-policy","status":"publish","type":"page","link":"https:\/\/freetourperu.com\/es\/privacy-policy\/","title":{"rendered":"Reservar visitas gratuitas"},"content":{"rendered":"<p><\/p>\n\n\n\n<p>La plataforma Freetourperu.com facilita la reserva de \"free tours\" por parte de proveedores de free tours, mediante los cuales usted es libre de pagar lo que considere que vali\u00f3 la experiencia del tour directamente al proveedor del tour al final de la experiencia del tour, en persona, el d\u00eda del tour reservado. No es necesario abonar ninguna cantidad en el momento de la reserva a trav\u00e9s de la plataforma y no se aplican comisiones ni gastos de reserva.<\/p>\n\n\n\n<p>Freetourperu.com sigue siendo responsable de todos los importes de las transacciones realizadas en nuestro sitio, incluida la facilitaci\u00f3n de devoluciones y reembolsos de dichos importes cuando sea necesario. No nos hacemos responsables de otros importes pagados y procesados fuera de nuestro sitio en relaci\u00f3n con el servicio tur\u00edstico reservado, incluidos, entre otros, los pagos que realice directamente al proveedor del servicio tur\u00edstico o cualquier coste incurrido durante el servicio en concepto de complementos, impuestos locales u otras compras.<\/p>\n\n\n\n<p>Una \"reserva confirmada\" registra su solicitud de unirse al viaje con el proveedor del viaje. El proveedor del viaje se reserva el derecho de rechazar su reserva o denegarle el servicio en caso de exceso de reservas o si la capacidad del viaje ya se ha alcanzado a su llegada.<\/p>\n\n\n\n<p>Cuando est\u00e9 disponible, puede elegir hacer una reserva \"confirmada y garantizada\", que requiere la verificaci\u00f3n de la tarjeta de cr\u00e9dito. Esto le garantiza una plaza, reservada espec\u00edficamente para usted por el proveedor del viaje, en el viaje y protegida en caso de exceso de reservas o de que se alcance la capacidad m\u00e1xima del viaje. Las reservas confirmadas y garantizadas tambi\u00e9n le dan derecho a valorar y revisar el viaje en la plataforma, despu\u00e9s del viaje. Si el proveedor tiene una pol\u00edtica de cancelaci\u00f3n y de no presentaci\u00f3n, se le puede cargar en su tarjeta en nombre del proveedor del viaje si no llega sin haber cancelado su reserva o si ha cancelado demasiado tarde seg\u00fan su pol\u00edtica de cancelaci\u00f3n declarada. Dicha pol\u00edtica de cancelaci\u00f3n est\u00e1 claramente definida en el perfil del proveedor de viajes en cuesti\u00f3n. Si no se indica ninguna pol\u00edtica de cancelaci\u00f3n, no se aplicar\u00e1 ninguna pol\u00edtica de cancelaci\u00f3n o de no presentaci\u00f3n a su reserva \"confirmada y garantizada\".<\/p>\n\n\n\n<p>Algunos proveedores de viajes gratuitos s\u00f3lo aceptan reservas verificadas con una tarjeta de cr\u00e9dito v\u00e1lida. Esto se debe a que tienen una pol\u00edtica de cancelaci\u00f3n y de no presentaci\u00f3n por la que se puede cargar en su tarjeta en nombre del proveedor del viaje si no llega sin haber cancelado su reserva o si la ha cancelado demasiado tarde seg\u00fan su pol\u00edtica de cancelaci\u00f3n declarada. Dicha pol\u00edtica de cancelaci\u00f3n est\u00e1 claramente definida en el perfil del proveedor de viajes en cuesti\u00f3n.<\/p>\n\n\n\n<p>Al hacer una \"reserva confirmada y garantizada\", o una reserva con un proveedor que s\u00f3lo acepte reservas verificadas con tarjeta, los datos de la tarjeta s\u00f3lo se pueden enviar con una opci\u00f3n clara y procesable que indique que usted entiende que su tarjeta puede potencialmente ser cargada con la tarifa establecida (hasta 2USD por persona) si no llega sin haber cancelado su reserva a tiempo, de acuerdo con las pol\u00edticas establecidas durante el proceso de reserva. En tales casos, siempre se le notificar\u00e1 antes de efectuar cualquier cargo.<\/p>\n\n\n\n<p>Los datos de la tarjeta de cr\u00e9dito\/d\u00e9bito se introducen en una p\u00e1gina segura y se transfieren mediante tecnolog\u00eda SSL.<\/p>\n\n\n\n<p>Recibir\u00e1 una confirmaci\u00f3n de reserva por correo electr\u00f3nico poco despu\u00e9s de completar el proceso de reserva.<\/p>\n\n\n\n<h2 class=\"wp-block-heading\"><strong>Reservar visitas de pago<\/strong><\/h2>\n\n\n\n<p>La plataforma Freetourperu.com tambi\u00e9n facilita la reserva de servicios de \"viajes de pago\" ofrecidos por proveedores tur\u00edsticos.<\/p>\n\n\n\n<p>Dichas reservas requieren el pago de una cantidad en el momento de la reserva, esta cantidad se denomina en este documento \"Comisi\u00f3n de servicio\" y se deduce del precio total del viaje tal y como se muestra.<\/p>\n\n\n\n<p>Tambi\u00e9n puede optar por una opci\u00f3n de reserva flexible disponible en el momento de la reserva que, por un cargo adicional, le permitir\u00e1 transferir el importe del servicio a otra reserva flexible realizada en la plataforma o solicitar su reembolso en un plazo de 6 meses a partir de la fecha de cancelaci\u00f3n. La tarifa adicional de reserva flexible no es reembolsable.<\/p>\n\n\n\n<p>Las reservas flexibles, si se seleccionan, permiten la transferencia o el reembolso de los gastos de servicio de acuerdo con la pol\u00edtica de cancelaci\u00f3n indicada por el proveedor del viaje reservado. Los gastos de servicio de las reservas, incluso de las reservas flexibles, canceladas por usted una vez transcurrido el plazo de cancelaci\u00f3n no son reembolsables ni transferibles.<\/p>\n\n\n\n<p>Los gastos de servicio se reembolsan siempre que el proveedor del viaje no preste el servicio reservado. Puede solicitar el reembolso de los gastos de servicio por correo electr\u00f3nico (freetourperu@gmail.com) o a trav\u00e9s del enlace que figura en el correo electr\u00f3nico de confirmaci\u00f3n de la reserva.<\/p>\n\n\n\n<p>Usted es responsable de pagar al proveedor del viaje el saldo restante (el valor restante de su reserva despu\u00e9s de la tasa de servicio) a la llegada al viaje.<\/p>\n\n\n\n<p>S\u00f3lo se considerar\u00e1n v\u00e1lidas las cancelaciones efectuadas al menos 2 d\u00edas antes del viaje a trav\u00e9s del enlace de cancelaci\u00f3n del correo electr\u00f3nico de confirmaci\u00f3n de la reserva.<\/p>\n\n\n\n<p>La tasa de servicio abonada al efectuar la reserva debe pagarse con una tarjeta de cr\u00e9dito o d\u00e9bito v\u00e1lida.<\/p>\n\n\n\n<p>Usted confirma que toda la informaci\u00f3n facilitada por usted a Freetourperu.com, incluidos los datos de la tarjeta de cr\u00e9dito\/d\u00e9bito, son completos y exactos y que se le han concedido los permisos y autorizaciones necesarios para utilizar dicha tarjeta.<\/p>\n\n\n\n<p>Recibir\u00e1 una confirmaci\u00f3n de reserva por correo electr\u00f3nico poco despu\u00e9s de completar el proceso de reserva (<strong>Compruebe su buz\u00f3n de spam<\/strong> ), siempre que toda la informaci\u00f3n enviada sea correcta y haya fondos suficientes disponibles en la tarjeta de cr\u00e9dito \/ d\u00e9bito utilizada para completar la transacci\u00f3n.<\/p>\n\n\n\n<h2 class=\"wp-block-heading\">Condiciones generales de reserva<\/h2>\n\n\n\n<p>Al realizar una reserva, usted acepta las pol\u00edticas de los proveedores de viajes, incluidas todas las pol\u00edticas pertinentes de no presentaci\u00f3n y cancelaci\u00f3n, tal y como se muestran o se establecen en su perfil. En consecuencia, en caso de incumplimiento por su parte de dichas pol\u00edticas, incluida la no llegada a la hora acordada o la no cancelaci\u00f3n de su reserva dentro del plazo permitido establecido por el proveedor del viaje, usted autoriza a Freetourperu.com a cargar en su tarjeta de cr\u00e9dito\/d\u00e9bito y retener en nombre del proveedor del viaje una cantidad no superior al saldo adeudado por el servicio reservado despu\u00e9s de la tasa de servicio pagada en el momento de la reserva. Freetourperu.com podr\u00e1 informarle del cargo en tal caso, como cortes\u00eda.<\/p>\n\n\n\n<p>Al realizar una reserva, usted autoriza a FREETOURPERU.com a iniciar el pago, o una serie de pagos, en su nombre en relaci\u00f3n con los productos adquiridos que pueden requerir pagos recurrentes, en funci\u00f3n de las pol\u00edticas relacionadas elegidas en el momento de la reserva. El pago puede procesarse en tiempo real o en un momento posterior como pago fuera de sesi\u00f3n. Usted autoriza a FREETOURPERU.com a utilizar los datos guardados de su tarjeta para estos fines y para futuras reservas que pueda realizar en la plataforma, con el fin de simplificar el proceso de reserva.<\/p>\n\n\n\n<p>Los datos de la tarjeta de cr\u00e9dito\/d\u00e9bito se introducen en una p\u00e1gina segura y se transfieren mediante tecnolog\u00eda SSL. El pago se procesa a trav\u00e9s de un portal de pago seguro y de confianza.<\/p>\n\n\n\n<p>Es su responsabilidad notificar directamente al proveedor del viaje cualquier modificaci\u00f3n de su reserva o informarle de cualquier requisito o servicio especial que usted o un miembro de su grupo pueda necesitar.<\/p>\n\n\n\n<p>El listado de proveedores de viajes en los sitios web de Freetourperu.com no debe ser considerado como una recomendaci\u00f3n espec\u00edfica por parte de Freetourperu.com o que el proveedor de viajes ser\u00e1 adecuado para el prop\u00f3sito del usuario o de cualquier calidad en particular.<\/p>\n\n\n\n<p>Freetourperu.com puede ofrecerle la oportunidad de opinar sobre el proveedor del tour despu\u00e9s de haber realizado el servicio en relaci\u00f3n con su experiencia en el tour y su opini\u00f3n. El ranking y la calificaci\u00f3n atribuida a los productos tur\u00edsticos en nuestros sitios est\u00e1n influenciados por esta retroalimentaci\u00f3n y su opini\u00f3n y calificaci\u00f3n pueden ser visibles en nuestro sitio (s).<\/p>","protected":false},"excerpt":{"rendered":"<p>The Freetourperu.com platform facilitates the booking of \u2018free tours\u2019 by free tour providers, whereby you are free to pay what you feel the tour experience was worth directly to the tour provider at the end of the tour experience, in person, on the day of the tour as booked. You are not required to pay [&hellip;]<\/p>","protected":false},"author":1,"featured_media":0,"parent":0,"menu_order":0,"comment_status":"closed","ping_status":"open","template":"","meta":{"inline_featured_image":false,"footnotes":""},"class_list":["post-3","page","type-page","status-publish","hentry"],"_links":{"self":[{"href":"https:\/\/freetourperu.com\/es\/wp-json\/wp\/v2\/pages\/3","targetHints":{"allow":["GET"]}}],"collection":[{"href":"https:\/\/freetourperu.com\/es\/wp-json\/wp\/v2\/pages"}],"about":[{"href":"https:\/\/freetourperu.com\/es\/wp-json\/wp\/v2\/types\/page"}],"author":[{"embeddable":true,"href":"https:\/\/freetourperu.com\/es\/wp-json\/wp\/v2\/users\/1"}],"replies":[{"embeddable":true,"href":"https:\/\/freetourperu.com\/es\/wp-json\/wp\/v2\/comments?post=3"}],"version-history":[{"count":1,"href":"https:\/\/freetourperu.com\/es\/wp-json\/wp\/v2\/pages\/3\/revisions"}],"predecessor-version":[{"id":3879,"href":"https:\/\/freetourperu.com\/es\/wp-json\/wp\/v2\/pages\/3\/revisions\/3879"}],"wp:attachment":[{"href":"https:\/\/freetourperu.com\/es\/wp-json\/wp\/v2\/media?parent=3"}],"curies":[{"name":"wp","href":"https:\/\/api.w.org\/{rel}","templated":true}]}}