{"id":2,"date":"2019-06-17T20:48:46","date_gmt":"2019-06-17T20:48:46","guid":{"rendered":"http:\/?page_id=2"},"modified":"2024-09-13T13:21:56","modified_gmt":"2024-09-13T13:21:56","slug":"faqs","status":"publish","type":"page","link":"https:\/\/freetourperu.com\/es\/preguntas-frecuentes\/","title":{"rendered":"Preguntas frecuentes"},"content":{"rendered":"<div class=\"wp-block-columns is-layout-flex wp-container-core-columns-is-layout-28f84493 wp-block-columns-is-layout-flex\">\n<div class=\"wp-block-column is-layout-flow wp-block-column-is-layout-flow\" style=\"flex-basis:80%\">\n<p><strong>No encuentro mi alojamiento en la lista de lugares de recogida del operador cuando estoy haciendo la reserva. \u00bfQu\u00e9 debo seleccionar?<\/strong><\/p>\n\n\n\n<p>Este operador solo ofrece recogidas en los hoteles y hostales indicados, lo que cubre m\u00e1s del 80% de los proveedores de alojamiento de la zona. Los operadores no recogen ni dejan a los pasajeros en residencias privadas, Airbnb, terminales de autobuses, etc. Seleccione una alternativa cercana y est\u00e9 preparado all\u00ed para la recogida a la hora indicada en la confirmaci\u00f3n de la reserva.<\/p>\n\n\n\n<p><strong>\u00bfTendr\u00e9 problemas de mal de altura?<\/strong><\/p>\n\n\n\n<p>El mal de altura puede coger desprevenidos a muchos viajeros. No todo el mundo enferma a gran altitud, y es dif\u00edcil predecir a qui\u00e9n puede afectar gravemente. Para la mayor\u00eda de la gente, no es m\u00e1s que un dolor de cabeza y una sensaci\u00f3n de mareo que disminuye en poco tiempo, de 1 a 2 d\u00edas para la mayor\u00eda. Si quiere limitar sus posibilidades de enfermar, hay algunas cosas que puede hacer. En primer lugar, no vuele directamente a una altitud elevada: vaya despacio, dejando tiempo a su cuerpo para aclimatarse a medida que asciende gradualmente. Sin embargo, para muchos esto no es posible, por lo que es importante beber mucha agua y reducir la velocidad. Parece sencillo, pero ambas cosas son muy importantes. Tu cuerpo est\u00e1 luchando porque no tienes suficiente ox\u00edgeno, as\u00ed que evitar cualquier actividad extenuante es una buena idea. Mastica hojas de coca: los nativos de Sudam\u00e9rica mastican coca desde hace siglos, gracias a su capacidad para aliviar los s\u00edntomas leves del mal de altura. Las hojas de coca pueden comprarse en cualquier supermercado, e incluso en tiendas de recuerdos o puestos callejeros. Tomar pastillas para el mal de altura (Soroche): se venden sin receta en todo Per\u00fa y Bolivia y cuestan unos pocos d\u00f3lares. Si vuelas directamente a una altitud superior a 2.500 metros sin pasar ning\u00fan tiempo en una elevaci\u00f3n intermedia y te preocupa enfermarte, puedes pedir a tu m\u00e9dico con antelaci\u00f3n una medicaci\u00f3n m\u00e1s espec\u00edfica y fuerte para el mal de altura. En el raro caso de que sus s\u00edntomas sean m\u00e1s graves que un dolor de cabeza y un mareo leve, debe descender en altitud y buscar asistencia m\u00e9dica.<\/p>\n\n\n\n<p><strong>\u00bfPor qu\u00e9 reservar con Free Tour Per\u00fa?<\/strong>  <\/p>\n\n\n\n<p>Adem\u00e1s de nuestra garant\u00eda de precios bajos, con nosotros tiene la 100% seguridad de que su reserva est\u00e1 hecha. Proporcionamos una confirmaci\u00f3n instant\u00e1nea por correo electr\u00f3nico y disponemos de plazas y disponibilidad en directo para cada tour. Si tiene alguna duda, est\u00e1 en manos de nuestro equipo de 20 expertos locales sobre el terreno, que hablan perfectamente espa\u00f1ol e ingl\u00e9s. Garantizamos respuestas r\u00e1pidas a cualquier pregunta o consulta. Los operadores tur\u00edsticos son expertos en operar sus tours... Nosotros somos los expertos en reservas, organizaci\u00f3n y asistencia con sus planes para estos tours.<\/p>\n\n\n\n<p><strong>\u00bfC\u00f3mo puedo ponerme en contacto con el departamento de reservas?<\/strong><\/p>\n\n\n\n<p>Para cualquier tipo de informaci\u00f3n, no dudes en escribirnos, dir\u00edgete a info@freetourperu.com, pregunta por tu plan de viaje y estaremos encantados de ayudarte. \u00a1Que te diviertas!<\/p>\n<\/div>\n\n\n\n<div class=\"wp-block-column is-layout-flow wp-block-column-is-layout-flow\" style=\"flex-basis:20%\"><\/div>\n<\/div>","protected":false},"excerpt":{"rendered":"<p>No encuentro mi alojamiento en la lista de lugares de recogida del operador cuando estoy haciendo la reserva. \u00bfQu\u00e9 debo elegir? Este operador solo ofrece recogidas en los hoteles y hostales que aparecen en la lista; esto cubre m\u00e1s del 80% de los proveedores de alojamiento de la zona. Los operadores no ofrecen recogidas ni dejadas en residencias privadas, Airbnb, [...]<\/p>","protected":false},"author":1,"featured_media":0,"parent":0,"menu_order":0,"comment_status":"closed","ping_status":"open","template":"","meta":{"inline_featured_image":false,"footnotes":""},"class_list":["post-2","page","type-page","status-publish","hentry"],"_links":{"self":[{"href":"https:\/\/freetourperu.com\/es\/wp-json\/wp\/v2\/pages\/2","targetHints":{"allow":["GET"]}}],"collection":[{"href":"https:\/\/freetourperu.com\/es\/wp-json\/wp\/v2\/pages"}],"about":[{"href":"https:\/\/freetourperu.com\/es\/wp-json\/wp\/v2\/types\/page"}],"author":[{"embeddable":true,"href":"https:\/\/freetourperu.com\/es\/wp-json\/wp\/v2\/users\/1"}],"replies":[{"embeddable":true,"href":"https:\/\/freetourperu.com\/es\/wp-json\/wp\/v2\/comments?post=2"}],"version-history":[{"count":7,"href":"https:\/\/freetourperu.com\/es\/wp-json\/wp\/v2\/pages\/2\/revisions"}],"predecessor-version":[{"id":47355,"href":"https:\/\/freetourperu.com\/es\/wp-json\/wp\/v2\/pages\/2\/revisions\/47355"}],"wp:attachment":[{"href":"https:\/\/freetourperu.com\/es\/wp-json\/wp\/v2\/media?parent=2"}],"curies":[{"name":"wp","href":"https:\/\/api.w.org\/{rel}","templated":true}]}}